{"id":1000,"date":"2014-05-06T09:58:40","date_gmt":"2014-05-06T09:58:40","guid":{"rendered":"http:\/\/www.tea3.es\/?page_id=1000"},"modified":"2014-05-13T10:17:24","modified_gmt":"2014-05-13T10:17:24","slug":"material-per-centres-esportius","status":"publish","type":"page","link":"https:\/\/www.tea3.es\/ca\/material-per-centres-esportius\/","title":{"rendered":"Material per centres esportius"},"content":{"rendered":"<p>La nostra dedicaci\u00f3 i esfor\u00e7 ens ha portat a dissenyar i fabricar tot tipus de material especialment \u00fatil per centres esportius. Disposem de gran varietat de productes per augmentar substancialment la qualitat de les instal\u2022lacions, la seva seguretat i efic\u00e0cia. Comptem amb marcadors el\u00e8ctrics i manuals, xarxes protectores, xarxes de sostre, accessoris per xarxes protectores, accessoris per vestuaris, cortines divis\u00f2ries i separadores tant manuals com motoritzades, grades, seients, tribunes, paviments esportius, Equipaments antivand\u00e0lics, etc.<\/p>\n<p>&nbsp;<\/p>\n<h2>Material per centres esportius disponible:<\/h2>\n<div class=\"one_third\"><a href=\"\/ca\/material-per-centres-esportius\/1002-2\/\"><img decoding=\"async\" loading=\"lazy\" src=\"http:\/\/www.tea3.es\/wp-content\/uploads\/marcadores-electricos-cj1c-300x225.jpg\" alt=\"marcadores-electricos-cj1c\" width=\"300\" height=\"225\" class=\"aligncenter size-medium wp-image-506\" srcset=\"https:\/\/www.tea3.es\/wp-content\/uploads\/marcadores-electricos-cj1c-300x225.jpg 300w, https:\/\/www.tea3.es\/wp-content\/uploads\/marcadores-electricos-cj1c-94x70.jpg 94w, https:\/\/www.tea3.es\/wp-content\/uploads\/marcadores-electricos-cj1c-600x450.jpg 600w, https:\/\/www.tea3.es\/wp-content\/uploads\/marcadores-electricos-cj1c.jpg 800w\" sizes=\"(max-width: 300px) 100vw, 300px\" \/><\/a><\/p>\n<h3><a href=\"\/ca\/material-per-centres-esportius\/1002-2\/\">Marcadors esportius<\/a><\/h3>\n<\/div>\n<div class=\"one_third\"><a href=\"\/ca\/material-per-centres-esportius\/xarxes-protectores\/\"><img decoding=\"async\" loading=\"lazy\" src=\"http:\/\/www.tea3.es\/wp-content\/uploads\/redes-protectoras-300x225.jpg\" alt=\"redes-protectoras\" width=\"300\" height=\"225\" class=\"aligncenter size-medium wp-image-507\" srcset=\"https:\/\/www.tea3.es\/wp-content\/uploads\/redes-protectoras-300x225.jpg 300w, https:\/\/www.tea3.es\/wp-content\/uploads\/redes-protectoras-94x70.jpg 94w, https:\/\/www.tea3.es\/wp-content\/uploads\/redes-protectoras.jpg 525w\" sizes=\"(max-width: 300px) 100vw, 300px\" \/><\/a><\/p>\n<h3><a href=\"\/ca\/material-per-centres-esportius\/xarxes-protectores\/\">Xarxes protectores<\/a><\/h3>\n<\/div>\n<div class=\"one_third last\"><a href=\"\/ca\/material-per-centres-esportius\/vestuaris-accesoris-de-vestuari\/\"><img decoding=\"async\" loading=\"lazy\" src=\"http:\/\/www.tea3.es\/wp-content\/uploads\/vestuarios-accesorio-vestuario-bveg-300x225.jpg\" alt=\"vestuarios-accesorio-vestuario-bveg\" width=\"300\" height=\"225\" class=\"aligncenter size-medium wp-image-508\" srcset=\"https:\/\/www.tea3.es\/wp-content\/uploads\/vestuarios-accesorio-vestuario-bveg-300x225.jpg 300w, https:\/\/www.tea3.es\/wp-content\/uploads\/vestuarios-accesorio-vestuario-bveg-94x70.jpg 94w, https:\/\/www.tea3.es\/wp-content\/uploads\/vestuarios-accesorio-vestuario-bveg-600x450.jpg 600w, https:\/\/www.tea3.es\/wp-content\/uploads\/vestuarios-accesorio-vestuario-bveg.jpg 800w\" sizes=\"(max-width: 300px) 100vw, 300px\" \/><\/a><\/p>\n<h3><a href=\"\/ca\/material-per-centres-esportius\/vestuaris-accesoris-de-vestuari\/\">Vestuaris i accesoris per vestuaris<\/a><\/h3>\n<\/div><div class=\"clearboth\"><\/div>\n<div class=\"one_third\"><a href=\"\/ca\/material-per-centres-esportius\/cortines-divisories-separadors\/\"><img decoding=\"async\" loading=\"lazy\" src=\"http:\/\/www.tea3.es\/wp-content\/uploads\/cortinas-divisorias-separadores-manuales-semam-300x225.jpg\" alt=\"cortinas-divisorias-separadores-manuales-semam\" width=\"300\" height=\"225\" class=\"aligncenter size-medium wp-image-509\" srcset=\"https:\/\/www.tea3.es\/wp-content\/uploads\/cortinas-divisorias-separadores-manuales-semam-300x225.jpg 300w, https:\/\/www.tea3.es\/wp-content\/uploads\/cortinas-divisorias-separadores-manuales-semam-94x70.jpg 94w, https:\/\/www.tea3.es\/wp-content\/uploads\/cortinas-divisorias-separadores-manuales-semam-600x450.jpg 600w, https:\/\/www.tea3.es\/wp-content\/uploads\/cortinas-divisorias-separadores-manuales-semam.jpg 800w\" sizes=\"(max-width: 300px) 100vw, 300px\" \/><\/a><\/p>\n<h3><a href=\"\/ca\/material-per-centres-esportius\/cortines-divisories-separadors\/\">Cortines divisories i separadors<\/a><\/h3>\n<\/div>\n<div class=\"one_third\"><a href=\"\/ca\/material-per-centres-esportius\/grades-seients-tribunes\/\"><img decoding=\"async\" loading=\"lazy\" src=\"http:\/\/www.tea3.es\/wp-content\/uploads\/gradas-desmontables-4-300x225.jpg\" alt=\"gradas-desmontables-4\" width=\"300\" height=\"225\" class=\"aligncenter size-medium wp-image-510\" srcset=\"https:\/\/www.tea3.es\/wp-content\/uploads\/gradas-desmontables-4-300x225.jpg 300w, https:\/\/www.tea3.es\/wp-content\/uploads\/gradas-desmontables-4-94x70.jpg 94w, https:\/\/www.tea3.es\/wp-content\/uploads\/gradas-desmontables-4-600x450.jpg 600w, https:\/\/www.tea3.es\/wp-content\/uploads\/gradas-desmontables-4.jpg 800w\" sizes=\"(max-width: 300px) 100vw, 300px\" \/><\/a><\/p>\n<h3><a href=\"\/ca\/material-per-centres-esportius\/grades-seients-tribunes\/\">Grades, seients i tribunes<\/a><\/h3>\n<\/div>\n<div class=\"one_third last\"><a href=\"\/ca\/material-per-centres-esportius\/paviments-esportius\/\"><img decoding=\"async\" loading=\"lazy\" src=\"http:\/\/www.tea3.es\/wp-content\/uploads\/pavimentos-deportivos-madera-1-300x225.jpg\" alt=\"pavimentos-deportivos-madera-1\" width=\"300\" height=\"225\" class=\"aligncenter size-medium wp-image-511\" srcset=\"https:\/\/www.tea3.es\/wp-content\/uploads\/pavimentos-deportivos-madera-1-300x225.jpg 300w, https:\/\/www.tea3.es\/wp-content\/uploads\/pavimentos-deportivos-madera-1-94x70.jpg 94w, https:\/\/www.tea3.es\/wp-content\/uploads\/pavimentos-deportivos-madera-1-600x450.jpg 600w, https:\/\/www.tea3.es\/wp-content\/uploads\/pavimentos-deportivos-madera-1.jpg 800w\" sizes=\"(max-width: 300px) 100vw, 300px\" \/><\/a><\/p>\n<h3><a href=\"\/ca\/material-per-centres-esportius\/paviments-esportius\/\">Paviments esportius<\/a><\/h3>\n<\/div><div class=\"clearboth\"><\/div>\n<div class=\"one_third\"><a href=\"\/ca\/material-per-centres-esportius\/equipament-antivandalic\/\"><img decoding=\"async\" loading=\"lazy\" src=\"http:\/\/www.tea3.es\/wp-content\/uploads\/equipaimento-antivandalico-cbant3-300x225.jpg\" alt=\"equipaimento-antivandalico-cbant3\" width=\"300\" height=\"225\" class=\"aligncenter size-medium wp-image-512\" srcset=\"https:\/\/www.tea3.es\/wp-content\/uploads\/equipaimento-antivandalico-cbant3-300x225.jpg 300w, https:\/\/www.tea3.es\/wp-content\/uploads\/equipaimento-antivandalico-cbant3-94x70.jpg 94w, https:\/\/www.tea3.es\/wp-content\/uploads\/equipaimento-antivandalico-cbant3-600x450.jpg 600w, https:\/\/www.tea3.es\/wp-content\/uploads\/equipaimento-antivandalico-cbant3.jpg 800w\" sizes=\"(max-width: 300px) 100vw, 300px\" \/><\/a><\/p>\n<h3><a href=\"\/ca\/material-per-centres-esportius\/equipament-antivandalic\/\">Equipament antivand\u00e0lic<\/a><\/h3>\n<\/div>\n","protected":false},"excerpt":{"rendered":"<p>La nostra dedicaci\u00f3 i esfor\u00e7 ens ha portat a dissenyar i fabricar tot tipus de material especialment \u00fatil per centres esportius. Disposem de gran varietat de productes per augmentar substancialment la qualitat de les instal\u2022lacions, la seva seguretat i efic\u00e0cia. Comptem amb marcadors el\u00e8ctrics i manuals, xarxes protectores, xarxes de sostre, accessoris per xarxes protectores, accessoris per vestuaris, cortines divis\u00f2ries [&hellip;]<\/p>\n","protected":false},"author":1,"featured_media":0,"parent":0,"menu_order":0,"comment_status":"open","ping_status":"open","template":"","meta":{"footnotes":""},"_links":{"self":[{"href":"https:\/\/www.tea3.es\/ca\/wp-json\/wp\/v2\/pages\/1000"}],"collection":[{"href":"https:\/\/www.tea3.es\/ca\/wp-json\/wp\/v2\/pages"}],"about":[{"href":"https:\/\/www.tea3.es\/ca\/wp-json\/wp\/v2\/types\/page"}],"author":[{"embeddable":true,"href":"https:\/\/www.tea3.es\/ca\/wp-json\/wp\/v2\/users\/1"}],"replies":[{"embeddable":true,"href":"https:\/\/www.tea3.es\/ca\/wp-json\/wp\/v2\/comments?post=1000"}],"version-history":[{"count":5,"href":"https:\/\/www.tea3.es\/ca\/wp-json\/wp\/v2\/pages\/1000\/revisions"}],"predecessor-version":[{"id":1438,"href":"https:\/\/www.tea3.es\/ca\/wp-json\/wp\/v2\/pages\/1000\/revisions\/1438"}],"wp:attachment":[{"href":"https:\/\/www.tea3.es\/ca\/wp-json\/wp\/v2\/media?parent=1000"}],"curies":[{"name":"wp","href":"https:\/\/api.w.org\/{rel}","templated":true}]}}