{"id":1002,"date":"2014-05-06T10:00:49","date_gmt":"2014-05-06T10:00:49","guid":{"rendered":"http:\/\/www.tea3.es\/?page_id=1002"},"modified":"2014-05-13T10:30:11","modified_gmt":"2014-05-13T10:30:11","slug":"1002-2","status":"publish","type":"page","link":"https:\/\/www.tea3.es\/ca\/material-per-centres-esportius\/1002-2\/","title":{"rendered":"Marcadors esportius"},"content":{"rendered":"<p>A Tea3 ens adaptem a tots els pressupostos i necessitats ja que sempre \u00e9s necessari pensar en les necessitats dels nostres clients. Per aix\u00f2 tenim marcadors el\u00e8ctrics i manuals, tots dos dissenyats per adaptar-se per complet a les necessitats del centre esportiu i millorar el rendiment en el desenvolupament de l\u2019activitat esportiva.<\/p>\n<p>&nbsp;<\/p>\n<h2>Marcadors esportius disponibles:<\/h2>\n<div class=\"one_third\"><a href=\"\/ca\/material-per-centres-esportius\/1002-2\/marcadors-electrics\/\"><img decoding=\"async\" loading=\"lazy\" src=\"http:\/\/www.tea3.es\/wp-content\/uploads\/marcadores-electricos-cj1c1-300x225.jpg\" alt=\"marcadores-electricos-cj1c\" width=\"300\" height=\"225\" class=\"aligncenter size-medium wp-image-688\" srcset=\"https:\/\/www.tea3.es\/wp-content\/uploads\/marcadores-electricos-cj1c1-300x225.jpg 300w, https:\/\/www.tea3.es\/wp-content\/uploads\/marcadores-electricos-cj1c1-94x70.jpg 94w, https:\/\/www.tea3.es\/wp-content\/uploads\/marcadores-electricos-cj1c1-600x450.jpg 600w, https:\/\/www.tea3.es\/wp-content\/uploads\/marcadores-electricos-cj1c1.jpg 800w\" sizes=\"(max-width: 300px) 100vw, 300px\" \/><\/a><\/p>\n<h3><a href=\"\/ca\/material-per-centres-esportius\/1002-2\/marcadors-electrics\/\">Marcadors el\u00e8ctrics<\/a><\/h3>\n<\/div>\n<div class=\"one_third\"><a href=\"\/ca\/material-per-centres-esportius\/1002-2\/marcadors-manuals\/\"><img decoding=\"async\" loading=\"lazy\" src=\"http:\/\/www.tea3.es\/wp-content\/uploads\/marcadores-manuales-300x225.jpg\" alt=\"marcadores-manuales\" width=\"300\" height=\"225\" class=\"aligncenter size-medium wp-image-689\" srcset=\"https:\/\/www.tea3.es\/wp-content\/uploads\/marcadores-manuales-300x225.jpg 300w, https:\/\/www.tea3.es\/wp-content\/uploads\/marcadores-manuales-94x70.jpg 94w, https:\/\/www.tea3.es\/wp-content\/uploads\/marcadores-manuales-600x450.jpg 600w, https:\/\/www.tea3.es\/wp-content\/uploads\/marcadores-manuales.jpg 800w\" sizes=\"(max-width: 300px) 100vw, 300px\" \/><\/a><\/p>\n<h3><a href=\"\/ca\/material-per-centres-esportius\/1002-2\/marcadors-manuals\/\">Marcadors manuals<\/a><\/h3>\n<\/div>\n","protected":false},"excerpt":{"rendered":"<p>A Tea3 ens adaptem a tots els pressupostos i necessitats ja que sempre \u00e9s necessari pensar en les necessitats dels nostres clients. Per aix\u00f2 tenim marcadors el\u00e8ctrics i manuals, tots dos dissenyats per adaptar-se per complet a les necessitats del centre esportiu i millorar el rendiment en el desenvolupament de l\u2019activitat esportiva. &nbsp; Marcadors esportius disponibles:<\/p>\n","protected":false},"author":1,"featured_media":0,"parent":1000,"menu_order":0,"comment_status":"open","ping_status":"open","template":"","meta":{"footnotes":""},"_links":{"self":[{"href":"https:\/\/www.tea3.es\/ca\/wp-json\/wp\/v2\/pages\/1002"}],"collection":[{"href":"https:\/\/www.tea3.es\/ca\/wp-json\/wp\/v2\/pages"}],"about":[{"href":"https:\/\/www.tea3.es\/ca\/wp-json\/wp\/v2\/types\/page"}],"author":[{"embeddable":true,"href":"https:\/\/www.tea3.es\/ca\/wp-json\/wp\/v2\/users\/1"}],"replies":[{"embeddable":true,"href":"https:\/\/www.tea3.es\/ca\/wp-json\/wp\/v2\/comments?post=1002"}],"version-history":[{"count":5,"href":"https:\/\/www.tea3.es\/ca\/wp-json\/wp\/v2\/pages\/1002\/revisions"}],"predecessor-version":[{"id":1466,"href":"https:\/\/www.tea3.es\/ca\/wp-json\/wp\/v2\/pages\/1002\/revisions\/1466"}],"up":[{"embeddable":true,"href":"https:\/\/www.tea3.es\/ca\/wp-json\/wp\/v2\/pages\/1000"}],"wp:attachment":[{"href":"https:\/\/www.tea3.es\/ca\/wp-json\/wp\/v2\/media?parent=1002"}],"curies":[{"name":"wp","href":"https:\/\/api.w.org\/{rel}","templated":true}]}}