{"id":1005,"date":"2014-05-06T10:02:09","date_gmt":"2014-05-06T10:02:09","guid":{"rendered":"http:\/\/www.tea3.es\/?page_id=1005"},"modified":"2014-05-30T08:41:25","modified_gmt":"2014-05-30T08:41:25","slug":"marcadors-electrics","status":"publish","type":"page","link":"https:\/\/www.tea3.es\/ca\/material-per-centres-esportius\/1002-2\/marcadors-electrics\/","title":{"rendered":"Marcadors el\u00e8ctrics"},"content":{"rendered":"<p>Tenim tot tipus de marcadors el\u00e8ctrics segons funci\u00f3 i esport. Els marcadors el\u00e8ctrics s\u00f3n comandats mitjan\u00e7ant radio control, aix\u00f2 significa que no necessiten la costosa instal\u2022laci\u00f3 dels cables d\u2019interconnexi\u00f3 entre el marcador i el lloc de control. Els d\u00edgits electromagn\u00e8tics ofereixen una perfecta lectura tant di\u00fcrna com nocturna.<\/p>\n<h2>Marcadors el\u00e8ctrics disponibles<\/h2>\n<table class=\"sf-table striped_bordered\"><tbody>\n<tr>\n<th>\n<p style=\"text-align: center;\">Referencia\u00a0i fotografia<\/p>\n<\/th>\n<th>\n<p style=\"text-align: center;\">Descripci\u00f3<\/p>\n<\/th>\n<\/tr>\n<tr>\n<td>\n<h3 style=\"text-align: center;\">CJ1C<\/h3>\n<p><img decoding=\"async\" loading=\"lazy\" class=\"aligncenter size-thumbnail wp-image-692\" alt=\"marcadores-electricos-cj1c\" src=\"http:\/\/www.tea3.es\/wp-content\/uploads\/marcadores-electricos-cj1c2-150x150.jpg\" width=\"150\" height=\"150\" srcset=\"https:\/\/www.tea3.es\/wp-content\/uploads\/marcadores-electricos-cj1c2-150x150.jpg 150w, https:\/\/www.tea3.es\/wp-content\/uploads\/marcadores-electricos-cj1c2-250x250.jpg 250w\" sizes=\"(max-width: 150px) 100vw, 150px\" \/><br \/>\n<\/td>\n<td>Marcador de s\u00e8rie Canvi de jugador mod. STB inout-4. Marcador canvi de jugadors d\u2019una cara. Al\u00e7ada dels d\u00edgits: 23.5cm. Dist\u00e0ncia de visi\u00f3: 100m. LEDs d\u2019alta lluminositat per exteriors. Vermells per el jugador que surt i verds pel jugador que entra en el terreny de joc. Brillantor normal: 6000cd\/m2. Resist\u00e8ncia teclat num\u00e8ric de membrana per facilitar i agilitzar la introducci\u00f3 dels n\u00fameros. Vida \u00fatil de cada tecla: mes de 2 milions de pressions. Bateria interna reciclable. La bateria carregada te la capacitat per executar 150 visualitzacions de 20 segons. Indicaci\u00f3 del nivell de la bateria pressionant un bot\u00f3. Funci\u00f3 d\u2019auto apagat (estalvi de bateria). Carrega bateria subministrat. Espai reservat per els adhesius dels patrocinadors: per davant 45x8cm, darrera 31x8cm. Resistent caixa de pl\u00e0stic de disseny atractiu. Compleix la norma EN60950-1. \u201cAssaig de caiguda\u201d. Dimensions: 55,5x36x4cm. Pes: 2,75Kg. Garantia de 2 anys.<\/td>\n<\/tr>\n<tr>\n<td>\n<h3 style=\"text-align: center;\">CJ2C<\/h3>\n<p><img decoding=\"async\" loading=\"lazy\" class=\"aligncenter size-thumbnail wp-image-693\" alt=\"marcadores-electricos-cj2c\" src=\"http:\/\/www.tea3.es\/wp-content\/uploads\/marcadores-electricos-cj2c-150x150.jpg\" width=\"150\" height=\"150\" srcset=\"https:\/\/www.tea3.es\/wp-content\/uploads\/marcadores-electricos-cj2c-150x150.jpg 150w, https:\/\/www.tea3.es\/wp-content\/uploads\/marcadores-electricos-cj2c-250x250.jpg 250w\" sizes=\"(max-width: 150px) 100vw, 150px\" \/><br \/>\n<\/td>\n<td>Marcador S\u00e8rie Canvi de Jugador mod. STB INOUT-8. Marcador canvi de jugador de dues cares. Al\u00e7ada dels d\u00edgits: 23,5cm. Dist\u00e0ncia de visi\u00f3: 100m. LEDs d\u2019alta lluminositat per a exterior: vermell per el jugador que surt i verds per jugador que entra en el terreny de joc. Brillantor normal: 6000cd\/m2. Resistent teclat num\u00e8ric de membrana per facilitar y agilitzar la introducci\u00f3 dels n\u00fameros. Vida \u00fatil de cada tecla: mes de 2 milions de pressions. Bateria interna reciclable. Amb la bateria carregada te capacitat per executar 80 visualitzacions de 20segons. Indicaci\u00f3 del nivell de la bateria pressionant un determinat bot\u00f3. Funci\u00f3 d\u2019auto apagat (estalvi de bateria). Carrega bateria subministrat. Espai reservat per els adhesius dels patrocinadors: davant 45x8cm, darrere 31x8cm. Resistent caixa de pl\u00e0stic amb disseny atractiu. Conforme a la norma EN60950-1 \u201cassaig de caiguda\u201d Dimensions: 55,5x36x4cm. Pes: 3,25Kg. Garantia: 2 anys.\u00a0<\/td>\n<\/tr>\n<\/tbody><\/table>\n","protected":false},"excerpt":{"rendered":"<p>Tenim tot tipus de marcadors el\u00e8ctrics segons funci\u00f3 i esport. Els marcadors el\u00e8ctrics s\u00f3n comandats mitjan\u00e7ant radio control, aix\u00f2 significa que no necessiten la costosa instal\u2022laci\u00f3 dels cables d\u2019interconnexi\u00f3 entre el marcador i el lloc de control. Els d\u00edgits electromagn\u00e8tics ofereixen una perfecta lectura tant di\u00fcrna com nocturna. Marcadors el\u00e8ctrics disponibles<\/p>\n","protected":false},"author":1,"featured_media":0,"parent":1002,"menu_order":0,"comment_status":"open","ping_status":"open","template":"","meta":{"footnotes":""},"_links":{"self":[{"href":"https:\/\/www.tea3.es\/ca\/wp-json\/wp\/v2\/pages\/1005"}],"collection":[{"href":"https:\/\/www.tea3.es\/ca\/wp-json\/wp\/v2\/pages"}],"about":[{"href":"https:\/\/www.tea3.es\/ca\/wp-json\/wp\/v2\/types\/page"}],"author":[{"embeddable":true,"href":"https:\/\/www.tea3.es\/ca\/wp-json\/wp\/v2\/users\/1"}],"replies":[{"embeddable":true,"href":"https:\/\/www.tea3.es\/ca\/wp-json\/wp\/v2\/comments?post=1005"}],"version-history":[{"count":4,"href":"https:\/\/www.tea3.es\/ca\/wp-json\/wp\/v2\/pages\/1005\/revisions"}],"predecessor-version":[{"id":1468,"href":"https:\/\/www.tea3.es\/ca\/wp-json\/wp\/v2\/pages\/1005\/revisions\/1468"}],"up":[{"embeddable":true,"href":"https:\/\/www.tea3.es\/ca\/wp-json\/wp\/v2\/pages\/1002"}],"wp:attachment":[{"href":"https:\/\/www.tea3.es\/ca\/wp-json\/wp\/v2\/media?parent=1005"}],"curies":[{"name":"wp","href":"https:\/\/api.w.org\/{rel}","templated":true}]}}