{"id":1007,"date":"2014-05-06T10:03:28","date_gmt":"2014-05-06T10:03:28","guid":{"rendered":"http:\/\/www.tea3.es\/?page_id=1007"},"modified":"2015-10-20T08:02:33","modified_gmt":"2015-10-20T08:02:33","slug":"marcadors-manuals","status":"publish","type":"page","link":"https:\/\/www.tea3.es\/ca\/material-per-centres-esportius\/1002-2\/marcadors-manuals\/","title":{"rendered":"Marcadors manuals"},"content":{"rendered":"<p>Tenim tot tipus de marcadors manuals, dividits segons l\u2019esport. Comptem amb marcadors manuals per esports com b\u00e0squet, ping pong, voleibol, etc. Tots dissenyats per complir amb les necessitats del centre esportiu.<\/p>\n<h2>Marcadors manuals disponibles<\/h2>\n<table class=\"sf-table striped_bordered\"><tbody>\n<tr>\n<th>\n<p style=\"text-align: center;\">Referencia\u00a0i fotografia<\/p>\n<\/th>\n<th>\n<p style=\"text-align: center;\">Descripci\u00f3<\/p>\n<\/th>\n<\/tr>\n<tr>\n<td>\n<h3 style=\"text-align: center;\">LS01040<\/h3>\n<\/td>\n<td>Marcador manual per b\u00e0squet de doble numeraci\u00f3 0-199, Carpeta de pl\u00e0stic amb anelles per col\u00b7locar les diferents targetes numerades. Numeraci\u00f3 de 2 series: de 1 al 10, a una cara m\u00e9s 1 numero un (fons blanc\/n\u00fameros negres)\u00a0 2 series: del 1 al 10 a una cara m\u00e9s 1 n\u00famero 1 (fons vermell\/ n\u00fameros blancs) 2 series: mes petites de 1 al 4, a una cara (fons\/n\u00fameros blancs).<\/td>\n<\/tr>\n<tr>\n<td>\n<h3 style=\"text-align: center;\">LS01041<\/h3>\n<\/td>\n<td>Marcador manual de voleibol doble numeraci\u00f3 0-50. Carpeta de pl\u00e0stic amb anelles per col\u00b7locar a diferents n\u00fameros. Numeraci\u00f3: 2 series del 0 al 50 doble cara (fons blanc\/ n\u00fameros negres). 2 series m\u00e9s petites del 0 al 3, doble cara (fons blanc\/n\u00fameros vermells).<\/td>\n<\/tr>\n<tr>\n<td>\n<h3 style=\"text-align: center;\">LS01039<\/h3>\n<\/td>\n<td>Marcador manual de ping-pong amb doble numeraci\u00f3 0-30. Carpeta de pl\u00e0stic amb anelles per col\u00b7locar les diferents targetes numerades. Numeraci\u00f3: 2 series del 0 al 30 a doble cara (fons blanc\/n\u00fameros negres), 2 series del 0 al 3 doble cara (fons blanc\/ n\u00fameros vermells).<\/td>\n<\/tr>\n<tr>\n<td>\n<h3 style=\"text-align: center;\">CH01039<\/h3>\n<\/td>\n<td>Marcador manual de b\u00e0squet amb d\u00edgits de persiana.<br \/>\nMarcador met\u00e0l\u00b7lic lacat blanc.<br \/>\n6 d\u00edgits tipus persiana.<br \/>\nAl\u00e7ada de 1,80m.<br \/>\nRodes per facilitar el seu trasllat.<\/td>\n<\/tr>\n<tr>\n<td>\n<h3 style=\"text-align: center;\">RKI5<\/h3>\n<p><img decoding=\"async\" loading=\"lazy\" class=\"aligncenter size-thumbnail wp-image-689\" alt=\"marcadores-manuales\" src=\"http:\/\/www.tea3.es\/wp-content\/uploads\/marcadores-manuales-150x150.jpg\" width=\"150\" height=\"150\" srcset=\"https:\/\/www.tea3.es\/wp-content\/uploads\/marcadores-manuales-150x150.jpg 150w, https:\/\/www.tea3.es\/wp-content\/uploads\/marcadores-manuales-250x250.jpg 250w\" sizes=\"(max-width: 150px) 100vw, 150px\" \/><br \/>\n<\/td>\n<td>Joc de 5 indicadors de faltes de b\u00e0squet fabricats de pl\u00e0stic.<br \/>\nNo inclou caixa de suports.\u00a0<\/td>\n<\/tr>\n<tr>\n<td>\n<h3 style=\"text-align: center;\">RKI7<\/h3>\n<p><img decoding=\"async\" loading=\"lazy\" class=\"aligncenter size-thumbnail wp-image-689\" alt=\"marcadores-manuales\" src=\"http:\/\/www.tea3.es\/wp-content\/uploads\/marcadores-manuales-150x150.jpg\" width=\"150\" height=\"150\" srcset=\"https:\/\/www.tea3.es\/wp-content\/uploads\/marcadores-manuales-150x150.jpg 150w, https:\/\/www.tea3.es\/wp-content\/uploads\/marcadores-manuales-250x250.jpg 250w\" sizes=\"(max-width: 150px) 100vw, 150px\" \/><br \/>\n<\/td>\n<td>Joc de banderins de 7\u00aa\u00a0 falta de b\u00e0squet.<br \/>\nFabricada de fusta.<br \/>\nBander\u00ed vermell.<\/td>\n<\/tr>\n<\/tbody><\/table>\n","protected":false},"excerpt":{"rendered":"<p>Tenim tot tipus de marcadors manuals, dividits segons l\u2019esport. Comptem amb marcadors manuals per esports com b\u00e0squet, ping pong, voleibol, etc. Tots dissenyats per complir amb les necessitats del centre esportiu. Marcadors manuals disponibles<\/p>\n","protected":false},"author":1,"featured_media":0,"parent":1002,"menu_order":0,"comment_status":"open","ping_status":"open","template":"","meta":{"footnotes":""},"_links":{"self":[{"href":"https:\/\/www.tea3.es\/ca\/wp-json\/wp\/v2\/pages\/1007"}],"collection":[{"href":"https:\/\/www.tea3.es\/ca\/wp-json\/wp\/v2\/pages"}],"about":[{"href":"https:\/\/www.tea3.es\/ca\/wp-json\/wp\/v2\/types\/page"}],"author":[{"embeddable":true,"href":"https:\/\/www.tea3.es\/ca\/wp-json\/wp\/v2\/users\/1"}],"replies":[{"embeddable":true,"href":"https:\/\/www.tea3.es\/ca\/wp-json\/wp\/v2\/comments?post=1007"}],"version-history":[{"count":5,"href":"https:\/\/www.tea3.es\/ca\/wp-json\/wp\/v2\/pages\/1007\/revisions"}],"predecessor-version":[{"id":2265,"href":"https:\/\/www.tea3.es\/ca\/wp-json\/wp\/v2\/pages\/1007\/revisions\/2265"}],"up":[{"embeddable":true,"href":"https:\/\/www.tea3.es\/ca\/wp-json\/wp\/v2\/pages\/1002"}],"wp:attachment":[{"href":"https:\/\/www.tea3.es\/ca\/wp-json\/wp\/v2\/media?parent=1007"}],"curies":[{"name":"wp","href":"https:\/\/api.w.org\/{rel}","templated":true}]}}