{"id":1011,"date":"2014-05-06T10:13:24","date_gmt":"2014-05-06T10:13:24","guid":{"rendered":"http:\/\/www.tea3.es\/?page_id=1011"},"modified":"2014-05-30T10:07:02","modified_gmt":"2014-05-30T10:07:02","slug":"vestuaris-accesoris-de-vestuari","status":"publish","type":"page","link":"https:\/\/www.tea3.es\/ca\/material-per-centres-esportius\/vestuaris-accesoris-de-vestuari\/","title":{"rendered":"Vestuaris i accesoris de vestuari"},"content":{"rendered":"<p>Sabem que el vestuari \u00e9s una de les parts importants en el centre esportiu. S\u00e0piguen aix\u00f2 hem pogut dissenyar una gran diversitat d\u2019accessoris per a vestuaris. Fabriquem des de esquadres per fixar a la paret, bancs en forma de P, bancs traslladables, bancs dobles, penjadors antivand\u00e0lics, prestatgeries, guixetes de varis tipus, cabines i accessoris varis com camilles de massatge, armaris farmacioles, etc.<\/p>\n<h2>Vestuaris i accesoris per vestuaris disponibles:<\/h2>\n<div class=\"one_third\">\n<h3><a href=\"\/ca\/material-per-centres-esportius\/vestuaris-accesoris-de-vestuari\/banquetes-per-vestuari\/\">Banquetes per vestuari<\/a><\/h3>\n<\/div>\n<div class=\"one_third\">\n<h3><a href=\"\/ca\/material-per-centres-esportius\/vestuaris-accesoris-de-vestuari\/penjadors-per-vestuari\/\">Penjadors per vestuari<\/a><\/h3>\n<\/div>\n<div class=\"one_third last\">\n<h3><a href=\"\/ca\/material-per-centres-esportius\/vestuaris-accesoris-de-vestuari\/estanteries-per-vestuari\/\">\u00a0Prestatgeries per vestuari<\/a><\/h3>\n<\/div><div class=\"clearboth\"><\/div>\n<div class=\"one_third\">\n<h3><a href=\"\/ca\/material-per-centres-esportius\/vestuaris-accesoris-de-vestuari\/taquilles-per-vestuari\/\">Taquilles per vestuari<\/a><\/h3>\n<\/div>\n<div class=\"one_third\">\n<h3><a href=\"\/ca\/material-per-centres-esportius\/vestuaris-accesoris-de-vestuari\/accesoris-per-vestuari\/\">Accesoris per vestuari<\/a><\/h3>\n<\/div>\n","protected":false},"excerpt":{"rendered":"<p>Sabem que el vestuari \u00e9s una de les parts importants en el centre esportiu. S\u00e0piguen aix\u00f2 hem pogut dissenyar una gran diversitat d\u2019accessoris per a vestuaris. Fabriquem des de esquadres per fixar a la paret, bancs en forma de P, bancs traslladables, bancs dobles, penjadors antivand\u00e0lics, prestatgeries, guixetes de varis tipus, cabines i accessoris varis com camilles de massatge, armaris [&hellip;]<\/p>\n","protected":false},"author":1,"featured_media":0,"parent":1000,"menu_order":0,"comment_status":"open","ping_status":"open","template":"","meta":{"footnotes":""},"_links":{"self":[{"href":"https:\/\/www.tea3.es\/ca\/wp-json\/wp\/v2\/pages\/1011"}],"collection":[{"href":"https:\/\/www.tea3.es\/ca\/wp-json\/wp\/v2\/pages"}],"about":[{"href":"https:\/\/www.tea3.es\/ca\/wp-json\/wp\/v2\/types\/page"}],"author":[{"embeddable":true,"href":"https:\/\/www.tea3.es\/ca\/wp-json\/wp\/v2\/users\/1"}],"replies":[{"embeddable":true,"href":"https:\/\/www.tea3.es\/ca\/wp-json\/wp\/v2\/comments?post=1011"}],"version-history":[{"count":4,"href":"https:\/\/www.tea3.es\/ca\/wp-json\/wp\/v2\/pages\/1011\/revisions"}],"predecessor-version":[{"id":1475,"href":"https:\/\/www.tea3.es\/ca\/wp-json\/wp\/v2\/pages\/1011\/revisions\/1475"}],"up":[{"embeddable":true,"href":"https:\/\/www.tea3.es\/ca\/wp-json\/wp\/v2\/pages\/1000"}],"wp:attachment":[{"href":"https:\/\/www.tea3.es\/ca\/wp-json\/wp\/v2\/media?parent=1011"}],"curies":[{"name":"wp","href":"https:\/\/api.w.org\/{rel}","templated":true}]}}