{"id":1013,"date":"2014-05-06T10:18:10","date_gmt":"2014-05-06T10:18:10","guid":{"rendered":"http:\/\/www.tea3.es\/?page_id=1013"},"modified":"2014-05-27T08:14:56","modified_gmt":"2014-05-27T08:14:56","slug":"cortines-divisories-separadors","status":"publish","type":"page","link":"https:\/\/www.tea3.es\/ca\/material-per-centres-esportius\/cortines-divisories-separadors\/","title":{"rendered":"Cortines divis\u00f2ries i separadors"},"content":{"rendered":"<p>Les Cortines divis\u00f2ries s\u00f3n perfectes per partir el camp segons les necessitats i aix\u00ed poder entrenar o jugar en el camp per separat. Disposem de cortines divis\u00f2ries de gran qualitat, fortes i duradores, es poden dividir en dos grups; per un cant\u00f3 les cortines divis\u00f2ries manuals i per l\u2019altre les cortines divis\u00f2ries motoritzades.<\/p>\n<p>&nbsp;<\/p>\n<h2>Cortines divis\u00f2ries i separadors disponibles:<\/h2>\n<div class=\"one_third\">\n<a href=\"\/ca\/material-per-centres-esportius\/cortines-divisories-separadors\/cortines-divisories-manuals\/\"><img decoding=\"async\" loading=\"lazy\" class=\"aligncenter size-medium wp-image-853\" alt=\"cortinas-divisorias-manuales\" src=\"http:\/\/www.tea3.es\/wp-content\/uploads\/cortinas-divisorias-manuales-300x225.jpg\" width=\"300\" height=\"225\" srcset=\"https:\/\/www.tea3.es\/wp-content\/uploads\/cortinas-divisorias-manuales-300x225.jpg 300w, https:\/\/www.tea3.es\/wp-content\/uploads\/cortinas-divisorias-manuales-94x70.jpg 94w, https:\/\/www.tea3.es\/wp-content\/uploads\/cortinas-divisorias-manuales-600x450.jpg 600w, https:\/\/www.tea3.es\/wp-content\/uploads\/cortinas-divisorias-manuales.jpg 800w\" sizes=\"(max-width: 300px) 100vw, 300px\" \/><\/a><\/p>\n<h3><a href=\"\/ca\/material-per-centres-esportius\/cortines-divisories-separadors\/cortines-divisories-manuals\/\">Cortines divis\u00f2ries manuals<\/a><\/h3>\n<\/div>\n<div class=\"one_third\">\n<a href=\"\/ca\/material-per-centres-esportius\/cortines-divisories-separadors\/cortines-disvisories-motoritzades\/\"><img decoding=\"async\" loading=\"lazy\" class=\"aligncenter size-medium wp-image-854\" alt=\"cortinas-divisorias-motorizadas\" src=\"http:\/\/www.tea3.es\/wp-content\/uploads\/cortinas-divisorias-motorizadas1-300x225.jpg\" width=\"300\" height=\"225\" srcset=\"https:\/\/www.tea3.es\/wp-content\/uploads\/cortinas-divisorias-motorizadas1-300x225.jpg 300w, https:\/\/www.tea3.es\/wp-content\/uploads\/cortinas-divisorias-motorizadas1-94x70.jpg 94w, https:\/\/www.tea3.es\/wp-content\/uploads\/cortinas-divisorias-motorizadas1-600x450.jpg 600w, https:\/\/www.tea3.es\/wp-content\/uploads\/cortinas-divisorias-motorizadas1.jpg 800w\" sizes=\"(max-width: 300px) 100vw, 300px\" \/><\/a><\/p>\n<h3><a href=\"\/ca\/material-per-centres-esportius\/cortines-divisories-separadors\/cortines-disvisories-motoritzades\/\">Cortines divis\u00f2ries motoritzades<\/a><\/h3>\n<\/div>\n","protected":false},"excerpt":{"rendered":"<p>Les Cortines divis\u00f2ries s\u00f3n perfectes per partir el camp segons les necessitats i aix\u00ed poder entrenar o jugar en el camp per separat. Disposem de cortines divis\u00f2ries de gran qualitat, fortes i duradores, es poden dividir en dos grups; per un cant\u00f3 les cortines divis\u00f2ries manuals i per l\u2019altre les cortines divis\u00f2ries motoritzades. &nbsp; Cortines divis\u00f2ries i separadors disponibles:<\/p>\n","protected":false},"author":1,"featured_media":0,"parent":1000,"menu_order":0,"comment_status":"open","ping_status":"open","template":"","meta":{"footnotes":""},"_links":{"self":[{"href":"https:\/\/www.tea3.es\/ca\/wp-json\/wp\/v2\/pages\/1013"}],"collection":[{"href":"https:\/\/www.tea3.es\/ca\/wp-json\/wp\/v2\/pages"}],"about":[{"href":"https:\/\/www.tea3.es\/ca\/wp-json\/wp\/v2\/types\/page"}],"author":[{"embeddable":true,"href":"https:\/\/www.tea3.es\/ca\/wp-json\/wp\/v2\/users\/1"}],"replies":[{"embeddable":true,"href":"https:\/\/www.tea3.es\/ca\/wp-json\/wp\/v2\/comments?post=1013"}],"version-history":[{"count":4,"href":"https:\/\/www.tea3.es\/ca\/wp-json\/wp\/v2\/pages\/1013\/revisions"}],"predecessor-version":[{"id":1439,"href":"https:\/\/www.tea3.es\/ca\/wp-json\/wp\/v2\/pages\/1013\/revisions\/1439"}],"up":[{"embeddable":true,"href":"https:\/\/www.tea3.es\/ca\/wp-json\/wp\/v2\/pages\/1000"}],"wp:attachment":[{"href":"https:\/\/www.tea3.es\/ca\/wp-json\/wp\/v2\/media?parent=1013"}],"curies":[{"name":"wp","href":"https:\/\/api.w.org\/{rel}","templated":true}]}}