{"id":1015,"date":"2014-05-06T10:25:37","date_gmt":"2014-05-06T10:25:37","guid":{"rendered":"http:\/\/www.tea3.es\/?page_id=1015"},"modified":"2014-05-27T10:48:04","modified_gmt":"2014-05-27T10:48:04","slug":"cortines-divisories-manuals","status":"publish","type":"page","link":"https:\/\/www.tea3.es\/ca\/material-per-centres-esportius\/cortines-divisories-separadors\/cortines-divisories-manuals\/","title":{"rendered":"Cortines divis\u00f2ries manuals"},"content":{"rendered":"<h2>Disposem de tres models b\u00e0sics de cortines separadores manuals:<\/h2>\n<table class=\"sf-table striped_bordered\"><tbody>\n<tr>\n<th>\n<p style=\"text-align: center;\">Refer\u00e8ncia i fotografia<\/p>\n<\/th>\n<th>\n<p style=\"text-align: center;\">Descripci\u00f3<\/p>\n<\/th>\n<\/tr>\n<tr>\n<td>\n<h3 style=\"text-align: center;\">SEMA<\/h3>\n<p><img decoding=\"async\" loading=\"lazy\" class=\"aligncenter size-thumbnail wp-image-857\" alt=\"cortinas-divisorias-manuales-sema\" src=\"http:\/\/www.tea3.es\/wp-content\/uploads\/cortinas-divisorias-manuales-sema-150x150.jpg\" width=\"150\" height=\"150\" srcset=\"https:\/\/www.tea3.es\/wp-content\/uploads\/cortinas-divisorias-manuales-sema-150x150.jpg 150w, https:\/\/www.tea3.es\/wp-content\/uploads\/cortinas-divisorias-manuales-sema-250x250.jpg 250w\" sizes=\"(max-width: 150px) 100vw, 150px\" \/><br \/>\n<\/td>\n<td>Cortina divis\u00f2ria corredissa amb plegat lateral fabricada a mida, totalment muntada i en funcionament. Formada \u00a0per: \u00a0tub met\u00e0l\u00b7lic pintat amb suport de guies. Guia Klein amb corba galvanitzada. Rodaments ganxos i accessoris varis. Lona de PVC. Teixit en lona de PVC de 650 gr\/m2 amb m\u00e8tode d&#8217;assaig segons norma UNE 53352. Tenacitat 1.100 dtex poli\u00e8ster. Ignifuga categoria 1 segons norma UNE 23-727-90. PVC a les dues cares, acabat mate, segons norma UNE 53356.<\/td>\n<\/tr>\n<tr>\n<td>\n<h3 style=\"text-align: center;\">SEMAMM<\/h3>\n<p><img decoding=\"async\" loading=\"lazy\" class=\"aligncenter\" alt=\"cortinas-divisorias-manuales-SEMAM\" src=\"http:\/\/www.tea3.es\/wp-content\/uploads\/cortinas-divisorias-manuales-SEMAM-150x150.jpg\" width=\"150\" height=\"150\" \/><\/p>\n<\/td>\n<td>Cortina divis\u00f2ria corredissa amb plegat lateral fabricada a mida, totalment muntada i en funcionament. Formada per: tub met\u00e0l\u00b7lic pintat. Gu\u00eda Klein i corba galvanitzada. rodaments, ganxos i accessoris varis. Lona de PVC. Teixit en lona de PVC de 650gr\/m2 amb m\u00e8tode d&#8217;assaig segons norma UNE\u00a0 53352. Tenacitat 1.100 dtex poli\u00e8ster. Ignifuga categoria 1 segons norma UNE 23-727-90. PVC a les dues cares, acabat mate segons norma UNE 53356. Xarxa de nil\u00f3. Xarxa de trena de nil\u00f3 de 3mm de gruix i malla de 100x100mm, perimetrada en tot el seu voltant amb corda de 8mm. Color blanc.\u00a0<\/td>\n<\/tr>\n<tr>\n<td>\n<h3 style=\"text-align: center;\">SEMAM<\/h3>\n<p>&nbsp;<\/p>\n<p><img decoding=\"async\" class=\"aligncenter\" alt=\"cortinas-divisorias-separadores-manuales-semam\" src=\"http:\/\/www.tea3.es\/wp-content\/uploads\/cortinas-divisorias-separadores-manuales-semam1-220x150.jpg\" \/><br \/>\n<\/td>\n<td>Mampara de separaci\u00f3 m\u00f3bil amb rodes de cautx\u00fa per el seu trasllat.<br \/>\nEstructura met\u00e0l\u00b7lica de tela de PVC.<br \/>\nPlegable per la meitat.<br \/>\nDimensions: 2,35m al\u00e7ada \u00a0i \u00a04m de llarg. <\/td>\n<\/tr>\n<\/tbody><\/table>\n<p>&nbsp;<\/p>\n","protected":false},"excerpt":{"rendered":"<p>Disposem de tres models b\u00e0sics de cortines separadores manuals: &nbsp;<\/p>\n","protected":false},"author":1,"featured_media":0,"parent":1013,"menu_order":0,"comment_status":"open","ping_status":"open","template":"","meta":{"footnotes":""},"_links":{"self":[{"href":"https:\/\/www.tea3.es\/ca\/wp-json\/wp\/v2\/pages\/1015"}],"collection":[{"href":"https:\/\/www.tea3.es\/ca\/wp-json\/wp\/v2\/pages"}],"about":[{"href":"https:\/\/www.tea3.es\/ca\/wp-json\/wp\/v2\/types\/page"}],"author":[{"embeddable":true,"href":"https:\/\/www.tea3.es\/ca\/wp-json\/wp\/v2\/users\/1"}],"replies":[{"embeddable":true,"href":"https:\/\/www.tea3.es\/ca\/wp-json\/wp\/v2\/comments?post=1015"}],"version-history":[{"count":5,"href":"https:\/\/www.tea3.es\/ca\/wp-json\/wp\/v2\/pages\/1015\/revisions"}],"predecessor-version":[{"id":1442,"href":"https:\/\/www.tea3.es\/ca\/wp-json\/wp\/v2\/pages\/1015\/revisions\/1442"}],"up":[{"embeddable":true,"href":"https:\/\/www.tea3.es\/ca\/wp-json\/wp\/v2\/pages\/1013"}],"wp:attachment":[{"href":"https:\/\/www.tea3.es\/ca\/wp-json\/wp\/v2\/media?parent=1015"}],"curies":[{"name":"wp","href":"https:\/\/api.w.org\/{rel}","templated":true}]}}