{"id":1017,"date":"2014-05-06T10:27:05","date_gmt":"2014-05-06T10:27:05","guid":{"rendered":"http:\/\/www.tea3.es\/?page_id=1017"},"modified":"2014-05-29T08:51:40","modified_gmt":"2014-05-29T08:51:40","slug":"cortines-disvisories-motoritzades","status":"publish","type":"page","link":"https:\/\/www.tea3.es\/ca\/material-per-centres-esportius\/cortines-divisories-separadors\/cortines-disvisories-motoritzades\/","title":{"rendered":"Cortines disvis\u00f2ries motoritzades"},"content":{"rendered":"<h2>Comptem amb 2 models b\u00e0sics de cortines divis\u00f2ries motoritzades:<\/h2>\n<table class=\"sf-table striped_bordered\"><tbody>\n<tr>\n<th>\n<p style=\"text-align: center;\">Refer\u00e8ncia i fotografia<\/p>\n<\/th>\n<th>\n<p style=\"text-align: center;\">Descripci\u00f3<\/p>\n<\/th>\n<\/tr>\n<tr>\n<td>\n<h3 style=\"text-align: center;\">CORELE<\/h3>\n<p><a href=\"http:\/\/www.tea3.es\/wp-content\/uploads\/c.-el\u00e8ctrica-desplegada.jpg\"><img decoding=\"async\" loading=\"lazy\" class=\"wp-image-1452 aligncenter\" style=\"width: 169px; height: 121px;\" alt=\"c. el\u00e8ctrica desplegada\" src=\"http:\/\/www.tea3.es\/wp-content\/uploads\/c.-el\u00e8ctrica-desplegada.jpg\" width=\"480\" height=\"360\" srcset=\"https:\/\/www.tea3.es\/wp-content\/uploads\/c.-el\u00e8ctrica-desplegada.jpg 800w, https:\/\/www.tea3.es\/wp-content\/uploads\/c.-el\u00e8ctrica-desplegada-300x225.jpg 300w, https:\/\/www.tea3.es\/wp-content\/uploads\/c.-el\u00e8ctrica-desplegada-94x70.jpg 94w, https:\/\/www.tea3.es\/wp-content\/uploads\/c.-el\u00e8ctrica-desplegada-600x450.jpg 600w\" sizes=\"(max-width: 480px) 100vw, 480px\" \/><\/a><\/p>\n<p>&nbsp;<\/p>\n<\/td>\n<td>Ancoratges tipus s\u00e0ndwich en UPN 60 units amb cargols d&#8217;acer qualitat 6-5 volanderes i femelles de seguretat amb acabat zincat. Eix longitudinal en tub d&#8217;acer de di\u00e0metre 50&#215;3, units entre ells mitjan\u00e7ant casquets i cargols d&#8217;acer temperat qualitat 8-8 amb volanderes i femelles de seguretat. Coixinets tipus UCP di\u00e0metre 50 norma DIN 626 auto direccionals i auto lubricats, \u00a0col\u00b7locats cada 3 metres i units amb brides.\u00a0 UPN amb cargols d&#8217;acer. d&#8217;Alta resist\u00e8ncia. amb protectores laterals amb guies, impedint que la cinta surti del seu curs. Tub de sujecci\u00f3 de 80 x 80 longitudinal, galvanitzat, per enganxament porta coixinet UCP i motor, amb cargols qualitat 5-6. Tub superior d&#8217;ancoratge de la cortina d&#8217;acer i di\u00e0metre 40, galvanitzat i ancorat a les bigues \u00a0mitjan\u00e7ant cadenes de seguretat amb mosquetons. Tub inferior contrap\u00e8s i elevaci\u00f3 amb perfil, di\u00e0metre 4, galvanitzat i introdu\u00eft amb baina, cortina de lona de PVC. Cintes d&#8217;elevaci\u00f3 de poli\u00e8ster d&#8217;alta tenacitat de 25&#215;3 agafada al recollidor mitjan\u00e7ant cargol de qualitat 8-8 i amb tres voltes de seguretat i a la part inferior cintes de doble volta. Motor reductor el\u00e8ctric trif\u00e0sic de 1CV, per una elevaci\u00f3 m\u00e0xima de 300kg amb les \u00a0seg\u00fcents caracter\u00edstiques:<\/p>\n<p>Tipus de motor: 480<br \/>\nPot\u00e8ncia: 1 CV.<br \/>\nTensi\u00f3: 220\/380 50 Hz<br \/>\nProtecci\u00f3: IP 55<br \/>\nReductor: VIS SIN FIN HACER F-155 cimentat, temperat i rectificat tipus SW 075.<br \/>\nRelaci\u00f3: 1\/80<br \/>\nVelocitat d&#8217; entrada: 1.400 r.p.m.<br \/>\nVelocitat de sortida: 14 r.p.m<br \/>\nRendiment: 65%<br \/>\nSortida \u00a0normal: 206 Nm.<br \/>\nCorona: Nucli \u00a0fosa \u00a0G20 G CuSn 12 UNI 7013<br \/>\nCarcassa: S GAL S Is91 uni 7369\/3.<br \/>\nBrides i tapes: SGAL Si91 UNI 7369\/3.<br \/>\nLubricaci\u00f3 interior: oli sint\u00e8tic VG 150<br \/>\nBloqueig total que evita que la cortina baixi\u00a0 una cop que el motor estigui parat \u00a0parado.<br \/>\nLONA PVC.<br \/>\nTeixit \u00a0en lona de PVC de 650 gr\/m2 con m\u00e8tode d&#8217;assaig segons \u00a0norma UNE 53352.<br \/>\nTenacitat 1.100 dtex Poli\u00e8ster.<br \/>\nIgn\u00edfuga M-2 segons norma UNE 23-727-90<br \/>\nPVC a las dues cares, acabat mate, segons norma UNE 53356.<\/p>\n<\/td>\n<\/tr>\n<tr>\n<td>\n<h3 style=\"text-align: center;\">CORELEM<\/h3>\n<p><img decoding=\"async\" loading=\"lazy\" class=\"aligncenter size-thumbnail wp-image-862\" alt=\"CORELEM\" src=\"http:\/\/www.tea3.es\/wp-content\/uploads\/CORELEM-150x150.jpg\" width=\"150\" height=\"150\" srcset=\"https:\/\/www.tea3.es\/wp-content\/uploads\/CORELEM-150x150.jpg 150w, https:\/\/www.tea3.es\/wp-content\/uploads\/CORELEM-250x250.jpg 250w\" sizes=\"(max-width: 150px) 100vw, 150px\" \/><br \/>\n<\/td>\n<td>Ancoratges tipus sandwich d\u2019 UPN 60 units amb cargols d\u2019acer qualitat 6-5 volanderes, femelles de seguretat amb acabat zincat. Eix longitudinal en tub d\u2019acer de di\u00e0metre 50&#215;3, units entre ells mitjan\u00e7ant casquets i cargols d\u2019acer temperat qualitat 8-8 amb volanderes \u00a0i femelles de seguretat. Porta coixinet tipus UCP di\u00e0metre 50, norma DIN auto direccional i auto lubricats, col\u00b7locats cada 3 metres i units amb brides UPN amb cargols d\u2019acer qualitat 5-6 amb volanderes i femelles de seguretat. Recollidors de cinta d\u2019acer d\u2019alta resist\u00e8ncia amb protectors laterals com guies, impedint que la cinta surti del seu curs. Tub de subjecci\u00f3 de 80&#215;80 longitudinal, galvanitzat, per enganxament porta coixinets UCP i motor, amb \u00a0i motor amb cargols qualitat 5-6. Tub superior d\u2019ancoratge. Cortina en tub d\u2019acer di\u00e0metre 40 galvanitzat i ancorat a les bigues mitjan\u00e7ant cadenes de seguretat amb mosquetons. Tub inferior de contrapes i elevaci\u00f3 amb perfil di\u00e0metre 40 galvanitzats introdu\u00eft en beina. Cortina de lona de Pvc. Varetes \u00a0laterals di\u00e0metre 10 de contrapes, col\u00b7locades en beines interiors de la lona PVC. Cintes d\u2019elevaci\u00f3 de poli\u00e8ster d\u2019alta tenacitat de 25&#215;3 agafada al recollidor mitjan\u00e7ant cargols de qualitat 8-8 i amb tres voltes de seguretat i a la part inferior cintes de doble volta.<\/p>\n<p>MOTOR REDUCTOR EL\u00c8CTRIC:<\/p>\n<p>Motor reductor el\u00e8ctric trif\u00e0sic de 1CV, per una elevaci\u00f3 \u00a0m\u00e0xima de 300kg amb les seg\u00fcents caracter\u00edstiques:<\/p>\n<p>Tipus de motor: 480<br \/>\nPotencia: 1 CV.<br \/>\nTensi\u00f3: 220\/380 50 Hz<br \/>\nProtecci\u00f3: IP 55<br \/>\nReductor: VIS SIN FIN HACER F-155 cimentat temperat i rectificat tipus\u00a0 SW 075.<br \/>\nRelaci\u00f3: 1\/80<br \/>\nVelocitat de entrada: 1.400 r.p.m.<br \/>\nVelocitat de solida: 14 r.p.m.<br \/>\nRendiment: 65%<br \/>\nPar solida normal: 206 Nm.<br \/>\nCorona: Nucli fossa \u00a0G20 G CuSn 12 UNI 7013<br \/>\nCarcassa: S GAL S Is91 uni 7369\/3.<br \/>\nBrides i tapes: SGAL Si91 UNI 7369\/3.<br \/>\nLubricaci\u00f3 interior: oli sint\u00e8tic\u00a0 VG 150<br \/>\nBoqueix total que evita que la cortina se baixi\u00a0 una cop\u00a0 que el motor estigui parat.<\/p>\n<p>LONA PVC<\/p>\n<p>Teixit \u00a0en lona de PVC de 650gr\/m2 con m\u00e8tode d\u2019assaig segons\u00a0 norma UNE 53352.<br \/>\nTenacitat 1.100 dtex Poli\u00e8ster.<br \/>\nIgnifuga categoria 1 segons norma UNE 23-727-90<br \/>\nPVC a las dos cares, acabat mate, segons norma UNE 53356.<\/p>\n<p>RED NILON<\/p>\n<p>Xarxa de trena de nil\u00f3 de 3mm de gruix i malla de 100x100mm perimetrada a tot el seu voltant amb cadena de 8mm. Color blanc.<br \/>\n<\/td>\n<\/tr>\n<\/tbody><\/table>\n","protected":false},"excerpt":{"rendered":"<p>Comptem amb 2 models b\u00e0sics de cortines divis\u00f2ries motoritzades:<\/p>\n","protected":false},"author":1,"featured_media":0,"parent":1013,"menu_order":0,"comment_status":"open","ping_status":"open","template":"","meta":{"footnotes":""},"_links":{"self":[{"href":"https:\/\/www.tea3.es\/ca\/wp-json\/wp\/v2\/pages\/1017"}],"collection":[{"href":"https:\/\/www.tea3.es\/ca\/wp-json\/wp\/v2\/pages"}],"about":[{"href":"https:\/\/www.tea3.es\/ca\/wp-json\/wp\/v2\/types\/page"}],"author":[{"embeddable":true,"href":"https:\/\/www.tea3.es\/ca\/wp-json\/wp\/v2\/users\/1"}],"replies":[{"embeddable":true,"href":"https:\/\/www.tea3.es\/ca\/wp-json\/wp\/v2\/comments?post=1017"}],"version-history":[{"count":6,"href":"https:\/\/www.tea3.es\/ca\/wp-json\/wp\/v2\/pages\/1017\/revisions"}],"predecessor-version":[{"id":1457,"href":"https:\/\/www.tea3.es\/ca\/wp-json\/wp\/v2\/pages\/1017\/revisions\/1457"}],"up":[{"embeddable":true,"href":"https:\/\/www.tea3.es\/ca\/wp-json\/wp\/v2\/pages\/1013"}],"wp:attachment":[{"href":"https:\/\/www.tea3.es\/ca\/wp-json\/wp\/v2\/media?parent=1017"}],"curies":[{"name":"wp","href":"https:\/\/api.w.org\/{rel}","templated":true}]}}