{"id":1019,"date":"2014-05-06T11:18:10","date_gmt":"2014-05-06T11:18:10","guid":{"rendered":"http:\/\/www.tea3.es\/?page_id=1019"},"modified":"2014-05-13T10:22:12","modified_gmt":"2014-05-13T10:22:12","slug":"grades-seients-tribunes","status":"publish","type":"page","link":"https:\/\/www.tea3.es\/ca\/material-per-centres-esportius\/grades-seients-tribunes\/","title":{"rendered":"Grades, seients i tribunes"},"content":{"rendered":"<p>Des de Tea3 som capa\u00e7os de muntar qualsevol tipus de grada, seient o tribuna. Des de grades fixes, a grades desmuntables o grades reversibles. Tamb\u00e9 tenim una gran varietat de seients. Les tribunes telesc\u00f2piques Tea3 estan constru\u00efdes per elements met\u00e0l\u2022lics totalment acabats en el taller i acoblats a l\u2019obra o al taller, segons les caracter\u00edstiques de cada instal\u2022lacions. Tots els acabats porten un tractament de doble desengras i un acabat final amb pintura d\u2019epoxi-poli\u00e8ster secada al forn a 230\u00ba. El muntatge dels diferents elements en l\u2019obra s\u2019efectua per personal qualificat de Tea3, assegurant a la vegada l\u2019assist\u00e8ncia T\u00e9cnica en cada instal\u2022laci\u00f3. <\/p>\n<p>&nbsp;<\/p>\n<h2>Grades, seients i tribunes disponibles:<\/h2>\n<div class=\"one_third\"><a href=\"\/ca\/material-per-centres-esportius\/grades-seients-tribunes\/grades-fixes\/\"><img decoding=\"async\" loading=\"lazy\" src=\"http:\/\/www.tea3.es\/wp-content\/uploads\/gradas-fijas-2-300x225.jpg\" alt=\"gradas-fijas-2\" width=\"300\" height=\"225\" class=\"aligncenter size-medium wp-image-726\" srcset=\"https:\/\/www.tea3.es\/wp-content\/uploads\/gradas-fijas-2-300x225.jpg 300w, https:\/\/www.tea3.es\/wp-content\/uploads\/gradas-fijas-2-94x70.jpg 94w, https:\/\/www.tea3.es\/wp-content\/uploads\/gradas-fijas-2-600x450.jpg 600w, https:\/\/www.tea3.es\/wp-content\/uploads\/gradas-fijas-2.jpg 800w\" sizes=\"(max-width: 300px) 100vw, 300px\" \/><\/a><\/p>\n<h3><a href=\"\/ca\/material-per-centres-esportius\/grades-seients-tribunes\/grades-fixes\/\">Grades fixes<\/a><\/h3>\n<\/div>\n<div class=\"one_third\"><a href=\"\/ca\/material-per-centres-esportius\/grades-seients-tribunes\/grades-desmontables\/\"><img decoding=\"async\" loading=\"lazy\" src=\"http:\/\/www.tea3.es\/wp-content\/uploads\/gradas-desmontables-300x225.jpg\" alt=\"gradas-desmontables\" width=\"300\" height=\"225\" class=\"aligncenter size-medium wp-image-727\" srcset=\"https:\/\/www.tea3.es\/wp-content\/uploads\/gradas-desmontables-300x225.jpg 300w, https:\/\/www.tea3.es\/wp-content\/uploads\/gradas-desmontables-94x70.jpg 94w, https:\/\/www.tea3.es\/wp-content\/uploads\/gradas-desmontables-600x450.jpg 600w, https:\/\/www.tea3.es\/wp-content\/uploads\/gradas-desmontables.jpg 800w\" sizes=\"(max-width: 300px) 100vw, 300px\" \/><\/a><\/p>\n<h3><a href=\"\/ca\/material-per-centres-esportius\/grades-seients-tribunes\/grades-desmontables\/\">Grades desmontables<\/a><\/h3>\n<\/div>\n<div class=\"one_third last\"><a href=\"\/ca\/material-per-centres-esportius\/grades-seients-tribunes\/grades-reversibles\/\"><img decoding=\"async\" loading=\"lazy\" src=\"http:\/\/www.tea3.es\/wp-content\/uploads\/gradas-reversibles-3-300x225.jpg\" alt=\"gradas-reversibles-3\" width=\"300\" height=\"225\" class=\"aligncenter size-medium wp-image-728\" srcset=\"https:\/\/www.tea3.es\/wp-content\/uploads\/gradas-reversibles-3-300x225.jpg 300w, https:\/\/www.tea3.es\/wp-content\/uploads\/gradas-reversibles-3-94x70.jpg 94w, https:\/\/www.tea3.es\/wp-content\/uploads\/gradas-reversibles-3-600x450.jpg 600w, https:\/\/www.tea3.es\/wp-content\/uploads\/gradas-reversibles-3.jpg 800w\" sizes=\"(max-width: 300px) 100vw, 300px\" \/><\/a><\/p>\n<h3><a href=\"\/ca\/material-per-centres-esportius\/grades-seients-tribunes\/grades-reversibles\/\">Grades reversibles<\/a><\/h3>\n<\/div><div class=\"clearboth\"><\/div>\n<div class=\"one_third\"><a href=\"\/ca\/material-per-centres-esportius\/grades-seients-tribunes\/grades-telescopiques\/\"><img decoding=\"async\" loading=\"lazy\" src=\"http:\/\/www.tea3.es\/wp-content\/uploads\/gradas-telescopicas-5-300x225.jpg\" alt=\"gradas-telescopicas-5\" width=\"300\" height=\"225\" class=\"aligncenter size-medium wp-image-729\" srcset=\"https:\/\/www.tea3.es\/wp-content\/uploads\/gradas-telescopicas-5-300x225.jpg 300w, https:\/\/www.tea3.es\/wp-content\/uploads\/gradas-telescopicas-5-94x70.jpg 94w, https:\/\/www.tea3.es\/wp-content\/uploads\/gradas-telescopicas-5-600x450.jpg 600w, https:\/\/www.tea3.es\/wp-content\/uploads\/gradas-telescopicas-5.jpg 800w\" sizes=\"(max-width: 300px) 100vw, 300px\" \/><\/a><\/p>\n<h3><a href=\"\/ca\/material-per-centres-esportius\/grades-seients-tribunes\/grades-telescopiques\/\">Grades telesc\u00f2piques<\/a><\/h3>\n<\/div>\n","protected":false},"excerpt":{"rendered":"<p>Des de Tea3 som capa\u00e7os de muntar qualsevol tipus de grada, seient o tribuna. Des de grades fixes, a grades desmuntables o grades reversibles. Tamb\u00e9 tenim una gran varietat de seients. Les tribunes telesc\u00f2piques Tea3 estan constru\u00efdes per elements met\u00e0l\u2022lics totalment acabats en el taller i acoblats a l\u2019obra o al taller, segons les caracter\u00edstiques de cada instal\u2022lacions. Tots els [&hellip;]<\/p>\n","protected":false},"author":1,"featured_media":0,"parent":1000,"menu_order":0,"comment_status":"open","ping_status":"open","template":"","meta":{"footnotes":""},"_links":{"self":[{"href":"https:\/\/www.tea3.es\/ca\/wp-json\/wp\/v2\/pages\/1019"}],"collection":[{"href":"https:\/\/www.tea3.es\/ca\/wp-json\/wp\/v2\/pages"}],"about":[{"href":"https:\/\/www.tea3.es\/ca\/wp-json\/wp\/v2\/types\/page"}],"author":[{"embeddable":true,"href":"https:\/\/www.tea3.es\/ca\/wp-json\/wp\/v2\/users\/1"}],"replies":[{"embeddable":true,"href":"https:\/\/www.tea3.es\/ca\/wp-json\/wp\/v2\/comments?post=1019"}],"version-history":[{"count":4,"href":"https:\/\/www.tea3.es\/ca\/wp-json\/wp\/v2\/pages\/1019\/revisions"}],"predecessor-version":[{"id":1269,"href":"https:\/\/www.tea3.es\/ca\/wp-json\/wp\/v2\/pages\/1019\/revisions\/1269"}],"up":[{"embeddable":true,"href":"https:\/\/www.tea3.es\/ca\/wp-json\/wp\/v2\/pages\/1000"}],"wp:attachment":[{"href":"https:\/\/www.tea3.es\/ca\/wp-json\/wp\/v2\/media?parent=1019"}],"curies":[{"name":"wp","href":"https:\/\/api.w.org\/{rel}","templated":true}]}}