{"id":1023,"date":"2014-05-06T11:20:54","date_gmt":"2014-05-06T11:20:54","guid":{"rendered":"http:\/\/www.tea3.es\/?page_id=1023"},"modified":"2014-05-13T10:23:41","modified_gmt":"2014-05-13T10:23:41","slug":"grades-desmontables","status":"publish","type":"page","link":"https:\/\/www.tea3.es\/ca\/material-per-centres-esportius\/grades-seients-tribunes\/grades-desmontables\/","title":{"rendered":"Grades desmontables"},"content":{"rendered":"<p>Estructura met\u00e0l\u2022lica pintada en pols de poli\u00e8ster. Peus regulables per permetre la perfecta estabilitat del m\u00f2dul.<br \/>\nL\u2019Estructura estar\u00e0 refor\u00e7ada amb triangulacions en els pilars i per la part de darrera entre ells, assegurant estabilitat en tot el conjunt.<br \/>\nLes baranes laterals i posteriors, aix\u00ed com tots aquest elements de protecci\u00f3 seran del mateix material de l\u2019estructura, aquest tindran l\u2019al\u00e7ada m\u00ednima de 1m. I no seran escalables.<br \/>\nLes plataformes seran de panell fen\u00f2lic antilliscant de 18mm de gruix residents a la circulaci\u00f3 de persones.<br \/>\nEls bancs estaran compostos per seients continus de pl\u00e0stic sense respatller. El seients estaran fabricats en propil\u00e8 antilliscant d\u2019alta resist\u00e8ncia amb nervis de refor\u00e7,  resist\u00e8ncia d\u2019impacte de 80kg x cm, resist\u00e8ncia a la calor de +110\u00baC i resist\u00e8ncia al fred de -30\u00baC. Tindr\u00e0 una estabilitat dimensional que no  li afectaran les variacions de temperatura. Resistent als raigs ultravioletes i a l\u2019acci\u00f3 solar evitant la descoloraci\u00f3. Colors a escollir.<\/p>\n<h2>Imatges de grades desmontables:<\/h2>\n<div class=\"one_half\"><img decoding=\"async\" loading=\"lazy\" src=\"http:\/\/www.tea3.es\/wp-content\/uploads\/gradas-desmontables1-300x225.jpg\" alt=\"gradas-desmontables\" width=\"300\" height=\"225\" class=\"aligncenter size-medium wp-image-740\" srcset=\"https:\/\/www.tea3.es\/wp-content\/uploads\/gradas-desmontables1-300x225.jpg 300w, https:\/\/www.tea3.es\/wp-content\/uploads\/gradas-desmontables1-94x70.jpg 94w, https:\/\/www.tea3.es\/wp-content\/uploads\/gradas-desmontables1-600x450.jpg 600w, https:\/\/www.tea3.es\/wp-content\/uploads\/gradas-desmontables1.jpg 800w\" sizes=\"(max-width: 300px) 100vw, 300px\" \/><\/div>\n<div class=\"one_half last\"><img decoding=\"async\" loading=\"lazy\" src=\"http:\/\/www.tea3.es\/wp-content\/uploads\/gradas-desmontables-1-300x225.jpg\" alt=\"gradas-desmontables-1\" width=\"300\" height=\"225\" class=\"aligncenter size-medium wp-image-741\" srcset=\"https:\/\/www.tea3.es\/wp-content\/uploads\/gradas-desmontables-1-300x225.jpg 300w, https:\/\/www.tea3.es\/wp-content\/uploads\/gradas-desmontables-1-94x70.jpg 94w, https:\/\/www.tea3.es\/wp-content\/uploads\/gradas-desmontables-1-600x450.jpg 600w, https:\/\/www.tea3.es\/wp-content\/uploads\/gradas-desmontables-1.jpg 800w\" sizes=\"(max-width: 300px) 100vw, 300px\" \/><\/div><div class=\"clearboth\"><\/div>\n<div class=\"one_half\"><img decoding=\"async\" loading=\"lazy\" src=\"http:\/\/www.tea3.es\/wp-content\/uploads\/gradas-desmontables-2-300x225.jpg\" alt=\"gradas-desmontables-2\" width=\"300\" height=\"225\" class=\"aligncenter size-medium wp-image-742\" srcset=\"https:\/\/www.tea3.es\/wp-content\/uploads\/gradas-desmontables-2-300x225.jpg 300w, https:\/\/www.tea3.es\/wp-content\/uploads\/gradas-desmontables-2-94x70.jpg 94w, https:\/\/www.tea3.es\/wp-content\/uploads\/gradas-desmontables-2-600x450.jpg 600w, https:\/\/www.tea3.es\/wp-content\/uploads\/gradas-desmontables-2.jpg 800w\" sizes=\"(max-width: 300px) 100vw, 300px\" \/><\/div>\n<div class=\"one_half last\"><img decoding=\"async\" loading=\"lazy\" src=\"http:\/\/www.tea3.es\/wp-content\/uploads\/gradas-desmontables-3-300x225.jpg\" alt=\"gradas-desmontables-3\" width=\"300\" height=\"225\" class=\"aligncenter size-medium wp-image-743\" srcset=\"https:\/\/www.tea3.es\/wp-content\/uploads\/gradas-desmontables-3-300x225.jpg 300w, https:\/\/www.tea3.es\/wp-content\/uploads\/gradas-desmontables-3-94x70.jpg 94w, https:\/\/www.tea3.es\/wp-content\/uploads\/gradas-desmontables-3-600x450.jpg 600w, https:\/\/www.tea3.es\/wp-content\/uploads\/gradas-desmontables-3.jpg 800w\" sizes=\"(max-width: 300px) 100vw, 300px\" \/><\/div><div class=\"clearboth\"><\/div>\n<div class=\"one_half last\"><img decoding=\"async\" loading=\"lazy\" src=\"http:\/\/www.tea3.es\/wp-content\/uploads\/gradas-desmontables-41-300x225.jpg\" alt=\"gradas-desmontables-4\" width=\"300\" height=\"225\" class=\"aligncenter size-medium wp-image-745\" srcset=\"https:\/\/www.tea3.es\/wp-content\/uploads\/gradas-desmontables-41-300x225.jpg 300w, https:\/\/www.tea3.es\/wp-content\/uploads\/gradas-desmontables-41-94x70.jpg 94w, https:\/\/www.tea3.es\/wp-content\/uploads\/gradas-desmontables-41-600x450.jpg 600w, https:\/\/www.tea3.es\/wp-content\/uploads\/gradas-desmontables-41.jpg 800w\" sizes=\"(max-width: 300px) 100vw, 300px\" \/><\/div><div class=\"clearboth\"><\/div>\n","protected":false},"excerpt":{"rendered":"<p>Estructura met\u00e0l\u2022lica pintada en pols de poli\u00e8ster. Peus regulables per permetre la perfecta estabilitat del m\u00f2dul. L\u2019Estructura estar\u00e0 refor\u00e7ada amb triangulacions en els pilars i per la part de darrera entre ells, assegurant estabilitat en tot el conjunt. Les baranes laterals i posteriors, aix\u00ed com tots aquest elements de protecci\u00f3 seran del mateix material de l\u2019estructura, aquest tindran l\u2019al\u00e7ada m\u00ednima [&hellip;]<\/p>\n","protected":false},"author":1,"featured_media":0,"parent":1019,"menu_order":0,"comment_status":"open","ping_status":"open","template":"","meta":{"footnotes":""},"_links":{"self":[{"href":"https:\/\/www.tea3.es\/ca\/wp-json\/wp\/v2\/pages\/1023"}],"collection":[{"href":"https:\/\/www.tea3.es\/ca\/wp-json\/wp\/v2\/pages"}],"about":[{"href":"https:\/\/www.tea3.es\/ca\/wp-json\/wp\/v2\/types\/page"}],"author":[{"embeddable":true,"href":"https:\/\/www.tea3.es\/ca\/wp-json\/wp\/v2\/users\/1"}],"replies":[{"embeddable":true,"href":"https:\/\/www.tea3.es\/ca\/wp-json\/wp\/v2\/comments?post=1023"}],"version-history":[{"count":3,"href":"https:\/\/www.tea3.es\/ca\/wp-json\/wp\/v2\/pages\/1023\/revisions"}],"predecessor-version":[{"id":1461,"href":"https:\/\/www.tea3.es\/ca\/wp-json\/wp\/v2\/pages\/1023\/revisions\/1461"}],"up":[{"embeddable":true,"href":"https:\/\/www.tea3.es\/ca\/wp-json\/wp\/v2\/pages\/1019"}],"wp:attachment":[{"href":"https:\/\/www.tea3.es\/ca\/wp-json\/wp\/v2\/media?parent=1023"}],"curies":[{"name":"wp","href":"https:\/\/api.w.org\/{rel}","templated":true}]}}