{"id":1027,"date":"2014-05-06T11:32:09","date_gmt":"2014-05-06T11:32:09","guid":{"rendered":"http:\/\/www.tea3.es\/?page_id=1027"},"modified":"2014-06-02T09:27:25","modified_gmt":"2014-06-02T09:27:25","slug":"grades-telescopiques","status":"publish","type":"page","link":"https:\/\/www.tea3.es\/ca\/material-per-centres-esportius\/grades-seients-tribunes\/grades-telescopiques\/","title":{"rendered":"Grades telesc\u00f2piques"},"content":{"rendered":"<p>La TRIBUNA TELESCOPICA TEA3 est\u00e0 especialment dissenyada per solucionar els problemes de polival\u00e8ncia que es donen en instal\u2022lacions esportives, palaus de congressos, teatres\u2026<br \/>\nCada TRIBUNA TELESCOPICA TEA3 est\u00e0 formada per diferents estructures m\u00f2bils, corresponent cada una a un nivell diferent i lliscant entre s\u00ed.<br \/>\nEl Resultat \u00e9s que ocupant un m\u00ednim espai s\u2019obt\u00e9, f\u00e0cilment i a l\u2019instant, una tribuna que satisf\u00e0 plenament tots els requisits de seguretat que cada instal\u2022laci\u00f3 requereix.<br \/>\nTea3 ofereix els seus serveis t\u00e8cnics i una amplia experi\u00e8ncia per adaptar la tribuna a les necessitats de cada client, personalitzant al m\u00e0xim cada un dels seus productes<\/p>\n<h2>Funcionament de les grades telesc\u00f2piques<\/h2>\n<p>L&#8217;obertura es realitza mitjan\u00e7ant motoritzaci\u00f3 que des bloqueja \u00a0el mecanisme de seguretat i facilita la tracci\u00f3 del conjunt. Cada nivell llisca sota el seg\u00fcent fins el total desplegament de la grada, autom\u00e0ticament bloquejada al tancament.<br \/>\nEl tancament es realitza igual invertint ens passos fins el seu total plegament i autom\u00e0tic bloqueig.<\/p>\n<p>Baranes:<br \/>\nBaranes telesc\u00f2piques. Al\u00e7ada de seguretat de 1000mm. Amb dues barres intermitges longitudinals.<\/p>\n<h2>Caracter\u00edstiques i materials de les grades telesc\u00f2piques<\/h2>\n<p>Plataformes:<br \/>\nLes plataformes \u00a0de circulaci\u00f3 es fabriquen amb taulers de fibra de densitat mitja DM resistent a la humitat de 19 a 21mm de gruix. Aquest material es pot substituir per taulers contraplacats simples o amb recobriments fen\u00f2lics antilliscants.<br \/>\nLes zones de circulaci\u00f3 es recobreixen amb pintures d&#8217;alta resist\u00e8ncia al desgast i impactes.<\/p>\n<p>Escales:<br \/>\nPer assegurar una \u00f2ptima circulaci\u00f3 dels usuaris, les grades s&#8217;equipen amb escales rematades amb perfils met\u00e0l\u00b7lics antilliscants. La mida de pas es de 1200mm.<\/p>\n<p>Seients:<br \/>\nA definir per la \u00a0D.F.<\/p>\n<p>Estructura met\u00e0l\u00b7lica:<br \/>\nLa GRADA TELESCOPICA TEA3, \u00a0esta calculada per suportar una c\u00e0rrega vertical de 500kg\/m2 de circulaci\u00f3 i un refor\u00e7 horitzontal en les dues direccions igual a 1.20 de la c\u00e0rrega vertical seguin la normativa DIN 1055 referent a carregues.<br \/>\nEls perfils i chapes d&#8217;acer amb els que est\u00e0 fabricada la grada s\u00f3n de les qualitats \u00a0S235JR, i S275JR segons la normativa UNE-EN 10025.<\/p>\n<p>Estructura portant:<br \/>\nL&#8217;estructura portant esta suficientment refor\u00e7ada per assegurar un m\u00f2dul d&#8217;in\u00e8rcia \u00f2ptim i una rigidesa perfecta.<\/p>\n<h2>Imatges de grades telesc\u00f2piques:<\/h2>\n<div class=\"one_half\"><img decoding=\"async\" loading=\"lazy\" class=\"aligncenter size-medium wp-image-770\" alt=\"gradas-telescopicas-6\" src=\"http:\/\/www.tea3.es\/wp-content\/uploads\/gradas-telescopicas-6-300x225.jpg\" width=\"300\" height=\"225\" srcset=\"https:\/\/www.tea3.es\/wp-content\/uploads\/gradas-telescopicas-6-300x225.jpg 300w, https:\/\/www.tea3.es\/wp-content\/uploads\/gradas-telescopicas-6-94x70.jpg 94w, https:\/\/www.tea3.es\/wp-content\/uploads\/gradas-telescopicas-6-600x450.jpg 600w, https:\/\/www.tea3.es\/wp-content\/uploads\/gradas-telescopicas-6.jpg 800w\" sizes=\"(max-width: 300px) 100vw, 300px\" \/><\/div>\n<div class=\"one_half last\"><img decoding=\"async\" loading=\"lazy\" class=\"aligncenter size-medium wp-image-771\" alt=\"gradas-telescopicas-5\" src=\"http:\/\/www.tea3.es\/wp-content\/uploads\/gradas-telescopicas-51-300x225.jpg\" width=\"300\" height=\"225\" srcset=\"https:\/\/www.tea3.es\/wp-content\/uploads\/gradas-telescopicas-51-300x225.jpg 300w, https:\/\/www.tea3.es\/wp-content\/uploads\/gradas-telescopicas-51-94x70.jpg 94w, https:\/\/www.tea3.es\/wp-content\/uploads\/gradas-telescopicas-51-600x450.jpg 600w, https:\/\/www.tea3.es\/wp-content\/uploads\/gradas-telescopicas-51.jpg 800w\" sizes=\"(max-width: 300px) 100vw, 300px\" \/><\/div><div class=\"clearboth\"><\/div>\n<div class=\"one_half\"><img decoding=\"async\" loading=\"lazy\" class=\"aligncenter size-medium wp-image-772\" alt=\"gradas-telescopicas-4\" src=\"http:\/\/www.tea3.es\/wp-content\/uploads\/gradas-telescopicas-4-300x225.jpg\" width=\"300\" height=\"225\" srcset=\"https:\/\/www.tea3.es\/wp-content\/uploads\/gradas-telescopicas-4-300x225.jpg 300w, https:\/\/www.tea3.es\/wp-content\/uploads\/gradas-telescopicas-4-94x70.jpg 94w, https:\/\/www.tea3.es\/wp-content\/uploads\/gradas-telescopicas-4-600x450.jpg 600w, https:\/\/www.tea3.es\/wp-content\/uploads\/gradas-telescopicas-4.jpg 800w\" sizes=\"(max-width: 300px) 100vw, 300px\" \/><\/div>\n<div class=\"one_half last\"><img decoding=\"async\" loading=\"lazy\" class=\"aligncenter size-medium wp-image-773\" alt=\"gradas-telescopicas-3\" src=\"http:\/\/www.tea3.es\/wp-content\/uploads\/gradas-telescopicas-3-300x225.jpg\" width=\"300\" height=\"225\" srcset=\"https:\/\/www.tea3.es\/wp-content\/uploads\/gradas-telescopicas-3-300x225.jpg 300w, https:\/\/www.tea3.es\/wp-content\/uploads\/gradas-telescopicas-3-94x70.jpg 94w, https:\/\/www.tea3.es\/wp-content\/uploads\/gradas-telescopicas-3-600x450.jpg 600w, https:\/\/www.tea3.es\/wp-content\/uploads\/gradas-telescopicas-3.jpg 800w\" sizes=\"(max-width: 300px) 100vw, 300px\" \/><\/div><div class=\"clearboth\"><\/div>\n<div class=\"one_half\"><img decoding=\"async\" loading=\"lazy\" class=\"aligncenter size-medium wp-image-775\" alt=\"gradas-telescopicas-2\" src=\"http:\/\/www.tea3.es\/wp-content\/uploads\/gradas-telescopicas-2-300x225.jpg\" width=\"300\" height=\"225\" srcset=\"https:\/\/www.tea3.es\/wp-content\/uploads\/gradas-telescopicas-2-300x225.jpg 300w, https:\/\/www.tea3.es\/wp-content\/uploads\/gradas-telescopicas-2-94x70.jpg 94w, https:\/\/www.tea3.es\/wp-content\/uploads\/gradas-telescopicas-2-600x450.jpg 600w, https:\/\/www.tea3.es\/wp-content\/uploads\/gradas-telescopicas-2.jpg 800w\" sizes=\"(max-width: 300px) 100vw, 300px\" \/><\/div>\n<div class=\"one_half last\"><img decoding=\"async\" loading=\"lazy\" class=\"aligncenter size-medium wp-image-777\" alt=\"gradas-telescopicas-1\" src=\"http:\/\/www.tea3.es\/wp-content\/uploads\/gradas-telescopicas-1-300x225.jpg\" width=\"300\" height=\"225\" srcset=\"https:\/\/www.tea3.es\/wp-content\/uploads\/gradas-telescopicas-1-300x225.jpg 300w, https:\/\/www.tea3.es\/wp-content\/uploads\/gradas-telescopicas-1-94x70.jpg 94w, https:\/\/www.tea3.es\/wp-content\/uploads\/gradas-telescopicas-1-600x450.jpg 600w, https:\/\/www.tea3.es\/wp-content\/uploads\/gradas-telescopicas-1.jpg 800w\" sizes=\"(max-width: 300px) 100vw, 300px\" \/><\/div><div class=\"clearboth\"><\/div>\n","protected":false},"excerpt":{"rendered":"<p>La TRIBUNA TELESCOPICA TEA3 est\u00e0 especialment dissenyada per solucionar els problemes de polival\u00e8ncia que es donen en instal\u2022lacions esportives, palaus de congressos, teatres\u2026 Cada TRIBUNA TELESCOPICA TEA3 est\u00e0 formada per diferents estructures m\u00f2bils, corresponent cada una a un nivell diferent i lliscant entre s\u00ed. El Resultat \u00e9s que ocupant un m\u00ednim espai s\u2019obt\u00e9, f\u00e0cilment i a l\u2019instant, una tribuna que [&hellip;]<\/p>\n","protected":false},"author":1,"featured_media":0,"parent":1019,"menu_order":0,"comment_status":"open","ping_status":"open","template":"","meta":{"footnotes":""},"_links":{"self":[{"href":"https:\/\/www.tea3.es\/ca\/wp-json\/wp\/v2\/pages\/1027"}],"collection":[{"href":"https:\/\/www.tea3.es\/ca\/wp-json\/wp\/v2\/pages"}],"about":[{"href":"https:\/\/www.tea3.es\/ca\/wp-json\/wp\/v2\/types\/page"}],"author":[{"embeddable":true,"href":"https:\/\/www.tea3.es\/ca\/wp-json\/wp\/v2\/users\/1"}],"replies":[{"embeddable":true,"href":"https:\/\/www.tea3.es\/ca\/wp-json\/wp\/v2\/comments?post=1027"}],"version-history":[{"count":4,"href":"https:\/\/www.tea3.es\/ca\/wp-json\/wp\/v2\/pages\/1027\/revisions"}],"predecessor-version":[{"id":1489,"href":"https:\/\/www.tea3.es\/ca\/wp-json\/wp\/v2\/pages\/1027\/revisions\/1489"}],"up":[{"embeddable":true,"href":"https:\/\/www.tea3.es\/ca\/wp-json\/wp\/v2\/pages\/1019"}],"wp:attachment":[{"href":"https:\/\/www.tea3.es\/ca\/wp-json\/wp\/v2\/media?parent=1027"}],"curies":[{"name":"wp","href":"https:\/\/api.w.org\/{rel}","templated":true}]}}