{"id":1029,"date":"2014-05-06T11:35:21","date_gmt":"2014-05-06T11:35:21","guid":{"rendered":"http:\/\/www.tea3.es\/?page_id=1029"},"modified":"2014-05-13T10:33:33","modified_gmt":"2014-05-13T10:33:33","slug":"paviments-esportius","status":"publish","type":"page","link":"https:\/\/www.tea3.es\/ca\/material-per-centres-esportius\/paviments-esportius\/","title":{"rendered":"Paviments esportius"},"content":{"rendered":"<p>Tea3 es compromet a subministrar, instal\u2022lar i mantenir els paviments esportius per pavellons, gimnasos i sales de fitness. Els paviments esportius disponibles s\u00f3n de diferents materials com fusta, PVC, cautx\u00fa i lin\u00f2leum. Tots ells de diferents gruixos i instal\u2022lats en diferents sistemes segons l\u2019activitat esportiva que es tingui que realitzar. <\/p>\n<h2>Paviments esportius disponibles:<\/h2>\n<p>&nbsp;<br \/>\n<div class=\"one_third\"><a href=\"\/ca\/material-per-centres-esportius\/paviments-esportius\/paviments-esportius-de-fusta\/\"><img decoding=\"async\" loading=\"lazy\" src=\"http:\/\/www.tea3.es\/wp-content\/uploads\/pavimentos-deportivos-madera-11-300x225.jpg\" alt=\"pavimentos-deportivos-madera-1\" width=\"300\" height=\"225\" class=\"aligncenter size-medium wp-image-749\" srcset=\"https:\/\/www.tea3.es\/wp-content\/uploads\/pavimentos-deportivos-madera-11-300x225.jpg 300w, https:\/\/www.tea3.es\/wp-content\/uploads\/pavimentos-deportivos-madera-11-94x70.jpg 94w, https:\/\/www.tea3.es\/wp-content\/uploads\/pavimentos-deportivos-madera-11-600x450.jpg 600w, https:\/\/www.tea3.es\/wp-content\/uploads\/pavimentos-deportivos-madera-11.jpg 800w\" sizes=\"(max-width: 300px) 100vw, 300px\" \/><\/a><\/p>\n<h3><a href=\"\/ca\/material-per-centres-esportius\/paviments-esportius\/paviments-esportius-de-fusta\/\">Paviments esportius de fusta<\/a><\/h3>\n<\/div>\n<div class=\"one_third\"><a href=\"\/ca\/material-per-centres-esportius\/paviments-esportius\/gespa-artificial\/\"><img decoding=\"async\" loading=\"lazy\" src=\"http:\/\/www.tea3.es\/wp-content\/uploads\/cesped-artificial-300x225.jpg\" alt=\"cesped-artificial\" width=\"300\" height=\"225\" class=\"aligncenter size-medium wp-image-750\" srcset=\"https:\/\/www.tea3.es\/wp-content\/uploads\/cesped-artificial-300x225.jpg 300w, https:\/\/www.tea3.es\/wp-content\/uploads\/cesped-artificial-94x70.jpg 94w, https:\/\/www.tea3.es\/wp-content\/uploads\/cesped-artificial-600x450.jpg 600w, https:\/\/www.tea3.es\/wp-content\/uploads\/cesped-artificial.jpg 800w\" sizes=\"(max-width: 300px) 100vw, 300px\" \/><\/a><\/p>\n<h3><a href=\"\/ca\/material-per-centres-esportius\/paviments-esportius\/gespa-artificial\/\">Gespa artificial<\/a><\/h3>\n<\/div>\n<div class=\"one_third last\"><a href=\"\/ca\/material-per-centres-esportius\/paviments-esportius\/paviments-de-pvc\/\"><img decoding=\"async\" loading=\"lazy\" src=\"http:\/\/www.tea3.es\/wp-content\/uploads\/pavimentos-pvc-1-300x225.jpg\" alt=\"pavimentos-pvc-1\" width=\"300\" height=\"225\" class=\"aligncenter size-medium wp-image-751\" srcset=\"https:\/\/www.tea3.es\/wp-content\/uploads\/pavimentos-pvc-1-300x225.jpg 300w, https:\/\/www.tea3.es\/wp-content\/uploads\/pavimentos-pvc-1-94x70.jpg 94w, https:\/\/www.tea3.es\/wp-content\/uploads\/pavimentos-pvc-1-600x450.jpg 600w, https:\/\/www.tea3.es\/wp-content\/uploads\/pavimentos-pvc-1.jpg 800w\" sizes=\"(max-width: 300px) 100vw, 300px\" \/><\/a><\/p>\n<h3><a href=\"\/ca\/material-per-centres-esportius\/paviments-esportius\/paviments-de-pvc\/\">Paviments de pvc<\/a><\/h3>\n<\/div><div class=\"clearboth\"><\/div>\n","protected":false},"excerpt":{"rendered":"<p>Tea3 es compromet a subministrar, instal\u2022lar i mantenir els paviments esportius per pavellons, gimnasos i sales de fitness. Els paviments esportius disponibles s\u00f3n de diferents materials com fusta, PVC, cautx\u00fa i lin\u00f2leum. Tots ells de diferents gruixos i instal\u2022lats en diferents sistemes segons l\u2019activitat esportiva que es tingui que realitzar. Paviments esportius disponibles: &nbsp;<\/p>\n","protected":false},"author":1,"featured_media":0,"parent":1000,"menu_order":0,"comment_status":"open","ping_status":"open","template":"","meta":{"footnotes":""},"_links":{"self":[{"href":"https:\/\/www.tea3.es\/ca\/wp-json\/wp\/v2\/pages\/1029"}],"collection":[{"href":"https:\/\/www.tea3.es\/ca\/wp-json\/wp\/v2\/pages"}],"about":[{"href":"https:\/\/www.tea3.es\/ca\/wp-json\/wp\/v2\/types\/page"}],"author":[{"embeddable":true,"href":"https:\/\/www.tea3.es\/ca\/wp-json\/wp\/v2\/users\/1"}],"replies":[{"embeddable":true,"href":"https:\/\/www.tea3.es\/ca\/wp-json\/wp\/v2\/comments?post=1029"}],"version-history":[{"count":5,"href":"https:\/\/www.tea3.es\/ca\/wp-json\/wp\/v2\/pages\/1029\/revisions"}],"predecessor-version":[{"id":1471,"href":"https:\/\/www.tea3.es\/ca\/wp-json\/wp\/v2\/pages\/1029\/revisions\/1471"}],"up":[{"embeddable":true,"href":"https:\/\/www.tea3.es\/ca\/wp-json\/wp\/v2\/pages\/1000"}],"wp:attachment":[{"href":"https:\/\/www.tea3.es\/ca\/wp-json\/wp\/v2\/media?parent=1029"}],"curies":[{"name":"wp","href":"https:\/\/api.w.org\/{rel}","templated":true}]}}