{"id":1031,"date":"2014-05-06T11:36:26","date_gmt":"2014-05-06T11:36:26","guid":{"rendered":"http:\/\/www.tea3.es\/?page_id=1031"},"modified":"2014-05-13T10:41:10","modified_gmt":"2014-05-13T10:41:10","slug":"paviments-esportius-de-fusta","status":"publish","type":"page","link":"https:\/\/www.tea3.es\/ca\/material-per-centres-esportius\/paviments-esportius\/paviments-esportius-de-fusta\/","title":{"rendered":"Paviments esportius de fusta"},"content":{"rendered":"<p>Tenim diferents tipus de fustes instal\u2022lats en diferents sistemes. Fusta de roure, faig, d\u2019aur\u00f3, etc. Instal\u2022lats sobre taulers de contra placat i cal\u00e7ats de cautx\u00fa , un o dos rastells o clip met\u00e0l\u2022lic. Realitzem el manteniment de parquets mitjan\u00e7ant polit, allisat i envernissat amb vern\u00eds antilliscant. <\/p>\n<h2>Imatges de paviments esportius de fusta:<\/h2>\n<div class=\"one_half\">\n<p><img decoding=\"async\" loading=\"lazy\" src=\"http:\/\/www.tea3.es\/wp-content\/uploads\/pavimentos-deportivos-madera-12-300x225.jpg\" alt=\"pavimentos-deportivos-madera-1\" width=\"300\" height=\"225\" class=\"aligncenter size-medium wp-image-840\" srcset=\"https:\/\/www.tea3.es\/wp-content\/uploads\/pavimentos-deportivos-madera-12-300x225.jpg 300w, https:\/\/www.tea3.es\/wp-content\/uploads\/pavimentos-deportivos-madera-12-94x70.jpg 94w, https:\/\/www.tea3.es\/wp-content\/uploads\/pavimentos-deportivos-madera-12-600x450.jpg 600w, https:\/\/www.tea3.es\/wp-content\/uploads\/pavimentos-deportivos-madera-12.jpg 800w\" sizes=\"(max-width: 300px) 100vw, 300px\" \/><\/p>\n<\/div>\n<div class=\"one_half last\">\n<p><img decoding=\"async\" loading=\"lazy\" src=\"http:\/\/www.tea3.es\/wp-content\/uploads\/pavimentos-deportivos-madera-2-300x225.jpg\" alt=\"pavimentos-deportivos-madera-2\" width=\"300\" height=\"225\" class=\"aligncenter size-medium wp-image-841\" srcset=\"https:\/\/www.tea3.es\/wp-content\/uploads\/pavimentos-deportivos-madera-2-300x225.jpg 300w, https:\/\/www.tea3.es\/wp-content\/uploads\/pavimentos-deportivos-madera-2-94x70.jpg 94w, https:\/\/www.tea3.es\/wp-content\/uploads\/pavimentos-deportivos-madera-2-600x450.jpg 600w, https:\/\/www.tea3.es\/wp-content\/uploads\/pavimentos-deportivos-madera-2.jpg 800w\" sizes=\"(max-width: 300px) 100vw, 300px\" \/><\/p>\n<\/div><div class=\"clearboth\"><\/div>\n<div class=\"one_half\">\n<p><img decoding=\"async\" loading=\"lazy\" src=\"http:\/\/www.tea3.es\/wp-content\/uploads\/pavimentos-deportivos-madera-3-300x225.jpg\" alt=\"pavimentos-deportivos-madera-3\" width=\"300\" height=\"225\" class=\"aligncenter size-medium wp-image-842\" srcset=\"https:\/\/www.tea3.es\/wp-content\/uploads\/pavimentos-deportivos-madera-3-300x225.jpg 300w, https:\/\/www.tea3.es\/wp-content\/uploads\/pavimentos-deportivos-madera-3-94x70.jpg 94w, https:\/\/www.tea3.es\/wp-content\/uploads\/pavimentos-deportivos-madera-3-600x450.jpg 600w, https:\/\/www.tea3.es\/wp-content\/uploads\/pavimentos-deportivos-madera-3.jpg 800w\" sizes=\"(max-width: 300px) 100vw, 300px\" \/><\/p>\n<\/div>\n<div class=\"one_half last\">\n<p><img decoding=\"async\" loading=\"lazy\" src=\"http:\/\/www.tea3.es\/wp-content\/uploads\/pavimentos-deportivos-madera-300x225.jpg\" alt=\"pavimentos-deportivos-madera\" width=\"300\" height=\"225\" class=\"aligncenter size-medium wp-image-839\" srcset=\"https:\/\/www.tea3.es\/wp-content\/uploads\/pavimentos-deportivos-madera-300x225.jpg 300w, https:\/\/www.tea3.es\/wp-content\/uploads\/pavimentos-deportivos-madera-94x70.jpg 94w, https:\/\/www.tea3.es\/wp-content\/uploads\/pavimentos-deportivos-madera-600x450.jpg 600w, https:\/\/www.tea3.es\/wp-content\/uploads\/pavimentos-deportivos-madera.jpg 800w\" sizes=\"(max-width: 300px) 100vw, 300px\" \/><\/p>\n<\/div><div class=\"clearboth\"><\/div>\n","protected":false},"excerpt":{"rendered":"<p>Tenim diferents tipus de fustes instal\u2022lats en diferents sistemes. Fusta de roure, faig, d\u2019aur\u00f3, etc. Instal\u2022lats sobre taulers de contra placat i cal\u00e7ats de cautx\u00fa , un o dos rastells o clip met\u00e0l\u2022lic. Realitzem el manteniment de parquets mitjan\u00e7ant polit, allisat i envernissat amb vern\u00eds antilliscant. Imatges de paviments esportius de fusta:<\/p>\n","protected":false},"author":1,"featured_media":0,"parent":1029,"menu_order":0,"comment_status":"open","ping_status":"open","template":"","meta":{"footnotes":""},"_links":{"self":[{"href":"https:\/\/www.tea3.es\/ca\/wp-json\/wp\/v2\/pages\/1031"}],"collection":[{"href":"https:\/\/www.tea3.es\/ca\/wp-json\/wp\/v2\/pages"}],"about":[{"href":"https:\/\/www.tea3.es\/ca\/wp-json\/wp\/v2\/types\/page"}],"author":[{"embeddable":true,"href":"https:\/\/www.tea3.es\/ca\/wp-json\/wp\/v2\/users\/1"}],"replies":[{"embeddable":true,"href":"https:\/\/www.tea3.es\/ca\/wp-json\/wp\/v2\/comments?post=1031"}],"version-history":[{"count":2,"href":"https:\/\/www.tea3.es\/ca\/wp-json\/wp\/v2\/pages\/1031\/revisions"}],"predecessor-version":[{"id":1293,"href":"https:\/\/www.tea3.es\/ca\/wp-json\/wp\/v2\/pages\/1031\/revisions\/1293"}],"up":[{"embeddable":true,"href":"https:\/\/www.tea3.es\/ca\/wp-json\/wp\/v2\/pages\/1029"}],"wp:attachment":[{"href":"https:\/\/www.tea3.es\/ca\/wp-json\/wp\/v2\/media?parent=1031"}],"curies":[{"name":"wp","href":"https:\/\/api.w.org\/{rel}","templated":true}]}}