{"id":1040,"date":"2014-05-06T11:46:52","date_gmt":"2014-05-06T11:46:52","guid":{"rendered":"http:\/\/www.tea3.es\/?page_id=1040"},"modified":"2015-05-27T08:39:10","modified_gmt":"2015-05-27T08:39:10","slug":"camp-de-basquet","status":"publish","type":"page","link":"https:\/\/www.tea3.es\/ca\/904-2\/camp-de-basquet\/","title":{"rendered":"Camp de b\u00e0squet"},"content":{"rendered":"<p>El camp de b\u00e0squet ha de ser per norma una superf\u00edcie rectangular, plana i dura. De 15 metres d\u2019ample per 28mts de llarg. Amb un per\u00edmetre al voltat de 2mts lliure d\u2019obstacles. El camp est\u00e0 dividit en dos parts iguals separats per una l\u00ednia central i un cercle que parteix el centre de la pista, aquest mesura 3,60 metres de di\u00e0metre. Per cada equip aquestes dos parts iguals s\u00f3n anomenades mig camp ofensiu i mig camp defensiu. En els costats menors es situen els c\u00e8rcols, a 3,05mtrs d\u2019al\u00e7ada i s\u2019introdueixen 1,20mtres al terreny de joc, aquets c\u00e8rcols tenen que tenir basculants homologats. Paral\u2022lela a la l\u00ednia de fons podem trobar la l\u00ednia de tir lliure, a 5,80 metres de la l\u00ednia de fons i a 4,60metres de la cistella. El Cercle on est\u00e0 situada la l\u00ednia de tirs lliures te un di\u00e0metre de 3,36 metres. Les l\u00ednies de tres punts estan situades a 6,75mtres de dist\u00e0ncia de la cistella (FIBA). Totes les l\u00ednies del camps de basquet tenen que tenir 5 cent\u00edmetres d\u2019ampla.<\/p>\n<h2>Imatge de camp de b\u00e0squet:<\/h2>\n<p style=\"text-align: center;\"><a href=\"http:\/\/www.tea3.es\/wp-content\/uploads\/baloncesto.png\"><img decoding=\"async\" loading=\"lazy\" alt=\"baloncesto\" src=\"http:\/\/www.tea3.es\/wp-content\/uploads\/baloncesto.png\" width=\"577\" height=\"800\" \/><\/a><\/p>\n<p><img decoding=\"async\" loading=\"lazy\" class=\"aligncenter size-full wp-image-865\" alt=\"campo-de-baloncesto\" src=\"http:\/\/www.tea3.es\/wp-content\/uploads\/campo-de-baloncesto1.jpg\" width=\"600\" height=\"800\" srcset=\"https:\/\/www.tea3.es\/wp-content\/uploads\/campo-de-baloncesto1.jpg 600w, https:\/\/www.tea3.es\/wp-content\/uploads\/campo-de-baloncesto1-225x300.jpg 225w\" sizes=\"(max-width: 600px) 100vw, 600px\" \/><\/p>\n","protected":false},"excerpt":{"rendered":"<p>El camp de b\u00e0squet ha de ser per norma una superf\u00edcie rectangular, plana i dura. De 15 metres d\u2019ample per 28mts de llarg. Amb un per\u00edmetre al voltat de 2mts lliure d\u2019obstacles. El camp est\u00e0 dividit en dos parts iguals separats per una l\u00ednia central i un cercle que parteix el centre de la pista, aquest mesura 3,60 metres de [&hellip;]<\/p>\n","protected":false},"author":1,"featured_media":0,"parent":904,"menu_order":0,"comment_status":"open","ping_status":"open","template":"","meta":{"footnotes":""},"_links":{"self":[{"href":"https:\/\/www.tea3.es\/ca\/wp-json\/wp\/v2\/pages\/1040"}],"collection":[{"href":"https:\/\/www.tea3.es\/ca\/wp-json\/wp\/v2\/pages"}],"about":[{"href":"https:\/\/www.tea3.es\/ca\/wp-json\/wp\/v2\/types\/page"}],"author":[{"embeddable":true,"href":"https:\/\/www.tea3.es\/ca\/wp-json\/wp\/v2\/users\/1"}],"replies":[{"embeddable":true,"href":"https:\/\/www.tea3.es\/ca\/wp-json\/wp\/v2\/comments?post=1040"}],"version-history":[{"count":8,"href":"https:\/\/www.tea3.es\/ca\/wp-json\/wp\/v2\/pages\/1040\/revisions"}],"predecessor-version":[{"id":2067,"href":"https:\/\/www.tea3.es\/ca\/wp-json\/wp\/v2\/pages\/1040\/revisions\/2067"}],"up":[{"embeddable":true,"href":"https:\/\/www.tea3.es\/ca\/wp-json\/wp\/v2\/pages\/904"}],"wp:attachment":[{"href":"https:\/\/www.tea3.es\/ca\/wp-json\/wp\/v2\/media?parent=1040"}],"curies":[{"name":"wp","href":"https:\/\/api.w.org\/{rel}","templated":true}]}}