{"id":1043,"date":"2014-05-06T11:47:58","date_gmt":"2014-05-06T11:47:58","guid":{"rendered":"http:\/\/www.tea3.es\/?page_id=1043"},"modified":"2015-05-27T08:42:38","modified_gmt":"2015-05-27T08:42:38","slug":"camp-de-mini-basquet","status":"publish","type":"page","link":"https:\/\/www.tea3.es\/ca\/904-2\/camp-de-mini-basquet\/","title":{"rendered":"Camp de mini b\u00e0squet"},"content":{"rendered":"<p>El minib\u00e0squet es juga en un camp rectangular, llis i sense obstacles, amb una superf\u00edcie m\u00e0xima de 25,60m x 16x i una m\u00ednima de 20m x 12m. Les l\u00ednies que delimiten el terreny de joc s\u00f3n pr\u00e0cticament les mateixes que les de b\u00e0squet. En minib\u00e0squet el tauler mesura 1,20m x 0.90m i el c\u00e8rcol est\u00e0 situat a 2,60m del terra.<\/p>\n<h2>Imatge de camp de mini b\u00e0squet:<\/h2>\n<p><a href=\"http:\/\/www.tea3.es\/wp-content\/uploads\/minibasket.png\"><img decoding=\"async\" loading=\"lazy\" class=\"aligncenter\" alt=\"minibasket\" src=\"http:\/\/www.tea3.es\/wp-content\/uploads\/minibasket.png\" width=\"600\" height=\"800\" \/><\/a><\/p>\n<p><img decoding=\"async\" loading=\"lazy\" class=\"aligncenter size-full wp-image-868\" alt=\"campo-mini-basquet\" src=\"http:\/\/www.tea3.es\/wp-content\/uploads\/campo-mini-basquet1.jpg\" width=\"600\" height=\"800\" srcset=\"https:\/\/www.tea3.es\/wp-content\/uploads\/campo-mini-basquet1.jpg 600w, https:\/\/www.tea3.es\/wp-content\/uploads\/campo-mini-basquet1-225x300.jpg 225w\" sizes=\"(max-width: 600px) 100vw, 600px\" \/><\/p>\n","protected":false},"excerpt":{"rendered":"<p>El minib\u00e0squet es juga en un camp rectangular, llis i sense obstacles, amb una superf\u00edcie m\u00e0xima de 25,60m x 16x i una m\u00ednima de 20m x 12m. Les l\u00ednies que delimiten el terreny de joc s\u00f3n pr\u00e0cticament les mateixes que les de b\u00e0squet. En minib\u00e0squet el tauler mesura 1,20m x 0.90m i el c\u00e8rcol est\u00e0 situat a 2,60m del terra. [&hellip;]<\/p>\n","protected":false},"author":1,"featured_media":0,"parent":904,"menu_order":0,"comment_status":"open","ping_status":"open","template":"","meta":{"footnotes":""},"_links":{"self":[{"href":"https:\/\/www.tea3.es\/ca\/wp-json\/wp\/v2\/pages\/1043"}],"collection":[{"href":"https:\/\/www.tea3.es\/ca\/wp-json\/wp\/v2\/pages"}],"about":[{"href":"https:\/\/www.tea3.es\/ca\/wp-json\/wp\/v2\/types\/page"}],"author":[{"embeddable":true,"href":"https:\/\/www.tea3.es\/ca\/wp-json\/wp\/v2\/users\/1"}],"replies":[{"embeddable":true,"href":"https:\/\/www.tea3.es\/ca\/wp-json\/wp\/v2\/comments?post=1043"}],"version-history":[{"count":6,"href":"https:\/\/www.tea3.es\/ca\/wp-json\/wp\/v2\/pages\/1043\/revisions"}],"predecessor-version":[{"id":2070,"href":"https:\/\/www.tea3.es\/ca\/wp-json\/wp\/v2\/pages\/1043\/revisions\/2070"}],"up":[{"embeddable":true,"href":"https:\/\/www.tea3.es\/ca\/wp-json\/wp\/v2\/pages\/904"}],"wp:attachment":[{"href":"https:\/\/www.tea3.es\/ca\/wp-json\/wp\/v2\/media?parent=1043"}],"curies":[{"name":"wp","href":"https:\/\/api.w.org\/{rel}","templated":true}]}}