{"id":1045,"date":"2014-05-06T11:48:50","date_gmt":"2014-05-06T11:48:50","guid":{"rendered":"http:\/\/www.tea3.es\/?page_id=1045"},"modified":"2014-05-13T09:36:19","modified_gmt":"2014-05-13T09:36:19","slug":"camp-de-futbol-sala","status":"publish","type":"page","link":"https:\/\/www.tea3.es\/ca\/904-2\/camp-de-futbol-sala\/","title":{"rendered":"Camp de futbol sala"},"content":{"rendered":"<p>El futbol Sala es desenvolupa en un terreny de joc rectangular de 40m x 20m tant en competicions nacionals com internacionals. El voltat del camp de joc hi ha d&#8217;haver-hi un espai lliure d\u2019obstacles d\u2019 1m d\u2019ample, a l\u2019exterior de les l\u00ednies de banda i de 2 m al exterior de les l\u00ednies de meta. Les l\u00ednies ha de tenir una amplada de 8cm i tenen que ser totes del mateix color. <\/p>\n<h2>Imatge de camp de futbol sala:<\/h2>\n<p><img decoding=\"async\" loading=\"lazy\" src=\"http:\/\/www.tea3.es\/wp-content\/uploads\/campo-futbol-sala1.jpg\" alt=\"campo-futbol-sala\" width=\"600\" height=\"800\" class=\"aligncenter size-full wp-image-871\" srcset=\"https:\/\/www.tea3.es\/wp-content\/uploads\/campo-futbol-sala1.jpg 600w, https:\/\/www.tea3.es\/wp-content\/uploads\/campo-futbol-sala1-225x300.jpg 225w\" sizes=\"(max-width: 600px) 100vw, 600px\" \/><\/p>\n","protected":false},"excerpt":{"rendered":"<p>El futbol Sala es desenvolupa en un terreny de joc rectangular de 40m x 20m tant en competicions nacionals com internacionals. El voltat del camp de joc hi ha d&#8217;haver-hi un espai lliure d\u2019obstacles d\u2019 1m d\u2019ample, a l\u2019exterior de les l\u00ednies de banda i de 2 m al exterior de les l\u00ednies de meta. Les l\u00ednies ha de tenir [&hellip;]<\/p>\n","protected":false},"author":1,"featured_media":0,"parent":904,"menu_order":0,"comment_status":"open","ping_status":"open","template":"","meta":{"footnotes":""},"_links":{"self":[{"href":"https:\/\/www.tea3.es\/ca\/wp-json\/wp\/v2\/pages\/1045"}],"collection":[{"href":"https:\/\/www.tea3.es\/ca\/wp-json\/wp\/v2\/pages"}],"about":[{"href":"https:\/\/www.tea3.es\/ca\/wp-json\/wp\/v2\/types\/page"}],"author":[{"embeddable":true,"href":"https:\/\/www.tea3.es\/ca\/wp-json\/wp\/v2\/users\/1"}],"replies":[{"embeddable":true,"href":"https:\/\/www.tea3.es\/ca\/wp-json\/wp\/v2\/comments?post=1045"}],"version-history":[{"count":2,"href":"https:\/\/www.tea3.es\/ca\/wp-json\/wp\/v2\/pages\/1045\/revisions"}],"predecessor-version":[{"id":1190,"href":"https:\/\/www.tea3.es\/ca\/wp-json\/wp\/v2\/pages\/1045\/revisions\/1190"}],"up":[{"embeddable":true,"href":"https:\/\/www.tea3.es\/ca\/wp-json\/wp\/v2\/pages\/904"}],"wp:attachment":[{"href":"https:\/\/www.tea3.es\/ca\/wp-json\/wp\/v2\/media?parent=1045"}],"curies":[{"name":"wp","href":"https:\/\/api.w.org\/{rel}","templated":true}]}}