{"id":1049,"date":"2014-05-06T11:52:32","date_gmt":"2014-05-06T11:52:32","guid":{"rendered":"http:\/\/www.tea3.es\/?page_id=1049"},"modified":"2014-05-13T09:37:54","modified_gmt":"2014-05-13T09:37:54","slug":"camp-de-voleibol","status":"publish","type":"page","link":"https:\/\/www.tea3.es\/ca\/904-2\/camp-de-voleibol\/","title":{"rendered":"Camp de voleibol"},"content":{"rendered":"<p>El camp de voleibol \u00e9s un rectangle de 18m de llarg per 9m d\u2019ampla. Est\u00e0 dividit  a la l\u00ednea central per una xarxa que separa les dos equips practicants. El joc tamb\u00e9 es desenvolupa a l\u2019exterior, anomenada zona lliure, la zona lliure t\u00e9 que mesurar al menys 3m, s\u2019augmenta a 5m sobre les l\u00ednies lateral i 8m per les l\u00ednies de fons. A 3m de la xarxa una l\u00ednia delimita  cada camp  la zona d\u2019atac.<\/p>\n<h2>Imatge de camp de voleibol<\/h2>\n<p><img decoding=\"async\" loading=\"lazy\" src=\"http:\/\/www.tea3.es\/wp-content\/uploads\/campo-de-voleibol1.jpg\" alt=\"campo-de-voleibol\" width=\"600\" height=\"800\" class=\"aligncenter size-full wp-image-877\" srcset=\"https:\/\/www.tea3.es\/wp-content\/uploads\/campo-de-voleibol1.jpg 600w, https:\/\/www.tea3.es\/wp-content\/uploads\/campo-de-voleibol1-225x300.jpg 225w\" sizes=\"(max-width: 600px) 100vw, 600px\" \/><\/p>\n","protected":false},"excerpt":{"rendered":"<p>El camp de voleibol \u00e9s un rectangle de 18m de llarg per 9m d\u2019ampla. Est\u00e0 dividit a la l\u00ednea central per una xarxa que separa les dos equips practicants. El joc tamb\u00e9 es desenvolupa a l\u2019exterior, anomenada zona lliure, la zona lliure t\u00e9 que mesurar al menys 3m, s\u2019augmenta a 5m sobre les l\u00ednies lateral i 8m per les l\u00ednies [&hellip;]<\/p>\n","protected":false},"author":1,"featured_media":0,"parent":904,"menu_order":0,"comment_status":"open","ping_status":"open","template":"","meta":{"footnotes":""},"_links":{"self":[{"href":"https:\/\/www.tea3.es\/ca\/wp-json\/wp\/v2\/pages\/1049"}],"collection":[{"href":"https:\/\/www.tea3.es\/ca\/wp-json\/wp\/v2\/pages"}],"about":[{"href":"https:\/\/www.tea3.es\/ca\/wp-json\/wp\/v2\/types\/page"}],"author":[{"embeddable":true,"href":"https:\/\/www.tea3.es\/ca\/wp-json\/wp\/v2\/users\/1"}],"replies":[{"embeddable":true,"href":"https:\/\/www.tea3.es\/ca\/wp-json\/wp\/v2\/comments?post=1049"}],"version-history":[{"count":2,"href":"https:\/\/www.tea3.es\/ca\/wp-json\/wp\/v2\/pages\/1049\/revisions"}],"predecessor-version":[{"id":1197,"href":"https:\/\/www.tea3.es\/ca\/wp-json\/wp\/v2\/pages\/1049\/revisions\/1197"}],"up":[{"embeddable":true,"href":"https:\/\/www.tea3.es\/ca\/wp-json\/wp\/v2\/pages\/904"}],"wp:attachment":[{"href":"https:\/\/www.tea3.es\/ca\/wp-json\/wp\/v2\/media?parent=1049"}],"curies":[{"name":"wp","href":"https:\/\/api.w.org\/{rel}","templated":true}]}}