{"id":1057,"date":"2014-05-11T13:07:28","date_gmt":"2014-05-11T13:07:28","guid":{"rendered":"http:\/\/www.tea3.es\/?page_id=1057"},"modified":"2014-05-11T14:04:55","modified_gmt":"2014-05-11T14:04:55","slug":"home-2","status":"publish","type":"page","link":"https:\/\/www.tea3.es\/ca\/","title":{"rendered":"Home"},"content":{"rendered":"[spb_text_block pb_margin_bottom=&#8221;no&#8221; pb_border_bottom=&#8221;no&#8221; el_class=&#8221;mt0 pt0&#8243; width=&#8221;1\/1&#8243; el_position=&#8221;first last&#8221;]\n<p class=\"impact-text-large\" style=\"text-align: center;\">Els nostres serveis<\/p>\n<p class=\"impact-text\" style=\"text-align: center;\"><div class=\"horizontal-break\"> <\/div>\n<p style=\"text-align: center;\">Descobreix tots els productes que tenim per al teu centre esportiu:<br \/>\n<strong>Futbol, Futbol sala, handbol, b\u00e0squet i mini b\u00e0squet, hoquei, voleibol, tennis, p\u00e0del, b\u00e0dminton, atletisme, gimn\u00e0stica&#8230;<\/strong><br \/>\nI a m\u00e9s, tota mena de material: grades, bancs, accessoris de vestuari&#8230; Un cat\u00e0leg complet per a qualsevol projecte.<\/p>\n[\/spb_text_block] [spb_single_image image=&#8221;215&#8243; image_size=&#8221;full&#8221; frame=&#8221;borderframe&#8221; intro_animation=&#8221;fade-in&#8221; full_width=&#8221;no&#8221; lightbox=&#8221;no&#8221; image_link=&#8221;\/ca\/equipaments-esportius\/&#8221; link_target=&#8221;_self&#8221; width=&#8221;1\/3&#8243; el_position=&#8221;first&#8221;] [spb_single_image image=&#8221;235&#8243; image_size=&#8221;full&#8221; frame=&#8221;borderframe&#8221; intro_animation=&#8221;fade-in&#8221; full_width=&#8221;no&#8221; lightbox=&#8221;no&#8221; image_link=&#8221;\/ca\/material-per-centres-esportius\/&#8221; link_target=&#8221;_self&#8221; width=&#8221;1\/3&#8243;] [spb_single_image image=&#8221;234&#8243; image_size=&#8221;full&#8221; frame=&#8221;borderframe&#8221; intro_animation=&#8221;fade-in&#8221; full_width=&#8221;no&#8221; lightbox=&#8221;no&#8221; image_link=&#8221;\/ca\/904-2\/&#8221; link_target=&#8221;_self&#8221; width=&#8221;1\/3&#8243; el_position=&#8221;last&#8221;] [spb_text_block pb_margin_bottom=&#8221;no&#8221; pb_border_bottom=&#8221;no&#8221; width=&#8221;1\/3&#8243; el_position=&#8221;first&#8221;]\n<p>&nbsp;<\/p>\n<h3>Equipaments Esportius<\/h3>\n<p>Descobreix tots els equipaments esportius que tenim disponibles per a cada esport.<\/p>\n<p>&nbsp;<\/p>\n[\/spb_text_block] [spb_text_block pb_margin_bottom=&#8221;no&#8221; pb_border_bottom=&#8221;no&#8221; width=&#8221;1\/3&#8243;]\n<p>&nbsp;<\/p>\n<h3>Material per a centres esportius<\/h3>\n<p>Marcadors esportius, xarxes protectores, accessoris per a vestuaris&#8230; Tots els complements per al teu centre.<\/p>\n<p>&nbsp;<\/p>\n[\/spb_text_block] [spb_text_block pb_margin_bottom=&#8221;no&#8221; pb_border_bottom=&#8221;no&#8221; width=&#8221;1\/3&#8243; el_position=&#8221;last&#8221;]\n<p>&nbsp;<\/p>\n<h3>Disseny de camps esportius<\/h3>\n<p>Descobreix totes les mesures de refer\u00e8ncia i el que podem dissenyar per al teu camp.<\/p>\n<p>&nbsp;<\/p>\n[\/spb_text_block] [spb_parallax parallax_type=&#8221;image&#8221; bg_image=&#8221;266&#8243; bg_type=&#8221;cover&#8221; parallax_video_height=&#8221;video-height&#8221; parallax_video_overlay=&#8221;none&#8221; parallax_image_height=&#8221;content-height&#8221; parallax_image_movement=&#8221;scroll&#8221; parallax_image_speed=&#8221;0.5&#8243; alt_background=&#8221;none&#8221; width=&#8221;1\/1&#8243; el_position=&#8221;first last&#8221;]\n<p>&nbsp;<\/p>\n<h2 style=\"text-align: center;\"><span style=\"color: #ffffff;\">Tea3 \u00e9s una empresa dedicada a la fabricaci\u00f3, subministrament, manteniment i instal\u2022laci\u00f3 de material i equipament esportiu<\/span><\/h2>\n<p style=\"text-align: center;\"><span style=\"color: #ffffff;\">Els productes amb els quals fabriquem els nostres materials s\u00f3n de primera qualitat i alta resist\u00e8ncia, evolucionant dia a dia per satisfer plenament les necessitats i expectatives. Al ser fabricants tenim una \u00e0mplia gamma de material i productes, podent-nos adaptar a qualsevol model, suggeriment o color desitjat pels nostres clients. Conscients de l&#8217;evoluci\u00f3 de les noves tecnologies tenim a disposici\u00f3 el servei de correu electr\u00f2nic i la p\u00e0gina web, perqu\u00e8 els nostres clients puguin intercanviar comentaris, suggeriments o simplement navegar per la web i estar al dia de les novetats i ofertes del mes. <\/span><\/p>\n<h3 style=\"text-align: center;\"><span style=\"color: #ffffff;\">L&#8217;equip Disseny TEA3 seguir\u00e0 treballant en aquesta direcci\u00f3 amb l&#8217;objectiu de ser una empresa capdavantera en aquest sector.<\/span><\/h3>\n<p>&nbsp;<\/p>\n[\/spb_parallax]\n","protected":false},"excerpt":{"rendered":"<p>[spb_text_block pb_margin_bottom=&#8221;no&#8221; pb_border_bottom=&#8221;no&#8221; el_class=&#8221;mt0 pt0&#8243; width=&#8221;1\/1&#8243; el_position=&#8221;first last&#8221;] Els nostres serveis Descobreix tots els productes que tenim per al teu centre esportiu: Futbol, Futbol sala, handbol, b\u00e0squet i mini b\u00e0squet, hoquei, voleibol, tennis, p\u00e0del, b\u00e0dminton, atletisme, gimn\u00e0stica&#8230; I a m\u00e9s, tota mena de material: grades, bancs, accessoris de vestuari&#8230; Un cat\u00e0leg complet per a qualsevol projecte. [\/spb_text_block] [spb_single_image image=&#8221;215&#8243; image_size=&#8221;full&#8221; [&hellip;]<\/p>\n","protected":false},"author":1,"featured_media":0,"parent":0,"menu_order":0,"comment_status":"open","ping_status":"open","template":"","meta":{"footnotes":""},"_links":{"self":[{"href":"https:\/\/www.tea3.es\/ca\/wp-json\/wp\/v2\/pages\/1057"}],"collection":[{"href":"https:\/\/www.tea3.es\/ca\/wp-json\/wp\/v2\/pages"}],"about":[{"href":"https:\/\/www.tea3.es\/ca\/wp-json\/wp\/v2\/types\/page"}],"author":[{"embeddable":true,"href":"https:\/\/www.tea3.es\/ca\/wp-json\/wp\/v2\/users\/1"}],"replies":[{"embeddable":true,"href":"https:\/\/www.tea3.es\/ca\/wp-json\/wp\/v2\/comments?post=1057"}],"version-history":[{"count":3,"href":"https:\/\/www.tea3.es\/ca\/wp-json\/wp\/v2\/pages\/1057\/revisions"}],"predecessor-version":[{"id":1060,"href":"https:\/\/www.tea3.es\/ca\/wp-json\/wp\/v2\/pages\/1057\/revisions\/1060"}],"wp:attachment":[{"href":"https:\/\/www.tea3.es\/ca\/wp-json\/wp\/v2\/media?parent=1057"}],"curies":[{"name":"wp","href":"https:\/\/api.w.org\/{rel}","templated":true}]}}