{"id":2772,"date":"2021-07-11T06:51:37","date_gmt":"2021-07-11T06:51:37","guid":{"rendered":"http:\/\/www.tea3.es\/ca\/?page_id=2772"},"modified":"2021-07-11T07:07:58","modified_gmt":"2021-07-11T07:07:58","slug":"politica-de-cookies","status":"publish","type":"page","link":"https:\/\/www.tea3.es\/ca\/politica-de-cookies\/","title":{"rendered":"POL\u00cdTICA DE COOKIES"},"content":{"rendered":"<p>Responsable: DISSENY TEA3, S.L.<br \/>\nDirecci\u00f3: Carrer Ignasi Barraquer 9. 08460-Santa Maria de Palautordera (Barcelona).<br \/>\nMail: tea3@telefonica.net<\/p>\n<p>En la present pol\u00edtica de cookies, trobar\u00e0 la descripci\u00f3 i finalitat de cadascuna de les cookies utilitzades, aix\u00ed com el seu nom, el servidor d&#8217;enviament, la seva caducitat i en alguns casos l&#8217;exist\u00e8ncia de transfer\u00e8ncia internacional de dades.<\/p>\n<p>La legitimaci\u00f3 per a l&#8217;\u00fas de les cookies estrictament funcionals, ve donada perqu\u00e8 el tractament \u00e9s necessari per al compliment d&#8217;una obligaci\u00f3 legal, conforme la llei 34\/2002 (Llei de Serveis de la Societat de la Informaci\u00f3 i de Comer\u00e7 Electr\u00f2nic).<\/p>\n<p>La legitimaci\u00f3 per a l&#8217;\u00fas de les cookies amb finalitats anal\u00edtics, d&#8217;optimitzaci\u00f3, de personalitzaci\u00f3, de publicitat comportamental i valoraci\u00f3, est\u00e0 basat en el consentiment que se li ha sol\u00b7licitat, conforme a l&#8217;Art. 6.1.a) del Reglament (UE) 2016\/679.<\/p>\n<p>Utilitzem cookies amb l&#8217;objectiu de prestar un millor servei i proporcionar-te una millor experi\u00e8ncia en la teva navegaci\u00f3. Volem informar-te de manera clara i precisa sobre les cookies que utilitzem, detallant a continuaci\u00f3, qu\u00e8 \u00e9s una cookie, per a qu\u00e8 serveix, quins tipus de cookies utilitzem, quina s\u00f3n la seva finalitat i com pots configurar-les o des habilitar-les si aix\u00ed ho desitges.<\/p>\n<h2>Qu\u00e8 s\u00f3n les Cookies?<\/h2>\n<p>Cookie \u00e9s un fitxer que es descarrega en el seu ordinador en accedir a la majoria de p\u00e0gines Web. Les cookies permeten a una p\u00e0gina web, entre altres coses, emmagatzemar i recuperar informaci\u00f3 sobre els h\u00e0bits de navegaci\u00f3 d&#8217;un usuari o del seu equip i, depenent de la informaci\u00f3 que continguin i de la forma en qu\u00e8 utilitzi el seu equip, poden utilitzar-se per a recon\u00e8ixer a l&#8217;usuari. Quan accedeixi a una web que utilitza cookies, la web fa que el navegador cre\u00ef en el seu equip (ordinador, tauleta, tel\u00e8fon o similar) petits fitxers amb informaci\u00f3 necess\u00e0ria per al funcionament de la Web. Aquests fitxers denominats cookies, formen part de la tecnologia necess\u00e0ria per al correcte funcionament del lloc web. Les cookies no contenen cap classe d&#8217;informaci\u00f3 personal espec\u00edfica, i la majoria de les mateixes s&#8217;esborren del disc dur en finalitzar la sessi\u00f3 del navegador (les denominades cookies de sessi\u00f3) si b\u00e9 el seu historial de navegaci\u00f3 i cookies s&#8217;emmagatzemen en el seu equip. Les cookies, de manera similar a l&#8217;historial de navegaci\u00f3 o caixet del navegador, poden deixar un rastre sobre la seva activitat en l\u00ednia. Aix\u00f2 \u00e9s especialment important si altres persones poden accedir al seu equip. Pel que en el cas que estigui utilitzant un equip compartit, li recomanem que abans de tancar la sessi\u00f3 elimini la informaci\u00f3 sobre l&#8217;historial de navegaci\u00f3, caixet i cookies.<\/p>\n<h2>Quins tipus de cookies utilitza aquesta p\u00e0gina web?<\/h2>\n<p><strong>Cookies t\u00e8cniques:<\/strong> S\u00f3n aquelles que permeten a l&#8217;usuari la navegaci\u00f3 a trav\u00e9s d&#8217;una p\u00e0gina web, plataforma o aplicaci\u00f3 i la utilitzaci\u00f3 de les diferents opcions o serveis que en ella existeixin com, per exemple, controlar el tr\u00e0nsit i la comunicaci\u00f3 de dades, identificar la sessi\u00f3, accedir a parts d&#8217;acc\u00e9s restringit, recordar els elements que integren una comanda, realitzar el proc\u00e9s de compra d&#8217;una comanda, realitzar la sol\u00b7licitud d&#8217;inscripci\u00f3 o participaci\u00f3 en un esdeveniment, utilitzar elements de seguretat durant la navegaci\u00f3, emmagatzemar continguts per a la difusi\u00f3 de v\u00eddeos o so o compartir continguts a trav\u00e9s de xarxes socials.<\/p>\n<p><strong>Cookies de personalitzaci\u00f3:<\/strong> S\u00f3n aquelles que permeten a l&#8217;usuari accedir al servei amb algunes caracter\u00edstiques de car\u00e0cter general predefinides en funci\u00f3 d&#8217;una s\u00e8rie de criteris en el terminal de l&#8217;usuari com per exemple serien l&#8217;idioma, el tipus de navegador a trav\u00e9s del qual accedeix al servei, la configuraci\u00f3 regional des d&#8217;on accedeix al servei, etc.<\/p>\n<p><strong>Cookies d&#8217;an\u00e0lisis:<\/strong> S\u00f3n aquelles que ben tractades per nosaltres o per tercers, ens permeten quantificar el nombre d&#8217;usuaris i aix\u00ed realitzar el mesurament i an\u00e0lisi estad\u00edstica de la utilitzaci\u00f3 que fan els usuaris del servei ofert. Per a aix\u00f2 s&#8217;analitza la seva navegaci\u00f3 en la nostra p\u00e0gina web amb la finalitat de millorar l&#8217;oferta de productes o serveis que li oferim.<\/p>\n<p><strong>Cookies de tercers:<\/strong> Aquesta web pot utilitzar serveis de tercers que, per compte dels mateixos recopilessin informaci\u00f3 amb finalitats estad\u00edstics, d&#8217;\u00fas del Site per part de l&#8217;usuari i per a la prestaci\u00f3 d&#8217;altres serveis relacionats amb l&#8217;activitat del Website i altres serveis d&#8217;Internet.<\/p>\n<h2>Finalitat de les COOKIES utilitzades<\/h2>\n<p>A continuaci\u00f3, detallem les cookies utilitzades en la nostra web i la finalitat d&#8217;aquestes. Relaci\u00f3 de cookies utilitzades en el present:<\/p>\n<table>\n<tbody>\n<tr>\n<th width=\"25%\">Nom de Cookie<\/th>\n<th>Duraci\u00f3<\/th>\n<th>Descripci\u00f3<\/th>\n<\/tr>\n<tr>\n<td><code dir=\"ltr\" translate=\"no\">_<wbr \/>ga<\/code><\/td>\n<td>2 a\u00f1os<\/td>\n<td>Se usa para distinguir a los usuarios.<\/td>\n<\/tr>\n<tr>\n<td><code dir=\"ltr\" translate=\"no\">_<wbr \/>gid<\/code><\/td>\n<td>24\u00a0horas<\/td>\n<td>Se usa para distinguir a los usuarios.<\/td>\n<\/tr>\n<tr>\n<td><code dir=\"ltr\" translate=\"no\">_<wbr \/>gat<\/code><\/td>\n<td>1\u00a0minuto<\/td>\n<td>Se usa para limitar el porcentaje de solicitudes.<\/td>\n<\/tr>\n<\/tbody>\n<\/table>\n<p>Per a m\u00e9s informaci\u00f3 pots visitar <a href=\"https:\/\/developers.google.com\/analytics\/devguides\/collection\/analyticsjs\/cookie-usage?hl=es-419\" target=\"_blank\">aquest enlla\u00e7<\/a>.<\/p>\n<h2>Qui utilitza la informaci\u00f3 emmagatzemada en les Cookies?<\/h2>\n<p>La informaci\u00f3 emmagatzemada en les Cookies de la nostra Web \u00e9s utilitzada exclusivament per nosaltres, a excepci\u00f3 d&#8217;aquelles identificades com a \u201cCookies de tercers\u201d, que poden ser utilitzades i gestionades per entitats externes per a proporcionar-nos serveis dirigits a millorar els nostres serveis i l&#8217;experi\u00e8ncia de l&#8217;usuari en navegar en la nostra Plataforma. M\u00e9s informaci\u00f3 en el panell de configuraci\u00f3 de Cookies accessible en tot moment en la nostra Web.<\/p>\n<h2>Durant quant temps mantindrem la informaci\u00f3?<\/h2>\n<p>Mantindrem la informaci\u00f3 mentre sigui necessari per a la prestaci\u00f3 del servei sol\u00b7licitat, fins que ens manifestis la teva oposici\u00f3 o fins que arrebossats el teu consentiment. En aquests casos, la informaci\u00f3 es mantindr\u00e0 degudament bloquejada sense que la puguem utilitzar mentre sigui necess\u00e0ria per a l&#8217;exercici o defensa de reclamacions legals o contractuals. Una vegada transcorregut aquest termini de temps, les teves dades seran eliminades definitivament.<\/p>\n<p>En els casos en qu\u00e8 obtenim dades autom\u00e0ticament a trav\u00e9s de cookies, tingues en compte que algunes poden estar instal\u00b7lades durant anys. No obstant aix\u00f2, pots limitar el seu \u00fas en el temps eliminant-les dels navegadors o dispositius.<\/p>\n<h2>Com pot desactivar les cookies?<\/h2>\n<p>En el panell de configuraci\u00f3 de Cookies accessible en tot moment en la nostra Plataforma podr\u00e0s obtenir tota la informaci\u00f3 sobre les Cookies utilitzades en aquesta Web, juntament amb la informaci\u00f3 sobre el prop\u00f2sit, durada i gesti\u00f3 (pr\u00f2pia o per tercers) de cadascuna d&#8217;elles, perqu\u00e8 puguis gestionar l&#8217;activaci\u00f3 i desactivaci\u00f3 de l&#8217;\u00fas d&#8217;aquelles Cookies que no s\u00f3n estrictament necess\u00e0ries per al funcionament de la Web.<\/p>\n<p>Alternativament, en cas que estiguis navegant per internet, pots deshabilitar en el teu navegador l&#8217;\u00fas de Cookies.<\/p>\n<p>T&#8217;indiquem la manera de realitzar-ho en els navegadors m\u00e9s populars:<\/p>\n<ul>\n<li><a href=\"https:\/\/support.google.com\/chrome\/answer\/95647?hl=es\" target=\"_blank\">Google Chrome<\/a><\/li>\n<li><a href=\"https:\/\/support.microsoft.com\/es-es\/microsoft-edge\/eliminar-las-cookies-en-microsoft-edge-63947406-40ac-c3b8-57b9-2a946a29ae09#:~:text=Abre%20Microsoft%20Edge%20y%20selecciona,sitio%20y%20luego%20Borrar%20ahora.\" target=\"_blank\">Edge<\/a><\/li>\n<li><a href=\"https:\/\/support.mozilla.org\/es\/kb\/habilitar-y-deshabilitar-cookies-sitios-web-rastrear-preferencias?redirectslug=habilitar-y-deshabilitar-cookies-que-los-sitios-we&amp;redirectlocale=es\" target=\"_blank\">Firefox<\/a><\/li>\n<li><a href=\"https:\/\/support.apple.com\/es-es\/guide\/safari\/sfri11471\/mac\" target=\"_blank\">Safari<\/a><\/li>\n<\/ul>\n<p>Si us plau, tingues en compte que tant la teva gesti\u00f3 del panell de configuraci\u00f3 de Cookies, com la teva opci\u00f3 de rebutjar les Cookies \u00e9s espec\u00edfica per a cada navegador que estiguis utilitzant. Per tant, si optes per configurar les Cookies d&#8217;una forma en un dispositiu i desitges que la teva opci\u00f3 s&#8217;apliqui de manera similar a un altre dispositiu, haur\u00e0s d&#8217;activar la mateixa opci\u00f3 per a aquest altre dispositiu.<\/p>\n<h2>Canvis en la Pol\u00edtica de Cookies<\/h2>\n<p>La present Pol\u00edtica de Cookies, es podr\u00e0 modificar quan aix\u00ed ho exigeixi la legislaci\u00f3 vigent a cada moment o quan hi hagu\u00e9s alguna variaci\u00f3 en la mena de cookies utilitzades en el lloc web. Per aix\u00f2, et recomanem revisar aquesta pol\u00edtica cada vegada que accedeixis al nostre lloc web amb l&#8217;objectiu d&#8217;estar adequadament informat sobre com i per a qu\u00e8 usem les cookies.<\/p>\n","protected":false},"excerpt":{"rendered":"<p>Responsable: DISSENY TEA3, S.L. Direcci\u00f3: Carrer Ignasi Barraquer 9. 08460-Santa Maria de Palautordera (Barcelona). Mail: tea3@telefonica.net En la present pol\u00edtica de cookies, trobar\u00e0 la descripci\u00f3 i finalitat de cadascuna de les cookies utilitzades, aix\u00ed com el seu nom, el servidor d&#8217;enviament, la seva caducitat i en alguns casos l&#8217;exist\u00e8ncia de transfer\u00e8ncia internacional de dades. La legitimaci\u00f3 per a l&#8217;\u00fas de [&hellip;]<\/p>\n","protected":false},"author":1,"featured_media":0,"parent":0,"menu_order":0,"comment_status":"closed","ping_status":"closed","template":"","meta":{"footnotes":""},"_links":{"self":[{"href":"https:\/\/www.tea3.es\/ca\/wp-json\/wp\/v2\/pages\/2772"}],"collection":[{"href":"https:\/\/www.tea3.es\/ca\/wp-json\/wp\/v2\/pages"}],"about":[{"href":"https:\/\/www.tea3.es\/ca\/wp-json\/wp\/v2\/types\/page"}],"author":[{"embeddable":true,"href":"https:\/\/www.tea3.es\/ca\/wp-json\/wp\/v2\/users\/1"}],"replies":[{"embeddable":true,"href":"https:\/\/www.tea3.es\/ca\/wp-json\/wp\/v2\/comments?post=2772"}],"version-history":[{"count":2,"href":"https:\/\/www.tea3.es\/ca\/wp-json\/wp\/v2\/pages\/2772\/revisions"}],"predecessor-version":[{"id":2781,"href":"https:\/\/www.tea3.es\/ca\/wp-json\/wp\/v2\/pages\/2772\/revisions\/2781"}],"wp:attachment":[{"href":"https:\/\/www.tea3.es\/ca\/wp-json\/wp\/v2\/media?parent=2772"}],"curies":[{"name":"wp","href":"https:\/\/api.w.org\/{rel}","templated":true}]}}