{"id":907,"date":"2014-04-28T10:55:51","date_gmt":"2014-04-28T10:55:51","guid":{"rendered":"http:\/\/www.tea3.es\/?page_id=907"},"modified":"2014-05-13T10:04:11","modified_gmt":"2014-05-13T10:04:11","slug":"907-2","status":"publish","type":"page","link":"https:\/\/www.tea3.es\/ca\/equipaments-esportius\/907-2\/","title":{"rendered":"Futbol"},"content":{"rendered":"<p>El futbol \u00e9s un esport d\u2019equip en el que participen dos equips d&#8217;onze jugadors cada un i quatre arbitres que s\u2019ocupen de que es compleixi el reglament. El futbol est\u00e0 considerat l\u2019esport m\u00e9s popular en tot el m\u00f3n. Es coneix que el futbol va ser creat a Anglaterra despr\u00e9s de la formaci\u00f3 de la Football Association, el reglament fet al 1863 encara segueix vigent.<br \/>\nDes de Tea3 aportem el nostre granet de sorra al m\u00f3n del futbol fabricant tota mena d\u2019accessoris i material esportiu per que el teu camp de futbol i les teves instal\u2022lacions estiguin a l&#8217;ultima. <\/p>\n<p>&nbsp;<\/p>\n<h2>Productes disponibles per futbol:<\/h2>\n<div class=\"one_third\"><a href=\"\/ca\/equipaments-esportius\/907-2\/914-2\/\"><img decoding=\"async\" loading=\"lazy\" class=\"aligncenter size-medium wp-image-274\" alt=\"Porter\u00edas de f\u00fatbol\" src=\"http:\/\/www.tea3.es\/wp-content\/uploads\/porteria-de-futbol-fija-pf703-300x225.jpg\" width=\"300\" height=\"225\" srcset=\"https:\/\/www.tea3.es\/wp-content\/uploads\/porteria-de-futbol-fija-pf703-300x225.jpg 300w, https:\/\/www.tea3.es\/wp-content\/uploads\/porteria-de-futbol-fija-pf703-94x70.jpg 94w, https:\/\/www.tea3.es\/wp-content\/uploads\/porteria-de-futbol-fija-pf703-600x450.jpg 600w, https:\/\/www.tea3.es\/wp-content\/uploads\/porteria-de-futbol-fija-pf703.jpg 800w\" sizes=\"(max-width: 300px) 100vw, 300px\" \/><\/a><\/p>\n<h3><a href=\"\/ca\/equipaments-esportius\/907-2\/914-2\/\">Porteries de futbol<\/a><\/h3>\n<\/div>\n<div class=\"one_third\"><a href=\"\/ca\/equipaments-esportius\/907-2\/banquetes\/\"><img decoding=\"async\" loading=\"lazy\" src=\"http:\/\/www.tea3.es\/wp-content\/uploads\/banquillos-bs3-300x225.jpg\" alt=\"banquillos-bs3\" width=\"300\" height=\"225\" class=\"aligncenter size-medium wp-image-373\" srcset=\"https:\/\/www.tea3.es\/wp-content\/uploads\/banquillos-bs3-300x225.jpg 300w, https:\/\/www.tea3.es\/wp-content\/uploads\/banquillos-bs3-94x70.jpg 94w, https:\/\/www.tea3.es\/wp-content\/uploads\/banquillos-bs3-600x450.jpg 600w, https:\/\/www.tea3.es\/wp-content\/uploads\/banquillos-bs3.jpg 800w\" sizes=\"(max-width: 300px) 100vw, 300px\" \/><\/a><\/p>\n<h3><a href=\"\/ca\/equipaments-esportius\/907-2\/banquetes\/\">Banquetes<\/a><\/h3>\n<\/div>\n<div class=\"one_third last\"><a href=\"\/ca\/equipaments-esportius\/907-2\/xarxes-de-futbol\/\"><img decoding=\"async\" loading=\"lazy\" src=\"http:\/\/www.tea3.es\/wp-content\/uploads\/redes-de-futbol-300x225.jpg\" alt=\"redes-de-futbol\" width=\"300\" height=\"225\" class=\"aligncenter size-medium wp-image-379\" srcset=\"https:\/\/www.tea3.es\/wp-content\/uploads\/redes-de-futbol-300x225.jpg 300w, https:\/\/www.tea3.es\/wp-content\/uploads\/redes-de-futbol-94x70.jpg 94w, https:\/\/www.tea3.es\/wp-content\/uploads\/redes-de-futbol.jpg 600w\" sizes=\"(max-width: 300px) 100vw, 300px\" \/><\/a><\/p>\n<h3><a href=\"\/ca\/equipaments-esportius\/907-2\/xarxes-de-futbol\/\">Xarxes de futbol<\/a><\/h3>\n<\/div><div class=\"clearboth\"><\/div>\n<p>&nbsp;<\/p>\n<div class=\"one_third\"><a href=\"\/ca\/equipaments-esportius\/907-2\/complements\/\"><img decoding=\"async\" loading=\"lazy\" src=\"http:\/\/www.tea3.es\/wp-content\/uploads\/complementos-cad1-300x225.jpg\" alt=\"complementos-cad1\" width=\"300\" height=\"225\" class=\"aligncenter size-medium wp-image-375\" srcset=\"https:\/\/www.tea3.es\/wp-content\/uploads\/complementos-cad1-300x225.jpg 300w, https:\/\/www.tea3.es\/wp-content\/uploads\/complementos-cad1-94x70.jpg 94w, https:\/\/www.tea3.es\/wp-content\/uploads\/complementos-cad1-600x450.jpg 600w, https:\/\/www.tea3.es\/wp-content\/uploads\/complementos-cad1.jpg 800w\" sizes=\"(max-width: 300px) 100vw, 300px\" \/><\/a><\/p>\n<h3><a href=\"\/ca\/equipaments-esportius\/907-2\/complements\/\">Complements<\/a><\/h3>\n<\/div>\n","protected":false},"excerpt":{"rendered":"<p>El futbol \u00e9s un esport d\u2019equip en el que participen dos equips d&#8217;onze jugadors cada un i quatre arbitres que s\u2019ocupen de que es compleixi el reglament. El futbol est\u00e0 considerat l\u2019esport m\u00e9s popular en tot el m\u00f3n. Es coneix que el futbol va ser creat a Anglaterra despr\u00e9s de la formaci\u00f3 de la Football Association, el reglament fet al [&hellip;]<\/p>\n","protected":false},"author":1,"featured_media":0,"parent":899,"menu_order":0,"comment_status":"open","ping_status":"open","template":"","meta":{"footnotes":""},"_links":{"self":[{"href":"https:\/\/www.tea3.es\/ca\/wp-json\/wp\/v2\/pages\/907"}],"collection":[{"href":"https:\/\/www.tea3.es\/ca\/wp-json\/wp\/v2\/pages"}],"about":[{"href":"https:\/\/www.tea3.es\/ca\/wp-json\/wp\/v2\/types\/page"}],"author":[{"embeddable":true,"href":"https:\/\/www.tea3.es\/ca\/wp-json\/wp\/v2\/users\/1"}],"replies":[{"embeddable":true,"href":"https:\/\/www.tea3.es\/ca\/wp-json\/wp\/v2\/comments?post=907"}],"version-history":[{"count":8,"href":"https:\/\/www.tea3.es\/ca\/wp-json\/wp\/v2\/pages\/907\/revisions"}],"predecessor-version":[{"id":1237,"href":"https:\/\/www.tea3.es\/ca\/wp-json\/wp\/v2\/pages\/907\/revisions\/1237"}],"up":[{"embeddable":true,"href":"https:\/\/www.tea3.es\/ca\/wp-json\/wp\/v2\/pages\/899"}],"wp:attachment":[{"href":"https:\/\/www.tea3.es\/ca\/wp-json\/wp\/v2\/media?parent=907"}],"curies":[{"name":"wp","href":"https:\/\/api.w.org\/{rel}","templated":true}]}}