{"id":914,"date":"2014-05-05T09:09:29","date_gmt":"2014-05-05T09:09:29","guid":{"rendered":"http:\/\/www.tea3.es\/?page_id=914"},"modified":"2014-05-13T10:07:17","modified_gmt":"2014-05-13T10:07:17","slug":"914-2","status":"publish","type":"page","link":"https:\/\/www.tea3.es\/ca\/equipaments-esportius\/907-2\/914-2\/","title":{"rendered":"Porteries de futbol"},"content":{"rendered":"<p>Les porteries de futbol o tamb\u00e9 conegudes com arcs, estan formades per dos postes  verticals denominats pals i un p\u00f2ster horitzontal superior anomenat travesser, aquests poden ser met\u00e0l\u2022lics o d\u2019alumini, tamb\u00e9 consta d\u2019una xarxa que ret\u00e9 la pilota un cop a traspassat la porteria.<br \/>\nQuan la pilota traspassa la porteria sota determinades circumst\u00e0ncies s\u2019anota gol i aquest puja al marcador. Els postes tamb\u00e9 formen part del joc, de manera que si la pilota toca algun d\u2019aquests, el joc segueix el seu curs.<br \/>\nLes dimensions reglamentaries d\u2019una porteria de futbol 11 Professional s\u00f3n de 7,32 metres d\u2019ampla per 2,44 d\u2019al\u00e7ada. N\u2019 obstant existeixen algunes variants de futbol  11, com per exemple el futbol  7 o el futbol sala, en aquestes variants les porteries de futbol tenen una mida diferent, adaptant-se a les necessitats o requisits de cada variant.<\/p>\n<p>&nbsp;<\/p>\n<h2>Porteries de futbol disponibles:<\/h2>\n<div class=\"one_third\"><a href=\"\/ca\/equipaments-esportius\/907-2\/914-2\/918-2\/\"><img decoding=\"async\" loading=\"lazy\" src=\"http:\/\/www.tea3.es\/wp-content\/uploads\/porteria-de-futbol-fija-pf7032-300x225.jpg\" alt=\"porteria-de-futbol-fija-pf703\" width=\"300\" height=\"225\" class=\"aligncenter size-medium wp-image-383\" srcset=\"https:\/\/www.tea3.es\/wp-content\/uploads\/porteria-de-futbol-fija-pf7032-300x225.jpg 300w, https:\/\/www.tea3.es\/wp-content\/uploads\/porteria-de-futbol-fija-pf7032-94x70.jpg 94w, https:\/\/www.tea3.es\/wp-content\/uploads\/porteria-de-futbol-fija-pf7032-600x450.jpg 600w, https:\/\/www.tea3.es\/wp-content\/uploads\/porteria-de-futbol-fija-pf7032.jpg 800w\" sizes=\"(max-width: 300px) 100vw, 300px\" \/><\/a><\/p>\n<h3><a href=\"\/ca\/equipaments-esportius\/907-2\/914-2\/918-2\/\">Porteries de futbol fixes<\/a><\/h3>\n<\/div>\n<div class=\"one_third\">\n<a href=\"\/ca\/equipaments-esportius\/907-2\/914-2\/porteries-de-futbol-mobils\/\"><img decoding=\"async\" loading=\"lazy\" src=\"http:\/\/www.tea3.es\/wp-content\/uploads\/porterias-de-futbol-moviles-pf021-300x225.jpg\" alt=\"porterias-de-futbol-moviles-pf021\" width=\"300\" height=\"225\" class=\"aligncenter size-medium wp-image-390\" srcset=\"https:\/\/www.tea3.es\/wp-content\/uploads\/porterias-de-futbol-moviles-pf021-300x225.jpg 300w, https:\/\/www.tea3.es\/wp-content\/uploads\/porterias-de-futbol-moviles-pf021-94x70.jpg 94w, https:\/\/www.tea3.es\/wp-content\/uploads\/porterias-de-futbol-moviles-pf021-600x450.jpg 600w, https:\/\/www.tea3.es\/wp-content\/uploads\/porterias-de-futbol-moviles-pf021.jpg 800w\" sizes=\"(max-width: 300px) 100vw, 300px\" \/><\/a><\/p>\n<h3><a href=\"\/ca\/equipaments-esportius\/907-2\/914-2\/porteries-de-futbol-mobils\/\">Porteries de futbol mobils<\/a><\/h3>\n<\/div>\n<div class=\"one_third last\"><a href=\"\/ca\/equipaments-esportius\/907-2\/914-2\/porteries-de-futbol-abatibles\/\"><img decoding=\"async\" loading=\"lazy\" src=\"http:\/\/www.tea3.es\/wp-content\/uploads\/porteria-de-futbol-abatible-pf7aba-300x225.jpg\" alt=\"porteria-de-futbol-abatible-pf7aba\" width=\"300\" height=\"225\" class=\"aligncenter size-medium wp-image-392\" srcset=\"https:\/\/www.tea3.es\/wp-content\/uploads\/porteria-de-futbol-abatible-pf7aba-300x225.jpg 300w, https:\/\/www.tea3.es\/wp-content\/uploads\/porteria-de-futbol-abatible-pf7aba-94x70.jpg 94w, https:\/\/www.tea3.es\/wp-content\/uploads\/porteria-de-futbol-abatible-pf7aba-600x450.jpg 600w, https:\/\/www.tea3.es\/wp-content\/uploads\/porteria-de-futbol-abatible-pf7aba.jpg 800w\" sizes=\"(max-width: 300px) 100vw, 300px\" \/><\/a><\/p>\n<h3><a href=\"\/ca\/equipaments-esportius\/907-2\/914-2\/porteries-de-futbol-abatibles\/\">Porteries de futbol abatibles<\/a><\/h3>\n<\/div><div class=\"clearboth\"><\/div>\n","protected":false},"excerpt":{"rendered":"<p>Les porteries de futbol o tamb\u00e9 conegudes com arcs, estan formades per dos postes verticals denominats pals i un p\u00f2ster horitzontal superior anomenat travesser, aquests poden ser met\u00e0l\u2022lics o d\u2019alumini, tamb\u00e9 consta d\u2019una xarxa que ret\u00e9 la pilota un cop a traspassat la porteria. Quan la pilota traspassa la porteria sota determinades circumst\u00e0ncies s\u2019anota gol i aquest puja al marcador. [&hellip;]<\/p>\n","protected":false},"author":1,"featured_media":0,"parent":907,"menu_order":0,"comment_status":"open","ping_status":"open","template":"","meta":{"footnotes":""},"_links":{"self":[{"href":"https:\/\/www.tea3.es\/ca\/wp-json\/wp\/v2\/pages\/914"}],"collection":[{"href":"https:\/\/www.tea3.es\/ca\/wp-json\/wp\/v2\/pages"}],"about":[{"href":"https:\/\/www.tea3.es\/ca\/wp-json\/wp\/v2\/types\/page"}],"author":[{"embeddable":true,"href":"https:\/\/www.tea3.es\/ca\/wp-json\/wp\/v2\/users\/1"}],"replies":[{"embeddable":true,"href":"https:\/\/www.tea3.es\/ca\/wp-json\/wp\/v2\/comments?post=914"}],"version-history":[{"count":6,"href":"https:\/\/www.tea3.es\/ca\/wp-json\/wp\/v2\/pages\/914\/revisions"}],"predecessor-version":[{"id":1243,"href":"https:\/\/www.tea3.es\/ca\/wp-json\/wp\/v2\/pages\/914\/revisions\/1243"}],"up":[{"embeddable":true,"href":"https:\/\/www.tea3.es\/ca\/wp-json\/wp\/v2\/pages\/907"}],"wp:attachment":[{"href":"https:\/\/www.tea3.es\/ca\/wp-json\/wp\/v2\/media?parent=914"}],"curies":[{"name":"wp","href":"https:\/\/api.w.org\/{rel}","templated":true}]}}