{"id":918,"date":"2014-05-05T09:14:17","date_gmt":"2014-05-05T09:14:17","guid":{"rendered":"http:\/\/www.tea3.es\/?page_id=918"},"modified":"2014-06-03T07:45:13","modified_gmt":"2014-06-03T07:45:13","slug":"918-2","status":"publish","type":"page","link":"https:\/\/www.tea3.es\/ca\/equipaments-esportius\/907-2\/914-2\/918-2\/","title":{"rendered":"Porteries de futbol fixes"},"content":{"rendered":"<p>Disposem de varis models de porteries reglament\u00e0ries tant per futbol 11, com per futbol 7. Tots els models inclosos en aquesta categoria de porteries de futbol fixes, estan fabricades amb alumini o metall. Les nostres porteries de futbol fixes compleixen totes les normatives exigides.<\/p>\n<h2>Aquest s\u00f3n el modes disponibles:<\/h2>\n<table class=\"sf-table striped_bordered\"><tbody>\n<tr>\n<th>\n<p style=\"text-align: center;\">Refer\u00e8ncia i fotografia<\/p>\n<\/th>\n<th>\n<p style=\"text-align: center;\">Descripci\u00f3<\/p>\n<\/th>\n<th>\n<p style=\"text-align: center;\">Normativa<\/p>\n<\/th>\n<\/tr>\n<tr>\n<td>\n<h3 style=\"text-align: center;\">PF02<\/h3>\n<p><img decoding=\"async\" loading=\"lazy\" class=\"aligncenter size-thumbnail wp-image-299\" alt=\"porteria-de-futbol-fija-pf02\" src=\"http:\/\/www.tea3.es\/wp-content\/uploads\/porteria-de-futbol-fija-pf02-150x150.jpg\" width=\"150\" height=\"150\" srcset=\"https:\/\/www.tea3.es\/wp-content\/uploads\/porteria-de-futbol-fija-pf02-150x150.jpg 150w, https:\/\/www.tea3.es\/wp-content\/uploads\/porteria-de-futbol-fija-pf02-250x250.jpg 250w\" sizes=\"(max-width: 150px) 100vw, 150px\" \/><br \/>\n<\/td>\n<td>Porteria futboll-11 reglamentaria fixa. Tub met\u00e0l\u2022lic rodo de 100mm. Caix\u00f3 abatible a la part inferior. Ganxos de pl\u00e0stic antilesi\u00f3 . Tiradors galvanitzats a la part posterior. Pintant en epoxi. No inclouen les xarxes. <\/td>\n<td>Compleixen la normativa UNE-EN 748:2004<\/td>\n<\/tr>\n<tr>\n<td>\n<h3 style=\"text-align: center;\">PF03<\/h3>\n<p><a href=\"http:\/\/www.tea3.es\/wp-content\/uploads\/Porteria-futbol-fixa-alumini-amb-calaix.jpg\"><img decoding=\"async\" loading=\"lazy\" class=\"wp-image-1503 aligncenter\" alt=\"Porteria futbol fixa alumini amb calaix\" src=\"http:\/\/www.tea3.es\/wp-content\/uploads\/Porteria-futbol-fixa-alumini-amb-calaix.jpg\" width=\"150\" height=\"150\" srcset=\"https:\/\/www.tea3.es\/wp-content\/uploads\/Porteria-futbol-fixa-alumini-amb-calaix-150x150.jpg 150w, https:\/\/www.tea3.es\/wp-content\/uploads\/Porteria-futbol-fixa-alumini-amb-calaix-250x250.jpg 250w\" sizes=\"(max-width: 150px) 100vw, 150px\" \/><\/a><br \/>\n<\/td>\n<td>Porteria de futbol-11 reglamentaria fixa. Tub d\u2019alumini ovalat de 120x100mm. Caix\u00f3 abatible a la part inferior. Ganxos de pl\u00e0stic antilesi\u00f3. Tiradors galvanitzats a la part posterior. No inclouen xarxes.<\/td>\n<td>Compleixen la normativa UNE-EN 748:2004<\/td>\n<\/tr>\n<tr>\n<td>\n<h3 style=\"text-align: center;\">PF702<\/h3>\n<p><a href=\"http:\/\/www.tea3.es\/wp-content\/uploads\/PF702.jpg\"><img decoding=\"async\" loading=\"lazy\" class=\"wp-image-1504 aligncenter\" alt=\"PF702\" src=\"http:\/\/www.tea3.es\/wp-content\/uploads\/PF702.jpg\" width=\"150\" height=\"150\" srcset=\"https:\/\/www.tea3.es\/wp-content\/uploads\/PF702-150x150.jpg 150w, https:\/\/www.tea3.es\/wp-content\/uploads\/PF702-250x250.jpg 250w\" sizes=\"(max-width: 150px) 100vw, 150px\" \/><\/a><\/p>\n<\/td>\n<td>Porteria de futbol-7 reglamentaria fixa. Tub met\u00e0l\u2022lics rodo de 90mm. Caix\u00f3 abatible a la part inferior, ganxos de pl\u00e0stic antilesi\u00f3,tiradors galvanitzats a la part posterior. Pintats amb epoxi. No inclouen xarxes.<\/td>\n<td>Compleixen la normativa UNE-EN 748:2004<\/td>\n<\/tr>\n<tr>\n<td>\n<h3 style=\"text-align: center;\">PF703<\/h3>\n<p><img decoding=\"async\" loading=\"lazy\" class=\"aligncenter size-thumbnail wp-image-307\" alt=\"porteria-de-futbol-fija-pf703\" src=\"http:\/\/www.tea3.es\/wp-content\/uploads\/porteria-de-futbol-fija-pf7031-150x150.jpg\" width=\"150\" height=\"150\" srcset=\"https:\/\/www.tea3.es\/wp-content\/uploads\/porteria-de-futbol-fija-pf7031-150x150.jpg 150w, https:\/\/www.tea3.es\/wp-content\/uploads\/porteria-de-futbol-fija-pf7031-250x250.jpg 250w\" sizes=\"(max-width: 150px) 100vw, 150px\" \/><\/td>\n<td>Porteria de futbol-7 reglamentaria fixa. Tub d\u2019alumini rodo de 90mm. Caix\u00f3 abatible a la part inferior. Ganxo de pl\u00e0stic antilesi\u00f3. tiradors galvanitzats a la part posterior. No inclouen xarxes.<\/td>\n<td>Compleixen la normativa UNE-EN 748:2004<\/td>\n<\/tr>\n<tr>\n<td>\n<h3 style=\"text-align: center;\">PF721<\/h3>\n<p><a href=\"http:\/\/www.tea3.es\/wp-content\/uploads\/PF721.jpg\"><img decoding=\"async\" loading=\"lazy\" class=\"wp-image-1505 aligncenter\" alt=\"PF721\" src=\"http:\/\/www.tea3.es\/wp-content\/uploads\/PF721.jpg\" width=\"150\" height=\"150\" srcset=\"https:\/\/www.tea3.es\/wp-content\/uploads\/PF721-150x150.jpg 150w, https:\/\/www.tea3.es\/wp-content\/uploads\/PF721-250x250.jpg 250w\" sizes=\"(max-width: 150px) 100vw, 150px\" \/><\/a><\/p>\n<\/td>\n<td>Porteria de futbol-7 reglamentaria fixa. Tub met\u00e0l\u2022lic rodons de 70mm, Caix\u00f3 abatible a la part inferior, inclou ganxos de pl\u00e0stic antilesi\u00f3 i tiradors galvanitzats a la part posterior. Est\u00e0 pintada amb epoxi. No inclou xarxes.<\/td>\n<td>Compleixen la normativa UNE-EN 748:2004<\/td>\n<\/tr>\n<\/tbody><\/table>\n","protected":false},"excerpt":{"rendered":"<p>Disposem de varis models de porteries reglament\u00e0ries tant per futbol 11, com per futbol 7. Tots els models inclosos en aquesta categoria de porteries de futbol fixes, estan fabricades amb alumini o metall. Les nostres porteries de futbol fixes compleixen totes les normatives exigides. Aquest s\u00f3n el modes disponibles:<\/p>\n","protected":false},"author":1,"featured_media":0,"parent":914,"menu_order":0,"comment_status":"open","ping_status":"open","template":"","meta":{"footnotes":""},"_links":{"self":[{"href":"https:\/\/www.tea3.es\/ca\/wp-json\/wp\/v2\/pages\/918"}],"collection":[{"href":"https:\/\/www.tea3.es\/ca\/wp-json\/wp\/v2\/pages"}],"about":[{"href":"https:\/\/www.tea3.es\/ca\/wp-json\/wp\/v2\/types\/page"}],"author":[{"embeddable":true,"href":"https:\/\/www.tea3.es\/ca\/wp-json\/wp\/v2\/users\/1"}],"replies":[{"embeddable":true,"href":"https:\/\/www.tea3.es\/ca\/wp-json\/wp\/v2\/comments?post=918"}],"version-history":[{"count":7,"href":"https:\/\/www.tea3.es\/ca\/wp-json\/wp\/v2\/pages\/918\/revisions"}],"predecessor-version":[{"id":1506,"href":"https:\/\/www.tea3.es\/ca\/wp-json\/wp\/v2\/pages\/918\/revisions\/1506"}],"up":[{"embeddable":true,"href":"https:\/\/www.tea3.es\/ca\/wp-json\/wp\/v2\/pages\/914"}],"wp:attachment":[{"href":"https:\/\/www.tea3.es\/ca\/wp-json\/wp\/v2\/media?parent=918"}],"curies":[{"name":"wp","href":"https:\/\/api.w.org\/{rel}","templated":true}]}}