{"id":922,"date":"2014-05-05T09:37:39","date_gmt":"2014-05-05T09:37:39","guid":{"rendered":"http:\/\/www.tea3.es\/?page_id=922"},"modified":"2015-10-20T08:08:54","modified_gmt":"2015-10-20T08:08:54","slug":"porteries-de-futbol-mobils","status":"publish","type":"page","link":"https:\/\/www.tea3.es\/ca\/equipaments-esportius\/907-2\/914-2\/porteries-de-futbol-mobils\/","title":{"rendered":"Porteries de futbol m\u00f2bils"},"content":{"rendered":"<p>Comptem amb diferents models de porteries de futbol m\u00f2bils reglament\u00e0ries. Podem dividir aquest grup en porteries de futbol m\u00f2bils de futbol-11 i futbol-7. Totes les porteries estan fabricades amb metall o alumini, s\u00f3n molt f\u00e0cils de transportar i compleixen totes les normatives exigides.<\/p>\n<h2>Disposem dels seg\u00fcents models:<\/h2>\n<table class=\"sf-table striped_bordered\"><tbody>\n<tr>\n<th>\n<p style=\"text-align: center;\">Refer\u00e8ncia i fotografia<\/p>\n<\/th>\n<th>\n<p style=\"text-align: center;\">Descripci\u00f3<\/p>\n<\/th>\n<th>\n<p style=\"text-align: center;\">Normativa<\/p>\n<\/th>\n<\/tr>\n<tr>\n<td>\n<h3 style=\"text-align: center;\">PF430<\/h3>\n<p><img decoding=\"async\" loading=\"lazy\" class=\"aligncenter size-thumbnail wp-image-400\" alt=\"porterias-de-futbol-moviles-pf430\" src=\"http:\/\/www.tea3.es\/wp-content\/uploads\/porterias-de-futbol-moviles-pf4301-150x150.jpg\" width=\"150\" height=\"150\" srcset=\"https:\/\/www.tea3.es\/wp-content\/uploads\/porterias-de-futbol-moviles-pf4301-150x150.jpg 150w, https:\/\/www.tea3.es\/wp-content\/uploads\/porterias-de-futbol-moviles-pf4301-250x250.jpg 250w\" sizes=\"(max-width: 150px) 100vw, 150px\" \/><br \/>\n<\/td>\n<td>Porteries de Futbol-7 reglament\u00e0ries traslladables i econ\u00f2miques. Tub d\u2019alumini rodo de 90mm. Arquetes zincades i base met\u00e0l\u2022lica. Ganxos antilesi\u00f3. No inclouen xarxes.<br \/>\n<\/td>\n<td>Compleixen la normativa UNE-EN 748:2004.<\/td>\n<\/tr>\n<tr>\n<td>\n<h3 style=\"text-align: center;\">PF431<\/h3>\n<p><img decoding=\"async\" loading=\"lazy\" class=\"aligncenter size-thumbnail wp-image-403\" alt=\"porterias-de-futbol-moviles-pf431\" src=\"http:\/\/www.tea3.es\/wp-content\/uploads\/porterias-de-futbol-moviles-pf431-150x150.jpg\" width=\"150\" height=\"150\" srcset=\"https:\/\/www.tea3.es\/wp-content\/uploads\/porterias-de-futbol-moviles-pf431-150x150.jpg 150w, https:\/\/www.tea3.es\/wp-content\/uploads\/porterias-de-futbol-moviles-pf431-250x250.jpg 250w\" sizes=\"(max-width: 150px) 100vw, 150px\" \/><br \/>\n<\/td>\n<td>Porteries de futbol-7 reglament\u00e0ries traslladables. Tub de alumini rodo de 90mm. Lacada en color Blanc. Arquetes zincades. Caix\u00f3 en tub d\u2019alumini. Ganxos de pl\u00e0stic antilesi\u00f3. No inclou xarxes. <\/td>\n<td>Compleixen la normativa UNE-EN 748:2004.<\/td>\n<\/tr>\n<tr>\n<td>\n<h3 style=\"text-align: center;\">PFUS31<\/h3>\n<p><img decoding=\"async\" loading=\"lazy\" class=\"aligncenter size-thumbnail wp-image-406\" alt=\"pfu531-porteria-de-futbol-movil\" src=\"http:\/\/www.tea3.es\/wp-content\/uploads\/pfu531-porteria-de-futbol-movil-150x150.jpg\" width=\"150\" height=\"150\" srcset=\"https:\/\/www.tea3.es\/wp-content\/uploads\/pfu531-porteria-de-futbol-movil-150x150.jpg 150w, https:\/\/www.tea3.es\/wp-content\/uploads\/pfu531-porteria-de-futbol-movil-250x250.jpg 250w\" sizes=\"(max-width: 150px) 100vw, 150px\" \/><\/td>\n<td>Porteria de Futbol-11 reglament\u00e0ria traslladable. Tub d\u2019alumini ovalat de 120x100mm. Lacat blanc. Orelles a la part superior i riosta de refor\u00e7 met\u00e0l\u2022lica galvanitzada. Caixo tamb\u00e9 en tub d\u2019alumini. Ganxos de pl\u00e0stic antilesi\u00f3. No inclou xarxa.<\/td>\n<td>Compleixen la normativa UNE-EN 748:2004.<\/td>\n<\/tr>\n<tr>\n<td>\n<h3 style=\"text-align: center;\">PF021<\/h3>\n<p><img decoding=\"async\" loading=\"lazy\" class=\"aligncenter size-thumbnail wp-image-410\" alt=\"porterias-de-futbol-moviles-pf021\" src=\"http:\/\/www.tea3.es\/wp-content\/uploads\/porterias-de-futbol-moviles-pf0211-150x150.jpg\" width=\"150\" height=\"150\" srcset=\"https:\/\/www.tea3.es\/wp-content\/uploads\/porterias-de-futbol-moviles-pf0211-150x150.jpg 150w, https:\/\/www.tea3.es\/wp-content\/uploads\/porterias-de-futbol-moviles-pf0211-250x250.jpg 250w\" sizes=\"(max-width: 150px) 100vw, 150px\" \/><\/td>\n<td>La porteria de futbol-11 reglamentaria es f\u00e0cilment traslladable. Est\u00e0 fabricada amb tubs met\u00e0l\u2022lics rodons de 100mm. Consta d\u2019orelles a la part superior i ganxos de pl\u00e0stic antilesi\u00f3. Est\u00e0 pintada amb epoxi.<\/td>\n<td>Compleixen la normativa UNE-EN 748:2004.<\/td>\n<\/tr>\n<\/tbody><\/table>\n","protected":false},"excerpt":{"rendered":"<p>Comptem amb diferents models de porteries de futbol m\u00f2bils reglament\u00e0ries. Podem dividir aquest grup en porteries de futbol m\u00f2bils de futbol-11 i futbol-7. Totes les porteries estan fabricades amb metall o alumini, s\u00f3n molt f\u00e0cils de transportar i compleixen totes les normatives exigides. Disposem dels seg\u00fcents models:<\/p>\n","protected":false},"author":1,"featured_media":0,"parent":914,"menu_order":0,"comment_status":"open","ping_status":"open","template":"","meta":{"footnotes":""},"_links":{"self":[{"href":"https:\/\/www.tea3.es\/ca\/wp-json\/wp\/v2\/pages\/922"}],"collection":[{"href":"https:\/\/www.tea3.es\/ca\/wp-json\/wp\/v2\/pages"}],"about":[{"href":"https:\/\/www.tea3.es\/ca\/wp-json\/wp\/v2\/types\/page"}],"author":[{"embeddable":true,"href":"https:\/\/www.tea3.es\/ca\/wp-json\/wp\/v2\/users\/1"}],"replies":[{"embeddable":true,"href":"https:\/\/www.tea3.es\/ca\/wp-json\/wp\/v2\/comments?post=922"}],"version-history":[{"count":6,"href":"https:\/\/www.tea3.es\/ca\/wp-json\/wp\/v2\/pages\/922\/revisions"}],"predecessor-version":[{"id":2267,"href":"https:\/\/www.tea3.es\/ca\/wp-json\/wp\/v2\/pages\/922\/revisions\/2267"}],"up":[{"embeddable":true,"href":"https:\/\/www.tea3.es\/ca\/wp-json\/wp\/v2\/pages\/914"}],"wp:attachment":[{"href":"https:\/\/www.tea3.es\/ca\/wp-json\/wp\/v2\/media?parent=922"}],"curies":[{"name":"wp","href":"https:\/\/api.w.org\/{rel}","templated":true}]}}