{"id":925,"date":"2014-05-05T10:15:20","date_gmt":"2014-05-05T10:15:20","guid":{"rendered":"http:\/\/www.tea3.es\/?page_id=925"},"modified":"2014-05-26T08:15:34","modified_gmt":"2014-05-26T08:15:34","slug":"porteries-de-futbol-abatibles","status":"publish","type":"page","link":"https:\/\/www.tea3.es\/ca\/equipaments-esportius\/907-2\/914-2\/porteries-de-futbol-abatibles\/","title":{"rendered":"Porteries de futbol abatibles"},"content":{"rendered":"<p>Les porteries de futbol abatible s\u00f3n f\u00e0cils d\u2019instal\u2022lar, molt c\u00f2modes i senzilles d\u2019utilitzar. S\u00f3n ideals per a camps en els que no nom\u00e9s es practica futbol ja que poden apartar-se molt f\u00e0cilment del terreny de joc. Estan fabricades amb metall o alumini. Les Nostres porteries de futbol abatibles s\u00f3n robustes i resistents i compleixen amb totes les normatives necess\u00e0ries.<\/p>\n<h2>Comptem amb un model disponible:<\/h2>\n<table class=\"sf-table striped_bordered\"><tbody>\n<tr>\n<th>\n<p style=\"text-align: center;\">Refer\u00e8ncia i fotografia<\/p>\n<\/th>\n<th>\n<p style=\"text-align: center;\">Descripci\u00f3<\/p>\n<\/th>\n<th>\n<p style=\"text-align: center;\">Normativa<\/p>\n<\/th>\n<\/tr>\n<tr>\n<td>\n<h3 style=\"text-align: center;\">PF7ABA<\/h3>\n<p><img decoding=\"async\" loading=\"lazy\" class=\"aligncenter size-thumbnail wp-image-400\" alt=\"porterias-de-futbol-moviles-pf430\" src=\"http:\/\/www.tea3.es\/wp-content\/uploads\/porterias-de-futbol-moviles-pf4301-150x150.jpg\" width=\"150\" height=\"150\" srcset=\"https:\/\/www.tea3.es\/wp-content\/uploads\/porterias-de-futbol-moviles-pf4301-150x150.jpg 150w, https:\/\/www.tea3.es\/wp-content\/uploads\/porterias-de-futbol-moviles-pf4301-250x250.jpg 250w\" sizes=\"(max-width: 150px) 100vw, 150px\" \/><br \/>\n<\/td>\n<td>Porteria de futbol-7 en alumini i abatible. Tub rodo de 90mm. Porteries fixades per la seva part posterior. Sistema telesc\u00f2pic de 1,5mts a 2,8mts. Plegat paral\u2022lel al terreny de joc amb sistema de seguretat. Arquetes zincades i ganxos de pl\u00e0stic antilesi\u00f2. No inclouen xarxes.<br \/>\n<\/td>\n<td>Compleixen la normativa UNE-EN 748:2004.<\/td>\n<\/tr>\n<\/tbody><\/table>\n","protected":false},"excerpt":{"rendered":"<p>Les porteries de futbol abatible s\u00f3n f\u00e0cils d\u2019instal\u2022lar, molt c\u00f2modes i senzilles d\u2019utilitzar. S\u00f3n ideals per a camps en els que no nom\u00e9s es practica futbol ja que poden apartar-se molt f\u00e0cilment del terreny de joc. Estan fabricades amb metall o alumini. Les Nostres porteries de futbol abatibles s\u00f3n robustes i resistents i compleixen amb totes les normatives necess\u00e0ries. Comptem [&hellip;]<\/p>\n","protected":false},"author":1,"featured_media":0,"parent":914,"menu_order":0,"comment_status":"open","ping_status":"open","template":"","meta":{"footnotes":""},"_links":{"self":[{"href":"https:\/\/www.tea3.es\/ca\/wp-json\/wp\/v2\/pages\/925"}],"collection":[{"href":"https:\/\/www.tea3.es\/ca\/wp-json\/wp\/v2\/pages"}],"about":[{"href":"https:\/\/www.tea3.es\/ca\/wp-json\/wp\/v2\/types\/page"}],"author":[{"embeddable":true,"href":"https:\/\/www.tea3.es\/ca\/wp-json\/wp\/v2\/users\/1"}],"replies":[{"embeddable":true,"href":"https:\/\/www.tea3.es\/ca\/wp-json\/wp\/v2\/comments?post=925"}],"version-history":[{"count":3,"href":"https:\/\/www.tea3.es\/ca\/wp-json\/wp\/v2\/pages\/925\/revisions"}],"predecessor-version":[{"id":1416,"href":"https:\/\/www.tea3.es\/ca\/wp-json\/wp\/v2\/pages\/925\/revisions\/1416"}],"up":[{"embeddable":true,"href":"https:\/\/www.tea3.es\/ca\/wp-json\/wp\/v2\/pages\/914"}],"wp:attachment":[{"href":"https:\/\/www.tea3.es\/ca\/wp-json\/wp\/v2\/media?parent=925"}],"curies":[{"name":"wp","href":"https:\/\/api.w.org\/{rel}","templated":true}]}}