{"id":927,"date":"2014-05-05T10:31:06","date_gmt":"2014-05-05T10:31:06","guid":{"rendered":"http:\/\/www.tea3.es\/?page_id=927"},"modified":"2015-06-15T08:34:09","modified_gmt":"2015-06-15T08:34:09","slug":"banquetes","status":"publish","type":"page","link":"https:\/\/www.tea3.es\/ca\/equipaments-esportius\/907-2\/banquetes\/","title":{"rendered":"Banquetes"},"content":{"rendered":"<p>Les banquetes s\u00f3n elements fonamentals en el terreny de joc. Estan situades a l&#8217;\u00e0rea t\u00e8cnica, que \u00e9s l\u2019espai determinat per a l\u2019entrenador, els jugadors suplents, t\u00e8cnics i ajudants de l\u2019entrenador. Gr\u00e0cies a les banquetes, els jugadors i l\u2019entrenador poden romandre a prop del terreny de joc, c\u00f2modes i a cobert de la pluja.<br \/>\nDisposem d\u2019una \u00e0mplia gamma de banquetes, des de banquetes senzilles a banquetes professionals de gran qualitat. Estan fabricades en alumini amb policarbonat i disposen tamb\u00e9 d\u2019una coberta antivand\u00e0lica.<\/p>\n<h2>Tenim diferents models de banquetes disponibles:<\/h2>\n<table class=\"sf-table striped_bordered\"><tbody>\n<tr>\n<th>\n<p style=\"text-align: center;\">Refer\u00e8ncia i fotografia<\/p>\n<\/th>\n<th>\n<p style=\"text-align: center;\">Descripci\u00f3<\/p>\n<\/th>\n<\/tr>\n<tr>\n<td>\n<h3 style=\"text-align: center;\">BS4<\/h3>\n<p><img decoding=\"async\" loading=\"lazy\" class=\"aligncenter size-thumbnail wp-image-420\" alt=\"banquillos-bs3\" src=\"http:\/\/www.tea3.es\/wp-content\/uploads\/banquillos-bs31-150x150.jpg\" width=\"150\" height=\"150\" srcset=\"https:\/\/www.tea3.es\/wp-content\/uploads\/banquillos-bs31-150x150.jpg 150w, https:\/\/www.tea3.es\/wp-content\/uploads\/banquillos-bs31-250x250.jpg 250w\" sizes=\"(max-width: 150px) 100vw, 150px\" \/><br \/>\n<\/td>\n<td><strong>Banqueta de jugadors reserva de 4mts de llarg<\/strong>, model semicircular. Fabricada amb estructura met\u00e0l\u2022lica zincada, plaques de policarbonat transparent i juntes de perfil de subjecci\u00f3 en alumini. Laterals i part posteriors fins a 800mm d\u2019al\u00e7ada, amb xapa met\u00e0l\u2022lica galvanitzada. Disposa de seients individuals amb o sense \u00a0suport amb carcassa de pl\u00e0stic ancorat directament a l\u2019estructura met\u00e0l\u2022lica. Disposa de plataforma per recolzar als peus d\u2019alumini antilliscant. Aquesta banqueta \u00e9s apte per 8 jugadors.<br \/>\n<\/td>\n<\/tr>\n<tr>\n<td>\n<h3 style=\"text-align: center;\">BS5<\/h3>\n<p><img decoding=\"async\" loading=\"lazy\" class=\"aligncenter size-thumbnail wp-image-425\" alt=\"banquillos-bs6\" src=\"http:\/\/www.tea3.es\/wp-content\/uploads\/banquillos-bs6-150x150.jpg\" width=\"150\" height=\"150\" srcset=\"https:\/\/www.tea3.es\/wp-content\/uploads\/banquillos-bs6-150x150.jpg 150w, https:\/\/www.tea3.es\/wp-content\/uploads\/banquillos-bs6-250x250.jpg 250w\" sizes=\"(max-width: 150px) 100vw, 150px\" \/><br \/>\n<\/td>\n<td><strong>Banqueta de jugadors reserva de 5 metres de llarg<\/strong>. Aquest model \u00e9s semicircular, est\u00e0 fabricat amb estructura met\u00e0l\u2022lica zincada, amb plaques de policarbonat transparent i amb juntes de perfil de subjecci\u00f3 en alumini. Laterals i part posterior fins a una al\u00e7ada de 800mm amb xapa met\u00e0l\u2022lica galvanitzada. Disposa de seients individuals amb o sense \u00a0suport i carcassa de pl\u00e0stic ancorat directament a l\u2019estructura met\u00e0l\u2022lica. Disposa de plataforma per recolzar als peus d&#8217;alumini antilliscant. Aquesta banqueta es apte per 10 jugadors.<br \/>\n<\/td>\n<\/tr>\n<tr>\n<td>\n<h3 style=\"text-align: center;\">BS6<\/h3>\n<p style=\"text-align: center;\"><img decoding=\"async\" loading=\"lazy\" style=\"line-height: 1.5em;\" alt=\"banquillos-bs6\" src=\"http:\/\/www.tea3.es\/wp-content\/uploads\/banquillos-bs6-150x150.jpg\" width=\"150\" height=\"150\" \/><\/p>\n<\/td>\n<td><strong>Banqueta de jugadors reserva de 6 metres de llarg<\/strong>. Aquest model \u00e9s semicircular, est\u00e0 fabricat amb estructura met\u00e0l\u2022lica zincada, amb plaques de policarbonat transparent i amb juntes de perfil de subjecci\u00f3 en alumini. Laterals i part posterior fins a una al\u00e7ada de 800mm amb xapa met\u00e0l\u2022lica galvanitzada. Disposa de seients individuals amb o sense suport i carcassa de pl\u00e0stic ancorat directament a l\u2019estructura met\u00e0l\u2022lica. Disposa de plataforma per recolzar als peus d&#8217;alumini antilliscant. Aquesta banqueta es apte per 12 jugadors.<\/p>\n<\/td>\n<\/tr>\n<tr>\n<td>\n<h3 style=\"text-align: center;\">BS15<\/h3>\n<p style=\"text-align: center;\"><a href=\"http:\/\/www.tea3.es\/wp-content\/uploads\/BS15-banquillo.jpg\"><img decoding=\"async\" loading=\"lazy\" class=\"aligncenter  wp-image-2091\" alt=\"BS15 banquillo\" src=\"http:\/\/www.tea3.es\/wp-content\/uploads\/BS15-banquillo.jpg\" width=\"150\" height=\"150\" srcset=\"https:\/\/www.tea3.es\/wp-content\/uploads\/BS15-banquillo-150x150.jpg 150w, https:\/\/www.tea3.es\/wp-content\/uploads\/BS15-banquillo-250x250.jpg 250w\" sizes=\"(max-width: 150px) 100vw, 150px\" \/><\/a><\/p>\n<\/td>\n<td><strong>Aquest model de banqueta est\u00e0 dissenyada per el quart \u00e0rbitre<\/strong>. De 1.5 metres de llarg. Aquest model \u00e9s semicircular , fabricat en estructura met\u00e0l\u2022lica galvanitzada, amb plaques de policarbonat transparent i juntes amb perfil de subjecci\u00f3 d\u2019alumini. Laterals i part posterior fins a una al\u00e7ada de 800mm amb xapa met\u00e0l\u2022lica galvanitzada. Disposa de seients individuals amb o sense suport i carcassa de pl\u00e0stic ancorat directament a l\u2019estructura met\u00e0l\u2022lica. Disposa de plataforma per recolzar als peus d\u2019alumini antilliscant. La Banqueta BS15 consta d\u2019un o dos seients i una tauleta abatible per poder prendre a apunts amb comoditat.<br \/>\n<\/td>\n<\/tr>\n<tr>\n<td>\n<h3 style=\"text-align: center;\"><span style=\"font-size: 1.17em; line-height: 1.5em;\">BSA4<\/span><\/h3>\n<p><img decoding=\"async\" loading=\"lazy\" class=\"aligncenter size-thumbnail wp-image-429\" alt=\"banquillos-bsa4 - copia\" src=\"http:\/\/www.tea3.es\/wp-content\/uploads\/banquillos-bsa4-copia-150x150.jpg\" width=\"150\" height=\"150\" srcset=\"https:\/\/www.tea3.es\/wp-content\/uploads\/banquillos-bsa4-copia-150x150.jpg 150w, https:\/\/www.tea3.es\/wp-content\/uploads\/banquillos-bsa4-copia-250x250.jpg 250w\" sizes=\"(max-width: 150px) 100vw, 150px\" \/><br \/>\n<\/td>\n<td><strong>Banqueta per a jugadors reserva de 4 metres de llarg<\/strong>, aquest model \u00e9s semicircular, fabricat amb estructura met\u00e0l\u2022lica zincada, planxes met\u00e0l\u2022liques galvanitzades i juntes amb perfil de subjecci\u00f3 d\u2019alumini. Consta amb seients individuals amb o sense suport i carcassa de pl\u00e0stic ancorat directament a l\u2019estructura met\u00e0l\u2022lica. Disposa d\u2019una plataforma per recolzar els peus d\u2019alumini antilliscant. Aquesta banqueta t\u00e9 capacitat per 8 jugadors.<br \/>\n<\/td>\n<\/tr>\n<tr>\n<td>\n<h3 style=\"text-align: center;\">BSA5<\/h3>\n<p><img decoding=\"async\" loading=\"lazy\" class=\"aligncenter size-thumbnail wp-image-430\" alt=\"banquillos-bsa5\" src=\"http:\/\/www.tea3.es\/wp-content\/uploads\/banquillos-bsa5-150x150.jpg\" width=\"150\" height=\"150\" srcset=\"https:\/\/www.tea3.es\/wp-content\/uploads\/banquillos-bsa5-150x150.jpg 150w, https:\/\/www.tea3.es\/wp-content\/uploads\/banquillos-bsa5-250x250.jpg 250w\" sizes=\"(max-width: 150px) 100vw, 150px\" \/><br \/>\n<\/td>\n<td><strong>Banqueta per a jugadors reserva de 5 metres de llarg<\/strong>, aquest model \u00e9s semicircular, fabricat amb estructura met\u00e0l\u2022lica zincada, planxes met\u00e0l\u2022liques galvanitzades i juntes amb perfil de subjecci\u00f3 d\u2019alumini. Consta amb seients individuals amb o sense suport i carcassa de pl\u00e0stic ancorat directament a l\u2019estructura met\u00e0l\u2022lica. Disposa d\u2019una plataforma per recolzar els peus d\u2019alumini antilliscant. Aquesta banqueta t\u00e9 capacitat per 10 jugadors.<br \/>\n<\/td>\n<\/tr>\n<tr>\n<td>\n<h3 style=\"text-align: center;\">BSUS4<\/h3>\n<p style=\"text-align: left;\"><a href=\"http:\/\/www.tea3.es\/wp-content\/uploads\/Banquillo1.jpg\"><img decoding=\"async\" loading=\"lazy\" class=\"aligncenter  wp-image-2082\" alt=\"Banquillo\" src=\"http:\/\/www.tea3.es\/wp-content\/uploads\/Banquillo1.jpg\" width=\"150\" height=\"150\" srcset=\"https:\/\/www.tea3.es\/wp-content\/uploads\/Banquillo1-150x150.jpg 150w, https:\/\/www.tea3.es\/wp-content\/uploads\/Banquillo1-250x250.jpg 250w\" sizes=\"(max-width: 150px) 100vw, 150px\" \/><\/a><br \/>\n<\/td>\n<td><strong>Banqueta de jugadors suplents de 4 mts de llargada<\/strong> model semicircular, fabricat amb estructura met\u00e0l\u00b7lica cincada, plaques de policarbonat cel\u00b7lular transparent i juntes amb perfil de subjecci\u00f3 en alumini. Seients individuals amb o sense respatller de carcassa de pl\u00e0stic anclades directament a l&#8217;estructura met\u00e0l\u00b7lica. Plataforma posapeus en cautx\u00fa antilliscant. Estructura met\u00e0l\u00b7lica galvanitzada. Banqueta per a 8 jugadors.<\/p>\n<p style=\"text-align: left;\"><\/td>\n<\/tr>\n<tr>\n<td>\n<h3 style=\"text-align: center;\">BSUS5<\/h3>\n<p><a href=\"http:\/\/www.tea3.es\/wp-content\/uploads\/Banquillo1.jpg\"><img decoding=\"async\" loading=\"lazy\" class=\"aligncenter\" alt=\"Banquillo\" src=\"http:\/\/www.tea3.es\/wp-content\/uploads\/Banquillo1.jpg\" width=\"150\" height=\"150\" \/><\/a><\/p>\n<p>&nbsp;<\/p>\n<p style=\"text-align: left;\"><\/td>\n<td><strong>Banqueta de jugadors suplents de 5 mts de llargada<\/strong>\u00a0model semicircular, fabricat amb estructura met\u00e0l\u00b7lica cincada, plaques de policarbonat cel\u00b7lular transparent i juntes amb perfil de subjecci\u00f3 en alumini. Seients individuals amb o sense respatller de carcassa de pl\u00e0stic anclades directament a l&#8217;estructura met\u00e0l\u00b7lica. Plataforma posapeus en cautx\u00fa antilliscant. Estructura met\u00e0l\u00b7lica galvanitzada. Banqueta per a 10 jugadors.<strong><\/strong><br \/>\n<\/td>\n<\/tr>\n<tr>\n<td>\n<h3 style=\"text-align: center;\">BSUS6<\/h3>\n<p><a href=\"http:\/\/www.tea3.es\/wp-content\/uploads\/Banquillo1.jpg\"><img decoding=\"async\" loading=\"lazy\" class=\"aligncenter\" alt=\"Banquillo\" src=\"http:\/\/www.tea3.es\/wp-content\/uploads\/Banquillo1.jpg\" width=\"150\" height=\"150\" \/><\/a><\/p>\n<p style=\"text-align: left;\"><\/td>\n<td><strong>Banqueta de jugadors suplents de 6 mts de llargada<\/strong>\u00a0model semicircular, fabricat amb estructura met\u00e0l\u00b7lica cincada, plaques de policarbonat cel\u00b7lular transparent i juntes amb perfil de subjecci\u00f3 en alumini. Seients individuals amb o sense respatller de carcassa de pl\u00e0stic anclades directament a l&#8217;estructura met\u00e0l\u00b7lica. Plataforma posapeus en cautx\u00fa antilliscant. Estructura met\u00e0l\u00b7lica galvanitzada. Banqueta per a 12 jugadors.<strong><\/strong><br \/>\n<\/td>\n<p style=\"text-align: left;\"><span style=\"line-height: 1.5em;\"><\/tr><\/span><\/p>\n<p style=\"text-align: left;\"><\/tbody><\/table>\n<p>&nbsp;<\/p>\n","protected":false},"excerpt":{"rendered":"<p>Les banquetes s\u00f3n elements fonamentals en el terreny de joc. Estan situades a l&#8217;\u00e0rea t\u00e8cnica, que \u00e9s l\u2019espai determinat per a l\u2019entrenador, els jugadors suplents, t\u00e8cnics i ajudants de l\u2019entrenador. Gr\u00e0cies a les banquetes, els jugadors i l\u2019entrenador poden romandre a prop del terreny de joc, c\u00f2modes i a cobert de la pluja. Disposem d\u2019una \u00e0mplia gamma de banquetes, des [&hellip;]<\/p>\n","protected":false},"author":1,"featured_media":0,"parent":907,"menu_order":0,"comment_status":"open","ping_status":"open","template":"","meta":{"footnotes":""},"_links":{"self":[{"href":"https:\/\/www.tea3.es\/ca\/wp-json\/wp\/v2\/pages\/927"}],"collection":[{"href":"https:\/\/www.tea3.es\/ca\/wp-json\/wp\/v2\/pages"}],"about":[{"href":"https:\/\/www.tea3.es\/ca\/wp-json\/wp\/v2\/types\/page"}],"author":[{"embeddable":true,"href":"https:\/\/www.tea3.es\/ca\/wp-json\/wp\/v2\/users\/1"}],"replies":[{"embeddable":true,"href":"https:\/\/www.tea3.es\/ca\/wp-json\/wp\/v2\/comments?post=927"}],"version-history":[{"count":8,"href":"https:\/\/www.tea3.es\/ca\/wp-json\/wp\/v2\/pages\/927\/revisions"}],"predecessor-version":[{"id":2093,"href":"https:\/\/www.tea3.es\/ca\/wp-json\/wp\/v2\/pages\/927\/revisions\/2093"}],"up":[{"embeddable":true,"href":"https:\/\/www.tea3.es\/ca\/wp-json\/wp\/v2\/pages\/907"}],"wp:attachment":[{"href":"https:\/\/www.tea3.es\/ca\/wp-json\/wp\/v2\/media?parent=927"}],"curies":[{"name":"wp","href":"https:\/\/api.w.org\/{rel}","templated":true}]}}