{"id":930,"date":"2014-05-05T10:39:33","date_gmt":"2014-05-05T10:39:33","guid":{"rendered":"http:\/\/www.tea3.es\/?page_id=930"},"modified":"2015-06-16T08:24:26","modified_gmt":"2015-06-16T08:24:26","slug":"xarxes-de-futbol","status":"publish","type":"page","link":"https:\/\/www.tea3.es\/ca\/equipaments-esportius\/907-2\/xarxes-de-futbol\/","title":{"rendered":"Xarxes de futbol"},"content":{"rendered":"<p>Actualment comptem amb dos tipus diferents de xarxes per a porteries de futbol -11. Estan confeccionades en trena de polipropil\u00e8 o polietil\u00e8 i les dues compleixen amb les normatives exigides. Tamb\u00e9 estan disponible en varis colors.<\/p>\n<h2>Xarxes disponibles:<\/h2>\n<table class=\"sf-table striped_bordered\"><tbody>\n<tr>\n<th>\n<p style=\"text-align: center;\">Refer\u00e8ncia<\/p>\n<\/th>\n<th>\n<p style=\"text-align: center;\">Descripci\u00f3<\/p>\n<\/th>\n<\/tr>\n<tr>\n<td>\n<h3 style=\"text-align: center;\">PFPE3<\/h3>\n<p style=\"text-align: center;\"><a href=\"http:\/\/www.tea3.es\/wp-content\/uploads\/PFPE3-y-PFPE35-redes-futbol.png\"><img decoding=\"async\" loading=\"lazy\" class=\"aligncenter  wp-image-2106\" alt=\"PFPE3 y PFPE35 redes futbol\" src=\"http:\/\/www.tea3.es\/wp-content\/uploads\/PFPE3-y-PFPE35-redes-futbol.png\" width=\"150\" height=\"150\" srcset=\"https:\/\/www.tea3.es\/wp-content\/uploads\/PFPE3-y-PFPE35-redes-futbol-150x150.png 150w, https:\/\/www.tea3.es\/wp-content\/uploads\/PFPE3-y-PFPE35-redes-futbol-250x250.png 250w\" sizes=\"(max-width: 150px) 100vw, 150px\" \/><\/a><\/p>\n<\/td>\n<td>Xarxa per a porteries de futbol-11. Confeccionada en trena de polietil\u00e8 de 3mm i malla de 140mm. Les dimensions d\u2019aquesta xarxa s\u00f3n: 7.50 x 2.50x 1.10 x 2.10mts.<br \/>\n<\/td>\n<\/tr>\n<tr>\n<td>\n<h3 style=\"text-align: center;\">PFPE35<\/h3>\n<p style=\"text-align: center;\"><a href=\"http:\/\/www.tea3.es\/wp-content\/uploads\/PFPE3-y-PFPE35-redes-futbol.png\"><img decoding=\"async\" loading=\"lazy\" class=\"aligncenter  wp-image-2106\" alt=\"PFPE3 y PFPE35 redes futbol\" src=\"http:\/\/www.tea3.es\/wp-content\/uploads\/PFPE3-y-PFPE35-redes-futbol.png\" width=\"150\" height=\"150\" srcset=\"https:\/\/www.tea3.es\/wp-content\/uploads\/PFPE3-y-PFPE35-redes-futbol-150x150.png 150w, https:\/\/www.tea3.es\/wp-content\/uploads\/PFPE3-y-PFPE35-redes-futbol-250x250.png 250w\" sizes=\"(max-width: 150px) 100vw, 150px\" \/><\/a><\/p>\n<\/td>\n<td>Es una xarxa tipus caix\u00f3 per a porteries de Futbol-11. Confeccionada en trena de polipropil\u00e8 de 3,5mm i malla de 120mm. Les dimensions d\u2019aquesta xarxa s\u00f3n de 7.50 x 2.50 x 2.10mts. Aquesta xarxa est\u00e0 disponible en varis colors.<br \/>\n<\/td>\n<\/tr>\n<\/tbody><\/table>\n","protected":false},"excerpt":{"rendered":"<p>Actualment comptem amb dos tipus diferents de xarxes per a porteries de futbol -11. Estan confeccionades en trena de polipropil\u00e8 o polietil\u00e8 i les dues compleixen amb les normatives exigides. Tamb\u00e9 estan disponible en varis colors. Xarxes disponibles:<\/p>\n","protected":false},"author":1,"featured_media":0,"parent":907,"menu_order":0,"comment_status":"open","ping_status":"open","template":"","meta":{"footnotes":""},"_links":{"self":[{"href":"https:\/\/www.tea3.es\/ca\/wp-json\/wp\/v2\/pages\/930"}],"collection":[{"href":"https:\/\/www.tea3.es\/ca\/wp-json\/wp\/v2\/pages"}],"about":[{"href":"https:\/\/www.tea3.es\/ca\/wp-json\/wp\/v2\/types\/page"}],"author":[{"embeddable":true,"href":"https:\/\/www.tea3.es\/ca\/wp-json\/wp\/v2\/users\/1"}],"replies":[{"embeddable":true,"href":"https:\/\/www.tea3.es\/ca\/wp-json\/wp\/v2\/comments?post=930"}],"version-history":[{"count":3,"href":"https:\/\/www.tea3.es\/ca\/wp-json\/wp\/v2\/pages\/930\/revisions"}],"predecessor-version":[{"id":2110,"href":"https:\/\/www.tea3.es\/ca\/wp-json\/wp\/v2\/pages\/930\/revisions\/2110"}],"up":[{"embeddable":true,"href":"https:\/\/www.tea3.es\/ca\/wp-json\/wp\/v2\/pages\/907"}],"wp:attachment":[{"href":"https:\/\/www.tea3.es\/ca\/wp-json\/wp\/v2\/media?parent=930"}],"curies":[{"name":"wp","href":"https:\/\/api.w.org\/{rel}","templated":true}]}}