{"id":933,"date":"2014-05-05T10:43:51","date_gmt":"2014-05-05T10:43:51","guid":{"rendered":"http:\/\/www.tea3.es\/?page_id=933"},"modified":"2015-06-16T08:28:06","modified_gmt":"2015-06-16T08:28:06","slug":"complements","status":"publish","type":"page","link":"https:\/\/www.tea3.es\/ca\/equipaments-esportius\/907-2\/complements\/","title":{"rendered":"Complements"},"content":{"rendered":"<p>A Tea3 comptem amb diversos complements molt \u00fatils i a la vegada necessaris per els camps de futbol. Disposem des de t\u00fanels de sortida al terreny de jocs a banderes de c\u00f3rners, carros per marcar les l\u00ednies del camp amb cal\u00e7, etc&#8230;<\/p>\n<h2>Complements per futbol disponibles:<\/h2>\n<table class=\"sf-table striped_bordered\"><tbody>\n<tr>\n<th>\n<p style=\"text-align: center;\">Refer\u00e8ncia i fotografia<\/p>\n<\/th>\n<th>\n<p style=\"text-align: center;\">Descripci\u00f3<\/p>\n<\/th>\n<\/tr>\n<tr>\n<td>\n<h3 style=\"text-align: center;\">CAD1<\/h3>\n<p><img decoding=\"async\" loading=\"lazy\" class=\"aligncenter size-thumbnail wp-image-452\" alt=\"complementos-cad1\" src=\"http:\/\/www.tea3.es\/wp-content\/uploads\/complementos-cad11-150x150.jpg\" width=\"150\" height=\"150\" srcset=\"https:\/\/www.tea3.es\/wp-content\/uploads\/complementos-cad11-150x150.jpg 150w, https:\/\/www.tea3.es\/wp-content\/uploads\/complementos-cad11-250x250.jpg 250w\" sizes=\"(max-width: 150px) 100vw, 150px\" \/><br \/>\n<\/td>\n<td>Banderins de pl\u00e0stic amb molles.<br \/>\nInclou ancoratges.<br \/>\nJoc de 4 unitats.<br \/>\n<\/td>\n<\/tr>\n<tr>\n<td>\n<h3 style=\"text-align: center;\">CMC<\/h3>\n<p style=\"text-align: center;\"><a href=\"http:\/\/www.tea3.es\/wp-content\/uploads\/CMC-carro-marca-campos.png\"><img decoding=\"async\" loading=\"lazy\" class=\"aligncenter  wp-image-2111\" alt=\"CMC carro marca campos\" src=\"http:\/\/www.tea3.es\/wp-content\/uploads\/CMC-carro-marca-campos.png\" width=\"150\" height=\"150\" srcset=\"https:\/\/www.tea3.es\/wp-content\/uploads\/CMC-carro-marca-campos-150x150.png 150w, https:\/\/www.tea3.es\/wp-content\/uploads\/CMC-carro-marca-campos-250x250.png 250w\" sizes=\"(max-width: 150px) 100vw, 150px\" \/><\/a><\/p>\n<\/td>\n<td>Carro marca camps met\u00e0l\u2022lic, graduable i amb rodes de pl\u00e0stic.<\/td>\n<\/tr>\n<tr>\n<td>\n<h3 style=\"text-align: center;\">TUSAL<\/h3>\n<p><img decoding=\"async\" loading=\"lazy\" class=\"aligncenter size-thumbnail wp-image-454\" alt=\"complementos-tusal\" src=\"http:\/\/www.tea3.es\/wp-content\/uploads\/complementos-tusal-150x150.jpg\" width=\"150\" height=\"150\" srcset=\"https:\/\/www.tea3.es\/wp-content\/uploads\/complementos-tusal-150x150.jpg 150w, https:\/\/www.tea3.es\/wp-content\/uploads\/complementos-tusal-250x250.jpg 250w\" sizes=\"(max-width: 150px) 100vw, 150px\" \/><br \/>\n<\/td>\n<td>Fabricat amb estructura d&#8217; alumini anoditzat. Perfilaria extorsionada de 43 x 35mm. per els arcs, que permet poder substituir els trams de lona entre arc i arc de manera independent per part del propi client, evitant tenir que enviar el t\u00fanel a f\u00e0brica en cas de trencar-se algun dels mateixos. Conjunt de perns d&#8217;acoblament en acer inoxidable AISI 304. Moviment d&#8217;obertura i tancament per mitj\u00e0 de tisores d&#8217; alumini extorsionat de 50 x 13.5mm.; Els caps de gir s\u00f3n d&#8217;aliatge d&#8217; alumini de fundici\u00f3. 4 punts de tensi\u00f3 extra per fixar i estirar la lona (\u00fanic en el mercat) Patins de lliscament de les tisores en POLIZENE 500 que permeten minimitzar el fregament en un 60%, la qual cosa minimitza el treball en la feina de extensi\u00f3 i recollida del t\u00fanel. Lona en teixit de poliester d&#8217; alta tenacitat, recoberta de PVC per les dues cares. Ign\u00edfuga M-2 de 620grs.<br \/>\n<\/td>\n<\/tr>\n<\/tbody><\/table>\n","protected":false},"excerpt":{"rendered":"<p>A Tea3 comptem amb diversos complements molt \u00fatils i a la vegada necessaris per els camps de futbol. Disposem des de t\u00fanels de sortida al terreny de jocs a banderes de c\u00f3rners, carros per marcar les l\u00ednies del camp amb cal\u00e7, etc&#8230; Complements per futbol disponibles:<\/p>\n","protected":false},"author":1,"featured_media":0,"parent":907,"menu_order":0,"comment_status":"open","ping_status":"open","template":"","meta":{"footnotes":""},"_links":{"self":[{"href":"https:\/\/www.tea3.es\/ca\/wp-json\/wp\/v2\/pages\/933"}],"collection":[{"href":"https:\/\/www.tea3.es\/ca\/wp-json\/wp\/v2\/pages"}],"about":[{"href":"https:\/\/www.tea3.es\/ca\/wp-json\/wp\/v2\/types\/page"}],"author":[{"embeddable":true,"href":"https:\/\/www.tea3.es\/ca\/wp-json\/wp\/v2\/users\/1"}],"replies":[{"embeddable":true,"href":"https:\/\/www.tea3.es\/ca\/wp-json\/wp\/v2\/comments?post=933"}],"version-history":[{"count":5,"href":"https:\/\/www.tea3.es\/ca\/wp-json\/wp\/v2\/pages\/933\/revisions"}],"predecessor-version":[{"id":2115,"href":"https:\/\/www.tea3.es\/ca\/wp-json\/wp\/v2\/pages\/933\/revisions\/2115"}],"up":[{"embeddable":true,"href":"https:\/\/www.tea3.es\/ca\/wp-json\/wp\/v2\/pages\/907"}],"wp:attachment":[{"href":"https:\/\/www.tea3.es\/ca\/wp-json\/wp\/v2\/media?parent=933"}],"curies":[{"name":"wp","href":"https:\/\/api.w.org\/{rel}","templated":true}]}}