{"id":935,"date":"2014-05-05T10:47:57","date_gmt":"2014-05-05T10:47:57","guid":{"rendered":"http:\/\/www.tea3.es\/?page_id=935"},"modified":"2014-05-15T09:25:09","modified_gmt":"2014-05-15T09:25:09","slug":"935-2","status":"publish","type":"page","link":"https:\/\/www.tea3.es\/ca\/equipaments-esportius\/935-2\/","title":{"rendered":"Basquet i mini basquet"},"content":{"rendered":"<p>El b\u00e0squet \u00e9s un esport d&#8217;equip en el que participen dos equips de cinc jugadors cada un. Tamb\u00e9 intervenen en el joc tres arbitres, un principal i dos auxiliars. La finalitat en el b\u00e0squet \u00e9s superar l&#8217;equip rival en la puntuaci\u00f3 final, aqueta s&#8217;aconsegueix anotant la pilota a les cistelles situades a la part central de cada extrem del camp.<\/p>\n<p>&nbsp;<\/p>\n<h2>Productes disponibles per b\u00e0squet:<\/h2>\n<div class=\"one_third\"><a href=\"\/ca\/equipaments-esportius\/935-2\/cistelles-de-basquet-mini-basquet\/\"><img decoding=\"async\" loading=\"lazy\" class=\"aligncenter size-medium wp-image-460\" alt=\"canastas-de-baloncesto-abatibles-cba15\" src=\"http:\/\/www.tea3.es\/wp-content\/uploads\/canastas-de-baloncesto-abatibles-cba151-300x225.jpg\" width=\"300\" height=\"225\" srcset=\"https:\/\/www.tea3.es\/wp-content\/uploads\/canastas-de-baloncesto-abatibles-cba151-300x225.jpg 300w, https:\/\/www.tea3.es\/wp-content\/uploads\/canastas-de-baloncesto-abatibles-cba151-94x70.jpg 94w, https:\/\/www.tea3.es\/wp-content\/uploads\/canastas-de-baloncesto-abatibles-cba151-600x450.jpg 600w, https:\/\/www.tea3.es\/wp-content\/uploads\/canastas-de-baloncesto-abatibles-cba151.jpg 800w\" sizes=\"(max-width: 300px) 100vw, 300px\" \/><\/a><\/p>\n<h3><a href=\"\/ca\/equipaments-esportius\/935-2\/cistelles-de-basquet-mini-basquet\/\">Cistelles de b\u00e0squet<\/a><\/h3>\n<\/div>\n<div class=\"one_third\"><a href=\"\/ca\/equipaments-esportius\/935-2\/taulers-cercols-xarxes\/\"><img decoding=\"async\" loading=\"lazy\" class=\"aligncenter size-medium wp-image-462\" alt=\"tableros-redes-aros-cb604\" src=\"http:\/\/www.tea3.es\/wp-content\/uploads\/tableros-redes-aros-cb604-300x225.jpg\" width=\"300\" height=\"225\" srcset=\"https:\/\/www.tea3.es\/wp-content\/uploads\/tableros-redes-aros-cb604-300x225.jpg 300w, https:\/\/www.tea3.es\/wp-content\/uploads\/tableros-redes-aros-cb604-94x70.jpg 94w, https:\/\/www.tea3.es\/wp-content\/uploads\/tableros-redes-aros-cb604-600x450.jpg 600w, https:\/\/www.tea3.es\/wp-content\/uploads\/tableros-redes-aros-cb604.jpg 800w\" sizes=\"(max-width: 300px) 100vw, 300px\" \/><\/a><\/p>\n<h3><a href=\"\/ca\/equipaments-esportius\/935-2\/taulers-cercols-xarxes\/\">Taulers, xarxes i c\u00e8rcols<\/a><\/h3>\n<\/div>\n<div class=\"one_third last\"><a href=\"\/ca\/equipaments-esportius\/935-2\/complements\/\"><img decoding=\"async\" loading=\"lazy\" class=\"aligncenter size-medium wp-image-468\" alt=\"complementos-anc\" src=\"http:\/\/www.tea3.es\/wp-content\/uploads\/complementos-anc-300x225.jpg\" width=\"300\" height=\"225\" srcset=\"https:\/\/www.tea3.es\/wp-content\/uploads\/complementos-anc-300x225.jpg 300w, https:\/\/www.tea3.es\/wp-content\/uploads\/complementos-anc-94x70.jpg 94w, https:\/\/www.tea3.es\/wp-content\/uploads\/complementos-anc-600x450.jpg 600w, https:\/\/www.tea3.es\/wp-content\/uploads\/complementos-anc.jpg 800w\" sizes=\"(max-width: 300px) 100vw, 300px\" \/><\/a><\/p>\n<h3><a href=\"\/ca\/equipaments-esportius\/935-2\/complements\/\">Complements<\/a><\/h3>\n<\/div><div class=\"clearboth\"><\/div>\n<p>&nbsp;<\/p>\n<div class=\"one_third\"><a href=\"\/ca\/equipaments-esportius\/935-2\/mini-basquet\/\"><img decoding=\"async\" loading=\"lazy\" class=\"aligncenter size-medium wp-image-466\" alt=\"canastas-minibasquet-fijas-cbfded\" src=\"http:\/\/www.tea3.es\/wp-content\/uploads\/canastas-minibasquet-fijas-cbfded-225x300.jpg\" width=\"225\" height=\"300\" srcset=\"https:\/\/www.tea3.es\/wp-content\/uploads\/canastas-minibasquet-fijas-cbfded-225x300.jpg 225w, https:\/\/www.tea3.es\/wp-content\/uploads\/canastas-minibasquet-fijas-cbfded.jpg 600w\" sizes=\"(max-width: 225px) 100vw, 225px\" \/><\/a><\/p>\n<h3><a href=\"\/ca\/equipaments-esportius\/935-2\/mini-basquet\/\">Mini b\u00e0squet<\/a><\/h3>\n<\/div>\n","protected":false},"excerpt":{"rendered":"<p>El b\u00e0squet \u00e9s un esport d&#8217;equip en el que participen dos equips de cinc jugadors cada un. Tamb\u00e9 intervenen en el joc tres arbitres, un principal i dos auxiliars. La finalitat en el b\u00e0squet \u00e9s superar l&#8217;equip rival en la puntuaci\u00f3 final, aqueta s&#8217;aconsegueix anotant la pilota a les cistelles situades a la part central de cada extrem del camp. [&hellip;]<\/p>\n","protected":false},"author":1,"featured_media":0,"parent":899,"menu_order":0,"comment_status":"open","ping_status":"open","template":"","meta":{"footnotes":""},"_links":{"self":[{"href":"https:\/\/www.tea3.es\/ca\/wp-json\/wp\/v2\/pages\/935"}],"collection":[{"href":"https:\/\/www.tea3.es\/ca\/wp-json\/wp\/v2\/pages"}],"about":[{"href":"https:\/\/www.tea3.es\/ca\/wp-json\/wp\/v2\/types\/page"}],"author":[{"embeddable":true,"href":"https:\/\/www.tea3.es\/ca\/wp-json\/wp\/v2\/users\/1"}],"replies":[{"embeddable":true,"href":"https:\/\/www.tea3.es\/ca\/wp-json\/wp\/v2\/comments?post=935"}],"version-history":[{"count":8,"href":"https:\/\/www.tea3.es\/ca\/wp-json\/wp\/v2\/pages\/935\/revisions"}],"predecessor-version":[{"id":1331,"href":"https:\/\/www.tea3.es\/ca\/wp-json\/wp\/v2\/pages\/935\/revisions\/1331"}],"up":[{"embeddable":true,"href":"https:\/\/www.tea3.es\/ca\/wp-json\/wp\/v2\/pages\/899"}],"wp:attachment":[{"href":"https:\/\/www.tea3.es\/ca\/wp-json\/wp\/v2\/media?parent=935"}],"curies":[{"name":"wp","href":"https:\/\/api.w.org\/{rel}","templated":true}]}}