{"id":939,"date":"2014-05-05T10:53:16","date_gmt":"2014-05-05T10:53:16","guid":{"rendered":"http:\/\/www.tea3.es\/?page_id=939"},"modified":"2014-05-15T09:30:24","modified_gmt":"2014-05-15T09:30:24","slug":"cistelles-de-basquet-mini-basquet","status":"publish","type":"page","link":"https:\/\/www.tea3.es\/ca\/equipaments-esportius\/935-2\/cistelles-de-basquet-mini-basquet\/","title":{"rendered":"Cistelles de basquet i mini basquet"},"content":{"rendered":"<p>Les cistelles de b\u00e0squet s\u00f3n un dels elements essencials per el desenvolupament del b\u00e0squet. Les cistelles estan formades per varis elements:<br \/>\nUn tauler rectangular de 1.05 x 1.8m de 30mm de gruix que tenen les vores encoixinades per m\u00e9s seguretat. A la part central inferior hi ha un rectangle pintat de 0.59m x 0.45m, a la part inferior d&#8217;aquest rectangle pintat hi podem trobar el basculant homologat que subjecta la cistella de 0.45m. La cistella s&#8217;agafa del centre del rectangle inferior. El c\u00e8rcol de la cistella est\u00e0 situat a una al\u00e7ada de 3.05m i ha de tenir un di\u00e0metre de 45,7cm, tamb\u00e9 prove\u00eft amb xarxes homologades.<\/p>\n<p>&nbsp;<\/p>\n<h2>Cistelles per b\u00e0squet i mini b\u00e0squet disponibles:<\/h2>\n<div class=\"one_third\"><a href=\"\/ca\/equipaments-esportius\/935-2\/cistelles-de-basquet-mini-basquet\/cistelles-de-basquet-fixes\/\"><img decoding=\"async\" loading=\"lazy\" class=\"aligncenter size-medium wp-image-480\" alt=\"canastas-de-baloncesto-fijas-HERBM\" src=\"http:\/\/www.tea3.es\/wp-content\/uploads\/canastas-de-baloncesto-fijas-HERBM-225x300.jpg\" width=\"225\" height=\"300\" srcset=\"https:\/\/www.tea3.es\/wp-content\/uploads\/canastas-de-baloncesto-fijas-HERBM-225x300.jpg 225w, https:\/\/www.tea3.es\/wp-content\/uploads\/canastas-de-baloncesto-fijas-HERBM.jpg 600w\" sizes=\"(max-width: 225px) 100vw, 225px\" \/><\/a><\/p>\n<h3><a href=\"\/ca\/equipaments-esportius\/935-2\/cistelles-de-basquet-mini-basquet\/cistelles-de-basquet-fixes\/\">Cistelles de b\u00e0squet fixes<\/a><\/h3>\n<\/div>\n<div class=\"one_third\"><a href=\"\/ca\/equipaments-esportius\/935-2\/cistelles-de-basquet-mini-basquet\/cistelles-de-basquet-mobils\/\"><img decoding=\"async\" loading=\"lazy\" class=\"aligncenter size-medium wp-image-472\" alt=\"canastas-de-baloncesto-moviles-cbm01\" src=\"http:\/\/www.tea3.es\/wp-content\/uploads\/canastas-de-baloncesto-moviles-cbm01-225x300.jpg\" width=\"225\" height=\"300\" srcset=\"https:\/\/www.tea3.es\/wp-content\/uploads\/canastas-de-baloncesto-moviles-cbm01-225x300.jpg 225w, https:\/\/www.tea3.es\/wp-content\/uploads\/canastas-de-baloncesto-moviles-cbm01.jpg 600w\" sizes=\"(max-width: 225px) 100vw, 225px\" \/><\/a><\/p>\n<h3><a href=\"\/ca\/equipaments-esportius\/935-2\/cistelles-de-basquet-mini-basquet\/cistelles-de-basquet-mobils\/\">Cistelles de b\u00e0squet m\u00f2bils<\/a><\/h3>\n<\/div>\n<div class=\"one_third last\"><a href=\"\/ca\/equipaments-esportius\/935-2\/cistelles-de-basquet-mini-basquet\/cistelles-de-basquet-abatibles\/\"><img decoding=\"async\" loading=\"lazy\" class=\"aligncenter size-medium wp-image-473\" alt=\"canastas-de-baloncesto-abatibles-cbaf10\" src=\"http:\/\/www.tea3.es\/wp-content\/uploads\/canastas-de-baloncesto-abatibles-cbaf10-225x300.jpg\" width=\"225\" height=\"300\" srcset=\"https:\/\/www.tea3.es\/wp-content\/uploads\/canastas-de-baloncesto-abatibles-cbaf10-225x300.jpg 225w, https:\/\/www.tea3.es\/wp-content\/uploads\/canastas-de-baloncesto-abatibles-cbaf10.jpg 600w\" sizes=\"(max-width: 225px) 100vw, 225px\" \/><\/a><\/p>\n<h3><a href=\"\/ca\/equipaments-esportius\/935-2\/cistelles-de-basquet-mini-basquet\/cistelles-de-basquet-abatibles\/\">Cistelles de b\u00e0squet abatibles<\/a><\/h3>\n<\/div><div class=\"clearboth\"><\/div>\n<p>&nbsp;<\/p>\n<div class=\"one_third\"><a href=\"\/ca\/equipaments-esportius\/935-2\/cistelles-de-basquet-mini-basquet\/cistelles-de-basquet-dalta-competicio\/\"><img decoding=\"async\" loading=\"lazy\" class=\"aligncenter size-medium wp-image-474\" alt=\"canastas-de-baloncesto-alta-competicion-cbh20\" src=\"http:\/\/www.tea3.es\/wp-content\/uploads\/canastas-de-baloncesto-alta-competicion-cbh20-300x225.jpg\" width=\"300\" height=\"225\" srcset=\"https:\/\/www.tea3.es\/wp-content\/uploads\/canastas-de-baloncesto-alta-competicion-cbh20-300x225.jpg 300w, https:\/\/www.tea3.es\/wp-content\/uploads\/canastas-de-baloncesto-alta-competicion-cbh20-94x70.jpg 94w, https:\/\/www.tea3.es\/wp-content\/uploads\/canastas-de-baloncesto-alta-competicion-cbh20-600x450.jpg 600w, https:\/\/www.tea3.es\/wp-content\/uploads\/canastas-de-baloncesto-alta-competicion-cbh20.jpg 800w\" sizes=\"(max-width: 300px) 100vw, 300px\" \/><\/a><\/p>\n<h3><a href=\"\/ca\/equipaments-esportius\/935-2\/cistelles-de-basquet-mini-basquet\/cistelles-de-basquet-dalta-competicio\/\">Cistelles de b\u00e0squet d&#8217;alta competici\u00f3<\/a><\/h3>\n<\/div>\n<div class=\"one_third\"><a href=\"\/ca\/equipaments-esportius\/935-2\/cistelles-de-basquet-mini-basquet\/cistelles-de-basquet-monotub\/\"><img decoding=\"async\" loading=\"lazy\" class=\"aligncenter size-medium wp-image-475\" alt=\"canastas-de-baloncesto-monotubo-cbmf\" src=\"http:\/\/www.tea3.es\/wp-content\/uploads\/canastas-de-baloncesto-monotubo-cbmf-225x300.jpg\" width=\"225\" height=\"300\" srcset=\"https:\/\/www.tea3.es\/wp-content\/uploads\/canastas-de-baloncesto-monotubo-cbmf-225x300.jpg 225w, https:\/\/www.tea3.es\/wp-content\/uploads\/canastas-de-baloncesto-monotubo-cbmf.jpg 600w\" sizes=\"(max-width: 225px) 100vw, 225px\" \/><\/a><\/p>\n<h3><a href=\"\/ca\/equipaments-esportius\/935-2\/cistelles-de-basquet-mini-basquet\/cistelles-de-basquet-monotub\/\">Cistelles de b\u00e0squet monotub<\/a><\/h3>\n<\/div>\n<div class=\"one_third last\"><a href=\"\/ca\/equipaments-esportius\/935-2\/cistelles-de-basquet-mini-basquet\/cistelles-de-basquet-multitub\/\"><img decoding=\"async\" loading=\"lazy\" class=\"aligncenter size-medium wp-image-476\" alt=\"canastas-de-baloncesto-multitubo-cbtle20\" src=\"http:\/\/www.tea3.es\/wp-content\/uploads\/canastas-de-baloncesto-multitubo-cbtle20-225x300.jpg\" width=\"225\" height=\"300\" srcset=\"https:\/\/www.tea3.es\/wp-content\/uploads\/canastas-de-baloncesto-multitubo-cbtle20-225x300.jpg 225w, https:\/\/www.tea3.es\/wp-content\/uploads\/canastas-de-baloncesto-multitubo-cbtle20.jpg 600w\" sizes=\"(max-width: 225px) 100vw, 225px\" \/><\/a><\/p>\n<h3><a href=\"\/ca\/equipaments-esportius\/935-2\/cistelles-de-basquet-mini-basquet\/cistelles-de-basquet-multitub\/\">Cistelles de b\u00e0squet multitub<\/a><\/h3>\n<\/div><div class=\"clearboth\"><\/div>\n","protected":false},"excerpt":{"rendered":"<p>Les cistelles de b\u00e0squet s\u00f3n un dels elements essencials per el desenvolupament del b\u00e0squet. Les cistelles estan formades per varis elements: Un tauler rectangular de 1.05 x 1.8m de 30mm de gruix que tenen les vores encoixinades per m\u00e9s seguretat. A la part central inferior hi ha un rectangle pintat de 0.59m x 0.45m, a la part inferior d&#8217;aquest rectangle [&hellip;]<\/p>\n","protected":false},"author":1,"featured_media":0,"parent":935,"menu_order":0,"comment_status":"open","ping_status":"open","template":"","meta":{"footnotes":""},"_links":{"self":[{"href":"https:\/\/www.tea3.es\/ca\/wp-json\/wp\/v2\/pages\/939"}],"collection":[{"href":"https:\/\/www.tea3.es\/ca\/wp-json\/wp\/v2\/pages"}],"about":[{"href":"https:\/\/www.tea3.es\/ca\/wp-json\/wp\/v2\/types\/page"}],"author":[{"embeddable":true,"href":"https:\/\/www.tea3.es\/ca\/wp-json\/wp\/v2\/users\/1"}],"replies":[{"embeddable":true,"href":"https:\/\/www.tea3.es\/ca\/wp-json\/wp\/v2\/comments?post=939"}],"version-history":[{"count":6,"href":"https:\/\/www.tea3.es\/ca\/wp-json\/wp\/v2\/pages\/939\/revisions"}],"predecessor-version":[{"id":1334,"href":"https:\/\/www.tea3.es\/ca\/wp-json\/wp\/v2\/pages\/939\/revisions\/1334"}],"up":[{"embeddable":true,"href":"https:\/\/www.tea3.es\/ca\/wp-json\/wp\/v2\/pages\/935"}],"wp:attachment":[{"href":"https:\/\/www.tea3.es\/ca\/wp-json\/wp\/v2\/media?parent=939"}],"curies":[{"name":"wp","href":"https:\/\/api.w.org\/{rel}","templated":true}]}}