{"id":944,"date":"2014-05-05T11:24:56","date_gmt":"2014-05-05T11:24:56","guid":{"rendered":"http:\/\/www.tea3.es\/?page_id=944"},"modified":"2015-05-27T08:17:33","modified_gmt":"2015-05-27T08:17:33","slug":"cistelles-de-basquet-mobils","status":"publish","type":"page","link":"https:\/\/www.tea3.es\/ca\/equipaments-esportius\/935-2\/cistelles-de-basquet-mini-basquet\/cistelles-de-basquet-mobils\/","title":{"rendered":"Cistelles de basquet m\u00f2bils"},"content":{"rendered":"<p>Les nostres cistelles m\u00f2bils estan fabricades amb materials de gran qualitat, met\u00e0l\u2022liques amb tub de 100 x 100mm amb una sortida de 1,65m. La base consta de rodes i contrapes. Tamb\u00e9 consta de tauler, c\u00e8rcol i xarxa. Totes les cistelles de basquet m\u00f2bils que tenim a Tea3 estan fabricades segons el reglament i normatives exigides.<\/p>\n<h2>Models de cistelles de basquet m\u00f2bils:<\/h2>\n<table class=\"sf-table striped_bordered\"><tbody>\n<tr>\n<th>\n<p style=\"text-align: center;\">Refer\u00e8ncia i fotografia<\/p>\n<\/th>\n<th>\n<p style=\"text-align: center;\">Descripci\u00f3<\/p>\n<\/th>\n<th>\n<p style=\"text-align: center;\">Normativa<\/p>\n<\/th>\n<\/tr>\n<tr>\n<td>\n<h3 style=\"text-align: center;\">CBM10<\/h3>\n<p><a href=\"http:\/\/www.tea3.es\/wp-content\/uploads\/CBM10-CBM15.png\"><img decoding=\"async\" loading=\"lazy\" class=\"aligncenter\" alt=\"CBM10 CBM15 canasta de baloncesto\" src=\"http:\/\/www.tea3.es\/wp-content\/uploads\/CBM10-CBM15.png\" width=\"150\" height=\"150\" \/><\/a><\/p>\n<\/td>\n<td>Cistella de b\u00e0squet transportable amb sortida de 1,65m.<br \/>\nPal principal en tub rodo de 100mm i de 2mm de gruix, refor\u00e7ada a la uni\u00f3 dels dos tubs.<br \/>\nEstructura galvanitzada en calent.<br \/>\nTauler de metacrilat de 1800 x 1050 x 10mm, amb marc met\u00e0l\u00b7lic de refor\u00e7, c\u00e8rcol flexible de 2 molles de 12 ganxos i xarxa de nil\u00f3.<br \/>\nRoda de nil\u00f3 per el seu trasllat amb l\u00edmit de seguretat.<br \/>\nDisposa de quatre contrapesos de formig\u00f3 de 70kg cada un.<br \/>\nS&#8217;inclouen els ancoratges per fixar la cistella al paviment.<\/td>\n<td>Compleix la UNE-EN 1270:2006.<\/td>\n<\/tr>\n<tr>\n<td>\n<h3 style=\"text-align: center;\">CBM15<\/h3>\n<p><a href=\"http:\/\/www.tea3.es\/wp-content\/uploads\/CBM10-CBM15.png\"><img decoding=\"async\" loading=\"lazy\" class=\"aligncenter\" alt=\"CBM10 CBM15 canasta de baloncesto\" src=\"http:\/\/www.tea3.es\/wp-content\/uploads\/CBM10-CBM15.png\" width=\"150\" height=\"150\" \/><\/a><\/p>\n<\/td>\n<td>Cistella de b\u00e0squet transportable amb sortida de 1.65m.<br \/>\nPal principal en tub rodo de 100mm i de 2mm de gruix, refor\u00e7ada a la uni\u00f3 dels dos tubs.<br \/>\nEstructura galvanitzada en calent.<br \/>\nTauler de metacrilat de 1800 x 1050 x 15mm amb marc met\u00e0l\u00b7lic de refor\u00e7, c\u00e8rcol flexible de 2 molles de 12 ganxos i xarxa de nil\u00f3.<br \/>\nRodes de nil\u00f3 per el seu trasllat amb l\u00edmit de seguretat.<br \/>\nQuatre contapesos de formig\u00f3 de 70kg cada un.<br \/>\nS&#8217;inclouen els ancoratges per fixar la cistella al paviment. <\/td>\n<td>Compleix la UNE-EN 1270:2006.<\/td>\n<\/tr>\n<tr>\n<td>\n<h3 style=\"text-align: center;\">CBM01<\/h3>\n<p><img decoding=\"async\" loading=\"lazy\" class=\"aligncenter size-thumbnail wp-image-539\" alt=\"canastas-de-baloncesto-moviles-cbm01\" src=\"http:\/\/www.tea3.es\/wp-content\/uploads\/canastas-de-baloncesto-moviles-cbm011-150x150.jpg\" width=\"150\" height=\"150\" srcset=\"https:\/\/www.tea3.es\/wp-content\/uploads\/canastas-de-baloncesto-moviles-cbm011-150x150.jpg 150w, https:\/\/www.tea3.es\/wp-content\/uploads\/canastas-de-baloncesto-moviles-cbm011-250x250.jpg 250w\" sizes=\"(max-width: 150px) 100vw, 150px\" \/><br \/>\n<\/td>\n<td>Cistella de b\u00e0squet transportable amb sortida de 1,65m.<br \/>\nPal principal en tub rodo de 100mm i de 2mm de gruix, refor\u00e7ada a la uni\u00f3 dels dos tubs.<br \/>\nEstructura galvanitzada en calent.<br \/>\nTauler de fibra de vidre de 1800 x 1050 x 20mm, c\u00e8rcol reglamentari de 12 ganxos i xarxa de nil\u00f3.<br \/>\nRodes de nil\u00f3 per el seu trasllat amb l\u00edmit de seguretat.<br \/>\nQuatre contrapesos de formig\u00f3 de 70Kg cada un.<br \/>\nS&#8217;inclouen els ancoratges per fixar la cistella al paviment. <\/td>\n<td>Compleix la normativa UNE-EN 1270:2006.<\/td>\n<\/tr>\n<tr>\n<td>\n<h3 style=\"text-align: center;\">CBME15<\/h3>\n<p><img decoding=\"async\" loading=\"lazy\" class=\"aligncenter size-thumbnail wp-image-540\" alt=\"canastas-de-baloncesto-moviles-cbme15\" src=\"http:\/\/www.tea3.es\/wp-content\/uploads\/canastas-de-baloncesto-moviles-cbme15-150x150.jpg\" width=\"150\" height=\"150\" srcset=\"https:\/\/www.tea3.es\/wp-content\/uploads\/canastas-de-baloncesto-moviles-cbme15-150x150.jpg 150w, https:\/\/www.tea3.es\/wp-content\/uploads\/canastas-de-baloncesto-moviles-cbme15-250x250.jpg 250w\" sizes=\"(max-width: 150px) 100vw, 150px\" \/><br \/>\n<\/td>\n<td>Cistella de b\u00e0squet elevada al sostre, model monotub, fabricada segons norma UNE 1270:2006 Tipus 5 classe A-B-C-D-E i plegat cap endavant. V\u00e0lida fins a una al\u00e7ada de 10m. Fabricada en tub estructural amb pal quadrat de 100 x 100 x03mm i telesc\u00f2pic a regular. Tauler de metacrilat de 1800 x 1050mm i 15mm de gruix amb marc met\u00e0l\u00b7lic, c\u00e8rcol flexible de dues molles i xarxa de nil\u00f3. Plegat endavant mitjan\u00e7ant torn el\u00e8ctric, inclou caixa de comandaments amb botons de pujada i baixada, parada d&#8217;emerg\u00e8ncia i clau de seguretat. Motorreductor trif\u00e0sic amb final de carrera i tambor d&#8217;enrotllament. Motor trif\u00e0sic amb una pot\u00e8ncia de 1cv i amb una sortida de 30w per minut. Pes total de la cistella: 270Kg. aprox. No inclou subestructura ni escomesa el\u00e8ctrica. \u00a0<\/td>\n<td>Compleix \u00a0la normativa UNE-EN 1270:2006.<\/td>\n<\/tr>\n<tr>\n<td>\n<h3 style=\"text-align: center;\">CBMMF10<\/h3>\n<p><img decoding=\"async\" loading=\"lazy\" class=\"aligncenter size-thumbnail wp-image-541\" alt=\"canastas-de-baloncesto-moviles-cbmmf10\" src=\"http:\/\/www.tea3.es\/wp-content\/uploads\/canastas-de-baloncesto-moviles-cbmmf10-150x150.jpg\" width=\"150\" height=\"150\" srcset=\"https:\/\/www.tea3.es\/wp-content\/uploads\/canastas-de-baloncesto-moviles-cbmmf10-150x150.jpg 150w, https:\/\/www.tea3.es\/wp-content\/uploads\/canastas-de-baloncesto-moviles-cbmmf10-250x250.jpg 250w\" sizes=\"(max-width: 150px) 100vw, 150px\" \/><br \/>\n<\/td>\n<td> Cistella de b\u00e0squet model monotub amb plegat al sostre.<br \/>\nTorn manual d&#8217;elevaci\u00f3 protegit de nil\u00f3 amb rodaments.<br \/>\nTauler de metacrilat de 1800 x 1050 x 10mm. amb marc met\u00e0l\u00b7lic de refor\u00e7, c\u00e8rcol flexible de 2 molles de 12 ganxos i xarxa de nil\u00f3.<br \/>\nV\u00e0lida fins a 10mts d&#8217;al\u00e7ada. No inclou subestructura.<br \/>\nEl preu no inclou escomesa el\u00e8ctrica.<br \/>\nPintada en pols de poli\u00e8ster al forn color blanc. <\/td>\n<td>Compleix la normativa UNE-EN 1270:2006.<\/td>\n<\/tr>\n<\/tbody><\/table>\n","protected":false},"excerpt":{"rendered":"<p>Les nostres cistelles m\u00f2bils estan fabricades amb materials de gran qualitat, met\u00e0l\u2022liques amb tub de 100 x 100mm amb una sortida de 1,65m. La base consta de rodes i contrapes. Tamb\u00e9 consta de tauler, c\u00e8rcol i xarxa. Totes les cistelles de basquet m\u00f2bils que tenim a Tea3 estan fabricades segons el reglament i normatives exigides. Models de cistelles de basquet [&hellip;]<\/p>\n","protected":false},"author":1,"featured_media":0,"parent":939,"menu_order":0,"comment_status":"open","ping_status":"open","template":"","meta":{"footnotes":""},"_links":{"self":[{"href":"https:\/\/www.tea3.es\/ca\/wp-json\/wp\/v2\/pages\/944"}],"collection":[{"href":"https:\/\/www.tea3.es\/ca\/wp-json\/wp\/v2\/pages"}],"about":[{"href":"https:\/\/www.tea3.es\/ca\/wp-json\/wp\/v2\/types\/page"}],"author":[{"embeddable":true,"href":"https:\/\/www.tea3.es\/ca\/wp-json\/wp\/v2\/users\/1"}],"replies":[{"embeddable":true,"href":"https:\/\/www.tea3.es\/ca\/wp-json\/wp\/v2\/comments?post=944"}],"version-history":[{"count":6,"href":"https:\/\/www.tea3.es\/ca\/wp-json\/wp\/v2\/pages\/944\/revisions"}],"predecessor-version":[{"id":2060,"href":"https:\/\/www.tea3.es\/ca\/wp-json\/wp\/v2\/pages\/944\/revisions\/2060"}],"up":[{"embeddable":true,"href":"https:\/\/www.tea3.es\/ca\/wp-json\/wp\/v2\/pages\/939"}],"wp:attachment":[{"href":"https:\/\/www.tea3.es\/ca\/wp-json\/wp\/v2\/media?parent=944"}],"curies":[{"name":"wp","href":"https:\/\/api.w.org\/{rel}","templated":true}]}}