{"id":949,"date":"2014-05-05T11:30:43","date_gmt":"2014-05-05T11:30:43","guid":{"rendered":"http:\/\/www.tea3.es\/?page_id=949"},"modified":"2015-05-27T08:30:02","modified_gmt":"2015-05-27T08:30:02","slug":"cistelles-de-basquet-dalta-competicio","status":"publish","type":"page","link":"https:\/\/www.tea3.es\/ca\/equipaments-esportius\/935-2\/cistelles-de-basquet-mini-basquet\/cistelles-de-basquet-dalta-competicio\/","title":{"rendered":"Cistelles de basquet d\u00b4alta competici\u00f3"},"content":{"rendered":"<p>Les cistelles de b\u00e0squet d&#8217;alta competici\u00f3 estan fabricades amb materials de gran qualitat, dissenyades per competicions d&#8217;alt rendiment. Tenen proteccions frontals i laterals, contrapesos protegits, tauler de metacrilat, etc. Les cistelles de b\u00e0squet d&#8217;alta competici\u00f3 estan fabricades segons el reglament i les normatives exigides.<\/p>\n<h2>Models de cistelles de b\u00e0squet d\u00b4alta competici\u00f3:<\/h2>\n<table class=\"sf-table striped_bordered\"><tbody>\n<tr>\n<th>\n<p style=\"text-align: center;\">Refer\u00e8ncia i fotografia<\/p>\n<\/th>\n<th>\n<p style=\"text-align: center;\">Descripci\u00f3<\/p>\n<\/th>\n<th>\n<p style=\"text-align: center;\">Normativa<\/p>\n<\/th>\n<\/tr>\n<tr>\n<td>\n<h3 style=\"text-align: center;\">CBH20<\/h3>\n<p><a href=\"http:\/\/www.tea3.es\/wp-content\/uploads\/canastas-de-baloncesto-alta-competicion-cbh20.jpg\"><img decoding=\"async\" loading=\"lazy\" class=\"aligncenter\" alt=\"canastas-de-baloncesto-alta-competicion-cbh20\" src=\"http:\/\/www.tea3.es\/wp-content\/uploads\/canastas-de-baloncesto-alta-competicion-cbh20.jpg\" width=\"150\" height=\"150\" \/><\/a><\/p>\n<\/td>\n<td>Cistella de b\u00e0squet transportable d\u2019alta competici\u00f3 amb plegat de molles. M\u00e0xima estabilitat amb sortida de 3,25m.<br \/>\nTransportables mitjan\u00e7ant rodes de cautx\u00fa.<br \/>\nTauler de metacrilat\u00a0 \u00a0de 1800 x 1050 x 20mm, amb marc met\u00e0l\u00b7lic de refor\u00e7, c\u00e8rcol flexible de molles de 12 ganxos i xarxa de nil\u00f3.<br \/>\nProteccions frontals i laterals.<br \/>\nInclouen contrapesos\u00a0 protegits.<br \/>\nAquesta cistella t\u00e9 una posici\u00f3 per poder jugar a minib\u00e0squet.<br \/>\nPintada amb poli\u00e8ster al forn color blanc.<\/td>\n<td>Complex la normativa UNE-EN 1270:2006.<\/td>\n<\/tr>\n<tr>\n<td>\n<h3 style=\"text-align: center;\">CBHI15<\/h3>\n<p style=\"text-align: center;\"><a href=\"http:\/\/www.tea3.es\/wp-content\/uploads\/canastas-de-baloncesto-alta-competicion-cbh20.jpg\"><img decoding=\"async\" loading=\"lazy\" alt=\"canastas-de-baloncesto-alta-competicion-cbh20\" src=\"http:\/\/www.tea3.es\/wp-content\/uploads\/canastas-de-baloncesto-alta-competicion-cbh20.jpg\" width=\"150\" height=\"150\" \/><\/a><\/p>\n<\/td>\n<td>cistella de b\u00e0squet transportable d\u2019alta competici\u00f3\u00a0 amb plegat de molles.<br \/>\nM\u00e0xima estabilitat amb sortida de 2,25m.<br \/>\nTransportables mitjan\u00e7ant rodes de cautx\u00fa.<br \/>\nTauler de metacrilat de 1800 x 1050 x 15mm, amb marc met\u00e0l\u00b7lic de refor\u00e7, c\u00e8rcol flexible de molles de 12 ganxos i xarxa de nil\u00f3.<br \/>\nProteccions frontals i laterals.<br \/>\nInclou contrapesos protegits.<br \/>\nAquesta cistella t\u00e9 una posici\u00f3 per poder jugar a minib\u00e0squet.<br \/>\nPintada amb poli\u00e8ster al forn color blanc.<\/td>\n<td>Compleix la normativa UNE-EN 1270:2006.<\/td>\n<\/tr>\n<tr>\n<td>\n<h3 style=\"text-align: center;\">CBHI20<\/h3>\n<p style=\"text-align: center;\"><a href=\"http:\/\/www.tea3.es\/wp-content\/uploads\/canastas-de-baloncesto-alta-competicion-cbh20.jpg\"><img decoding=\"async\" loading=\"lazy\" alt=\"canastas-de-baloncesto-alta-competicion-cbh20\" src=\"http:\/\/www.tea3.es\/wp-content\/uploads\/canastas-de-baloncesto-alta-competicion-cbh20.jpg\" width=\"150\" height=\"150\" \/><\/a><\/p>\n<\/td>\n<td>Cistella de b\u00e0squet transportable d\u2019alta competici\u00f3 amb plegat de molles.<br \/>\nM\u00e0xima estabilitat amb sortida\u00a0 2,25m.<br \/>\nTransportable mitjan\u00e7ant rodes de cautx\u00fa.<br \/>\nTauler de metacrilat de 1800 x 1050 x 20mm, amb marc met\u00e0l\u00b7lic de refor\u00e7, c\u00e8rcol flexible de 2 molles de 12 ganxos i xarxa de nil\u00f3.<br \/>\nProteccions frontals i laterals.<br \/>\nInclou contrapesos protegits.<br \/>\nAquesta cistella t\u00e9 una posici\u00f3 per poder jugar a minib\u00e0squet.\u00a0Pintada amb poli\u00e8ster al forn color blanc.Preu per joc.<\/td>\n<td>Compleix la normativa UNE-EN 1270:2006.<\/td>\n<\/tr>\n<\/tbody><\/table>\n","protected":false},"excerpt":{"rendered":"<p>Les cistelles de b\u00e0squet d&#8217;alta competici\u00f3 estan fabricades amb materials de gran qualitat, dissenyades per competicions d&#8217;alt rendiment. Tenen proteccions frontals i laterals, contrapesos protegits, tauler de metacrilat, etc. Les cistelles de b\u00e0squet d&#8217;alta competici\u00f3 estan fabricades segons el reglament i les normatives exigides. Models de cistelles de b\u00e0squet d\u00b4alta competici\u00f3:<\/p>\n","protected":false},"author":1,"featured_media":0,"parent":939,"menu_order":0,"comment_status":"open","ping_status":"open","template":"","meta":{"footnotes":""},"_links":{"self":[{"href":"https:\/\/www.tea3.es\/ca\/wp-json\/wp\/v2\/pages\/949"}],"collection":[{"href":"https:\/\/www.tea3.es\/ca\/wp-json\/wp\/v2\/pages"}],"about":[{"href":"https:\/\/www.tea3.es\/ca\/wp-json\/wp\/v2\/types\/page"}],"author":[{"embeddable":true,"href":"https:\/\/www.tea3.es\/ca\/wp-json\/wp\/v2\/users\/1"}],"replies":[{"embeddable":true,"href":"https:\/\/www.tea3.es\/ca\/wp-json\/wp\/v2\/comments?post=949"}],"version-history":[{"count":5,"href":"https:\/\/www.tea3.es\/ca\/wp-json\/wp\/v2\/pages\/949\/revisions"}],"predecessor-version":[{"id":2063,"href":"https:\/\/www.tea3.es\/ca\/wp-json\/wp\/v2\/pages\/949\/revisions\/2063"}],"up":[{"embeddable":true,"href":"https:\/\/www.tea3.es\/ca\/wp-json\/wp\/v2\/pages\/939"}],"wp:attachment":[{"href":"https:\/\/www.tea3.es\/ca\/wp-json\/wp\/v2\/media?parent=949"}],"curies":[{"name":"wp","href":"https:\/\/api.w.org\/{rel}","templated":true}]}}