{"id":951,"date":"2014-05-05T11:34:47","date_gmt":"2014-05-05T11:34:47","guid":{"rendered":"http:\/\/www.tea3.es\/?page_id=951"},"modified":"2014-05-19T09:41:31","modified_gmt":"2014-05-19T09:41:31","slug":"cistelles-de-basquet-monotub","status":"publish","type":"page","link":"https:\/\/www.tea3.es\/ca\/equipaments-esportius\/935-2\/cistelles-de-basquet-mini-basquet\/cistelles-de-basquet-monotub\/","title":{"rendered":"Cistelles de basquet monotub"},"content":{"rendered":"<p>El disseny de les cistelles de b\u00e0squet monotub permet que aquests puguin penjar-se al sostre amb total comoditat i seguretat. El model monotub disposa de plegat cap endavant. Tenen tauler, c\u00e8rcol i xarxa. No inclouen subestructura. Les nostres cistelles de basquet monotub estan fabricades segons el reglament i les normatives exigides.<\/p>\n<h2>Models de cistelles de basquet monotub disponibles:<\/h2>\n<table class=\"sf-table striped_bordered\"><tbody>\n<tr>\n<th>\n<p style=\"text-align: center;\">Refer\u00e8ncia i fotografia<\/p>\n<\/th>\n<th>\n<p style=\"text-align: center;\">Descripci\u00f3<\/p>\n<\/th>\n<th>\n<p style=\"text-align: center;\">Normativa<\/p>\n<\/th>\n<\/tr>\n<tr>\n<td>\n<h3 style=\"text-align: center;\">CBME10<\/h3>\n<p><img decoding=\"async\" loading=\"lazy\" class=\"aligncenter size-thumbnail wp-image-558\" alt=\"canastas-de-baloncesto-monotubo-CBME10\" src=\"http:\/\/www.tea3.es\/wp-content\/uploads\/canastas-de-baloncesto-monotubo-CBME10-150x150.jpg\" width=\"150\" height=\"150\" srcset=\"https:\/\/www.tea3.es\/wp-content\/uploads\/canastas-de-baloncesto-monotubo-CBME10-150x150.jpg 150w, https:\/\/www.tea3.es\/wp-content\/uploads\/canastas-de-baloncesto-monotubo-CBME10-250x250.jpg 250w\" sizes=\"(max-width: 150px) 100vw, 150px\" \/><br \/>\n<\/td>\n<td>Cistella de b\u00e0squet model monotub amb plegat cap endavant. Motrorreductor trif\u00e0sic amb finals de carrera i tambor d&#8217;enrotllament. Motor trif\u00e0sic amb una pot\u00e8ncia de 1Cv i una sortida de 30w per minut. Inclou caixa de comandaments amb botons de pujada i baixada, parada d&#8217;emerg\u00e8ncia i clau de seguretat. Tauler de metacrilat de 1800 x 1050 x 10mm, amb marc met\u00e0l\u00b7lic de refor\u00e7, c\u00e8rcol flexible de 2 molles de 12 ganxos i xarxa de nil\u00f3. V\u00e0lida fins a 10mts d&#8217;al\u00e7ada. (No inclou subestructura). El preu no inclou escomesa el\u00e8ctrica. Pintada amb pols de poli\u00e8ster al forn color blanc.\u00a0<\/td><td>Compleix \u00a0la normativa UNE-EN 1270:2006.<\/td>\n<\/tr>\n<tr>\n<td>\n<h3 style=\"text-align: center;\">CBME20<\/h3>\n<p><img decoding=\"async\" loading=\"lazy\" class=\"aligncenter size-thumbnail wp-image-560\" alt=\"canastas-de-baloncesto-monotubo-CBME20\" src=\"http:\/\/www.tea3.es\/wp-content\/uploads\/canastas-de-baloncesto-monotubo-CBME20-150x150.jpg\" width=\"150\" height=\"150\" srcset=\"https:\/\/www.tea3.es\/wp-content\/uploads\/canastas-de-baloncesto-monotubo-CBME20-150x150.jpg 150w, https:\/\/www.tea3.es\/wp-content\/uploads\/canastas-de-baloncesto-monotubo-CBME20-250x250.jpg 250w\" sizes=\"(max-width: 150px) 100vw, 150px\" \/><br \/>\n<\/td>\n<td>Cistella de b\u00e0squet model monotub amb plegat al sostre cap endavant. Motorreductor trif\u00e0sic amb finals de carrera i tambor\u00a0 d&#8217;enrotllament. Motor trif\u00e0sic amb una pot\u00e8ncia de 1Cv i una sortida de 30w per minut. Inclou caixa de comandaments amb botons de pujada i baixada, parada d&#8217;emerg\u00e8ncia i clau de seguretat. Tauler de metacrilat de 1800x1050x20mm amb marc met\u00e0l\u00b7lic de refor\u00e7, c\u00e8rcol flexible de\u00a0 2 molles de 12 ganxos i xarxa de nil\u00f3. V\u00e0lida fins a 10mts d&#8217;al\u00e7ada. (no inclou subestructura). El preu no inclou escomesa el\u00e8ctrica. Pintada amb pols de poli\u00e8ster al forn color blanc.\u00a0<\/td>\u00a0<td>Compleix \u00a0la normativa UNE-EN 1270:2006.<\/td>\n<\/tr>\n<tr>\n<td>\n<h3 style=\"text-align: center;\">CBMEF<\/h3>\n<p><img decoding=\"async\" loading=\"lazy\" class=\"aligncenter size-thumbnail wp-image-561\" alt=\"canastas-de-baloncesto-monotubo-cbmef\" src=\"http:\/\/www.tea3.es\/wp-content\/uploads\/canastas-de-baloncesto-monotubo-cbmef-150x150.jpg\" width=\"150\" height=\"150\" srcset=\"https:\/\/www.tea3.es\/wp-content\/uploads\/canastas-de-baloncesto-monotubo-cbmef-150x150.jpg 150w, https:\/\/www.tea3.es\/wp-content\/uploads\/canastas-de-baloncesto-monotubo-cbmef-250x250.jpg 250w\" sizes=\"(max-width: 150px) 100vw, 150px\" \/><br \/>\n<\/td>\n<td>Cistella de b\u00e0squet model monotub amb plegat al sostre cap endavant. Motorreductor trif\u00e0sic amb finals de carrera i tambor d&#8217;enrotllament. Motor trif\u00e0sic amb una pot\u00e8ncia de 1CV i amb sortida de 30w. per minut, inclou caixa de comandaments amb botons de pujada i baixada, parada d&#8217;emerg\u00e8ncia i clau de seguretat. Tauler de fibra de vidre de 1800 x 1050x 200mm, amb c\u00e8rcol flexible de 2 molles de 12 ganxos i xarxa de nil\u00f3. V\u00e0lida fins a 10mts d&#8217;al\u00e7ada. (no inclou subestructura). El preu no inclou escomesa el\u00e8ctrica. Pintada amb pols de poli\u00e8ster al forn color blanc.\u00a0<\/td>\n<td>Compleix la normativa UNE-EN 1270:2006.<\/td>\n<\/tr>\n<tr>\n<td>\n<h3 style=\"text-align: center;\">CBMF<\/h3>\n<p><img decoding=\"async\" loading=\"lazy\" class=\"aligncenter size-thumbnail wp-image-562\" alt=\"canastas-de-baloncesto-monotubo-cbmf\" src=\"http:\/\/www.tea3.es\/wp-content\/uploads\/canastas-de-baloncesto-monotubo-cbmf1-150x150.jpg\" width=\"150\" height=\"150\" srcset=\"https:\/\/www.tea3.es\/wp-content\/uploads\/canastas-de-baloncesto-monotubo-cbmf1-150x150.jpg 150w, https:\/\/www.tea3.es\/wp-content\/uploads\/canastas-de-baloncesto-monotubo-cbmf1-250x250.jpg 250w\" sizes=\"(max-width: 150px) 100vw, 150px\" \/><br \/>\n<\/td>\n<td>Cistella de b\u00e0squet monotub amb plegat al sostre cap endavant.<br \/>\nTorn manual d&#8217;elevaci\u00f3.<br \/>\nTauler de fibra de vidre de 1800 x 1050 x 20mm. C\u00e8rcol reglamentari de 12 ganxos i xarxa de nil\u00f3.<br \/>\nV\u00e0lida fins a 10 mts d&#8217;al\u00e7ada. ( no inclou subestructura).<br \/>\nPintada amb pols de poli\u00e8ster al forn color blanc. <\/td>\n<td>Compleix la normativa UNE-EN 1270:2006.<\/td>\n<\/tr>\n<tr>\n<td>\n<h3 style=\"text-align: center;\">CBMFF<\/h3>\n<p><img decoding=\"async\" loading=\"lazy\" class=\"aligncenter size-thumbnail wp-image-563\" alt=\"canastas-de-baloncesto-monotubo-cbmff\" src=\"http:\/\/www.tea3.es\/wp-content\/uploads\/canastas-de-baloncesto-monotubo-cbmff-150x150.jpg\" width=\"150\" height=\"150\" srcset=\"https:\/\/www.tea3.es\/wp-content\/uploads\/canastas-de-baloncesto-monotubo-cbmff-150x150.jpg 150w, https:\/\/www.tea3.es\/wp-content\/uploads\/canastas-de-baloncesto-monotubo-cbmff-250x250.jpg 250w\" sizes=\"(max-width: 150px) 100vw, 150px\" \/><br \/>\n<\/td>\n<td>Cistella de b\u00e0squet model monotub amb plegat al sostre cap endavant. Torn manual d&#8217;elevaci\u00f3 mitjan\u00e7ant politges de nil\u00f3 amb rodaments. Tauler de fibra de vidre de 1800 x 1050 x 20mm, c\u00e8rcol flexible de dues molles de 12 ganxos i xarxa de nil\u00f3. V\u00e0lida fins a 10mts d&#8217;al\u00e7ada. (no inclou subestructura). El preu no inclou escomesa el\u00e8ctrica. Pintada amb pols de poli\u00e8ster al forn color blanc. <\/td>\n<td>Compleix \u00a0la normativa UNE-EN 1270:2006.<\/td>\n<\/tr>\n<tr>\n<td>\n<h3 style=\"text-align: center;\">CBMM10<\/h3>\n<p><img decoding=\"async\" loading=\"lazy\" class=\"aligncenter size-thumbnail wp-image-565\" alt=\"canastas-de-baloncesto-monotubo-cbmm10\" src=\"http:\/\/www.tea3.es\/wp-content\/uploads\/canastas-de-baloncesto-monotubo-cbmm10-150x150.jpg\" width=\"150\" height=\"150\" srcset=\"https:\/\/www.tea3.es\/wp-content\/uploads\/canastas-de-baloncesto-monotubo-cbmm10-150x150.jpg 150w, https:\/\/www.tea3.es\/wp-content\/uploads\/canastas-de-baloncesto-monotubo-cbmm10-250x250.jpg 250w\" sizes=\"(max-width: 150px) 100vw, 150px\" \/><br \/>\n<\/td>\n<td>Cistella de b\u00e0squet model monotub amb plegat al sostre.<br \/>\nTorn manual d&#8217;elevaci\u00f3 mitjan\u00e7ant politja de nil\u00f3.<br \/>\nAmb rodaments.<br \/>\nTauler de metacrilat de 1800 x 1050 x 10mm. d&#8217;al\u00e7ada.<br \/>\nNo inclou subestructura.<br \/>\nPintada amb pols de poli\u00e8ster al forn color blanc. <\/td>\n<td>Compleix la normativa UNE-EN 1270:2006.<\/td>\n<\/tr>\n<\/tbody><\/table>\n","protected":false},"excerpt":{"rendered":"<p>El disseny de les cistelles de b\u00e0squet monotub permet que aquests puguin penjar-se al sostre amb total comoditat i seguretat. El model monotub disposa de plegat cap endavant. Tenen tauler, c\u00e8rcol i xarxa. No inclouen subestructura. Les nostres cistelles de basquet monotub estan fabricades segons el reglament i les normatives exigides. Models de cistelles de basquet monotub disponibles:<\/p>\n","protected":false},"author":1,"featured_media":0,"parent":939,"menu_order":0,"comment_status":"open","ping_status":"open","template":"","meta":{"footnotes":""},"_links":{"self":[{"href":"https:\/\/www.tea3.es\/ca\/wp-json\/wp\/v2\/pages\/951"}],"collection":[{"href":"https:\/\/www.tea3.es\/ca\/wp-json\/wp\/v2\/pages"}],"about":[{"href":"https:\/\/www.tea3.es\/ca\/wp-json\/wp\/v2\/types\/page"}],"author":[{"embeddable":true,"href":"https:\/\/www.tea3.es\/ca\/wp-json\/wp\/v2\/users\/1"}],"replies":[{"embeddable":true,"href":"https:\/\/www.tea3.es\/ca\/wp-json\/wp\/v2\/comments?post=951"}],"version-history":[{"count":10,"href":"https:\/\/www.tea3.es\/ca\/wp-json\/wp\/v2\/pages\/951\/revisions"}],"predecessor-version":[{"id":1357,"href":"https:\/\/www.tea3.es\/ca\/wp-json\/wp\/v2\/pages\/951\/revisions\/1357"}],"up":[{"embeddable":true,"href":"https:\/\/www.tea3.es\/ca\/wp-json\/wp\/v2\/pages\/939"}],"wp:attachment":[{"href":"https:\/\/www.tea3.es\/ca\/wp-json\/wp\/v2\/media?parent=951"}],"curies":[{"name":"wp","href":"https:\/\/api.w.org\/{rel}","templated":true}]}}