{"id":953,"date":"2014-05-05T11:36:36","date_gmt":"2014-05-05T11:36:36","guid":{"rendered":"http:\/\/www.tea3.es\/?page_id=953"},"modified":"2014-05-20T09:35:20","modified_gmt":"2014-05-20T09:35:20","slug":"cistelles-de-basquet-multitub","status":"publish","type":"page","link":"https:\/\/www.tea3.es\/ca\/equipaments-esportius\/935-2\/cistelles-de-basquet-mini-basquet\/cistelles-de-basquet-multitub\/","title":{"rendered":"Cistelles de basquet multitub"},"content":{"rendered":"<p>Les cistelles de b\u00e0squet multitub estan dissenyades per penjar-les amb m\u00e0xima seguretat. Els models multitub tenen un plegat cap enrere. Aix\u00ed mateix tenen tauler, c\u00e8rcol i xarxa. No inclouen la subestructura. Les cistelles multitub estan fabricades segons el reglament i les normatives exigides.<\/p>\n<h2>Models de cistelles de basquet multitub:<\/h2>\n<table class=\"sf-table striped_bordered\"><tbody>\n<tr>\n<th>\n<p style=\"text-align: center;\">Referencia\u00a0i fotografia<\/p>\n<\/th>\n<th>\n<p style=\"text-align: center;\">Descripci\u00f3<\/p>\n<\/th>\n<th>\n<p style=\"text-align: center;\">Normativa<\/p>\n<\/th>\n<\/tr>\n<tr>\n<td>\n<h3 style=\"text-align: center;\">CBTLE15<\/h3>\n<p><img decoding=\"async\" loading=\"lazy\" class=\"aligncenter size-thumbnail wp-image-570\" alt=\"canastas-de-baloncesto-multitubo-cbtle15\" src=\"http:\/\/www.tea3.es\/wp-content\/uploads\/canastas-de-baloncesto-multitubo-cbtle15-150x150.jpg\" width=\"150\" height=\"150\" srcset=\"https:\/\/www.tea3.es\/wp-content\/uploads\/canastas-de-baloncesto-multitubo-cbtle15-150x150.jpg 150w, https:\/\/www.tea3.es\/wp-content\/uploads\/canastas-de-baloncesto-multitubo-cbtle15-250x250.jpg 250w\" sizes=\"(max-width: 150px) 100vw, 150px\" \/><br \/>\n<\/td>\n<td>Cistella de b\u00e0squet model multitub, amb plegat al sostre cap enrere, Motorreductor trif\u00e0sic amb finals de carrera i tambor d\u2019enrotllament. Motor trif\u00e0sic amb una potencia de 1CV i amb sortida de 30w per minut, inclou caixa de comandament amb botons de pujada i baixada, parada d\u2019emerg\u00e8ncia i clau de seguretat. Tauler de metacrilat de 1800x 1050 x\u00a015mm, amb c\u00e8rcol flexible de 2 molles i 12 ganxos,\u00a0i xarxa de nil\u00f3. V\u00e0lida fins a 10m d\u2019al\u00e7ada. (no inclou subestructura). No inclou escomesa el\u00e8ctrica. Pintada en pols de poli\u00e8ster al forn color blanc. . <\/td>\n<td>Compleix \u00a0la normativa UNE-EN 1270:2006.<\/td>\n<\/tr>\n<tr>\n<td>\n<h3 style=\"text-align: center;\">CBTLE20<\/h3>\n<p><img decoding=\"async\" loading=\"lazy\" class=\"aligncenter size-thumbnail wp-image-571\" alt=\"canastas-de-baloncesto-multitubo-cbtle20\" src=\"http:\/\/www.tea3.es\/wp-content\/uploads\/canastas-de-baloncesto-multitubo-cbtle201-150x150.jpg\" width=\"150\" height=\"150\" srcset=\"https:\/\/www.tea3.es\/wp-content\/uploads\/canastas-de-baloncesto-multitubo-cbtle201-150x150.jpg 150w, https:\/\/www.tea3.es\/wp-content\/uploads\/canastas-de-baloncesto-multitubo-cbtle201-250x250.jpg 250w\" sizes=\"(max-width: 150px) 100vw, 150px\" \/><br \/>\n<\/td>\n<td>Cistella de b\u00e0squet model multitub, amb plegat al sostre cap enrere, Motorreductor trif\u00e0sic amb finals de carrera i tambor d\u2019enrotllament. Motor trif\u00e0sic amb una potencia de 1CV i amb sortida de 30w per minut, inclou caixa de comandament amb botons de pujada i baixada, parada d\u2019emerg\u00e8ncia i clau de seguretat. Tauler de metacrilat de 1800x 1050 x\u00a020mm, amb c\u00e8rcol flexible de 2 molles i 12 ganxos,\u00a0i xarxa de nil\u00f3. V\u00e0lida fins a 10m d\u2019al\u00e7ada. (no inclou subestructura). No inclou escomesa el\u00e8ctrica. Pintada en pols de poli\u00e8ster al forn color blanc. . <\/td>\n<td>Compleix \u00a0la normativa UNE-EN 1270:2006.<\/td>\n<\/tr>\n<tr>\n<td>\n<h3 style=\"text-align: center;\">CBTLE30<\/h3>\n<p><img decoding=\"async\" loading=\"lazy\" class=\"aligncenter size-thumbnail wp-image-572\" alt=\"canastas-de-baloncesto-multitubo-cbtle30\" src=\"http:\/\/www.tea3.es\/wp-content\/uploads\/canastas-de-baloncesto-multitubo-cbtle30-150x150.jpg\" width=\"150\" height=\"150\" srcset=\"https:\/\/www.tea3.es\/wp-content\/uploads\/canastas-de-baloncesto-multitubo-cbtle30-150x150.jpg 150w, https:\/\/www.tea3.es\/wp-content\/uploads\/canastas-de-baloncesto-multitubo-cbtle30-250x250.jpg 250w\" sizes=\"(max-width: 150px) 100vw, 150px\" \/><br \/>\n<\/td>\n<td>\n<p>Cistella de b\u00e0squet model multitub, amb plegat al sostre cap enrere, Motorreductor trif\u00e0sic amb finals de carrera i tambor d\u2019enrotllament. Motor trif\u00e0sic amb una potencia de 1CV i amb sortida de 30w per minut, inclou caixa de comandament amb botons de pujada i baixada, parada d\u2019emerg\u00e8ncia i clau de seguretat. Tauler de metacrilat de 1800x 1050 x 30mm, amb c\u00e8rcol flexible de 2 molles i 12 ganxos,\u00a0i xarxa de nil\u00f3. V\u00e0lida fins a 10m d\u2019al\u00e7ada. (no inclou subestructura). No inclou escomesa el\u00e8ctrica. Pintada en pols de poli\u00e8ster al forn color blanc. . <\/td>\n<td>Compleix \u00a0la normativa UNE-EN 1270:2006.<\/td>\n<\/tr>\n<\/tbody><\/table>\n","protected":false},"excerpt":{"rendered":"<p>Les cistelles de b\u00e0squet multitub estan dissenyades per penjar-les amb m\u00e0xima seguretat. Els models multitub tenen un plegat cap enrere. Aix\u00ed mateix tenen tauler, c\u00e8rcol i xarxa. No inclouen la subestructura. Les cistelles multitub estan fabricades segons el reglament i les normatives exigides. Models de cistelles de basquet multitub:<\/p>\n","protected":false},"author":1,"featured_media":0,"parent":939,"menu_order":0,"comment_status":"closed","ping_status":"closed","template":"","meta":{"footnotes":""},"_links":{"self":[{"href":"https:\/\/www.tea3.es\/ca\/wp-json\/wp\/v2\/pages\/953"}],"collection":[{"href":"https:\/\/www.tea3.es\/ca\/wp-json\/wp\/v2\/pages"}],"about":[{"href":"https:\/\/www.tea3.es\/ca\/wp-json\/wp\/v2\/types\/page"}],"author":[{"embeddable":true,"href":"https:\/\/www.tea3.es\/ca\/wp-json\/wp\/v2\/users\/1"}],"replies":[{"embeddable":true,"href":"https:\/\/www.tea3.es\/ca\/wp-json\/wp\/v2\/comments?post=953"}],"version-history":[{"count":5,"href":"https:\/\/www.tea3.es\/ca\/wp-json\/wp\/v2\/pages\/953\/revisions"}],"predecessor-version":[{"id":1366,"href":"https:\/\/www.tea3.es\/ca\/wp-json\/wp\/v2\/pages\/953\/revisions\/1366"}],"up":[{"embeddable":true,"href":"https:\/\/www.tea3.es\/ca\/wp-json\/wp\/v2\/pages\/939"}],"wp:attachment":[{"href":"https:\/\/www.tea3.es\/ca\/wp-json\/wp\/v2\/media?parent=953"}],"curies":[{"name":"wp","href":"https:\/\/api.w.org\/{rel}","templated":true}]}}