{"id":957,"date":"2014-05-05T11:42:12","date_gmt":"2014-05-05T11:42:12","guid":{"rendered":"http:\/\/www.tea3.es\/?page_id=957"},"modified":"2014-05-22T08:21:09","modified_gmt":"2014-05-22T08:21:09","slug":"taulers-cercols-xarxes","status":"publish","type":"page","link":"https:\/\/www.tea3.es\/ca\/equipaments-esportius\/935-2\/taulers-cercols-xarxes\/","title":{"rendered":"Taulers, c\u00e8rcols i xarxes"},"content":{"rendered":"<p>A Tea3 tenim una gran varietat de taulers, c\u00e8rcols i xarxes. Tots ells dissenyats per adaptar-se a les teves necessitats de forma molt espec\u00edfica.<br \/>\nEls Taulers estan fabricats amb diferents materials, entre ells podeu trobar taulers de fibra de vidre de 20mm; de metacrilat de 10mm, 15mm i 20mm; d&#8217;aglomerat de 19mm; taulers americans met\u00e0l\u2022lics i marcs met\u00e0l\u2022lics per taulers de metacrilat. Tots ells fabricats segons el reglament.<\/p>\n<p>Tenim diferents tipus de c\u00e8rcols, tots fabricats segons el reglament:<\/p>\n<ul>\n<li>Est\u00e0ndard de 12 ganxos<\/li>\n<li>Mass\u00eds de 12 ganxos<\/li>\n<li>Flexible de 2 molles<\/li>\n<li>Extra\u00efble amb platina<\/li>\n<\/ul>\n<p>Tamb\u00e9 tenim xarxes per c\u00e8rcols de 12 ganxos , confeccionades amb diferents materials, tots ells a la teva disposici\u00f3:<\/p>\n<ul>\n<li>Cot\u00f3<\/li>\n<li>Nil\u00f3<\/li>\n<li>Cot\u00f3 per competici\u00f3<\/li>\n<li>Met\u00e0l\u2022liques de cadena<\/li>\n<\/ul>\n<h2>Models de Taulers, c\u00e8rcols i xarxes disponibles:<\/h2>\n<table class=\"sf-table striped_bordered\"><tbody>\n<tr>\n<th>\n<p style=\"text-align: center;\">Refer\u00e8ncia i fotografia<\/p>\n<\/th>\n<th>\n<p style=\"text-align: center;\">Descripci\u00f3<\/p>\n<\/th>\n<\/tr>\n<tr>\n<td>\n<h3 style=\"text-align: center;\">CBM605<\/h3>\n<p><img decoding=\"async\" loading=\"lazy\" class=\"aligncenter size-thumbnail wp-image-576\" alt=\"tableros-redes-aros-cbm605\" src=\"http:\/\/www.tea3.es\/wp-content\/uploads\/tableros-redes-aros-cbm605-150x150.jpg\" width=\"150\" height=\"150\" srcset=\"https:\/\/www.tea3.es\/wp-content\/uploads\/tableros-redes-aros-cbm605-150x150.jpg 150w, https:\/\/www.tea3.es\/wp-content\/uploads\/tableros-redes-aros-cbm605-250x250.jpg 250w\" sizes=\"(max-width: 150px) 100vw, 150px\" \/><br \/>\n<\/td>\n<td>C\u00e8rcol de b\u00e0squet flexible de 2 molles reglamentari, de 12 ganxos i tub de 20mm.<br \/>\nColor taronja.<br \/>\nQuatre cargols a la part posterior. <\/td>\n<\/tr>\n<tr>\n<td>\n<h3 style=\"text-align: center;\">CBM606<\/h3>\n<\/td>\n<td>C\u00e8rcol de b\u00e0squet extra\u00efble, met\u00e0l\u00b7lic reglamentari de 12 ganxos i tub de 20mm. <\/td>\n<\/tr>\n<tr>\n<td>\n<h3 style=\"text-align: center;\">CBM611<\/h3>\n<p><img decoding=\"async\" loading=\"lazy\" class=\"aligncenter size-thumbnail wp-image-577\" alt=\"tableros-redes-aros-cbm611\" src=\"http:\/\/www.tea3.es\/wp-content\/uploads\/tableros-redes-aros-cbm611-150x150.jpg\" width=\"150\" height=\"150\" srcset=\"https:\/\/www.tea3.es\/wp-content\/uploads\/tableros-redes-aros-cbm611-150x150.jpg 150w, https:\/\/www.tea3.es\/wp-content\/uploads\/tableros-redes-aros-cbm611-250x250.jpg 250w\" sizes=\"(max-width: 150px) 100vw, 150px\" \/><br \/>\n<\/td>\n<td>C\u00e8rcol de b\u00e0squet flexible de dues molles, reglamentari sense ganxos i tub de 20mm.<br \/>\nVaretes met\u00e0l\u00b7liques en substituci\u00f3 dels ganxos.<br \/>\nColor taronja.<br \/>\nQuatre cargols a la part posterior. <\/td>\n<\/tr>\n<tr>\n<td>\n<h3 style=\"text-align: center;\">CB603<\/h3>\n<p><img decoding=\"async\" loading=\"lazy\" class=\"aligncenter size-thumbnail wp-image-578\" alt=\"tableros-redes-aros-cb603\" src=\"http:\/\/www.tea3.es\/wp-content\/uploads\/tableros-redes-aros-cb603-150x150.jpg\" width=\"150\" height=\"150\" srcset=\"https:\/\/www.tea3.es\/wp-content\/uploads\/tableros-redes-aros-cb603-150x150.jpg 150w, https:\/\/www.tea3.es\/wp-content\/uploads\/tableros-redes-aros-cb603-250x250.jpg 250w\" sizes=\"(max-width: 150px) 100vw, 150px\" \/><br \/>\n<\/td>\n<td> C\u00e8rcol de b\u00e0squet met\u00e0l\u00b7lic reglamentari de 12 ganxos i tub de 20mm.<br \/>\nColor taronja.<br \/>\nPlatina amb quatre forats. <\/td>\n<\/tr>\n<tr>\n<td>\n<h3 style=\"text-align: center;\">CB604<\/h3>\n<p><img decoding=\"async\" loading=\"lazy\" class=\"aligncenter size-thumbnail wp-image-579\" alt=\"tableros-redes-aros-cb604\" src=\"http:\/\/www.tea3.es\/wp-content\/uploads\/tableros-redes-aros-cb6041-150x150.jpg\" width=\"150\" height=\"150\" srcset=\"https:\/\/www.tea3.es\/wp-content\/uploads\/tableros-redes-aros-cb6041-150x150.jpg 150w, https:\/\/www.tea3.es\/wp-content\/uploads\/tableros-redes-aros-cb6041-250x250.jpg 250w\" sizes=\"(max-width: 150px) 100vw, 150px\" \/><br \/>\n<\/td>\n<td> C\u00e8rcol de b\u00e0squet mass\u00eds reglamentari de 12 ganxos i tub de 20mm.<br \/>\nMass\u00eds.<br \/>\nColor taronja.<br \/>\nPlatina amb quatre forats. <\/td>\n<\/tr>\n<tr>\n<td>\n<h3 style=\"text-align: center;\">RBC<\/h3>\n<\/td>\n<td>Joc de xarxes de b\u00e0squet de cot\u00f3 confeccionada amb fil de 5,5mm. <\/td>\n<\/tr>\n<tr>\n<td>\n<h3 style=\"text-align: center;\">TBFB20<\/h3>\n<p><img decoding=\"async\" loading=\"lazy\" class=\"aligncenter size-thumbnail wp-image-580\" alt=\"tableros-redes-aros-tbfb20\" src=\"http:\/\/www.tea3.es\/wp-content\/uploads\/tableros-redes-aros-tbfb20-150x150.jpg\" width=\"150\" height=\"150\" srcset=\"https:\/\/www.tea3.es\/wp-content\/uploads\/tableros-redes-aros-tbfb20-150x150.jpg 150w, https:\/\/www.tea3.es\/wp-content\/uploads\/tableros-redes-aros-tbfb20-250x250.jpg 250w\" sizes=\"(max-width: 150px) 100vw, 150px\" \/><br \/>\n<\/td>\n<td>Tauler de b\u00e0squet de fibra de vidre de 1800 x 1050mm \u00a0i 20mm de gruix. <\/td>\n<\/tr>\n<tr>\n<td>\n<h3 style=\"text-align: center;\">RBBC<\/h3>\n<\/td>Xarxa de b\u00e0squet model competici\u00f3 de cot\u00f3.\u00a0[\/tcol]\n<\/tr>\n<tr>\n<td>\n<h3 style=\"text-align: center;\">RBBN<\/h3>\n<\/td>\n<td>Xarxa de b\u00e0squet model ACB. confeccionada amb nil\u00f3.<br \/>\nAlta competici\u00f3.<\/td>\n<\/tr>\n<tr>\n<td>\n<h3 style=\"text-align: center;\">RBM<\/h3>\n<p><img decoding=\"async\" loading=\"lazy\" class=\"aligncenter size-thumbnail wp-image-581\" alt=\"tableros-redes-aros-rbm\" src=\"http:\/\/www.tea3.es\/wp-content\/uploads\/tableros-redes-aros-rbm-150x150.jpg\" width=\"150\" height=\"150\" srcset=\"https:\/\/www.tea3.es\/wp-content\/uploads\/tableros-redes-aros-rbm-150x150.jpg 150w, https:\/\/www.tea3.es\/wp-content\/uploads\/tableros-redes-aros-rbm-250x250.jpg 250w\" sizes=\"(max-width: 150px) 100vw, 150px\" \/><br \/>\n<\/td>\n<td>Xarxa de b\u00e0squet de cadena met\u00e0l\u00b7lica antivand\u00e0lica.<br \/>\nTota ella galvanitzada.<\/td>\n<\/tr>\n<tr>\n<td>\n<h3 style=\"text-align: center;\">RBN<\/h3>\n<\/td>\n<td>Joc de xarxes de b\u00e0squet de nil\u00f3 confeccionada en trena de poliamida de 5mm. <\/td>\n<\/tr>\n<\/tbody><\/table>\n","protected":false},"excerpt":{"rendered":"<p>A Tea3 tenim una gran varietat de taulers, c\u00e8rcols i xarxes. Tots ells dissenyats per adaptar-se a les teves necessitats de forma molt espec\u00edfica. Els Taulers estan fabricats amb diferents materials, entre ells podeu trobar taulers de fibra de vidre de 20mm; de metacrilat de 10mm, 15mm i 20mm; d&#8217;aglomerat de 19mm; taulers americans met\u00e0l\u2022lics i marcs met\u00e0l\u2022lics per taulers [&hellip;]<\/p>\n","protected":false},"author":1,"featured_media":0,"parent":935,"menu_order":0,"comment_status":"open","ping_status":"open","template":"","meta":{"footnotes":""},"_links":{"self":[{"href":"https:\/\/www.tea3.es\/ca\/wp-json\/wp\/v2\/pages\/957"}],"collection":[{"href":"https:\/\/www.tea3.es\/ca\/wp-json\/wp\/v2\/pages"}],"about":[{"href":"https:\/\/www.tea3.es\/ca\/wp-json\/wp\/v2\/types\/page"}],"author":[{"embeddable":true,"href":"https:\/\/www.tea3.es\/ca\/wp-json\/wp\/v2\/users\/1"}],"replies":[{"embeddable":true,"href":"https:\/\/www.tea3.es\/ca\/wp-json\/wp\/v2\/comments?post=957"}],"version-history":[{"count":5,"href":"https:\/\/www.tea3.es\/ca\/wp-json\/wp\/v2\/pages\/957\/revisions"}],"predecessor-version":[{"id":1399,"href":"https:\/\/www.tea3.es\/ca\/wp-json\/wp\/v2\/pages\/957\/revisions\/1399"}],"up":[{"embeddable":true,"href":"https:\/\/www.tea3.es\/ca\/wp-json\/wp\/v2\/pages\/935"}],"wp:attachment":[{"href":"https:\/\/www.tea3.es\/ca\/wp-json\/wp\/v2\/media?parent=957"}],"curies":[{"name":"wp","href":"https:\/\/api.w.org\/{rel}","templated":true}]}}