{"id":959,"date":"2014-05-05T11:44:06","date_gmt":"2014-05-05T11:44:06","guid":{"rendered":"http:\/\/www.tea3.es\/?page_id=959"},"modified":"2014-05-20T10:13:37","modified_gmt":"2014-05-20T10:13:37","slug":"complements","status":"publish","type":"page","link":"https:\/\/www.tea3.es\/ca\/equipaments-esportius\/935-2\/complements\/","title":{"rendered":"Complements"},"content":{"rendered":"<p>Els complements s\u00f3n una part molt importat per millorar l&#8217;experi\u00e8ncia esportiva. Augmenten el valor del camp de joc de forma significativa, ja sigui en est\u00e0ndards de seguretat o qualitat, proporcionant un terreny m\u00e9s que apte per un desenvolupament perfecte de l&#8217;activitat esportiva.<\/p>\n<h2>Entre la gran varietat de complements per b\u00e0squet podem trobar:<\/h2>\n<table class=\"sf-table striped_bordered\"><tbody>\n<tr>\n<th>\n<p style=\"text-align: center;\">Referencia\u00a0i fotografia<\/p>\n<\/th>\n<th>\n<p style=\"text-align: center;\">Descripci\u00f3<\/p>\n<\/th>\n<\/tr>\n<tr>\n<td>\n<h3 style=\"text-align: center;\">RK17<\/h3>\n<\/td>\n<td>Joc de banderins de la 7\u00aa falta de b\u00e0squet.\u00a0.<br \/>\nFabricats en fusta.<br \/>\nBander\u00ed color vermell. <\/td>\n<\/tr>\n<tr>\n<td>\n<h3 style=\"text-align: center;\">RKIC5<\/h3>\n<\/td>\n<td>Joc de 5 indicadors de faltes de b\u00e0squet fabricats en pl\u00e0stic.<br \/>\nInclou caixa de suports.\u00a0<\/td>\n<\/tr>\n<tr>\n<td>\n<h3 style=\"text-align: center;\">SISEG<\/h3>\n<p><img decoding=\"async\" loading=\"lazy\" class=\"aligncenter size-thumbnail wp-image-586\" alt=\"complementos-siseg\" src=\"http:\/\/www.tea3.es\/wp-content\/uploads\/complementos-siseg1-150x150.jpg\" width=\"150\" height=\"150\" srcset=\"https:\/\/www.tea3.es\/wp-content\/uploads\/complementos-siseg1-150x150.jpg 150w, https:\/\/www.tea3.es\/wp-content\/uploads\/complementos-siseg1-250x250.jpg 250w\" sizes=\"(max-width: 150px) 100vw, 150px\" \/><br \/>\n<\/td>\n<td>Dispositiu de seguretat per cistelles model MULTITUB i MONOTUB.<br \/>\nEnrotllat i desenrotllat autom\u00e0tic amb frenada de 20cm en cas de caiguda.<br \/>\nSubjecci\u00f3 amb mosquet\u00f3 de seguretat\u00a01200DAN.<br \/>\nCompleix les normes de seguretat\u00a0EN 360 y AFNOR NFS 7120.<\/td>\n<\/tr>\n<tr>\n<td>\n<h3 style=\"text-align: center;\">PBCBF<\/h3>\n<p><img decoding=\"async\" loading=\"lazy\" class=\"aligncenter size-thumbnail wp-image-587\" alt=\"complementos-PBCBF\" src=\"http:\/\/www.tea3.es\/wp-content\/uploads\/complementos-PBCBF-150x150.jpg\" width=\"150\" height=\"150\" srcset=\"https:\/\/www.tea3.es\/wp-content\/uploads\/complementos-PBCBF-150x150.jpg 150w, https:\/\/www.tea3.es\/wp-content\/uploads\/complementos-PBCBF-250x250.jpg 250w\" sizes=\"(max-width: 150px) 100vw, 150px\" \/><br \/>\n<\/td>\n<td> Protecci\u00f3 estructural de lona de poli\u00e9ster d&#8217;alta tenacitat recoberta de PVC per les dues cares.<br \/>\nDoble cosit en tota la construcci\u00f3n.<br \/>\nCremallera per la substituci\u00f3 de l&#8217;escuma.<br \/>\nInterior de goma-escuma\u00a0D-25Kg. M3 d&#8217;una sola pe\u00e7a.<br \/>\nTancament mitjan\u00e7ant solapa de velcro, de manera que la protecci\u00f3n queda abra\u00e7ada a la columna.\u00a0<\/td>\n<\/tr>\n<tr>\n<td>\n<h3 style=\"text-align: center;\">PBCBM<\/h3>\n<p><img decoding=\"async\" loading=\"lazy\" class=\"aligncenter size-thumbnail wp-image-588\" alt=\"complementos-PBCBM\" src=\"http:\/\/www.tea3.es\/wp-content\/uploads\/complementos-PBCBM-150x150.jpg\" width=\"150\" height=\"150\" srcset=\"https:\/\/www.tea3.es\/wp-content\/uploads\/complementos-PBCBM-150x150.jpg 150w, https:\/\/www.tea3.es\/wp-content\/uploads\/complementos-PBCBM-250x250.jpg 250w\" sizes=\"(max-width: 150px) 100vw, 150px\" \/><br \/>\n<\/td>\n<td> Protecci\u00f3 davantera de la cistella de b\u00e0squet transportable, forma triangular.<br \/>\nTauler de fusta folrat amb tela i a l&#8217;interior escuma.<br \/>\nAncoratge met\u00e0l\u00b7lic per subjectar la protecci\u00f3.\u00a0<\/td>\n<\/tr>\n<tr>\n<td>\n<h3 style=\"text-align: center;\">RK15<\/h3>\n<\/td>\n<td>Joc de 5 indicadors de faltes de b\u00e0squet fabricats en pl\u00e0stic. No inclou caixa de suports.\u00a0<\/td>\n<\/tr>\n<tr>\n<td>\n<h3 style=\"text-align: center;\">PB<\/h3>\n<p><img decoding=\"async\" loading=\"lazy\" class=\"aligncenter size-thumbnail wp-image-589\" alt=\"complementos-PB\" src=\"http:\/\/www.tea3.es\/wp-content\/uploads\/complementos-PB-150x150.jpg\" width=\"150\" height=\"150\" srcset=\"https:\/\/www.tea3.es\/wp-content\/uploads\/complementos-PB-150x150.jpg 150w, https:\/\/www.tea3.es\/wp-content\/uploads\/complementos-PB-250x250.jpg 250w\" sizes=\"(max-width: 150px) 100vw, 150px\" \/><br \/>\n<\/td>\n<td> Protector en forma de\u00a0\u201cU\u201d fabricat amb escuma especial color blau.<br \/>\nFixaci\u00f3 al tauler mitjan\u00e7ant cola d&#8217;impacte.\u00a0<\/td>\n<\/tr>\n<tr>\n<td>\n<h3 style=\"text-align: center;\">ANC<\/h3>\n<p><img decoding=\"async\" loading=\"lazy\" class=\"aligncenter size-thumbnail wp-image-590\" alt=\"complementos-anc\" src=\"http:\/\/www.tea3.es\/wp-content\/uploads\/complementos-anc1-150x150.jpg\" width=\"150\" height=\"150\" srcset=\"https:\/\/www.tea3.es\/wp-content\/uploads\/complementos-anc1-150x150.jpg 150w, https:\/\/www.tea3.es\/wp-content\/uploads\/complementos-anc1-250x250.jpg 250w\" sizes=\"(max-width: 150px) 100vw, 150px\" \/><br \/>\n<\/td>\n<td>Ancoratge met\u00e0l\u00b7lic de cistella de b\u00e0squet fixa per fixar.<br \/>\nS&#8217;inclouen els cargols per fixar a la cistella.\u00a0<\/td>\n<\/tr>\n<tr>\n<td>\n<h3 style=\"text-align: center;\">CB70<\/h3>\n<p><img decoding=\"async\" loading=\"lazy\" class=\"aligncenter size-thumbnail wp-image-591\" alt=\"complementos-cb70\" src=\"http:\/\/www.tea3.es\/wp-content\/uploads\/complementos-cb70-150x150.jpg\" width=\"150\" height=\"150\" srcset=\"https:\/\/www.tea3.es\/wp-content\/uploads\/complementos-cb70-150x150.jpg 150w, https:\/\/www.tea3.es\/wp-content\/uploads\/complementos-cb70-250x250.jpg 250w\" sizes=\"(max-width: 150px) 100vw, 150px\" \/><br \/>\n<\/td>\n<td>Contrapes per a cistella traslladable.<br \/>\nFabricat amb pedra i nanses per el seu trasllat. <\/td>\n<\/tr>\n<tr>\n<td>\n<h3 style=\"text-align: center;\">TM250<\/h3>\n<p><img decoding=\"async\" loading=\"lazy\" class=\"aligncenter size-thumbnail wp-image-592\" alt=\"complementos-tm250\" src=\"http:\/\/www.tea3.es\/wp-content\/uploads\/complementos-tm250-150x150.jpg\" width=\"150\" height=\"150\" srcset=\"https:\/\/www.tea3.es\/wp-content\/uploads\/complementos-tm250-150x150.jpg 150w, https:\/\/www.tea3.es\/wp-content\/uploads\/complementos-tm250-250x250.jpg 250w\" sizes=\"(max-width: 150px) 100vw, 150px\" \/><br \/>\n<\/td>\n<td>Torn manual per elevaci\u00f3 de cistella model monotub.<br \/>\nAmb maneta extra\u00efble segons normativa vigent.<br \/>\nFins a \u00a0250kgs.<br \/>\n<\/td>\n<\/tr>\n<tr>\n<td>\n<h3 style=\"text-align: center;\">MTRIC<\/h3>\n<p><img decoding=\"async\" loading=\"lazy\" class=\"aligncenter size-thumbnail wp-image-593\" alt=\"complementos-mtric\" src=\"http:\/\/www.tea3.es\/wp-content\/uploads\/complementos-mtric-150x150.jpg\" width=\"150\" height=\"150\" srcset=\"https:\/\/www.tea3.es\/wp-content\/uploads\/complementos-mtric-150x150.jpg 150w, https:\/\/www.tea3.es\/wp-content\/uploads\/complementos-mtric-250x250.jpg 250w\" sizes=\"(max-width: 150px) 100vw, 150px\" \/><br \/>\n<\/td>\n<td>Motorreductor trif\u00e0sic amb finals de carrera i tambor d&#8217;enrotllament.<br \/>\nMotor trif\u00e0sic amb una potencia de 1CV i amb una sortida de 30W per minut.\u00a0<\/td>\n<\/tr>\n<\/tbody><\/table>\n","protected":false},"excerpt":{"rendered":"<p>Els complements s\u00f3n una part molt importat per millorar l&#8217;experi\u00e8ncia esportiva. Augmenten el valor del camp de joc de forma significativa, ja sigui en est\u00e0ndards de seguretat o qualitat, proporcionant un terreny m\u00e9s que apte per un desenvolupament perfecte de l&#8217;activitat esportiva. Entre la gran varietat de complements per b\u00e0squet podem trobar:<\/p>\n","protected":false},"author":1,"featured_media":0,"parent":935,"menu_order":0,"comment_status":"open","ping_status":"open","template":"","meta":{"footnotes":""},"_links":{"self":[{"href":"https:\/\/www.tea3.es\/ca\/wp-json\/wp\/v2\/pages\/959"}],"collection":[{"href":"https:\/\/www.tea3.es\/ca\/wp-json\/wp\/v2\/pages"}],"about":[{"href":"https:\/\/www.tea3.es\/ca\/wp-json\/wp\/v2\/types\/page"}],"author":[{"embeddable":true,"href":"https:\/\/www.tea3.es\/ca\/wp-json\/wp\/v2\/users\/1"}],"replies":[{"embeddable":true,"href":"https:\/\/www.tea3.es\/ca\/wp-json\/wp\/v2\/comments?post=959"}],"version-history":[{"count":5,"href":"https:\/\/www.tea3.es\/ca\/wp-json\/wp\/v2\/pages\/959\/revisions"}],"predecessor-version":[{"id":1369,"href":"https:\/\/www.tea3.es\/ca\/wp-json\/wp\/v2\/pages\/959\/revisions\/1369"}],"up":[{"embeddable":true,"href":"https:\/\/www.tea3.es\/ca\/wp-json\/wp\/v2\/pages\/935"}],"wp:attachment":[{"href":"https:\/\/www.tea3.es\/ca\/wp-json\/wp\/v2\/media?parent=959"}],"curies":[{"name":"wp","href":"https:\/\/api.w.org\/{rel}","templated":true}]}}