{"id":961,"date":"2014-05-05T11:47:55","date_gmt":"2014-05-05T11:47:55","guid":{"rendered":"http:\/\/www.tea3.es\/?page_id=961"},"modified":"2014-05-20T10:19:20","modified_gmt":"2014-05-20T10:19:20","slug":"mini-basquet","status":"publish","type":"page","link":"https:\/\/www.tea3.es\/ca\/equipaments-esportius\/935-2\/mini-basquet\/","title":{"rendered":"Mini basquet"},"content":{"rendered":"<p>El mini b\u00e0squet \u00e9s una modalitat del b\u00e0squet adaptada del b\u00e0squet original, especialment pensada per a nens, especialment entre 6 i 13 anys. Tots els elements del b\u00e0squet han sigut adaptats per aquest rati d&#8217;edat, ja sigui el pes de la pilota, les dimensions del terreny de joc, la mida del tauler, el temps de joc, etc&#8230;<br \/>\nEl Mini b\u00e0squet juga un paper molt important a la vida dels nens, ja que l&#8217;objectiu del joc \u00e9s superior a la competitivitat, es tracta d&#8217;ensenyan\u00e7a, \u00e8tica i respecte.<br \/>\nA Tea3 oferim la possibilitat d&#8217;equipar el teu camp de mini b\u00e0squet amb una gran varietat d&#8217;elements necessaris perqu\u00e8 els nens puguin entrenar i jugar amb total seguretat i comoditat al seu esport favorit.<\/p>\n<p>&nbsp;<\/p>\n<h2>Aquests s\u00f3n els productes disponibles per mini b\u00e0squet<\/h2>\n<div class=\"one_third\"><a href=\"\/ca\/equipaments-esportius\/935-2\/mini-basquet\/964-2\/\"><img decoding=\"async\" loading=\"lazy\" class=\"aligncenter size-medium wp-image-483\" alt=\"canastas-minibasquet-fijas-cbfded\" src=\"http:\/\/www.tea3.es\/wp-content\/uploads\/canastas-minibasquet-fijas-cbfded1-225x300.jpg\" width=\"225\" height=\"300\" srcset=\"https:\/\/www.tea3.es\/wp-content\/uploads\/canastas-minibasquet-fijas-cbfded1-225x300.jpg 225w, https:\/\/www.tea3.es\/wp-content\/uploads\/canastas-minibasquet-fijas-cbfded1.jpg 600w\" sizes=\"(max-width: 225px) 100vw, 225px\" \/><\/a><\/p>\n<h3><a href=\"\/ca\/equipaments-esportius\/935-2\/mini-basquet\/964-2\/\">Cistelles de mini b\u00e0squet fixes<\/a><\/h3>\n<\/div>\n<div class=\"one_third\"><a href=\"\/ca\/equipaments-esportius\/935-2\/mini-basquet\/cistelles-de-mini-basquet-mobils\/\"><img decoding=\"async\" loading=\"lazy\" class=\"aligncenter size-medium wp-image-484\" alt=\"canastas-minibasquet-moviles-cbmm\" src=\"http:\/\/www.tea3.es\/wp-content\/uploads\/canastas-minibasquet-moviles-cbmm-225x300.jpg\" width=\"225\" height=\"300\" srcset=\"https:\/\/www.tea3.es\/wp-content\/uploads\/canastas-minibasquet-moviles-cbmm-225x300.jpg 225w, https:\/\/www.tea3.es\/wp-content\/uploads\/canastas-minibasquet-moviles-cbmm.jpg 600w\" sizes=\"(max-width: 225px) 100vw, 225px\" \/><\/a><\/p>\n<h3><a href=\"\/ca\/equipaments-esportius\/935-2\/mini-basquet\/cistelles-de-mini-basquet-mobils\/\">Cistelles de mini b\u00e0squet m\u00f2bils<\/a><\/h3>\n<\/div>\n<div class=\"one_third last\"><a href=\"\/ca\/equipaments-esportius\/935-2\/mini-basquet\/complements\/\"><img decoding=\"async\" loading=\"lazy\" class=\"aligncenter size-medium wp-image-486\" alt=\"complementos-pbcbfm\" src=\"http:\/\/www.tea3.es\/wp-content\/uploads\/complementos-pbcbfm-225x300.jpg\" width=\"225\" height=\"300\" srcset=\"https:\/\/www.tea3.es\/wp-content\/uploads\/complementos-pbcbfm-225x300.jpg 225w, https:\/\/www.tea3.es\/wp-content\/uploads\/complementos-pbcbfm.jpg 600w\" sizes=\"(max-width: 225px) 100vw, 225px\" \/><\/a><\/p>\n<h3><a href=\"\/ca\/equipaments-esportius\/935-2\/mini-basquet\/complements\/\">Complements<\/a><\/h3>\n<\/div><div class=\"clearboth\"><\/div>\n<p>&nbsp;<\/p>\n<div class=\"one_third\"><a href=\"\/ca\/equipaments-esportius\/935-2\/mini-basquet\/taulers-xarxes-per-mini-basquet\/\"><img decoding=\"async\" loading=\"lazy\" class=\"aligncenter size-medium wp-image-485\" alt=\"tableros-redes-tbma19\" src=\"http:\/\/www.tea3.es\/wp-content\/uploads\/tableros-redes-tbma19-300x225.jpg\" width=\"300\" height=\"225\" srcset=\"https:\/\/www.tea3.es\/wp-content\/uploads\/tableros-redes-tbma19-300x225.jpg 300w, https:\/\/www.tea3.es\/wp-content\/uploads\/tableros-redes-tbma19-94x70.jpg 94w, https:\/\/www.tea3.es\/wp-content\/uploads\/tableros-redes-tbma19-600x450.jpg 600w, https:\/\/www.tea3.es\/wp-content\/uploads\/tableros-redes-tbma19.jpg 800w\" sizes=\"(max-width: 300px) 100vw, 300px\" \/><\/a><\/p>\n<h3><a href=\"\/ca\/equipaments-esportius\/935-2\/mini-basquet\/taulers-xarxes-per-mini-basquet\/\">Taulers i xarxes<\/a><\/h3>\n<\/div>\n","protected":false},"excerpt":{"rendered":"<p>El mini b\u00e0squet \u00e9s una modalitat del b\u00e0squet adaptada del b\u00e0squet original, especialment pensada per a nens, especialment entre 6 i 13 anys. Tots els elements del b\u00e0squet han sigut adaptats per aquest rati d&#8217;edat, ja sigui el pes de la pilota, les dimensions del terreny de joc, la mida del tauler, el temps de joc, etc&#8230; El Mini b\u00e0squet [&hellip;]<\/p>\n","protected":false},"author":1,"featured_media":0,"parent":935,"menu_order":0,"comment_status":"open","ping_status":"open","template":"","meta":{"footnotes":""},"_links":{"self":[{"href":"https:\/\/www.tea3.es\/ca\/wp-json\/wp\/v2\/pages\/961"}],"collection":[{"href":"https:\/\/www.tea3.es\/ca\/wp-json\/wp\/v2\/pages"}],"about":[{"href":"https:\/\/www.tea3.es\/ca\/wp-json\/wp\/v2\/types\/page"}],"author":[{"embeddable":true,"href":"https:\/\/www.tea3.es\/ca\/wp-json\/wp\/v2\/users\/1"}],"replies":[{"embeddable":true,"href":"https:\/\/www.tea3.es\/ca\/wp-json\/wp\/v2\/comments?post=961"}],"version-history":[{"count":8,"href":"https:\/\/www.tea3.es\/ca\/wp-json\/wp\/v2\/pages\/961\/revisions"}],"predecessor-version":[{"id":1372,"href":"https:\/\/www.tea3.es\/ca\/wp-json\/wp\/v2\/pages\/961\/revisions\/1372"}],"up":[{"embeddable":true,"href":"https:\/\/www.tea3.es\/ca\/wp-json\/wp\/v2\/pages\/935"}],"wp:attachment":[{"href":"https:\/\/www.tea3.es\/ca\/wp-json\/wp\/v2\/media?parent=961"}],"curies":[{"name":"wp","href":"https:\/\/api.w.org\/{rel}","templated":true}]}}