{"id":970,"date":"2014-05-05T11:55:22","date_gmt":"2014-05-05T11:55:22","guid":{"rendered":"http:\/\/www.tea3.es\/?page_id=970"},"modified":"2014-05-22T07:57:23","modified_gmt":"2014-05-22T07:57:23","slug":"taulers-xarxes-per-mini-basquet","status":"publish","type":"page","link":"https:\/\/www.tea3.es\/ca\/equipaments-esportius\/935-2\/mini-basquet\/taulers-xarxes-per-mini-basquet\/","title":{"rendered":"Taulers i xarxes per mini b\u00e0squet"},"content":{"rendered":"<p>Pots trobar una gran varietat de taulers i xarxes adaptades per a mini b\u00e0squet. Comptem amb taulers de metacrilat, fibra de vidre, aglomerats, etc.<br \/>\nDisposem tamb\u00e9 de varis tipus de xarxes, totes elles dissenyades segons les necessitats del seu terreny de joc i activitat.<\/p>\n<h2>Models de taulers i xarxes per mini b\u00e0squet disponibles:<\/h2>\n<table class=\"sf-table striped_bordered\"><tbody>\n<tr>\n<th>\n<p style=\"text-align: center;\">Referencia\u00a0i fotografia<\/p>\n<\/th>\n<th>\n<p style=\"text-align: center;\">Descripci\u00f3<\/p>\n<\/th>\n<\/tr>\n<tr>\n<td>\n<h3 style=\"text-align: center;\">CB603<\/h3>\n<\/td>\n<td>C\u00e8rcol de b\u00e0squet de metacrilat reglamentari de 12 ganxos i tub de 20mm.<br \/>\nPlatina de quatre forats.<br \/>\nColor taronja.<br \/>\n<\/td>\n<\/tr>\n<tr>\n<td>\n<h3 style=\"text-align: center;\">CB604<\/h3>\n<\/td>\n<td>C\u00e8rcol de b\u00e0squet mass\u00eds reglamentari de 12 ganchos i tub de 20mm.<br \/>\nPlatina de quatre forats.<br \/>\nColor taronja. <\/td>\n<\/tr>\n<tr>\n<td>\n<h3 style=\"text-align: center;\">CBM606<\/h3>\n<\/td>\n<td>C\u00e8rcol de b\u00e0squet extra\u00efble, met\u00e0l\u00b7lic reglamentari de 12 ganxos i tub de 20mm. <\/td>\n<\/tr>\n<tr>\n<td>\n<h3 style=\"text-align: center;\">TBMA19<\/h3>\n<p><img decoding=\"async\" loading=\"lazy\" class=\"aligncenter size-thumbnail wp-image-606\" alt=\"tableros-redes-tbma19\" src=\"http:\/\/www.tea3.es\/wp-content\/uploads\/tableros-redes-tbma191-150x150.jpg\" width=\"150\" height=\"150\" srcset=\"https:\/\/www.tea3.es\/wp-content\/uploads\/tableros-redes-tbma191-150x150.jpg 150w, https:\/\/www.tea3.es\/wp-content\/uploads\/tableros-redes-tbma191-250x250.jpg 250w\" sizes=\"(max-width: 150px) 100vw, 150px\" \/><br \/>\n<\/td>\n<td>Tauler de mini b\u00e0squet aglomerat amb marc de ferro. <\/td>\n<\/tr>\n<tr>\n<td>\n<h3 style=\"text-align: center;\">TBMM10<\/h3>\n<p><img decoding=\"async\" loading=\"lazy\" class=\"aligncenter size-thumbnail wp-image-607\" alt=\"tableros-redes-tbmm10\" src=\"http:\/\/www.tea3.es\/wp-content\/uploads\/tableros-redes-tbmm10-150x150.jpg\" width=\"150\" height=\"150\" srcset=\"https:\/\/www.tea3.es\/wp-content\/uploads\/tableros-redes-tbmm10-150x150.jpg 150w, https:\/\/www.tea3.es\/wp-content\/uploads\/tableros-redes-tbmm10-250x250.jpg 250w\" sizes=\"(max-width: 150px) 100vw, 150px\" \/><br \/>\n<\/td>\n<td>Tauler de mini b\u00e0squet de metacrilat de 120x90cm i 10mm de gruix. <\/td>\n<\/tr>\n<tr>\n<td>\n<h3 style=\"text-align: center;\">TMBMM10<\/h3>\n<p><img decoding=\"async\" loading=\"lazy\" class=\"aligncenter size-thumbnail wp-image-608\" alt=\"tableros-redes-tmbmm10\" src=\"http:\/\/www.tea3.es\/wp-content\/uploads\/tableros-redes-tmbmm10-150x150.jpg\" width=\"150\" height=\"150\" srcset=\"https:\/\/www.tea3.es\/wp-content\/uploads\/tableros-redes-tmbmm10-150x150.jpg 150w, https:\/\/www.tea3.es\/wp-content\/uploads\/tableros-redes-tmbmm10-250x250.jpg 250w\" sizes=\"(max-width: 150px) 100vw, 150px\" \/><br \/>\n<\/td>\n<td>Tauler de minib\u00e0squet de metacrilat de 120x90cm i 10mm de gruix.<br \/>\nRatlles adhesives color blanc.<\/td>\n<\/tr>\n<tr>\n<td>\n<h3 style=\"text-align: center;\">TMBFB20<\/h3>\n<p><img decoding=\"async\" loading=\"lazy\" class=\"aligncenter size-thumbnail wp-image-609\" alt=\"tableros-redes-tmbfb20\" src=\"http:\/\/www.tea3.es\/wp-content\/uploads\/tableros-redes-tmbfb20-150x150.jpg\" width=\"150\" height=\"150\" srcset=\"https:\/\/www.tea3.es\/wp-content\/uploads\/tableros-redes-tmbfb20-150x150.jpg 150w, https:\/\/www.tea3.es\/wp-content\/uploads\/tableros-redes-tmbfb20-250x250.jpg 250w\" sizes=\"(max-width: 150px) 100vw, 150px\" \/><br \/>\n<\/td>\n<td>Tauler de mini b\u00e0squet de 120x90cm i 20mm de gruix. <\/td>\n<\/tr>\n<\/tbody><\/table>\n","protected":false},"excerpt":{"rendered":"<p>Pots trobar una gran varietat de taulers i xarxes adaptades per a mini b\u00e0squet. Comptem amb taulers de metacrilat, fibra de vidre, aglomerats, etc. Disposem tamb\u00e9 de varis tipus de xarxes, totes elles dissenyades segons les necessitats del seu terreny de joc i activitat. Models de taulers i xarxes per mini b\u00e0squet disponibles:<\/p>\n","protected":false},"author":1,"featured_media":0,"parent":961,"menu_order":0,"comment_status":"open","ping_status":"open","template":"","meta":{"footnotes":""},"_links":{"self":[{"href":"https:\/\/www.tea3.es\/ca\/wp-json\/wp\/v2\/pages\/970"}],"collection":[{"href":"https:\/\/www.tea3.es\/ca\/wp-json\/wp\/v2\/pages"}],"about":[{"href":"https:\/\/www.tea3.es\/ca\/wp-json\/wp\/v2\/types\/page"}],"author":[{"embeddable":true,"href":"https:\/\/www.tea3.es\/ca\/wp-json\/wp\/v2\/users\/1"}],"replies":[{"embeddable":true,"href":"https:\/\/www.tea3.es\/ca\/wp-json\/wp\/v2\/comments?post=970"}],"version-history":[{"count":6,"href":"https:\/\/www.tea3.es\/ca\/wp-json\/wp\/v2\/pages\/970\/revisions"}],"predecessor-version":[{"id":1393,"href":"https:\/\/www.tea3.es\/ca\/wp-json\/wp\/v2\/pages\/970\/revisions\/1393"}],"up":[{"embeddable":true,"href":"https:\/\/www.tea3.es\/ca\/wp-json\/wp\/v2\/pages\/961"}],"wp:attachment":[{"href":"https:\/\/www.tea3.es\/ca\/wp-json\/wp\/v2\/media?parent=970"}],"curies":[{"name":"wp","href":"https:\/\/api.w.org\/{rel}","templated":true}]}}