{"id":972,"date":"2014-05-05T12:03:03","date_gmt":"2014-05-05T12:03:03","guid":{"rendered":"http:\/\/www.tea3.es\/?page_id=972"},"modified":"2014-05-21T09:28:16","modified_gmt":"2014-05-21T09:28:16","slug":"complements","status":"publish","type":"page","link":"https:\/\/www.tea3.es\/ca\/equipaments-esportius\/935-2\/mini-basquet\/complements\/","title":{"rendered":"Complements"},"content":{"rendered":"<p>A Tea3 tenim complements molt \u00fatils per els camps de mini b\u00e0squet. Proteccions fabricades amb materials de qualitat i dissenyades per mantenir uns est\u00e0ndards de seguretat \u00f2ptims, perqu\u00e8 la seguretat \u00e9s un dels elements m\u00e9s importants a l&#8217;esport, especialment a l&#8217;esport infantil.<\/p>\n<h2>Aquests s\u00f3n els complements disponibles per mini b\u00e0squet:<\/h2>\n<table class=\"sf-table striped_bordered\"><tbody>\n<tr>\n<th>\n<p style=\"text-align: center;\">Refer\u00e8ncia\u00a0i fotografia<\/p>\n<\/th>\n<th>\n<p style=\"text-align: center;\">Descripci\u00f3<\/p>\n<\/th>\n<\/tr>\n<tr>\n<td>\n<h3 style=\"text-align: center;\">ADBMP<\/h3>\n<\/td>\n<td>Estructura met\u00e0l\u00b7lica amb sistema de pist\u00f3 hidr\u00e0ulic per b\u00e0squet i mini b\u00e0squet.<br \/>\nColor taronja.<br \/>\n<\/td>\n<\/tr>\n<tr>\n<td>\n<h3 style=\"text-align: center;\">ADBM<\/h3>\n<p><img decoding=\"async\" loading=\"lazy\" class=\"aligncenter size-thumbnail wp-image-612\" alt=\"complementos-adbm\" src=\"http:\/\/www.tea3.es\/wp-content\/uploads\/complementos-adbm-150x150.jpg\" width=\"150\" height=\"150\" srcset=\"https:\/\/www.tea3.es\/wp-content\/uploads\/complementos-adbm-150x150.jpg 150w, https:\/\/www.tea3.es\/wp-content\/uploads\/complementos-adbm-250x250.jpg 250w\" sizes=\"(max-width: 150px) 100vw, 150px\" \/><br \/>\n<\/td>\n<td>Adaptador mec\u00e0nic amb sistema de rosca per b\u00e0squet i mini b\u00e0squet.<br \/>\nNo inclou ni tauler ni c\u00e8rcol.<br \/>\n<\/td>\n<\/tr>\n<tr>\n<td>\n<h3 style=\"text-align: center;\">PBCBFM<\/h3>\n<p><img decoding=\"async\" loading=\"lazy\" class=\"aligncenter size-thumbnail wp-image-613\" alt=\"complementos-pbcbfm\" src=\"http:\/\/www.tea3.es\/wp-content\/uploads\/complementos-pbcbfm1-150x150.jpg\" width=\"150\" height=\"150\" srcset=\"https:\/\/www.tea3.es\/wp-content\/uploads\/complementos-pbcbfm1-150x150.jpg 150w, https:\/\/www.tea3.es\/wp-content\/uploads\/complementos-pbcbfm1-250x250.jpg 250w\" sizes=\"(max-width: 150px) 100vw, 150px\" \/><br \/>\n<\/td>\n<td>Protecci\u00f3 davantera de cistella de mini b\u00e0squet transportable en forma triangular.<br \/>\nTauler de fusta folrat amb tela i interior d&#8217;escuma.<br \/>\nAncoratge met\u00e0l\u00b7lic per subjectar la protecci\u00f3.\u00a0<\/td>\n<\/tr>\n<tr>\n<td>\n<h3 style=\"text-align: center;\">PBCBMM<\/h3>\n<p><img decoding=\"async\" loading=\"lazy\" class=\"aligncenter size-thumbnail wp-image-614\" alt=\"complementos-pbcbmm\" src=\"http:\/\/www.tea3.es\/wp-content\/uploads\/complementos-pbcbmm-150x150.jpg\" width=\"150\" height=\"150\" srcset=\"https:\/\/www.tea3.es\/wp-content\/uploads\/complementos-pbcbmm-150x150.jpg 150w, https:\/\/www.tea3.es\/wp-content\/uploads\/complementos-pbcbmm-250x250.jpg 250w\" sizes=\"(max-width: 150px) 100vw, 150px\" \/><br \/>\n<\/td>\n<td>Protecci\u00f3 estructural en lona de poli\u00e8ster d\u2019alta tenacitat, recoberta de PVC per les dues cares. Doble cosit en tota la construcci\u00f3. Cremallera per la substituci\u00f3 de l\u2019escuma. Interior de goma escuma D-25KG. M3 d\u2019una sola pe\u00e7a. Tancament mitjan\u00e7ant solapa de velcro, de manera que la protecci\u00f3 queda abra\u00e7ada a la columna.\u00a0<\/td>\n<\/tr>\n<\/tbody><\/table>\n","protected":false},"excerpt":{"rendered":"<p>A Tea3 tenim complements molt \u00fatils per els camps de mini b\u00e0squet. Proteccions fabricades amb materials de qualitat i dissenyades per mantenir uns est\u00e0ndards de seguretat \u00f2ptims, perqu\u00e8 la seguretat \u00e9s un dels elements m\u00e9s importants a l&#8217;esport, especialment a l&#8217;esport infantil. Aquests s\u00f3n els complements disponibles per mini b\u00e0squet:<\/p>\n","protected":false},"author":1,"featured_media":0,"parent":961,"menu_order":0,"comment_status":"open","ping_status":"open","template":"","meta":{"footnotes":""},"_links":{"self":[{"href":"https:\/\/www.tea3.es\/ca\/wp-json\/wp\/v2\/pages\/972"}],"collection":[{"href":"https:\/\/www.tea3.es\/ca\/wp-json\/wp\/v2\/pages"}],"about":[{"href":"https:\/\/www.tea3.es\/ca\/wp-json\/wp\/v2\/types\/page"}],"author":[{"embeddable":true,"href":"https:\/\/www.tea3.es\/ca\/wp-json\/wp\/v2\/users\/1"}],"replies":[{"embeddable":true,"href":"https:\/\/www.tea3.es\/ca\/wp-json\/wp\/v2\/comments?post=972"}],"version-history":[{"count":6,"href":"https:\/\/www.tea3.es\/ca\/wp-json\/wp\/v2\/pages\/972\/revisions"}],"predecessor-version":[{"id":1382,"href":"https:\/\/www.tea3.es\/ca\/wp-json\/wp\/v2\/pages\/972\/revisions\/1382"}],"up":[{"embeddable":true,"href":"https:\/\/www.tea3.es\/ca\/wp-json\/wp\/v2\/pages\/961"}],"wp:attachment":[{"href":"https:\/\/www.tea3.es\/ca\/wp-json\/wp\/v2\/media?parent=972"}],"curies":[{"name":"wp","href":"https:\/\/api.w.org\/{rel}","templated":true}]}}