{"id":976,"date":"2014-05-06T09:30:09","date_gmt":"2014-05-06T09:30:09","guid":{"rendered":"http:\/\/www.tea3.es\/?page_id=976"},"modified":"2015-09-17T09:48:44","modified_gmt":"2015-09-17T09:48:44","slug":"porteries-de-handbol-futbol-sala-fixes-mobils","status":"publish","type":"page","link":"https:\/\/www.tea3.es\/ca\/equipaments-esportius\/handbol-futbol-sala\/porteries-de-handbol-futbol-sala-fixes-mobils\/","title":{"rendered":"Porteries de handbol i futbol sala fixes i m\u00f2bils"},"content":{"rendered":"<p>Tenim una amplia gamma de porteries de handbol i futbol sala, tant fixes com m\u00f2bils. Estan fabricades en diferents materials com; metall, alumini, PVC, etc. Adaptant-se a les necessitats espec\u00edfiques. Totes les nostres porteries de handbol i futbol sala mesuren 3m x 2m, i estan fabricades segons el reglament i la normativa existent.<\/p>\n<h2>Models disponibles de porteries de handbol i futbol sala fixes i m\u00f2bils:<\/h2>\n<table class=\"sf-table striped_bordered\"><tbody>\n<tr>\n<th>\n<p style=\"text-align: center;\">Refer\u00e8ncia i fotografia<\/p>\n<\/th>\n<th>\n<p style=\"text-align: center;\">Descripci\u00f3<\/p>\n<\/th>\n<th>\n<p style=\"text-align: center;\">Normativa<\/p>\n<\/th>\n<\/tr>\n<tr>\n<td>\n<h3 style=\"text-align: center;\">PHMFR<\/h3>\n<p><img decoding=\"async\" loading=\"lazy\" class=\"aligncenter size-thumbnail wp-image-618\" alt=\"porterias-balonmano-futbolsala-phmfr\" src=\"http:\/\/www.tea3.es\/wp-content\/uploads\/porterias-balonmano-futbolsala-phmfr-150x150.jpg\" width=\"150\" height=\"150\" srcset=\"https:\/\/www.tea3.es\/wp-content\/uploads\/porterias-balonmano-futbolsala-phmfr-150x150.jpg 150w, https:\/\/www.tea3.es\/wp-content\/uploads\/porterias-balonmano-futbolsala-phmfr-250x250.jpg 250w\" sizes=\"(max-width: 150px) 100vw, 150px\" \/><br \/>\n<\/td>\n<td>Porteria de handbol i futbol sala reglamentaries met\u00e0l\u00b7liques fixes de mides 3 x 2m, fabricada segons normativa UNE EN749:1995+Al1998. Pals rodons de 80mm, orelles met\u00e0l\u00b7liques, ganxos de pl\u00e0stic antilesi\u00f3 i estructura color vermell amb adhesius color blanc. No inclou xarxes. Inclou els ancoratges.\u00a0<\/td>\n<td>Fabricada segons normativa UNE EN749:1995 + Al: 1998<\/td>\n<\/tr>\n<tr>\n<td>\n<h3 style=\"text-align: center;\">PHMR<\/h3>\n<p><img decoding=\"async\" loading=\"lazy\" class=\"aligncenter size-thumbnail wp-image-619\" alt=\"porterias-balonmano-futbolsala-phmr\" src=\"http:\/\/www.tea3.es\/wp-content\/uploads\/porterias-balonmano-futbolsala-phmr-150x150.jpg\" width=\"150\" height=\"150\" srcset=\"https:\/\/www.tea3.es\/wp-content\/uploads\/porterias-balonmano-futbolsala-phmr-150x150.jpg 150w, https:\/\/www.tea3.es\/wp-content\/uploads\/porterias-balonmano-futbolsala-phmr-250x250.jpg 250w\" sizes=\"(max-width: 150px) 100vw, 150px\" \/><br \/>\n<\/td><td>Porteria de handbol i futbol sala reglamentaria met\u00e0l\u00b7lica i traslladable de mides 3x2m. Pals en tub rodo de 8x8cm de di\u00e0metre, arcs met\u00e0l\u00b7lics zincats, ganxos de pl\u00e0stic antilesi\u00f3 i estructura color vermell amb adhesius color blanc. No inclou xarxes. No inclou cap mena d&#8217;ancoratge.\u00a0<\/td>\u00a0<i><br \/>\n<\/i><\/p>\n<td>Fabricada segons normativa UNE EN749:1995 + Al: 1998<\/td><i><\/i><br \/>\n<\/tr>\n<tr>\n<td>\n<h3 style=\"text-align: center;\">PHPVC<\/h3>\n<p style=\"text-align: center;\"><a href=\"http:\/\/www.tea3.es\/wp-content\/uploads\/porteria-de-balonmano.jpg\"><img decoding=\"async\" loading=\"lazy\" alt=\"porteria de balonmano\" src=\"http:\/\/www.tea3.es\/wp-content\/uploads\/porteria-de-balonmano.jpg\" width=\"150\" height=\"150\" \/><\/a><\/p>\n<\/td>\n<td>Porteria de handbol i futbol sala reglamentaria fabricada en PVC d&#8217;alta qualitat traslladables i de mides 3x2m. Mides plegades en bossa 104x16x13cms. Pes 6,7Kg. No inclou cap mena d&#8217;ancoratge. Inclou xarxa <\/td>\n<td>Fabricada segons normativa UNE EN749:1995 + Al: 1998<\/td>\n<\/tr>\n<tr>\n<td>\n<h3 style=\"text-align: center;\">PHMF<\/h3>\n<p><img decoding=\"async\" loading=\"lazy\" class=\"aligncenter size-thumbnail wp-image-620\" alt=\"porterias-balonmano-futbolsala-phmf\" src=\"http:\/\/www.tea3.es\/wp-content\/uploads\/porterias-balonmano-futbolsala-phmf-150x150.jpg\" width=\"150\" height=\"150\" srcset=\"https:\/\/www.tea3.es\/wp-content\/uploads\/porterias-balonmano-futbolsala-phmf-150x150.jpg 150w, https:\/\/www.tea3.es\/wp-content\/uploads\/porterias-balonmano-futbolsala-phmf-250x250.jpg 250w\" sizes=\"(max-width: 150px) 100vw, 150px\" \/><\/td>\n<td>Porteria de handbol i futbol sala reglamentaria met\u00e0l\u00b7lica fixa de mides 3x2m, fabricada segons norma \u00a0UNE EN749: 1995 + Al: 1998. Pals de 8x8cm, orelles met\u00e0l\u00b7liques, ganxos de pl\u00e0stic antilesi\u00f3 i estructura color vermell amb adhesius color blanc. No inclou xarxes. Inclou ancoratges. <\/td>\n<td>Fabricada segons normativa UNE EN749:1995 + Al: 1998<\/td>\n<\/tr>\n<tr>\n<td>\n<h3 style=\"text-align: center;\">PHMP<\/h3>\n<p><img decoding=\"async\" loading=\"lazy\" class=\"aligncenter size-thumbnail wp-image-621\" alt=\"porterias-balonmano-futbolsala-phmp\" src=\"http:\/\/www.tea3.es\/wp-content\/uploads\/porterias-balonmano-futbolsala-phmp-150x150.jpg\" width=\"150\" height=\"150\" srcset=\"https:\/\/www.tea3.es\/wp-content\/uploads\/porterias-balonmano-futbolsala-phmp-150x150.jpg 150w, https:\/\/www.tea3.es\/wp-content\/uploads\/porterias-balonmano-futbolsala-phmp-250x250.jpg 250w\" sizes=\"(max-width: 150px) 100vw, 150px\" \/><\/td>\n<td>Porteria de handbol futbol sala reglamentaria met\u00e0l\u00b7lica i antivand\u00e0lica de mides 3x2m, fabricada segons normativa UNE EN749:1995 + Al: 1998 tipus autoestables. Pals de 8x8cm arcs \u00a0met\u00e0l\u00b7lics zincats, ganxos de pl\u00e0stic antilesi\u00f3 i estructura galvanitzada en calent per evitar l&#8217;oxidaci\u00f3. No inclou xarxes. No inclou cap tipus d&#8217;ancoratge. <\/td>\n<td>Fabricada segons normativa UNE EN749:1995 + Al: 1998<\/td>\n<\/tr>\n<tr>\n<td>\n<h3 style=\"text-align: center;\">PHAF<\/h3>\n<p><img decoding=\"async\" loading=\"lazy\" class=\"aligncenter size-thumbnail wp-image-622\" alt=\"porterias-balonmano-futbolsala-phaf\" src=\"http:\/\/www.tea3.es\/wp-content\/uploads\/porterias-balonmano-futbolsala-phaf-150x150.jpg\" width=\"150\" height=\"150\" srcset=\"https:\/\/www.tea3.es\/wp-content\/uploads\/porterias-balonmano-futbolsala-phaf-150x150.jpg 150w, https:\/\/www.tea3.es\/wp-content\/uploads\/porterias-balonmano-futbolsala-phaf-250x250.jpg 250w\" sizes=\"(max-width: 150px) 100vw, 150px\" \/><\/td>\n<td>Porteria de h\u00e1ndbol i futbol sala reglamentaria d&#8217;alumini fixa de mides\u00a03x2m, fabricada segons norma \u00a0UNE EN749: 1995 + Al:1998. Pals de 8x8cm, orelles met\u00e0l\u00b7liques, ganxos antilesi\u00f3 i estructura color vermell amb adhesius color blanc. No inclou xarxes. S&#8217;inclouen ancoratges. <\/td>\n<td>Fabricada segons normativa UNE EN749:1995 + Al: 1998<\/td>\n<\/tr>\n<tr>\n<td>\n<h3 style=\"text-align: center;\">PHF<\/h3>\n<p><img decoding=\"async\" loading=\"lazy\" class=\"aligncenter size-thumbnail wp-image-623\" alt=\"porterias-balonmano-futbolsala-phf\" src=\"http:\/\/www.tea3.es\/wp-content\/uploads\/porterias-balonmano-futbolsala-phf2-150x150.jpg\" width=\"150\" height=\"150\" srcset=\"https:\/\/www.tea3.es\/wp-content\/uploads\/porterias-balonmano-futbolsala-phf2-150x150.jpg 150w, https:\/\/www.tea3.es\/wp-content\/uploads\/porterias-balonmano-futbolsala-phf2-250x250.jpg 250w\" sizes=\"(max-width: 150px) 100vw, 150px\" \/><\/td>\n<td>Porteria de handbol i futbol sala reglamentaria traslladable amb pals de fusta de mides\u00a03x2m .Pals de\u00a08x8cm, arcs met\u00e0l\u00b7lics zincats, ganxos de pl\u00e0stic antilesi\u00f3 i estructura color vermell amb adhesius color blanc. No inclou xarxes.\u00a0<\/td>\n<td>Fabricada segons normativa UNE EN749:1995 + Al: 1998<\/td>\n<\/tr>\n<tr>\n<td>\n<h3 style=\"text-align: center;\">PHA<\/h3>\n<p><img decoding=\"async\" loading=\"lazy\" class=\"aligncenter size-thumbnail wp-image-624\" alt=\"porterias-balonmano-futbolsala-pha\" src=\"http:\/\/www.tea3.es\/wp-content\/uploads\/porterias-balonmano-futbolsala-pha-150x150.jpg\" width=\"150\" height=\"150\" srcset=\"https:\/\/www.tea3.es\/wp-content\/uploads\/porterias-balonmano-futbolsala-pha-150x150.jpg 150w, https:\/\/www.tea3.es\/wp-content\/uploads\/porterias-balonmano-futbolsala-pha-250x250.jpg 250w\" sizes=\"(max-width: 150px) 100vw, 150px\" \/><\/td>\n<td>Porteria de handbol i futbol sala reglamentaria i traslladable fabricada amb tub d&#8217;alumini de 80&#215;80 i mides 3&#215;2. Arcs lliures met\u00e0l\u00b7lics zincats , ganxos de pl\u00e0stic antilesi\u00f3 i estructura color vermell amb adhesius color blanc. No inclou xarxes.\u00a0<\/td>\n<td>Fabricada segons normativa UNE EN749:1995 + Al: 1998<\/td>\n<\/tr>\n<tr>\n<td>\n<h3 style=\"text-align: center;\">PHAA<\/h3>\n<p><img decoding=\"async\" loading=\"lazy\" class=\"aligncenter size-thumbnail wp-image-625\" alt=\"porterias-balonmano-futbolsala-phaa\" src=\"http:\/\/www.tea3.es\/wp-content\/uploads\/porterias-balonmano-futbolsala-phaa-150x150.jpg\" width=\"150\" height=\"150\" srcset=\"https:\/\/www.tea3.es\/wp-content\/uploads\/porterias-balonmano-futbolsala-phaa-150x150.jpg 150w, https:\/\/www.tea3.es\/wp-content\/uploads\/porterias-balonmano-futbolsala-phaa-250x250.jpg 250w\" sizes=\"(max-width: 150px) 100vw, 150px\" \/><\/td>\n<td>Porteria de handbol\u00a0 i futbol sala reglamentaria d&#8217;alumini i abatible de mides 3&#215;2, fabricada segons norma\u00a0UNE EN749: 1995 + Al: 1998.\u00a0Pals \u00a0de 8x8cm. arcs met\u00e0l\u00b7lics zincats, ganxos antilesi\u00f3 i estructura color vermell amb adhesius color blanc. No inclou xarxes.\u00a0<\/td>\n<td>Fabricada segons normativa UNE EN749:1995 + Al: 1998<\/td>\n<\/tr>\n<tr>\n<td>\n<h3 style=\"text-align: center;\">PHM<\/h3>\n<p><img decoding=\"async\" loading=\"lazy\" class=\"aligncenter size-thumbnail wp-image-626\" alt=\"porterias-balonmano-futbolsala-phm\" src=\"http:\/\/www.tea3.es\/wp-content\/uploads\/porterias-balonmano-futbolsala-phm-150x150.jpg\" width=\"150\" height=\"150\" srcset=\"https:\/\/www.tea3.es\/wp-content\/uploads\/porterias-balonmano-futbolsala-phm-150x150.jpg 150w, https:\/\/www.tea3.es\/wp-content\/uploads\/porterias-balonmano-futbolsala-phm-250x250.jpg 250w\" sizes=\"(max-width: 150px) 100vw, 150px\" \/><\/td>\n<td>Porteria de handbol i futbol sala reglamentaria met\u00e0l\u00b7lica i translladable de mides 3&#215;2. Pals de 8x8cm, arcs met\u00e0l\u00b7lics\u00a0zincats, ganxos de pl\u00e0stic antilesi\u00f3 i estructura color vermell amb adhesius color blanc. No inclou xarxes.\u00a0<\/td>\n<td>Fabricada segons normativa UNE EN749:1995 + Al: 1998<\/td>\n<\/tr>\n<tr>\n<td>\n<h3 style=\"text-align: center;\">PHAP<\/h3>\n<p style=\"text-align: center;\"><a href=\"http:\/\/www.tea3.es\/wp-content\/uploads\/phap.png\"><img decoding=\"async\" loading=\"lazy\" alt=\"phap\" src=\"http:\/\/www.tea3.es\/wp-content\/uploads\/phap.png\" width=\"200\" height=\"200\" \/><\/a><\/p>\n<\/td>\n<td>Porteria de handbol futbol sala met\u00e0l\u00b7lica d&#8217;alumini \u00a0de 3x2mts, amb arquetes plegables, postes de 8x8cm, arcs met\u00e0l\u00b7lics pintats, ganxos \u00a0de pl\u00e0stic antilesi\u00f3 \u00a0i estructura color vermell amb adhesius color blanc\u00a0. No inclou xarxes.\u00a0.<\/td>\n<td>Fabricada segons normativa UNE EN749:1995 + Al: 1998<\/td>\n<\/tr>\n<\/tbody><\/table>\n<p>&nbsp;<\/p>\n","protected":false},"excerpt":{"rendered":"<p>Tenim una amplia gamma de porteries de handbol i futbol sala, tant fixes com m\u00f2bils. Estan fabricades en diferents materials com; metall, alumini, PVC, etc. Adaptant-se a les necessitats espec\u00edfiques. Totes les nostres porteries de handbol i futbol sala mesuren 3m x 2m, i estan fabricades segons el reglament i la normativa existent. Models disponibles de porteries de handbol i [&hellip;]<\/p>\n","protected":false},"author":1,"featured_media":0,"parent":974,"menu_order":0,"comment_status":"open","ping_status":"open","template":"","meta":{"footnotes":""},"_links":{"self":[{"href":"https:\/\/www.tea3.es\/ca\/wp-json\/wp\/v2\/pages\/976"}],"collection":[{"href":"https:\/\/www.tea3.es\/ca\/wp-json\/wp\/v2\/pages"}],"about":[{"href":"https:\/\/www.tea3.es\/ca\/wp-json\/wp\/v2\/types\/page"}],"author":[{"embeddable":true,"href":"https:\/\/www.tea3.es\/ca\/wp-json\/wp\/v2\/users\/1"}],"replies":[{"embeddable":true,"href":"https:\/\/www.tea3.es\/ca\/wp-json\/wp\/v2\/comments?post=976"}],"version-history":[{"count":10,"href":"https:\/\/www.tea3.es\/ca\/wp-json\/wp\/v2\/pages\/976\/revisions"}],"predecessor-version":[{"id":2239,"href":"https:\/\/www.tea3.es\/ca\/wp-json\/wp\/v2\/pages\/976\/revisions\/2239"}],"up":[{"embeddable":true,"href":"https:\/\/www.tea3.es\/ca\/wp-json\/wp\/v2\/pages\/974"}],"wp:attachment":[{"href":"https:\/\/www.tea3.es\/ca\/wp-json\/wp\/v2\/media?parent=976"}],"curies":[{"name":"wp","href":"https:\/\/api.w.org\/{rel}","templated":true}]}}