{"id":980,"date":"2014-05-06T09:36:55","date_gmt":"2014-05-06T09:36:55","guid":{"rendered":"http:\/\/www.tea3.es\/?page_id=980"},"modified":"2015-06-16T08:48:36","modified_gmt":"2015-06-16T08:48:36","slug":"xarxes-de-handbol","status":"publish","type":"page","link":"https:\/\/www.tea3.es\/ca\/equipaments-esportius\/handbol-futbol-sala\/xarxes-de-handbol\/","title":{"rendered":"Xarxes de handbol"},"content":{"rendered":"<p>A Tea3 disposem amb una gran gamma de xarxes de handbol, totes confeccionades en nil\u00f3 i malla de 100 x 100mm. En color blanc, verd o bicolor de varis colors.<br \/>\nTamb\u00e9 disposem de xarxes confeccionades en polietil\u00e8 i malla de 100 x 100mm. Les Xarxes de handbol poden s\u00e9 de diferents di\u00e0metres, 3mm, 4mm o 5mm. Aix\u00ed mateix tenim cortines malla de 44 x 44mm.<\/p>\n<h2>Xarxes disponibles de handbol:<\/h2>\n<table class=\"sf-table striped_bordered\"><tbody>\n<tr>\n<th>\n<p style=\"text-align: center;\">Refer\u00e8ncia i fotografia<\/p>\n<\/th>\n<th>\n<p style=\"text-align: center;\">Descripci\u00f3<\/p>\n<\/th>\n<\/tr>\n<tr>\n<td>\n<h3 style=\"text-align: center;\">RH5<\/h3>\n<p style=\"text-align: center;\"><a href=\"http:\/\/www.tea3.es\/wp-content\/uploads\/RHP3-y-RHP4-red-de-balonmano-futbol-sala.png\"><img decoding=\"async\" loading=\"lazy\" alt=\"RHP3 y RHP4 red de balonmano futbol sala\" src=\"http:\/\/www.tea3.es\/wp-content\/uploads\/RHP3-y-RHP4-red-de-balonmano-futbol-sala.png\" width=\"150\" height=\"150\" \/><\/a><\/p>\n<\/td>\n<td>Xarxa de handbol futbol-sala confeccionada en nil\u00f3 trenat de 5mm i malla de 100mm.<br \/>\nDimensions: \u00a03x2x1mts.<br \/>\nColor blanc.<\/td>\n<\/tr>\n<tr>\n<td>\n<h3 style=\"text-align: center;\">RHE<\/h3>\n<\/td>\n<td> Xarxa de handbol futbol-sala, confeccionada amb nil\u00f3 trenat de 4mm i malla de 44x44mm.<br \/>\nDimensions: 3x2x1mts.<br \/>\nColor blanc.<\/td>\n<\/tr>\n<tr>\n<td>\n<h3 style=\"text-align: center;\">RHP3<\/h3>\n<p style=\"text-align: center;\"><a href=\"http:\/\/www.tea3.es\/wp-content\/uploads\/RHP3-y-RHP4-red-de-balonmano-futbol-sala.png\"><img decoding=\"async\" loading=\"lazy\" alt=\"RHP3 y RHP4 red de balonmano futbol sala\" src=\"http:\/\/www.tea3.es\/wp-content\/uploads\/RHP3-y-RHP4-red-de-balonmano-futbol-sala.png\" width=\"150\" height=\"150\" \/><\/a><\/p>\n<\/td>\n<td>Xarxa de polietil\u00e8 de 3,5mm de gruix amb malla de 100mm. <\/td>\n<\/tr>\n<tr>\n<td>\n<h3 style=\"text-align: center;\">RHP4<\/h3>\n<p style=\"text-align: center;\"><a href=\"http:\/\/www.tea3.es\/wp-content\/uploads\/RHP3-y-RHP4-red-de-balonmano-futbol-sala.png\"><img decoding=\"async\" loading=\"lazy\" alt=\"RHP3 y RHP4 red de balonmano futbol sala\" src=\"http:\/\/www.tea3.es\/wp-content\/uploads\/RHP3-y-RHP4-red-de-balonmano-futbol-sala.png\" width=\"150\" height=\"150\" \/><\/a><\/p>\n<\/td>\n<td>Xarxa de polipropil\u00e8 de 4mm de gruix amb malla de 100mm. <\/td>\n<\/tr>\n<\/tbody><\/table>\n<p>&nbsp;<\/p>\n<p>&nbsp;<\/p>\n<p>&nbsp;<\/p>\n","protected":false},"excerpt":{"rendered":"<p>A Tea3 disposem amb una gran gamma de xarxes de handbol, totes confeccionades en nil\u00f3 i malla de 100 x 100mm. En color blanc, verd o bicolor de varis colors. Tamb\u00e9 disposem de xarxes confeccionades en polietil\u00e8 i malla de 100 x 100mm. Les Xarxes de handbol poden s\u00e9 de diferents di\u00e0metres, 3mm, 4mm o 5mm. Aix\u00ed mateix tenim cortines [&hellip;]<\/p>\n","protected":false},"author":1,"featured_media":0,"parent":974,"menu_order":0,"comment_status":"open","ping_status":"open","template":"","meta":{"footnotes":""},"_links":{"self":[{"href":"https:\/\/www.tea3.es\/ca\/wp-json\/wp\/v2\/pages\/980"}],"collection":[{"href":"https:\/\/www.tea3.es\/ca\/wp-json\/wp\/v2\/pages"}],"about":[{"href":"https:\/\/www.tea3.es\/ca\/wp-json\/wp\/v2\/types\/page"}],"author":[{"embeddable":true,"href":"https:\/\/www.tea3.es\/ca\/wp-json\/wp\/v2\/users\/1"}],"replies":[{"embeddable":true,"href":"https:\/\/www.tea3.es\/ca\/wp-json\/wp\/v2\/comments?post=980"}],"version-history":[{"count":4,"href":"https:\/\/www.tea3.es\/ca\/wp-json\/wp\/v2\/pages\/980\/revisions"}],"predecessor-version":[{"id":2128,"href":"https:\/\/www.tea3.es\/ca\/wp-json\/wp\/v2\/pages\/980\/revisions\/2128"}],"up":[{"embeddable":true,"href":"https:\/\/www.tea3.es\/ca\/wp-json\/wp\/v2\/pages\/974"}],"wp:attachment":[{"href":"https:\/\/www.tea3.es\/ca\/wp-json\/wp\/v2\/media?parent=980"}],"curies":[{"name":"wp","href":"https:\/\/api.w.org\/{rel}","templated":true}]}}