{"id":982,"date":"2014-05-06T09:39:19","date_gmt":"2014-05-06T09:39:19","guid":{"rendered":"http:\/\/www.tea3.es\/?page_id=982"},"modified":"2015-06-16T08:56:28","modified_gmt":"2015-06-16T08:56:28","slug":"982-2","status":"publish","type":"page","link":"https:\/\/www.tea3.es\/ca\/equipaments-esportius\/982-2\/","title":{"rendered":"Hoquei"},"content":{"rendered":"<p>El hoquei \u00e9s una fam\u00edlia d\u2019esports que es pot dividir en 4 modalitats principals:<\/p>\n<ul>\n<li>Hoquei sobre gespa<\/li>\n<li>Hoquei sobre gel<\/li>\n<li>Hoquei sobre patins<\/li>\n<li>Hoquei sobre patins en l\u00ednia<\/li>\n<\/ul>\n<p>El joc consta de dos equips que competeixen per marcar gols en la porteria del rival amb una pilota de material dur (normalment alumini) o un disc de suro ajudant-se d\u2019un bast\u00f3 llarg anomenat pal de hoquei o stick.<br \/>\nLes mides del camp de hoquei i el reglament poden variar segons la modalitat. A Tea3 tenim accessoris perfectament dissenyats per el camp de hoquei, ja sigui de gespa o patins.<\/p>\n<h2>Productes disponibles per hoquei:<\/h2>\n<table class=\"sf-table striped_bordered\"><tbody>\n<tr>\n<th>\n<p style=\"text-align: center;\">Refer\u00e8ncia i fotografia<\/p>\n<\/th>\n<th>\n<p style=\"text-align: center;\">Descripci\u00f3<\/p>\n<\/th>\n<\/tr>\n<tr>\n<td>\n<h3 style=\"text-align: center;\">SQD y AQF<\/h3>\n<p style=\"text-align: center;\"><a href=\"http:\/\/www.tea3.es\/wp-content\/uploads\/SQD-valla-hockey.jpg\"><img decoding=\"async\" loading=\"lazy\" class=\"aligncenter  wp-image-2129\" alt=\"SQD valla hockey\" src=\"http:\/\/www.tea3.es\/wp-content\/uploads\/SQD-valla-hockey.jpg\" width=\"150\" height=\"150\" srcset=\"https:\/\/www.tea3.es\/wp-content\/uploads\/SQD-valla-hockey-150x150.jpg 150w, https:\/\/www.tea3.es\/wp-content\/uploads\/SQD-valla-hockey-250x250.jpg 250w\" sizes=\"(max-width: 150px) 100vw, 150px\" \/><\/a><\/p>\n<\/td>\n<td>\n<p>La tanca perimetral per a camps de Hoquei sobre patins, fabricada per TEA3 SPORTS esta dissenyada i fabricada segons el REGLAMENT INTERNACIONAL DE HOQUEI SOBRE PATINS. (FIRS Japo-2008.<br \/>\nFabricada amb trams de 2m, quatre corbes de radi entre 1 i 3m, i dos portes d&#8217;acc\u00e9s a la pista amb obertura cap a l&#8217;exterior, ubicades just en els bancs de cada equip i annex a la taula dels Oficials de Joc. Tots els components estan fabricats de forma que no existeixi cap forat superior a 50mm, impedint la sortida de la pilota de joc de forma accidental.<br \/>\nEs f\u00e0cilment muntable i desmuntable, mitjan\u00e7ant ancoratges collats al terra, i un sistema de subjecci\u00f3 als pals mitjan\u00e7ant presoners.<br \/>\nTota ella fabricada amb perfilaria, malla i passamans d&#8217;acer, dotada d&#8217;un s\u00f2col perimetral en DM envarnissat de 20cm d&#8217;al\u00e7ada per 2cm de gruix, cargolat a l&#8217;estructura.<br \/>\nAquest productes s&#8217;adapta \u00a0als requisits del client, en funci\u00f3 de les dimensions de la pista que es tingui que instal\u00b7lar segons la FIRS.<\/p>\n<p>NORMES.<br \/>\nEl disseny i c\u00e0lcul s&#8217;ha considerat el REGLAMENT T\u00c8CNIC DE HOCKEY SOBRE PATINS (FIRS Japo-2008), aprovada per el Comit\u00e8 Internacional de Hoquei Patins. (CIRH).<br \/>\nDe la mateixa manera compleix la normativa aplicable d&#8217;atrapaments.<\/p>\n<p>COMPONENTS.<br \/>\nLa tanca perimetral est\u00e0 formada per varis m\u00f2duls de tanca i portes units entre ells mitjan\u00e7ant ancoratges.<\/p>\n<ul>\n<li>M\u00f2dul de tanca recte de 2m de llarg.<\/li>\n<li>M\u00f2dul de tanca corba amb radi entre 1 i 3m.<\/li>\n<li>M\u00f2dul de porta de 2m, amb una o dues fulles batents cap a l&#8217;exterior del camp.<\/li>\n<li>M\u00f2dul de s\u00f2col de\u00a0 2 x 0.2 x 0.02m en DM envernissat.<\/li>\n<\/ul>\n<p>MATERIALS:<br \/>\nTot el tancament perimetral, passamans i ancoratges estan fabricats amb acer soldat. Parts met\u00e0l\u00b7liques estan sotmeses a un tractament de decapat i imprimaci\u00f3 de pintura en pols.<\/p>\n<p>EPOXI-POLIESTER O GALVANITZAT (Disponible la carta de colors RAL).<br \/>\nTots els cargols i femelles autoblocants, estan zincats per evitar la corrosi\u00f3.<\/p>\n<\/td>\n<\/tr>\n<tr>\n<td>\n<h3 style=\"text-align: center;\">CCQH<\/h3>\n<p style=\"text-align: center;\"><a href=\"http:\/\/www.tea3.es\/wp-content\/uploads\/CCQH-carro-hockey1.png\"><img decoding=\"async\" loading=\"lazy\" class=\"aligncenter  wp-image-2132\" alt=\"CCQH carro hockey\" src=\"http:\/\/www.tea3.es\/wp-content\/uploads\/CCQH-carro-hockey1.png\" width=\"150\" height=\"150\" srcset=\"https:\/\/www.tea3.es\/wp-content\/uploads\/CCQH-carro-hockey1-150x150.png 150w, https:\/\/www.tea3.es\/wp-content\/uploads\/CCQH-carro-hockey1-250x250.png 250w\" sizes=\"(max-width: 150px) 100vw, 150px\" \/><\/a><\/p>\n<\/td>\n<td>Carro met\u00e0l\u00b7lic i base de fusta per transportar tanca \u00a0de Hoquei<br \/>\nAmb rodes pel seu trasllat. <\/td>\n<\/tr>\n<tr>\n<td>\n<h3 style=\"text-align: center;\">PQH02<\/h3>\n<p><img decoding=\"async\" loading=\"lazy\" class=\"aligncenter size-thumbnail wp-image-649\" alt=\"hockey-pqh02\" src=\"http:\/\/www.tea3.es\/wp-content\/uploads\/hockey-pqh021-150x150.jpg\" width=\"150\" height=\"150\" srcset=\"https:\/\/www.tea3.es\/wp-content\/uploads\/hockey-pqh021-150x150.jpg 150w, https:\/\/www.tea3.es\/wp-content\/uploads\/hockey-pqh021-250x250.jpg 250w\" sizes=\"(max-width: 150px) 100vw, 150px\" \/><br \/>\n<\/td>\n<td>Joc de porteries de hoquei rodes traslladables, fabricades en tub rodo de 75mm.<br \/>\nDimensions de 105&#215;170 cm.<br \/>\nVareta per fixar la xarxa. <\/td>\n<\/tr>\n<tr>\n<td>\n<h3 style=\"text-align: center;\">PQH3<\/h3>\n<\/td>\n<td>Porteria de hoquei herba traslladable, met\u00e0l\u00b7lica, pintada reglament\u00e0riament.<br \/>\nGanxos antilesi\u00f3.<br \/>\nNo inclou xarxes. <\/td>\n<\/tr>\n<\/tbody><\/table>\n","protected":false},"excerpt":{"rendered":"<p>El hoquei \u00e9s una fam\u00edlia d\u2019esports que es pot dividir en 4 modalitats principals: Hoquei sobre gespa Hoquei sobre gel Hoquei sobre patins Hoquei sobre patins en l\u00ednia El joc consta de dos equips que competeixen per marcar gols en la porteria del rival amb una pilota de material dur (normalment alumini) o un disc de suro ajudant-se d\u2019un bast\u00f3 [&hellip;]<\/p>\n","protected":false},"author":1,"featured_media":0,"parent":899,"menu_order":0,"comment_status":"open","ping_status":"open","template":"","meta":{"footnotes":""},"_links":{"self":[{"href":"https:\/\/www.tea3.es\/ca\/wp-json\/wp\/v2\/pages\/982"}],"collection":[{"href":"https:\/\/www.tea3.es\/ca\/wp-json\/wp\/v2\/pages"}],"about":[{"href":"https:\/\/www.tea3.es\/ca\/wp-json\/wp\/v2\/types\/page"}],"author":[{"embeddable":true,"href":"https:\/\/www.tea3.es\/ca\/wp-json\/wp\/v2\/users\/1"}],"replies":[{"embeddable":true,"href":"https:\/\/www.tea3.es\/ca\/wp-json\/wp\/v2\/comments?post=982"}],"version-history":[{"count":7,"href":"https:\/\/www.tea3.es\/ca\/wp-json\/wp\/v2\/pages\/982\/revisions"}],"predecessor-version":[{"id":2134,"href":"https:\/\/www.tea3.es\/ca\/wp-json\/wp\/v2\/pages\/982\/revisions\/2134"}],"up":[{"embeddable":true,"href":"https:\/\/www.tea3.es\/ca\/wp-json\/wp\/v2\/pages\/899"}],"wp:attachment":[{"href":"https:\/\/www.tea3.es\/ca\/wp-json\/wp\/v2\/media?parent=982"}],"curies":[{"name":"wp","href":"https:\/\/api.w.org\/{rel}","templated":true}]}}