{"id":985,"date":"2014-05-06T09:41:14","date_gmt":"2014-05-06T09:41:14","guid":{"rendered":"http:\/\/www.tea3.es\/?page_id=985"},"modified":"2014-05-27T08:10:23","modified_gmt":"2014-05-27T08:10:23","slug":"voleibol","status":"publish","type":"page","link":"https:\/\/www.tea3.es\/ca\/equipaments-esportius\/voleibol\/","title":{"rendered":"Voleibol"},"content":{"rendered":"<p>El voleibol \u00e9s un esport el que dos equips s\u2019enfronten en un terreny de joc totalment llis, separats per una xarxa situada en el centre del camp. En el voleibol els dos equips han de passar la pilota per sobre la xarxa cap el camp de l\u2019equip contrari amb la finalitat de que la pilota toqui el terra de l\u2019equip rival per poder sumar punts al marcador. Cada equip t\u00e9 un numero limitat de cops a la pilota avan\u00e7 de ser enviada cap al camp de l\u2019equip contrari. La Pilota mai pot ser retinguda, agafada o acompanyada.<br \/>\nTenim una amplia gamma d\u2019accessoris per a voleibol, pensats per millorar experi\u00e8ncia esportiva i el desenvolupament del voleibol.<\/p>\n<h2>Productes disponibles per voleibol:<\/h2>\n<table class=\"sf-table striped_bordered\"><tbody>\n<tr>\n<th>\n<p style=\"text-align: center;\">Refer\u00e8ncia i fotografia<\/p>\n<\/th>\n<th>\n<p style=\"text-align: center;\">Descripci\u00f3<\/p>\n<\/th>\n<\/tr>\n<tr>\n<td>\n<h3 style=\"text-align: center;\">CDVP<\/h3>\n<\/td>\n<td>Cinta de nil\u00f3 de 5cm de gruix amb les seves corresponents piquetes per fixar la cinta a la sorra.<br \/>\nColor fluorescent. <\/td>\n<\/tr>\n<tr>\n<td>\n<h3 style=\"text-align: center;\">VCA<\/h3>\n<p><img decoding=\"async\" loading=\"lazy\" class=\"aligncenter size-thumbnail wp-image-653\" alt=\"voleibol-vca\" src=\"http:\/\/www.tea3.es\/wp-content\/uploads\/voleibol-vca1-150x150.jpg\" width=\"150\" height=\"150\" srcset=\"https:\/\/www.tea3.es\/wp-content\/uploads\/voleibol-vca1-150x150.jpg 150w, https:\/\/www.tea3.es\/wp-content\/uploads\/voleibol-vca1-250x250.jpg 250w\" sizes=\"(max-width: 150px) 100vw, 150px\" \/><br \/>\n<\/td>\n<td>Cadira d&#8217;\u00e0rbitre met\u00e0l\u00b7lica i plataforma de fusta de pi.<br \/>\nPintada amb epoxi.<\/td>\n<\/tr>\n<tr>\n<td>\n<h3 style=\"text-align: center;\">VPF02<\/h3>\n<p><img decoding=\"async\" loading=\"lazy\" class=\"aligncenter size-thumbnail wp-image-654\" alt=\"voleibol-vpf02\" src=\"http:\/\/www.tea3.es\/wp-content\/uploads\/voleibol-vpf02-150x150.jpg\" width=\"150\" height=\"150\" srcset=\"https:\/\/www.tea3.es\/wp-content\/uploads\/voleibol-vpf02-150x150.jpg 150w, https:\/\/www.tea3.es\/wp-content\/uploads\/voleibol-vpf02-250x250.jpg 250w\" sizes=\"(max-width: 150px) 100vw, 150px\" \/><br \/>\n<\/td>\n<td>Pals de voleibol met\u00e0l\u00b7lics fixes mitjan\u00e7ant ancoratges. Pal rodo de 9cm de di\u00e0metre. Regulaci\u00f3 d&#8217;al\u00e7ada amb regla numerada. tensor mec\u00e0nic manual i politja superior. Tot pintat amb pols de poli\u00e8ster al forn. Els pals de voleibol compleixen la normativa. UNE-EN 1271:2004.\u00a0<\/td>\n<\/tr>\n<tr>\n<td>\n<h3 style=\"text-align: center;\">VPT02<\/h3>\n<p><img decoding=\"async\" loading=\"lazy\" class=\"aligncenter size-thumbnail wp-image-655\" alt=\"voleibol-vpt02\" src=\"http:\/\/www.tea3.es\/wp-content\/uploads\/voleibol-vpt02-150x150.jpg\" width=\"150\" height=\"150\" srcset=\"https:\/\/www.tea3.es\/wp-content\/uploads\/voleibol-vpt02-150x150.jpg 150w, https:\/\/www.tea3.es\/wp-content\/uploads\/voleibol-vpt02-250x250.jpg 250w\" sizes=\"(max-width: 150px) 100vw, 150px\" \/><br \/>\n<\/td>\n<td>Pals de voleibol met\u00e0l\u00b7lics traslladables amb forma de &#8220;L&#8221;.<br \/>\nNo inclou contrapes. Rodes per el seu trasllat.<br \/>\nTensor de maneta i regla numerada.<br \/>\nPintat amb epoxi.<br \/>\nNo inclou xarxa.<br \/>\nCompleix la normativa UNE EN 1271-2004 \/ AC: 2006.<\/td>\n<\/tr>\n<tr>\n<td>\n<h3 style=\"text-align: center;\">VV01<\/h3>\n<p><img decoding=\"async\" loading=\"lazy\" class=\"aligncenter size-thumbnail wp-image-656\" alt=\"voleibol-vv01\" src=\"http:\/\/www.tea3.es\/wp-content\/uploads\/voleibol-vv01-150x150.jpg\" width=\"150\" height=\"150\" srcset=\"https:\/\/www.tea3.es\/wp-content\/uploads\/voleibol-vv01-150x150.jpg 150w, https:\/\/www.tea3.es\/wp-content\/uploads\/voleibol-vv01-250x250.jpg 250w\" sizes=\"(max-width: 150px) 100vw, 150px\" \/><br \/>\n<\/td>\n<td>Varetes de voleibol fabricades en fibra de vidre.<br \/>\nPintades segons reglament. <\/td>\n<\/tr>\n<tr>\n<td>\n<h3 style=\"text-align: center;\">VPF03<\/h3>\n<\/td>\n<td>Pal de voleibol d&#8217;alumini fixes mitjan\u00e7ant ancoratges.<br \/>\nRegulaci\u00f3 d&#8217;al\u00e7ada amb regla numerada.<br \/>\nTensor mec\u00e0nic.<br \/>\nInclou ancoratges.<br \/>\nDi\u00e0metre 9cm. <\/td>\n<\/tr>\n<tr>\n<td>\n<h3 style=\"text-align: center;\">VPVC<\/h3>\n<\/td>\n<td>Proteccions de PVC amb velcro per a postes de voleibol.<\/td>\n<\/tr>\n<\/tbody><\/table>\n","protected":false},"excerpt":{"rendered":"<p>El voleibol \u00e9s un esport el que dos equips s\u2019enfronten en un terreny de joc totalment llis, separats per una xarxa situada en el centre del camp. En el voleibol els dos equips han de passar la pilota per sobre la xarxa cap el camp de l\u2019equip contrari amb la finalitat de que la pilota toqui el terra de l\u2019equip [&hellip;]<\/p>\n","protected":false},"author":1,"featured_media":0,"parent":899,"menu_order":0,"comment_status":"open","ping_status":"open","template":"","meta":{"footnotes":""},"_links":{"self":[{"href":"https:\/\/www.tea3.es\/ca\/wp-json\/wp\/v2\/pages\/985"}],"collection":[{"href":"https:\/\/www.tea3.es\/ca\/wp-json\/wp\/v2\/pages"}],"about":[{"href":"https:\/\/www.tea3.es\/ca\/wp-json\/wp\/v2\/types\/page"}],"author":[{"embeddable":true,"href":"https:\/\/www.tea3.es\/ca\/wp-json\/wp\/v2\/users\/1"}],"replies":[{"embeddable":true,"href":"https:\/\/www.tea3.es\/ca\/wp-json\/wp\/v2\/comments?post=985"}],"version-history":[{"count":6,"href":"https:\/\/www.tea3.es\/ca\/wp-json\/wp\/v2\/pages\/985\/revisions"}],"predecessor-version":[{"id":1437,"href":"https:\/\/www.tea3.es\/ca\/wp-json\/wp\/v2\/pages\/985\/revisions\/1437"}],"up":[{"embeddable":true,"href":"https:\/\/www.tea3.es\/ca\/wp-json\/wp\/v2\/pages\/899"}],"wp:attachment":[{"href":"https:\/\/www.tea3.es\/ca\/wp-json\/wp\/v2\/media?parent=985"}],"curies":[{"name":"wp","href":"https:\/\/api.w.org\/{rel}","templated":true}]}}