{"id":987,"date":"2014-05-06T09:43:57","date_gmt":"2014-05-06T09:43:57","guid":{"rendered":"http:\/\/www.tea3.es\/?page_id=987"},"modified":"2014-05-26T09:53:03","modified_gmt":"2014-05-26T09:53:03","slug":"tennis-padel-badminton","status":"publish","type":"page","link":"https:\/\/www.tea3.es\/ca\/equipaments-esportius\/tennis-padel-badminton\/","title":{"rendered":"Tennis, p\u00e0del i b\u00e0dminton"},"content":{"rendered":"<p>Hem decidit englobar a la mateixa categoria el tennis, el p\u00e0del i el b\u00e0dminton ja que aquests tres esports s\u00f3n raonablement semblants, aix\u00ed mateix els materials i accessoris per els camps dels tres esports s\u00f3n similars, per\u00f2 est\u00e0 dissenyat i fabricat exclusivament per a cada esport. Pensats per millorar l\u2019experi\u00e8ncia esportiva en els camps de forma significativa.<\/p>\n<p>&nbsp;<\/p>\n<h2>Productes disponibles per tennis, p\u00e0del i b\u00e0dminton:<\/h2>\n<div class=\"one_third\"><a href=\"\/ca\/equipaments-esportius\/tennis-padel-badminton\/989-2\/\"><img decoding=\"async\" loading=\"lazy\" class=\"aligncenter size-medium wp-image-500\" alt=\"postes-tenis-padel-badminton-btp\" src=\"http:\/\/www.tea3.es\/wp-content\/uploads\/postes-tenis-padel-badminton-btp-225x300.jpg\" width=\"225\" height=\"300\" srcset=\"https:\/\/www.tea3.es\/wp-content\/uploads\/postes-tenis-padel-badminton-btp-225x300.jpg 225w, https:\/\/www.tea3.es\/wp-content\/uploads\/postes-tenis-padel-badminton-btp.jpg 600w\" sizes=\"(max-width: 225px) 100vw, 225px\" \/><\/a><\/p>\n<h3><a href=\"\/ca\/equipaments-esportius\/tennis-padel-badminton\/989-2\/\">Postes per tennis, p\u00e0del i b\u00e0dminton<\/a><\/h3>\n<\/div>\n<div class=\"one_third\"><a href=\"\/ca\/equipaments-esportius\/tennis-padel-badminton\/xarxes-per-tenis-padel-badminton\/\"><img decoding=\"async\" loading=\"lazy\" class=\"aligncenter size-medium wp-image-501\" alt=\"red-de-tenis\" src=\"http:\/\/www.tea3.es\/wp-content\/uploads\/red-de-tenis-300x225.jpg\" width=\"300\" height=\"225\" srcset=\"https:\/\/www.tea3.es\/wp-content\/uploads\/red-de-tenis-300x225.jpg 300w, https:\/\/www.tea3.es\/wp-content\/uploads\/red-de-tenis-94x70.jpg 94w, https:\/\/www.tea3.es\/wp-content\/uploads\/red-de-tenis.jpg 600w\" sizes=\"(max-width: 300px) 100vw, 300px\" \/><\/a><\/p>\n<h3><a href=\"\/ca\/equipaments-esportius\/tennis-padel-badminton\/xarxes-per-tenis-padel-badminton\/\">Xarxes per tennis, p\u00e0del i b\u00e0dminton<\/a><\/h3>\n<\/div>\n","protected":false},"excerpt":{"rendered":"<p>Hem decidit englobar a la mateixa categoria el tennis, el p\u00e0del i el b\u00e0dminton ja que aquests tres esports s\u00f3n raonablement semblants, aix\u00ed mateix els materials i accessoris per els camps dels tres esports s\u00f3n similars, per\u00f2 est\u00e0 dissenyat i fabricat exclusivament per a cada esport. Pensats per millorar l\u2019experi\u00e8ncia esportiva en els camps de forma significativa. &nbsp; Productes disponibles [&hellip;]<\/p>\n","protected":false},"author":1,"featured_media":0,"parent":899,"menu_order":0,"comment_status":"open","ping_status":"open","template":"","meta":{"footnotes":""},"_links":{"self":[{"href":"https:\/\/www.tea3.es\/ca\/wp-json\/wp\/v2\/pages\/987"}],"collection":[{"href":"https:\/\/www.tea3.es\/ca\/wp-json\/wp\/v2\/pages"}],"about":[{"href":"https:\/\/www.tea3.es\/ca\/wp-json\/wp\/v2\/types\/page"}],"author":[{"embeddable":true,"href":"https:\/\/www.tea3.es\/ca\/wp-json\/wp\/v2\/users\/1"}],"replies":[{"embeddable":true,"href":"https:\/\/www.tea3.es\/ca\/wp-json\/wp\/v2\/comments?post=987"}],"version-history":[{"count":6,"href":"https:\/\/www.tea3.es\/ca\/wp-json\/wp\/v2\/pages\/987\/revisions"}],"predecessor-version":[{"id":1430,"href":"https:\/\/www.tea3.es\/ca\/wp-json\/wp\/v2\/pages\/987\/revisions\/1430"}],"up":[{"embeddable":true,"href":"https:\/\/www.tea3.es\/ca\/wp-json\/wp\/v2\/pages\/899"}],"wp:attachment":[{"href":"https:\/\/www.tea3.es\/ca\/wp-json\/wp\/v2\/media?parent=987"}],"curies":[{"name":"wp","href":"https:\/\/api.w.org\/{rel}","templated":true}]}}