{"id":989,"date":"2014-05-06T09:46:12","date_gmt":"2014-05-06T09:46:12","guid":{"rendered":"http:\/\/www.tea3.es\/?page_id=989"},"modified":"2015-06-16T08:19:59","modified_gmt":"2015-06-16T08:19:59","slug":"989-2","status":"publish","type":"page","link":"https:\/\/www.tea3.es\/ca\/equipaments-esportius\/tennis-padel-badminton\/989-2\/","title":{"rendered":"Postes per tennis, p\u00e0del i b\u00e0dminton"},"content":{"rendered":"<p>A Tea3 comptem amb varis models de postes per tennis, p\u00e0del i b\u00e0dminton. Tots fabricats segons el reglament, amb tensor mec\u00e0nic i rodes per el seu trasllat. Inclou ancoratges i contrapesos.<\/p>\n<h2>Postes disponibles per tennis, p\u00e0del i b\u00e0dminton:<\/h2>\n<table class=\"sf-table striped_bordered\"><tbody>\n<tr>\n<th>\n<p style=\"text-align: center;\">Refer\u00e8ncia i fotografia<\/p>\n<\/th>\n<th>\n<p style=\"text-align: center;\">Descripci\u00f3<\/p>\n<\/th>\n<\/tr>\n<tr>\n<td>\n<h3 style=\"text-align: center;\">BTP<\/h3>\n<p><img decoding=\"async\" loading=\"lazy\" class=\"aligncenter size-thumbnail wp-image-661\" alt=\"postes-tenis-padel-badminton-btp\" src=\"http:\/\/www.tea3.es\/wp-content\/uploads\/postes-tenis-padel-badminton-btp1-150x150.jpg\" width=\"150\" height=\"150\" srcset=\"https:\/\/www.tea3.es\/wp-content\/uploads\/postes-tenis-padel-badminton-btp1-150x150.jpg 150w, https:\/\/www.tea3.es\/wp-content\/uploads\/postes-tenis-padel-badminton-btp1-250x250.jpg 250w\" sizes=\"(max-width: 150px) 100vw, 150px\" \/><br \/>\n<\/td>\n<td>Pals de b\u00e0dminton met\u00e0l\u00b7lics traslladables en forma de &#8220;L&#8221; amb contrapesos inclosos.<br \/>\nRodes per traslladar-los.<br \/>\nNo inclou xarxes.<br \/>\nCompleixen la normativa UNE EN 1509-2009 <\/td>\n<\/tr>\n<p>&nbsp;<\/p>\n<tr>\n<td>\n<h3 style=\"text-align: center;\">TCA<\/h3>\n<p style=\"text-align: center;\"><a href=\"http:\/\/www.tea3.es\/wp-content\/uploads\/TCA-silla.png\"><img decoding=\"async\" loading=\"lazy\" class=\"aligncenter  wp-image-2100\" alt=\"TCA silla\" src=\"http:\/\/www.tea3.es\/wp-content\/uploads\/TCA-silla.png\" width=\"150\" height=\"150\" srcset=\"https:\/\/www.tea3.es\/wp-content\/uploads\/TCA-silla-150x150.png 150w, https:\/\/www.tea3.es\/wp-content\/uploads\/TCA-silla-250x250.png 250w\" sizes=\"(max-width: 150px) 100vw, 150px\" \/><\/a><\/p>\n<\/td>\n<td>Estructura met\u00e0l\u00b7lica zincada amb seients de pl\u00e0stic.<br \/>\nInclou plataforma per poder pendre apunts. <\/td>\n<\/tr>\n<tr>\n<td>\n<h3 style=\"text-align: center;\">TPF02<\/h3>\n<p style=\"text-align: center;\"><a href=\"http:\/\/www.tea3.es\/wp-content\/uploads\/TPF02-TPF03-palos-de-tenis.png\"><img decoding=\"async\" loading=\"lazy\" class=\"aligncenter  wp-image-2102\" alt=\"TPF02 TPF03 palos de tenis\" src=\"http:\/\/www.tea3.es\/wp-content\/uploads\/TPF02-TPF03-palos-de-tenis.png\" width=\"150\" height=\"150\" \/><\/a><\/p>\n<\/td>\n<td>Pals de tennis met\u00e0l\u00b7lics per collar mitjan\u00e7ant ancoratges.<br \/>\nRegulaci\u00f3 d&#8217;al\u00e7ada amb regla numerada.<br \/>\nTensor mec\u00e0nic. Inclou ancoratges.<br \/>\nDi\u00e0metre de 9cm.<br \/>\nEls pals de tennis compleixen la normativa \u00a0UNE-EN 1510:2004.<\/td>\n<\/tr>\n<tr>\n<td>\n<h3 style=\"text-align: center;\">TPF03<\/h3>\n<p style=\"text-align: center;\"><a href=\"http:\/\/www.tea3.es\/wp-content\/uploads\/TPF02-TPF03-palos-de-tenis.png\"><img decoding=\"async\" loading=\"lazy\" alt=\"TPF02 TPF03 palos de tenis\" src=\"http:\/\/www.tea3.es\/wp-content\/uploads\/TPF02-TPF03-palos-de-tenis.png\" width=\"150\" height=\"150\" \/><\/a><\/p>\n<\/td>\n<td>Pals de tennis d&#8217;alumini per collar mitjan\u00e7at ancoratges.<br \/>\nRegulaci\u00f3 d&#8217;al\u00e7ada amb regla numerada.<br \/>\nTensor mec\u00e0nic.<br \/>\nInclou ancoratges.<br \/>\nDi\u00e0metre \u00a09cm.<br \/>\nEls pals de tennis compleixen la normativa \u00a0UNE-EN 1510:2004.<\/td>\n<\/tr>\n<tr>\n<td>\n<h3 style=\"text-align: center;\">TPT02<\/h3>\n<p style=\"text-align: center;\"><a href=\"http:\/\/www.tea3.es\/wp-content\/uploads\/TPT02-palos-de-tenis.png\"><img decoding=\"async\" loading=\"lazy\" class=\"aligncenter  wp-image-2103\" alt=\"TPT02 palos de tenis\" src=\"http:\/\/www.tea3.es\/wp-content\/uploads\/TPT02-palos-de-tenis.png\" width=\"150\" height=\"150\" srcset=\"https:\/\/www.tea3.es\/wp-content\/uploads\/TPT02-palos-de-tenis-150x150.png 150w, https:\/\/www.tea3.es\/wp-content\/uploads\/TPT02-palos-de-tenis-250x250.png 250w\" sizes=\"(max-width: 150px) 100vw, 150px\" \/><\/a><\/p>\n<\/td>\n<td>Pals de tennis met\u00e0l\u00b7lics m\u00f2bils amb rodes de nil\u00f3.<br \/>\nPer fixar amb ancoratges.<br \/>\nDi\u00e0metre de 9cm.<br \/>\nEls pals de tennis compleixen la normativa UNE-EN 1510:2004.<\/td>\n<\/tr>\n<\/tbody><\/table>\n<p>&nbsp;<\/p>\n","protected":false},"excerpt":{"rendered":"<p>A Tea3 comptem amb varis models de postes per tennis, p\u00e0del i b\u00e0dminton. Tots fabricats segons el reglament, amb tensor mec\u00e0nic i rodes per el seu trasllat. Inclou ancoratges i contrapesos. Postes disponibles per tennis, p\u00e0del i b\u00e0dminton: &nbsp;<\/p>\n","protected":false},"author":1,"featured_media":0,"parent":987,"menu_order":0,"comment_status":"open","ping_status":"open","template":"","meta":{"footnotes":""},"_links":{"self":[{"href":"https:\/\/www.tea3.es\/ca\/wp-json\/wp\/v2\/pages\/989"}],"collection":[{"href":"https:\/\/www.tea3.es\/ca\/wp-json\/wp\/v2\/pages"}],"about":[{"href":"https:\/\/www.tea3.es\/ca\/wp-json\/wp\/v2\/types\/page"}],"author":[{"embeddable":true,"href":"https:\/\/www.tea3.es\/ca\/wp-json\/wp\/v2\/users\/1"}],"replies":[{"embeddable":true,"href":"https:\/\/www.tea3.es\/ca\/wp-json\/wp\/v2\/comments?post=989"}],"version-history":[{"count":6,"href":"https:\/\/www.tea3.es\/ca\/wp-json\/wp\/v2\/pages\/989\/revisions"}],"predecessor-version":[{"id":2105,"href":"https:\/\/www.tea3.es\/ca\/wp-json\/wp\/v2\/pages\/989\/revisions\/2105"}],"up":[{"embeddable":true,"href":"https:\/\/www.tea3.es\/ca\/wp-json\/wp\/v2\/pages\/987"}],"wp:attachment":[{"href":"https:\/\/www.tea3.es\/ca\/wp-json\/wp\/v2\/media?parent=989"}],"curies":[{"name":"wp","href":"https:\/\/api.w.org\/{rel}","templated":true}]}}