{"id":992,"date":"2014-05-06T09:49:24","date_gmt":"2014-05-06T09:49:24","guid":{"rendered":"http:\/\/www.tea3.es\/?page_id=992"},"modified":"2014-05-26T10:19:51","modified_gmt":"2014-05-26T10:19:51","slug":"xarxes-per-tenis-padel-badminton","status":"publish","type":"page","link":"https:\/\/www.tea3.es\/ca\/equipaments-esportius\/tennis-padel-badminton\/xarxes-per-tenis-padel-badminton\/","title":{"rendered":"Xarxes per tennis, p\u00e0del i b\u00e0dminton"},"content":{"rendered":"<p>Fabriquem xarxes per tennis, p\u00e0del i b\u00e0dminton de qualitat, utilitzem els millors materiales disponibles com la poliamida, en diferents colors i mides. Totes les nostres xarxes per tennis, p\u00e0del i b\u00e0dminton es fabriquen segons la normativa oficial.<\/p>\n<h2>Xarxa disponible per tennis, p\u00e0del i b\u00e0dminton:<\/h2>\n<table class=\"sf-table striped_bordered\"><tbody>\n<tr>\n<th>\n<p style=\"text-align: center;\">Refer\u00e8ncia i fotografia<\/p>\n<\/th>\n<th>\n<p style=\"text-align: center;\">Descripci\u00f3<\/p>\n<\/th>\n<\/tr>\n<tr>\n<td>\n<h3 style=\"text-align: center;\">RB<\/h3>\n<\/td>\n<td>Aquesta xarxa est\u00e0 confeccionada amb poliamida de 20mm de malla. Les mides s\u00f3n 6,10 x 0.75m.<\/td>\n<\/tr>\n<\/tbody><\/table>\n","protected":false},"excerpt":{"rendered":"<p>Fabriquem xarxes per tennis, p\u00e0del i b\u00e0dminton de qualitat, utilitzem els millors materiales disponibles com la poliamida, en diferents colors i mides. Totes les nostres xarxes per tennis, p\u00e0del i b\u00e0dminton es fabriquen segons la normativa oficial. Xarxa disponible per tennis, p\u00e0del i b\u00e0dminton:<\/p>\n","protected":false},"author":1,"featured_media":0,"parent":987,"menu_order":0,"comment_status":"open","ping_status":"open","template":"","meta":{"footnotes":""},"_links":{"self":[{"href":"https:\/\/www.tea3.es\/ca\/wp-json\/wp\/v2\/pages\/992"}],"collection":[{"href":"https:\/\/www.tea3.es\/ca\/wp-json\/wp\/v2\/pages"}],"about":[{"href":"https:\/\/www.tea3.es\/ca\/wp-json\/wp\/v2\/types\/page"}],"author":[{"embeddable":true,"href":"https:\/\/www.tea3.es\/ca\/wp-json\/wp\/v2\/users\/1"}],"replies":[{"embeddable":true,"href":"https:\/\/www.tea3.es\/ca\/wp-json\/wp\/v2\/comments?post=992"}],"version-history":[{"count":4,"href":"https:\/\/www.tea3.es\/ca\/wp-json\/wp\/v2\/pages\/992\/revisions"}],"predecessor-version":[{"id":1433,"href":"https:\/\/www.tea3.es\/ca\/wp-json\/wp\/v2\/pages\/992\/revisions\/1433"}],"up":[{"embeddable":true,"href":"https:\/\/www.tea3.es\/ca\/wp-json\/wp\/v2\/pages\/987"}],"wp:attachment":[{"href":"https:\/\/www.tea3.es\/ca\/wp-json\/wp\/v2\/media?parent=992"}],"curies":[{"name":"wp","href":"https:\/\/api.w.org\/{rel}","templated":true}]}}