{"id":994,"date":"2014-05-06T09:51:32","date_gmt":"2014-05-06T09:51:32","guid":{"rendered":"http:\/\/www.tea3.es\/?page_id=994"},"modified":"2014-05-15T08:21:11","modified_gmt":"2014-05-15T08:21:11","slug":"atletisme","status":"publish","type":"page","link":"https:\/\/www.tea3.es\/ca\/equipaments-esportius\/atletisme\/","title":{"rendered":"Atletisme"},"content":{"rendered":"<p>L\u2019atletisme \u00e9s un esport que engloba moltes disciplines. Aquestes disciplines de l\u2019atletisme es divideixen en:<\/p>\n<ul>\n<li>Carreres<\/li>\n<li>Salts<\/li>\n<li>Llan\u00e7ament<\/li>\n<li>Proves combinades<\/li>\n<\/ul>\n<p>La finalitat de l\u2019atletisme \u00e9s superar als adversaris en velocitat, resist\u00e8ncia, distancia o al\u00e7ada. L\u2019Atletisme \u00e9s un dels pocs esports que es practica de forma universal, ja sigui per aficionats o professionals en competicions a tots els nivells. Una de les grans avantatges de l\u2019atletisme sobre la resta d\u2019esports \u00e9s la seva simplicitat i els pocs mitjans necessaris per la seva practica.<br \/>\nA Tea3 disposem de molts articles dissenyats per a millorar l\u2019experi\u00e8ncia esportiva en el camp d\u2019atletisme.<\/p>\n<h2>Articles disponibles per atletisme:<\/h2>\n<table class=\"sf-table striped_bordered\"><tbody>\n<tr>\n<th>\n<p style=\"text-align: center;\">Refer\u00e8ncia i fotografia<\/p>\n<\/th>\n<th>\n<p style=\"text-align: center;\">Descripci\u00f3<\/p>\n<\/th>\n<\/tr>\n<tr>\n<td>\n<h3 style=\"text-align: center;\">AT001<\/h3>\n<\/td>\n<td>Tacs de sortida ALTA COMPETICIO EMD, en fosa d\u2019alumini, suports regulables amb diferents inclinacions, superf\u00edcie de recolzament de 10 x 22cm, revestit amb paviment sint\u00e8tic. La corredissa es complementa a la part inferior, amb unes plaques met\u00e0l\u00b7liques que porten claus, depenent les mides del tipus de paviment. \u00a0<\/td>\n<\/tr>\n<tr>\n<td>\n<h3 style=\"text-align: center;\">AT002<\/h3>\n<\/td>\n<td> Tacs de sortida individuals, en fosa d\u2019alumini, plegables. <\/td>\n<\/tr>\n<tr>\n<td>\n<h3 style=\"text-align: center;\">AT003<\/h3>\n<\/td>\n<td> Tacs de sortida senzills, suports d\u2019alumini, corredissa met\u00e0l\u00b7lica.\u00a0<\/td>\n<\/tr>\n<tr>\n<td>\n<h3 style=\"text-align: center;\">AT004<\/h3>\n<\/td>\n<td> Tanca d\u2019atletisme competici\u00f3, amb dispositiu autom\u00e0tic d\u2019elevaci\u00f3, cinc al\u00e7ades i contrapesos per complir resist\u00e8ncia segons I.A.A.F.\u00a0<\/td>\n<\/tr>\n<tr>\n<td>\n<h3 style=\"text-align: center;\">AT005<\/h3>\n<\/td>\n<td>\u00a0Tanca d\u2019atletisme juvenil, de cinc al\u00e7ades de 0,06 a 1m. Base de tub quadrat, tubs verticals de perfil rodo, sistema d\u2019elevaci\u00f3 amb pist\u00f3 exterior. Travessers de DM.\u00a0<\/td>\n<\/tr>\n<tr>\n<td>\n<h3 style=\"text-align: center;\">AT006<\/h3>\n<\/td>\n<td>\u00a0Tanca d\u2019atletisme d\u2019alumini, amb dispositius autom\u00e0tics per les cinc al\u00e7ades reglament\u00e0ries, els perfils verticals d\u2019elevaci\u00f3 van units al travesser de fusta massissa lacada per pe\u00e7a de poliamida que a la vegada tapa el perfil de la part superior impedint l\u2019entrada de l\u2019aigua. La base es de 55 x 38mm a on va allotjat el contrap\u00e8s, per complir resist\u00e8ncia segons normes I.A.A.F.\u00a0 El perfil vertical fixa \u00e9s estriat. Interiorment va allotjat un pit\u00f3 amb molles, per la fixaci\u00f3 del perfil d\u2019elevaci\u00f3.\u00a0<\/td>\n<\/tr>\n<tr>\n<td>\n<h3 style=\"text-align: center;\">AT007<\/h3>\n<\/td>\n<td>Unitat d\u2019obstacles. Estructura met\u00e0l\u00b7lica amb dos bases de tub de 80 x 40mm. Units per perfil de 40 x 40mm, els tirants de refor\u00e7 s\u00f3n del mateix material, i fixat a la fusta. La fusta \u00e9s de 127 x 127mm, i refor\u00e7 interiorment per un perfil met\u00e0l\u00b7lic, regulable en dos al\u00e7ades de 0,762 i 0,917m. Pe\u00e7a de 3,96 de longitud.<\/td>\n<\/tr>\n<tr>\n<td>\n<h3 style=\"text-align: center;\">AT008<\/h3>\n<\/td>\n<td>Unitat d\u2019obstacles. Estructura met\u00e0l\u00b7lica amb dos bases de tub de 80 x 40mm. Units per perfil de 40 x 40mm, els tirants de refor\u00e7 s\u00f3n del mateix material, i fixat a la fusta. La fusta \u00e9s de 127 x 127mm, i refor\u00e7at interiorment per un perfil met\u00e0l\u00b7lic, regulable en dos al\u00e7ades de 0,762 i 0,917m. Pe\u00e7a de 5m de longitud.<\/td>\n<\/tr>\n<tr>\n<td>\n<h3 style=\"text-align: center;\">AT009<\/h3>\n<\/td>\n<td>Prisma de sortida numerada per quatre cares en fibra de vidre. Al\u00e7ada de 43cm.<\/td>\n<\/tr>\n<tr>\n<td>\n<h3 style=\"text-align: center;\">AT0010<\/h3>\n<\/td>\n<td>Escala per jutges. Estructura met\u00e0l\u00b7lica, amb laterals d\u2019acc\u00e9s i travessers met\u00e0l\u00b7lics. A la part central estan situats els seients de polietil\u00e8 expandit. Tota l\u2019estructura \u00e9s desmuntable,\u00a0 per facilitar el seu emmagatzematge. L\u2019escala per jutges te 8 seients.<\/td>\n<\/tr>\n<tr>\n<td>\n<h3 style=\"text-align: center;\">AT0011<\/h3>\n<\/td>\n<td>Escala de jutges. Estructura met\u00e0l\u00b7lica, amb laterals d\u2019acc\u00e9s i travessers met\u00e0l\u00b7lics. A la part central estan situats els seients de\u00a0 polietil\u00e8 expandit.\u00a0 Tota l\u2019estructura \u00e9s desmuntable, per facilitar el seu\u00a0 emmagatzematge. Escala per a jutges de 13 seients.<\/td>\n<\/tr>\n<tr>\n<td>\n<h3 style=\"text-align: center;\">AT0012<\/h3>\n<\/td>\n<td>Comptavoltes de campana de dos d\u00edgits. Instal\u00b7lat sobre una base corba EMD, \u00e9s f\u00e0cilment transportable i regulable en al\u00e7ada. Es possible girar la pantalla a 360\u00ba sobre l\u2019eix vertical independent del seu posicionament en al\u00e7ada.<\/td>\n<\/tr>\n<tr>\n<td>\n<h3 style=\"text-align: center;\">AT0013<\/h3>\n<\/td>\n<td>Pantalla negra per a jutge de sortida, bastidor met\u00e0l\u00b7lic, pantalla en DM, pintat en color negre.<\/td>\n<\/tr>\n<tr>\n<td>\n<h3 style=\"text-align: center;\">AT0014<\/h3>\n<\/td>\n<td>Parell de banderes per a jutge, vermella i blanca, amb m\u00e0nec d\u2019alumini.<\/td>\n<\/tr>\n<tr>\n<td>\n<h3 style=\"text-align: center;\">AT0015<\/h3>\n<\/td>\n<td>Testimonis per a relleus d\u2019alumini.<\/td>\n<\/tr>\n<\/tbody><\/table>\n","protected":false},"excerpt":{"rendered":"<p>L\u2019atletisme \u00e9s un esport que engloba moltes disciplines. Aquestes disciplines de l\u2019atletisme es divideixen en: Carreres Salts Llan\u00e7ament Proves combinades La finalitat de l\u2019atletisme \u00e9s superar als adversaris en velocitat, resist\u00e8ncia, distancia o al\u00e7ada. L\u2019Atletisme \u00e9s un dels pocs esports que es practica de forma universal, ja sigui per aficionats o professionals en competicions a tots els nivells. Una de [&hellip;]<\/p>\n","protected":false},"author":1,"featured_media":0,"parent":899,"menu_order":0,"comment_status":"open","ping_status":"open","template":"","meta":{"footnotes":""},"_links":{"self":[{"href":"https:\/\/www.tea3.es\/ca\/wp-json\/wp\/v2\/pages\/994"}],"collection":[{"href":"https:\/\/www.tea3.es\/ca\/wp-json\/wp\/v2\/pages"}],"about":[{"href":"https:\/\/www.tea3.es\/ca\/wp-json\/wp\/v2\/types\/page"}],"author":[{"embeddable":true,"href":"https:\/\/www.tea3.es\/ca\/wp-json\/wp\/v2\/users\/1"}],"replies":[{"embeddable":true,"href":"https:\/\/www.tea3.es\/ca\/wp-json\/wp\/v2\/comments?post=994"}],"version-history":[{"count":7,"href":"https:\/\/www.tea3.es\/ca\/wp-json\/wp\/v2\/pages\/994\/revisions"}],"predecessor-version":[{"id":1328,"href":"https:\/\/www.tea3.es\/ca\/wp-json\/wp\/v2\/pages\/994\/revisions\/1328"}],"up":[{"embeddable":true,"href":"https:\/\/www.tea3.es\/ca\/wp-json\/wp\/v2\/pages\/899"}],"wp:attachment":[{"href":"https:\/\/www.tea3.es\/ca\/wp-json\/wp\/v2\/media?parent=994"}],"curies":[{"name":"wp","href":"https:\/\/api.w.org\/{rel}","templated":true}]}}