{"id":996,"date":"2014-05-06T09:53:04","date_gmt":"2014-05-06T09:53:04","guid":{"rendered":"http:\/\/www.tea3.es\/?page_id=996"},"modified":"2014-05-26T09:49:28","modified_gmt":"2014-05-26T09:49:28","slug":"natacio-water-polo","status":"publish","type":"page","link":"https:\/\/www.tea3.es\/ca\/equipaments-esportius\/natacio-water-polo\/","title":{"rendered":"Nataci\u00f3 i water-polo"},"content":{"rendered":"<p>Des de Tea3 estem compromesos amb tots els esports, inclosos la nataci\u00f3 i el water-polo. Per aix\u00f2 oferim tot tipus d\u2019accessoris per millorar les instal\u2022lacions esportives. Disposem de porteries de water-polo flotants i fixes, sureres per tot tipus de piscina i de diferents mides, senyalitzaci\u00f3 per water-polo i nataci\u00f3 de competici\u00f3, elevadors hidr\u00e0ulics, p\u00f2diums de sortida, escales de tot tipus, enrotlladors de sureres.<\/p>\n<h2>Productes disponibles per nataci\u00f3 i water-polo:<\/h2>\n<table class=\"sf-table striped_bordered\"><tbody>\n<tr>\n<th>\n<p style=\"text-align: center;\">Refer\u00e8ncia i fotografia<\/p>\n<\/th>\n<th>\n<p style=\"text-align: center;\">Descripci\u00f3<\/p>\n<\/th>\n<\/tr>\n<tr>\n<td>\n<h3 style=\"text-align: center;\">SN<\/h3>\n<\/td>\n<td>Diferents models de sureres per tot tipus de piscina de diferents mides. Van muntades amb corda de poli\u00e8ster i ganxo o tensor. <\/td>\n<\/tr>\n<tr>\n<td>\n<h3 style=\"text-align: center;\">PW<\/h3>\n<\/td>\n<td>Porteries de water-polo flotants i fixes completament equipades amb xarxes i anelles per subjecci\u00f3 de les linias de gol. Els muntants s\u00f3n d&#8217;acer inoxidable. <\/td>\n<\/tr>\n<tr>\n<td>\n<h3 style=\"text-align: center;\">PSN<\/h3>\n<\/td>\n<td>Diferents models de p\u00f2diums de sortida tots ells d&#8217;acer inoxidable i fibra de vidre amb superf\u00edcie antilliscant. <\/td>\n<\/tr>\n<tr>\n<td>\n<h3 style=\"text-align: center;\">ECN<\/h3>\n<\/td>\n<td>L\u00ednies de gol i limitaci\u00f3 de camp de water-polo formant un rectangle de 30 x 20. S&#8217;inclouen ganxos, mosquetons, tensors, cables i flotadors. <\/td>\n<\/tr>\n<tr>\n<td>\n<h3 style=\"text-align: center;\">SF<\/h3>\n<\/td>\n<td>Joc de sortides falses i viratges d&#8217;esquena. Formades per cordes amb flotadors o banderoles, bases collades i ancoratges. <\/td>\n<\/tr>\n<tr>\n<td>\n<h3 style=\"text-align: center;\">EHEI<\/h3>\n<\/td>\n<td>Elevador hidr\u00e0ulic \u00a0d&#8217;acer inoxidable amb escala integrada. Facilita l&#8217;acc\u00e9s a la piscina a les persones amb disminucions f\u00edsiques. Per que el mecanisme hidr\u00e0ulic funcioni es necessari una tresa d&#8217;aigua amb pressi\u00f3 m\u00ednima de 3,5Kg\/cm2.<\/td>\n<\/tr>\n<tr>\n<td>\n<h3 style=\"text-align: center;\">ESP<\/h3>\n<\/td>\n<td>Escales d&#8217;acer inoxidable per sortida de piscina, esglaons antilliscants i ancoratges inclosos. <\/td>\n<\/tr>\n<\/tbody><\/table>\n","protected":false},"excerpt":{"rendered":"<p>Des de Tea3 estem compromesos amb tots els esports, inclosos la nataci\u00f3 i el water-polo. Per aix\u00f2 oferim tot tipus d\u2019accessoris per millorar les instal\u2022lacions esportives. Disposem de porteries de water-polo flotants i fixes, sureres per tot tipus de piscina i de diferents mides, senyalitzaci\u00f3 per water-polo i nataci\u00f3 de competici\u00f3, elevadors hidr\u00e0ulics, p\u00f2diums de sortida, escales de tot tipus, [&hellip;]<\/p>\n","protected":false},"author":1,"featured_media":0,"parent":899,"menu_order":0,"comment_status":"open","ping_status":"open","template":"","meta":{"footnotes":""},"_links":{"self":[{"href":"https:\/\/www.tea3.es\/ca\/wp-json\/wp\/v2\/pages\/996"}],"collection":[{"href":"https:\/\/www.tea3.es\/ca\/wp-json\/wp\/v2\/pages"}],"about":[{"href":"https:\/\/www.tea3.es\/ca\/wp-json\/wp\/v2\/types\/page"}],"author":[{"embeddable":true,"href":"https:\/\/www.tea3.es\/ca\/wp-json\/wp\/v2\/users\/1"}],"replies":[{"embeddable":true,"href":"https:\/\/www.tea3.es\/ca\/wp-json\/wp\/v2\/comments?post=996"}],"version-history":[{"count":4,"href":"https:\/\/www.tea3.es\/ca\/wp-json\/wp\/v2\/pages\/996\/revisions"}],"predecessor-version":[{"id":1427,"href":"https:\/\/www.tea3.es\/ca\/wp-json\/wp\/v2\/pages\/996\/revisions\/1427"}],"up":[{"embeddable":true,"href":"https:\/\/www.tea3.es\/ca\/wp-json\/wp\/v2\/pages\/899"}],"wp:attachment":[{"href":"https:\/\/www.tea3.es\/ca\/wp-json\/wp\/v2\/media?parent=996"}],"curies":[{"name":"wp","href":"https:\/\/api.w.org\/{rel}","templated":true}]}}