{"id":998,"date":"2014-05-06T09:54:54","date_gmt":"2014-05-06T09:54:54","guid":{"rendered":"http:\/\/www.tea3.es\/?page_id=998"},"modified":"2015-06-16T10:00:10","modified_gmt":"2015-06-16T10:00:10","slug":"gimnastica","status":"publish","type":"page","link":"https:\/\/www.tea3.es\/ca\/equipaments-esportius\/gimnastica\/","title":{"rendered":"Gimn\u00e0stica"},"content":{"rendered":"<p>Comptem amb una amplia gamma d&#8217;accessoris per a gimn\u00e0stica. Poltres i cavalls entapissats amb pell natural o sint\u00e8tica, amb potes de fusta de faig amb graduaci\u00f3 met\u00e0l\u2022lica. Plintons rectes o piramidals entapissats amb pell natural o sint\u00e8tica, amb segments de fusta desmuntables amb la part superior farcida d&#8217;aglomerat per esmorteir. Bancs suecs fabricats en fusta de pi . Bancs alemanys fabricats en fusta amb tacs de goma a les potes i platina galvanitzada. Espatlleres fabricades en fusta de pi melis i travessers de faig, els travessers s\u00f3n ovalats per millorar la subjecci\u00f3. Minitramps, escales horitzontals amb travessers de pi fland\u00e8s. Matalassos de diferents tipus i mides.<\/p>\n<h2>Productes disponibles per gimn\u00e0stica:<\/h2>\n<table class=\"sf-table striped_bordered\"><tbody>\n<tr>\n<th>\n<p style=\"text-align: center;\">Refer\u00e8ncia i fotografia<\/p>\n<\/th>\n<th>\n<p style=\"text-align: center;\">Descripci\u00f3<\/p>\n<\/th>\n<\/tr>\n<tr>\n<td>\n<h3 style=\"text-align: center;\">P255<\/h3>\n<p style=\"text-align: center;\"><a href=\"http:\/\/www.tea3.es\/wp-content\/uploads\/P255-P256-Potro.png\"><img decoding=\"async\" loading=\"lazy\" class=\"aligncenter  wp-image-2136\" alt=\"P255 P256 Potro\" src=\"http:\/\/www.tea3.es\/wp-content\/uploads\/P255-P256-Potro.png\" width=\"150\" height=\"150\" srcset=\"https:\/\/www.tea3.es\/wp-content\/uploads\/P255-P256-Potro-150x150.png 150w, https:\/\/www.tea3.es\/wp-content\/uploads\/P255-P256-Potro-250x250.png 250w\" sizes=\"(max-width: 150px) 100vw, 150px\" \/><\/a><\/p>\n<\/td>\n<td>Poltre Toledo. Pell natural. <\/td>\n<\/tr>\n<tr>\n<td>\n<h3 style=\"text-align: center;\">P256<\/h3>\n<p style=\"text-align: center;\"><a href=\"http:\/\/www.tea3.es\/wp-content\/uploads\/P255-P256-Potro.png\"><img decoding=\"async\" loading=\"lazy\" alt=\"P255 P256 Potro\" src=\"http:\/\/www.tea3.es\/wp-content\/uploads\/P255-P256-Potro.png\" width=\"150\" height=\"150\" \/><\/a><\/p>\n<\/td>\n<td> Poltre toledo. Pell sint\u00e8tica.<\/td>\n<\/tr>\n<tr>\n<td>\n<h3 style=\"text-align: center;\">P259<\/h3>\n<p style=\"text-align: center;\"><a href=\"http:\/\/www.tea3.es\/wp-content\/uploads\/P255-P256-Potro.png\"><img decoding=\"async\" loading=\"lazy\" alt=\"P255 P256 Potro\" src=\"http:\/\/www.tea3.es\/wp-content\/uploads\/P255-P256-Potro.png\" width=\"150\" height=\"150\" \/><\/a><\/p>\n<\/td>\n<td>Poltre infantil. Pell natural.<\/td>\n<\/tr>\n<tr>\n<td>\n<h3 style=\"text-align: center;\">P260<\/h3>\n<p style=\"text-align: center;\"><a href=\"http:\/\/www.tea3.es\/wp-content\/uploads\/P255-P256-Potro.png\"><img decoding=\"async\" loading=\"lazy\" alt=\"P255 P256 Potro\" src=\"http:\/\/www.tea3.es\/wp-content\/uploads\/P255-P256-Potro.png\" width=\"150\" height=\"150\" \/><\/a><\/p>\n<\/td>\n<td>Poltre infantil. Pell sint\u00e8tica. <\/td>\n<\/tr>\n<p>&nbsp;<\/p>\n<tr>\n<td>\n<h3 style=\"text-align: center;\">L293<\/h3>\n<p style=\"text-align: center;\"><a href=\"http:\/\/www.tea3.es\/wp-content\/uploads\/L293-L294-plinton.png\"><img decoding=\"async\" loading=\"lazy\" class=\"aligncenter  wp-image-2138\" alt=\"L293 L294 plinton\" src=\"http:\/\/www.tea3.es\/wp-content\/uploads\/L293-L294-plinton.png\" width=\"200\" height=\"150\" \/><\/a><\/p>\n<p>&nbsp;<\/p>\n<\/td>\n<td>Plint de 5 segments de pell natural. Diversos models. <\/td>\n<\/tr>\n<tr>\n<td>\n<h3 style=\"text-align: center;\">L294<\/h3>\n<p style=\"text-align: center;\"><a href=\"http:\/\/www.tea3.es\/wp-content\/uploads\/L293-L294-plinton.png\"><img decoding=\"async\" loading=\"lazy\" alt=\"L293 L294 plinton\" src=\"http:\/\/www.tea3.es\/wp-content\/uploads\/L293-L294-plinton.png\" width=\"200\" height=\"150\" \/><\/a><\/p>\n<\/td>\n<td>Plint de 5 segments de pell sint\u00e8tica. Diversos models. <\/td>\n<\/tr>\n<p><span style=\"line-height: 1.5em;\"><tr><\/span><\/p>\n<td>\n<h3 style=\"text-align: center;\">BSU3<\/h3>\n<p style=\"text-align: center;\"><a href=\"http:\/\/www.tea3.es\/wp-content\/uploads\/BSU3-banco-sueco1.png\"><img decoding=\"async\" loading=\"lazy\" class=\"aligncenter  wp-image-2140\" alt=\"BSU3 banco sueco\" src=\"http:\/\/www.tea3.es\/wp-content\/uploads\/BSU3-banco-sueco1.png\" width=\"150\" height=\"150\" srcset=\"https:\/\/www.tea3.es\/wp-content\/uploads\/BSU3-banco-sueco1-150x150.png 150w, https:\/\/www.tea3.es\/wp-content\/uploads\/BSU3-banco-sueco1-250x250.png 250w\" sizes=\"(max-width: 150px) 100vw, 150px\" \/><\/a><\/p>\n<\/td>\n<td>Banc suec de diverses mides de llarg.<\/td>\n<\/tr>\n<tr>\n<td>\n<h3 style=\"text-align: center;\">ES3<\/h3>\n<p style=\"text-align: center;\"><a href=\"http:\/\/www.tea3.es\/wp-content\/uploads\/ES3-espalderas.png\"><img decoding=\"async\" loading=\"lazy\" class=\"aligncenter  wp-image-2141\" alt=\"ES3 espalderas\" src=\"http:\/\/www.tea3.es\/wp-content\/uploads\/ES3-espalderas.png\" width=\"150\" height=\"150\" srcset=\"https:\/\/www.tea3.es\/wp-content\/uploads\/ES3-espalderas-150x150.png 150w, https:\/\/www.tea3.es\/wp-content\/uploads\/ES3-espalderas-250x250.png 250w\" sizes=\"(max-width: 150px) 100vw, 150px\" \/><\/a><\/p>\n<\/td>\n<td>Espatllera d&#8217;una o m\u00e9s places. <\/td>\n<\/tr>\n<tr>\n<td>\n<h3 style=\"text-align: center;\">MIN325<\/h3>\n<p style=\"text-align: center;\"><a href=\"http:\/\/www.tea3.es\/wp-content\/uploads\/MIN325-minitrampolin.png\"><img decoding=\"async\" loading=\"lazy\" class=\"aligncenter  wp-image-2142\" alt=\"MIN325 minitrampolin\" src=\"http:\/\/www.tea3.es\/wp-content\/uploads\/MIN325-minitrampolin.png\" width=\"150\" height=\"150\" \/><\/a><\/p>\n<\/td>\n<td>Bastidor met\u00e0l\u00b7lic de 110 x110mm amb potes graduables i lona central de nil\u00f3 unida mitjan\u00e7ant molles. <\/td>\n<\/tr>\n<tr>\n<td>\n<h3 style=\"text-align: center;\">ESC<\/h3>\n<p style=\"text-align: center;\"><a href=\"http:\/\/www.tea3.es\/wp-content\/uploads\/ESC4-escaleras-horizontales.png\"><img decoding=\"async\" loading=\"lazy\" class=\"aligncenter  wp-image-2143\" alt=\"ESC4 escaleras horizontales\" src=\"http:\/\/www.tea3.es\/wp-content\/uploads\/ESC4-escaleras-horizontales.png\" width=\"150\" height=\"150\" srcset=\"https:\/\/www.tea3.es\/wp-content\/uploads\/ESC4-escaleras-horizontales-150x150.png 150w, https:\/\/www.tea3.es\/wp-content\/uploads\/ESC4-escaleras-horizontales-250x250.png 250w\" sizes=\"(max-width: 150px) 100vw, 150px\" \/><\/a><\/p>\n<\/td>\n<td>Escala horitzontals de diverses mides de llarg. <\/td>\n<\/tr>\n<tr>\n<td>\n<h3 style=\"text-align: center;\">Matalassos i m\u00e0rfegues<\/h3>\n<p style=\"text-align: center;\"><a href=\"http:\/\/www.tea3.es\/wp-content\/uploads\/Colchonetas-y-quitamiedos.jpg\"><img decoding=\"async\" loading=\"lazy\" class=\"aligncenter  wp-image-1573\" alt=\"Colchonetas y quitamiedos\" src=\"http:\/\/www.tea3.es\/wp-content\/uploads\/Colchonetas-y-quitamiedos.jpg\" width=\"150\" height=\"150\" srcset=\"https:\/\/www.tea3.es\/wp-content\/uploads\/Colchonetas-y-quitamiedos-150x150.jpg 150w, https:\/\/www.tea3.es\/wp-content\/uploads\/Colchonetas-y-quitamiedos-250x250.jpg 250w\" sizes=\"(max-width: 150px) 100vw, 150px\" \/><\/a><\/p>\n<\/td>\n<td>Comptem amb dirferents tipus i mides. Sup\u00e8rficie antilliscant, cantoneras i sortida d&#8217;aire. <\/td>\n<\/tr>\n<\/tbody><\/table>\n<p>&nbsp;<\/p>\n<p>&nbsp;<\/p>\n<p>&nbsp;<\/p>\n<p>&nbsp;<\/p>\n","protected":false},"excerpt":{"rendered":"<p>Comptem amb una amplia gamma d&#8217;accessoris per a gimn\u00e0stica. Poltres i cavalls entapissats amb pell natural o sint\u00e8tica, amb potes de fusta de faig amb graduaci\u00f3 met\u00e0l\u2022lica. Plintons rectes o piramidals entapissats amb pell natural o sint\u00e8tica, amb segments de fusta desmuntables amb la part superior farcida d&#8217;aglomerat per esmorteir. Bancs suecs fabricats en fusta de pi . Bancs alemanys [&hellip;]<\/p>\n","protected":false},"author":1,"featured_media":0,"parent":899,"menu_order":0,"comment_status":"open","ping_status":"open","template":"","meta":{"footnotes":""},"_links":{"self":[{"href":"https:\/\/www.tea3.es\/ca\/wp-json\/wp\/v2\/pages\/998"}],"collection":[{"href":"https:\/\/www.tea3.es\/ca\/wp-json\/wp\/v2\/pages"}],"about":[{"href":"https:\/\/www.tea3.es\/ca\/wp-json\/wp\/v2\/types\/page"}],"author":[{"embeddable":true,"href":"https:\/\/www.tea3.es\/ca\/wp-json\/wp\/v2\/users\/1"}],"replies":[{"embeddable":true,"href":"https:\/\/www.tea3.es\/ca\/wp-json\/wp\/v2\/comments?post=998"}],"version-history":[{"count":6,"href":"https:\/\/www.tea3.es\/ca\/wp-json\/wp\/v2\/pages\/998\/revisions"}],"predecessor-version":[{"id":2148,"href":"https:\/\/www.tea3.es\/ca\/wp-json\/wp\/v2\/pages\/998\/revisions\/2148"}],"up":[{"embeddable":true,"href":"https:\/\/www.tea3.es\/ca\/wp-json\/wp\/v2\/pages\/899"}],"wp:attachment":[{"href":"https:\/\/www.tea3.es\/ca\/wp-json\/wp\/v2\/media?parent=998"}],"curies":[{"name":"wp","href":"https:\/\/api.w.org\/{rel}","templated":true}]}}